{"id":20543,"date":"2024-03-05T12:44:30","date_gmt":"2024-03-05T11:44:30","guid":{"rendered":"https:\/\/albaen.it\/?post_type=product&#038;p=20543"},"modified":"2024-05-10T12:08:13","modified_gmt":"2024-05-10T10:08:13","slug":"sandalo-da-lavoro-ecuador-k53-s1-src","status":"publish","type":"product","link":"https:\/\/albaen.it\/fre\/shop\/k-kruja\/sandalo-da-lavoro-ecuador-k53-s1-src\/","title":{"rendered":"ECUADOR S1 SRC"},"content":{"rendered":"<div class=\"wpb-content-wrapper\"><div class=\"vc_row wpb_row vc_row-fluid\"><div class=\"wpb_column vc_column_container vc_col-sm-6\"><div class=\"vc_column-inner\"><div class=\"wpb_wrapper\">\n\t<div class=\"wpb_text_column wpb_content_element\" >\n\t\t<div class=\"wpb_wrapper\">\n\t\t\t<p>Sandale de s\u00e9curit\u00e9 S1 SRC en cuir velours et fermeture \u00e0 bride velcro pratique. Les trous pour les orteils et les ouvertures lat\u00e9rales permettent un excellent niveau de ventilation du pied, m\u00eame les jours les plus chauds. Doublure en tissu 3D respirant r\u00e9sistant \u00e0 l\u2019abrasion et semelle int\u00e9rieure antistatique et amovible. Semelle l\u00e9g\u00e8re et antistatique, conforme \u00e0 la norme SRC contre le glissement.<br \/>\nUtilisations recommand\u00e9es: entrep\u00f4ts, transport, \u00e9limination des d\u00e9chets.<\/p>\n<p><strong><span style=\"vertical-align: inherit;\">TIGE<\/span><\/strong><span style=\"vertical-align: inherit;\"> Cro\u00fbte de cuir souple et cuir perfor\u00e9, fermeture pratique et r\u00e9glable avec bande velcro.<br \/>\n<\/span><br \/>\n<strong><span style=\"vertical-align: inherit;\">DOUBLURE<\/span><\/strong><span style=\"vertical-align: inherit;\"> en tissu \u00e0 effet 3D ou tridimensionnel, respirante avec une excellente r\u00e9sistance \u00e0 l'abrasion.<br \/>\n<\/span><br \/>\n<strong><span style=\"vertical-align: inherit;\">EMBOUT <\/span><\/strong><span style=\"vertical-align: inherit;\">m\u00e9tallique, r\u00e9sistant aux chocs jusqu'\u00e0 200 joules et \u00e0 la compression jusqu'\u00e0 15Kn.<\/span><span style=\"vertical-align: inherit;\"><br \/>\n<\/span><br \/>\n<strong><span style=\"vertical-align: inherit;\">SEMELLE ANTI-PERFORATION<\/span><\/strong><span style=\"vertical-align: inherit;\"> en acier inoxydable r\u00e9sistante \u00e0 la perforation jusqu'\u00e0 1100N.<br \/>\n<\/span><br \/>\n<strong><span style=\"vertical-align: inherit;\">SEMELLE<\/span><\/strong><span style=\"vertical-align: inherit;\"> inject\u00e9 en PU\/PU double densit\u00e9, antistatique, antid\u00e9rapant, r\u00e9sistant \u00e0 l\u2019huile et aux hydrocarbures, absorption des chocs dans la zone du talon.<br \/>\n<\/span><br \/>\n<strong><span style=\"vertical-align: inherit;\">SEMELLE INT\u00c9RIEURE <\/span><\/strong><span style=\"vertical-align: inherit;\">Antistatique, amovible et lavable<\/span><span style=\"vertical-align: inherit;\"><br \/>\n<\/span><br \/>\n<strong><span style=\"vertical-align: inherit;\">AJUSTEMENT <\/span><\/strong> <em><span style=\"vertical-align: inherit;\">Mondopoint<\/span><\/em><span style=\"vertical-align: inherit;\"> 10 \u2013 regular and comfortable<br \/>\n<\/span><br \/>\n<strong><span style=\"vertical-align: inherit;\">R\u00c9GULATION<\/span><\/strong><span style=\"vertical-align: inherit;\"> EN ISO 20345:2011<\/span><\/p>\n<p><strong>POIDS\u00a0<\/strong> 610 GR 1 pied 42<\/p>\n\n\t\t<\/div>\n\t<\/div>\n<\/div><\/div><\/div><div class=\"wpb_column vc_column_container vc_col-sm-6\"><div class=\"vc_column-inner\"><div class=\"wpb_wrapper\">\n\t<div class=\"wpb_text_column wpb_content_element\" >\n\t\t<div class=\"wpb_wrapper\">\n\t\t\t<p>Le nom de la ligne, KRUJA, est inspir\u00e9 d\u2019un village albanais m\u00e9di\u00e9val perch\u00e9 sur les parois abruptes des montagnes, appel\u00e9 KRUJ\u00cb. Inspir\u00e9e par la force et la rocaille qui caract\u00e9risent ce village historique particulier, la semelle Kruja, inject\u00e9e en PU mono-densit\u00e9, repr\u00e9sente une combinaison parfaite de solidit\u00e9 et de l\u00e9g\u00e8ret\u00e9 en m\u00eame temps, assurant une excellente absorption des chocs gr\u00e2ce au polyur\u00e9thane, un mat\u00e9riau tr\u00e8s \u00e9lastique et absorbant les chocs.<\/p>\n\n\t\t<\/div>\n\t<\/div>\n<div class=\"icons_cat_title\"> <h2>Cat\u00e9gories de protection <\/h2><\/div><div class=\"container row\"> \n\t\t\t<div>\n  <ul class=\"image-gallery\"><li style=\"float: left;\">  <img decoding=\"async\" src=\"https:\/\/albaen.it\/wp-content\/uploads\/simboletti-06.png\"  alt=\"Antistaticita\u0300\" style=\"height:110px;\"\/> <span class=\"products_icons products_icons1\">Antistatique<\/span> <\/li><li style=\"float: left;\">  <img decoding=\"async\" src=\"https:\/\/albaen.it\/wp-content\/uploads\/simboletti-07.png\"  alt=\"Assorbimento di energia nel tallone\" style=\"height:110px;\"\/> <span class=\"products_icons products_icons1\">Absorption d'\u00e9nergie dans le talon<\/span> <\/li><li style=\"float: left;\">  <img decoding=\"async\" src=\"https:\/\/albaen.it\/wp-content\/uploads\/simboletti-22.png\"  alt=\"Resistenza all\u2019impatto e compressione\" style=\"height:110px;\"\/> <span class=\"products_icons products_icons1\">R\u00e9sistance aux chocs et \u00e0 la compression<\/span> <\/li><li style=\"float: left;\">  <img decoding=\"async\" src=\"https:\/\/albaen.it\/wp-content\/uploads\/simboletti-11.png\"  alt=\"Resistenza allo scivolamento\" style=\"height:110px;\"\/> <span class=\"products_icons products_icons1\">R\u00e9sistance au glissement<\/span> <\/li><li style=\"float: left;\">  <img decoding=\"async\" src=\"https:\/\/albaen.it\/wp-content\/uploads\/simboletti-04.png\"  alt=\"Suola resistente agli oli e agli idrocarburi\" style=\"height:110px;\"\/> <span class=\"products_icons products_icons1\">Semelle r\u00e9sistante aux huiles et aux hydrocarbures<\/span> <\/li><\/ul>\n<\/div><\/div>\n\t<div class=\"wpb_text_column wpb_content_element\" >\n\t\t<div class=\"wpb_wrapper\">\n\t\t\t\n\n\t\t<\/div>\n\t<\/div>\n<div class=\"icons_cat_title\"> <h2>Secteurs d'utilisation <\/h2><\/div><div class=\"container row\"> \n\t\t\t<div>\n  <ul class=\"image-gallery\"><li style=\"float: left;\"> <img decoding=\"async\" src=\"https:\/\/albaen.it\/wp-content\/uploads\/Artigianato-_-Officine-1.png\" alt=\"Artigianato \/ Officine\" style=\"height:60px;\"\/>  <span class=\"products_icons\">Artesan\u00eda \/ Talleres<\/span> <\/li><li style=\"float: left;\"> <img decoding=\"async\" src=\"https:\/\/albaen.it\/wp-content\/uploads\/Logistica-_-Trasporto-1.png\" alt=\"Logistica \/ Trasporto\" style=\"height:60px;\"\/>  <span class=\"products_icons\">Logistique \/ Transport<\/span> <\/li><li style=\"float: left;\"> <img decoding=\"async\" src=\"https:\/\/albaen.it\/wp-content\/uploads\/Magazzino-_-GDO-1.png\" alt=\"Magazzino \/ GDO\" style=\"height:60px;\"\/>  <span class=\"products_icons\">Entrep\u00f4t \/ GDO<\/span> <\/li><li style=\"float: left;\"> <img decoding=\"async\" src=\"https:\/\/albaen.it\/wp-content\/uploads\/Smaltimento-rifiuti1.png\" alt=\"Smaltimento rifiuti\" style=\"height:60px;\"\/>  <span class=\"products_icons\">Traitement des d\u00e9chets<\/span> <\/li><\/ul>\n<\/div><\/div>\n\t<div class=\"wpb_text_column wpb_content_element\" >\n\t\t<div class=\"wpb_wrapper\">\n\t\t\t\n\n\t\t<\/div>\n\t<\/div>\n<div class=\"icons_cat_title\"> <h2>La technologie <\/h2><\/div><div class=\"container row\"> \n\t\t\t<div>\n  <ul class=\"image-gallery\"><li style=\"float: left;\"><img decoding=\"async\" src=\"https:\/\/albaen.it\/wp-content\/uploads\/s-cap.png\"  alt=\"Puntale di sicurezza in acciaio\" style=\"height:60px;\"\/><span class=\"products_icons\">Embout de s\u00e9curit\u00e9 en acier<\/span><\/li><li style=\"float: left;\"><img decoding=\"async\" src=\"https:\/\/albaen.it\/wp-content\/uploads\/Breath-tex.png\"  alt=\"Tessuto 3D traspirante\" style=\"height:60px;\"\/><span class=\"products_icons\">Tissu 3D respirant<\/span><\/li><\/ul>\n<\/div><\/div>\n\t<div class=\"wpb_text_column wpb_content_element\" >\n\t\t<div class=\"wpb_wrapper\">\n\t\t\t<p><strong><\/strong><\/p>\n\n\t\t<\/div>\n\t<\/div>\n<\/div><\/div><\/div><\/div>\n<\/div>","protected":false},"excerpt":{"rendered":"<p>Sandales de travail ECUADOR S1 SRC, avec embout de s\u00e9curit\u00e9 en acier, enti\u00e8rement en cro\u00fbte de cuir et perfor\u00e9es \u00e0 l\u2019avant pour assurer une plus grande ventilation du pied m\u00eame par temps chaud.<\/p>\n<p>DESIGN ET FONCTIONNALIT\u00c9: Sangle r\u00e9glable et fermeture velcro pour un meilleur ajustement et un meilleur confort.<br \/>\nECUADOR est une chaussure antistatique dot\u00e9e d\u2019une semelle l\u00e9g\u00e8re et absorbant les chocs, antid\u00e9rapante SRC, pour \u00e9viter les chutes et les tr\u00e9buchements sur les surfaces en c\u00e9ramique et en acier.<br \/>\nTr\u00e8s pratique, id\u00e9al pour la saison estivale.<\/p>\n<p><a href=\"https:\/\/albaen.it\/wp-content\/uploads\/K53-S1_.fr_.pdf\"><button class=\"btn1\"><span style=\"vertical-align: inherit;\">T\u00c9L\u00c9CHARGER LA FICHE TECHNIQUE<\/span><\/button><\/a> \u00a0\u00a0<a><button><span style=\"vertical-align: inherit;\">D\u00c9CLARATION DE CONFORMIT\u00c9<\/span><\/button><\/a><\/p>","protected":false},"featured_media":20566,"comment_status":"closed","ping_status":"closed","template":"","meta":[],"product_brand":[],"product_cat":[448],"product_tag":[],"class_list":{"0":"post-20543","1":"product","2":"type-product","3":"status-publish","4":"has-post-thumbnail","6":"product_cat-k-kruja","7":"pa_categorie-di-protezione-s1","8":"pa_categorie-di-protezione-src","9":"pa_colore-blu","10":"pa_linea-kruja","11":"pa_normativa-en-iso-203452011","12":"pa_settori-artigianato-officine","13":"pa_settori-logistica-trasporto","14":"pa_settori-magazzino-gdo","15":"pa_settori-smaltimento-rifiuti","16":"pa_simboli-antistaticita","17":"pa_simboli-assorbimento-di-energia-nel-tallone","18":"pa_simboli-resistenza-allimpatto-e-compressione","19":"pa_simboli-resistenza-allo-scivolamento","20":"pa_simboli-suola-resistente-agli-oli-e-agli-idrocarburi","21":"pa_taglia-730","22":"pa_taglia-738","23":"pa_taglia-166","24":"pa_taglia-168","25":"pa_taglia-170","26":"pa_taglia-776","27":"pa_taglia-174","28":"pa_taglia-176","29":"pa_taglia-178","30":"pa_taglia-180","31":"pa_taglia-182","32":"pa_taglia-184","33":"pa_taglia-186","34":"pa_tecnologia-puntale-di-sicurezza-in-acciaio","35":"pa_tecnologia-tessuto-3d-traspirante","36":"pa_tipologia-bassa","37":"pa_tipologia-sandalo","39":"first","40":"instock","41":"taxable","42":"shipping-taxable","43":"purchasable","44":"product-type-variable"},"_links":{"self":[{"href":"https:\/\/albaen.it\/fre\/wp-json\/wp\/v2\/product\/20543","targetHints":{"allow":["GET"]}}],"collection":[{"href":"https:\/\/albaen.it\/fre\/wp-json\/wp\/v2\/product"}],"about":[{"href":"https:\/\/albaen.it\/fre\/wp-json\/wp\/v2\/types\/product"}],"replies":[{"embeddable":true,"href":"https:\/\/albaen.it\/fre\/wp-json\/wp\/v2\/comments?post=20543"}],"wp:featuredmedia":[{"embeddable":true,"href":"https:\/\/albaen.it\/fre\/wp-json\/wp\/v2\/media\/20566"}],"wp:attachment":[{"href":"https:\/\/albaen.it\/fre\/wp-json\/wp\/v2\/media?parent=20543"}],"wp:term":[{"taxonomy":"product_brand","embeddable":true,"href":"https:\/\/albaen.it\/fre\/wp-json\/wp\/v2\/product_brand?post=20543"},{"taxonomy":"product_cat","embeddable":true,"href":"https:\/\/albaen.it\/fre\/wp-json\/wp\/v2\/product_cat?post=20543"},{"taxonomy":"product_tag","embeddable":true,"href":"https:\/\/albaen.it\/fre\/wp-json\/wp\/v2\/product_tag?post=20543"}],"curies":[{"name":"wp","href":"https:\/\/api.w.org\/{rel}","templated":true}]}}