{"id":20329,"date":"2024-02-21T14:02:38","date_gmt":"2024-02-21T13:02:38","guid":{"rendered":"https:\/\/albaen.it\/?post_type=product&#038;p=20329"},"modified":"2024-05-15T09:16:09","modified_gmt":"2024-05-15T07:16:09","slug":"scarpa-antinfortunistica-skyline-j110ak-s1p-src","status":"publish","type":"product","link":"https:\/\/albaen.it\/fre\/shop\/jogger\/scarpa-antinfortunistica-skyline-j110ak-s1p-src\/","title":{"rendered":"SKYLINE S1P SRC"},"content":{"rendered":"<div class=\"wpb-content-wrapper\"><div class=\"vc_row wpb_row vc_row-fluid\"><div class=\"wpb_column vc_column_container vc_col-sm-6\"><div class=\"vc_column-inner\"><div class=\"wpb_wrapper\">\n\t<div class=\"wpb_text_column wpb_content_element\" >\n\t\t<div class=\"wpb_wrapper\">\n\t\t\t<p>Chaussures de s\u00e9curit\u00e9 basses S1P SRC de la gamme JOGGER d\u2019Alba&amp;n, fabriqu\u00e9es avec des mat\u00e9riaux l\u00e9gers et r\u00e9sistants pour un confort exceptionnel.<\/p>\n<p><strong><span style=\"vertical-align: inherit;\">TIGE<\/span><\/strong><span style=\"vertical-align: inherit;\"> Microsuede, tissu technique respirant et toile nylon r\u00e9sistante.<br \/>\n<\/span><br \/>\n<strong><span style=\"vertical-align: inherit;\">DOUBLURE<\/span><\/strong><span style=\"vertical-align: inherit;\"> en tissu \u00e0 effet 3D ou tridimensionnel, respirante avec une excellente r\u00e9sistance \u00e0 l'abrasion.<br \/>\n<\/span><br \/>\n<strong><span style=\"vertical-align: inherit;\">EMBOUT<\/span><\/strong><span style=\"vertical-align: inherit;\"> m\u00e9tallique, r\u00e9sistant aux chocs jusqu'\u00e0 200 joules et \u00e0 la compression jusqu'\u00e0 15Kn.<br \/>\n<\/span><br \/>\n<strong><span style=\"vertical-align: inherit;\">SEMELLE ANTI-PERFORATION<\/span><\/strong><span style=\"vertical-align: inherit;\"> en textile, r\u00e9sistante \u00e0 la perforation jusqu'\u00e0 1100N. Prot\u00e8ge toute la surface de la plante du pied. Flexible et confortable, non magn\u00e9tique, antistatique et isolant thermique.<br \/>\n<\/span><br \/>\n<strong><span style=\"vertical-align: inherit;\">SEMELLE<\/span><\/strong><span style=\"vertical-align: inherit;\"> inject\u00e9 en PU\/RPU double densit\u00e9, antistatique, antid\u00e9rapant, r\u00e9sistant \u00e0 l\u2019huile et aux hydrocarbures, absorption des chocs dans la zone du talon.<br \/>\n<\/span><br \/>\n<strong><span style=\"vertical-align: inherit;\">SEMELLE INT\u00c9RIEURE <\/span><\/strong><span style=\"vertical-align: inherit;\">anatomique ELISA avec rev\u00eatement en tissu respirant et anti-abrasion. Base en polyur\u00e9thane \u00e9lastique et absorbant les chocs et amortisseur coussin\u00e9 confortable sur le talon pour une absorption des chocs avec un effet anti-fatigue. Respirant, antistatique, amovible et lavable.<\/span><span style=\"vertical-align: inherit;\"><br \/>\n<\/span><br \/>\n<strong><span style=\"vertical-align: inherit;\">AJUSTEMENT <\/span><\/strong> <em><span style=\"vertical-align: inherit;\">Mondopoint<\/span><\/em><span style=\"vertical-align: inherit;\"> \u00a010,5 \u2013 regulier et confortable.<br \/>\n<\/span><br \/>\n<strong><span style=\"vertical-align: inherit;\">R\u00c9GULATION<\/span><\/strong><span style=\"vertical-align: inherit;\"> EN ISO 20345:2011<\/span><\/p>\n\n\t\t<\/div>\n\t<\/div>\n<\/div><\/div><\/div><div class=\"wpb_column vc_column_container vc_col-sm-6\"><div class=\"vc_column-inner\"><div class=\"wpb_wrapper\">\n\t<div class=\"wpb_text_column wpb_content_element\" >\n\t\t<div class=\"wpb_wrapper\">\n\t\t\t<p>Les chaussures Jogger Alba&amp;n sont dot\u00e9es d\u2019une semelle ext\u00e9rieure unique sur le march\u00e9, en \u00ab\u00a0RPU\u00a0\u00bb, un mat\u00e9riau sp\u00e9cial \u00e0 base d\u2019un m\u00e9lange particulier de polyur\u00e9thane et de particules de gomme nitrile qui garantit d\u2019excellentes performances sur tous les sols et toutes les surfaces.<br \/>\nRPU est n\u00e9 de l\u2019id\u00e9e d\u2019allier performance et bien-\u00eatre, un concept simple qui englobe les propri\u00e9t\u00e9s de l\u00e9g\u00e8ret\u00e9 et d\u2019absorption des chocs du polyur\u00e9thane avec les propri\u00e9t\u00e9s antid\u00e9rapantes et de r\u00e9sistance du caoutchouc.<\/p>\n\n\t\t<\/div>\n\t<\/div>\n<div class=\"icons_cat_title\"> <h2>Cat\u00e9gories de protection <\/h2><\/div><div class=\"container row\"> \n\t\t\t<div>\n  <ul class=\"image-gallery\"><li style=\"float: left;\">  <img decoding=\"async\" src=\"https:\/\/albaen.it\/wp-content\/uploads\/simboletti-06.png\"  alt=\"Antistaticita\u0300\" style=\"height:110px;\"\/> <span class=\"products_icons products_icons1\">Antistatique<\/span> <\/li><li style=\"float: left;\">  <img decoding=\"async\" src=\"https:\/\/albaen.it\/wp-content\/uploads\/simboletti-07.png\"  alt=\"Assorbimento di energia nel tallone\" style=\"height:110px;\"\/> <span class=\"products_icons products_icons1\">Absorption d'\u00e9nergie dans le talon<\/span> <\/li><li style=\"float: left;\">  <img decoding=\"async\" src=\"https:\/\/albaen.it\/wp-content\/uploads\/simboletti-08.png\"  alt=\"Inserto antiforo resistente alla perforazione \u00d8=4,5mm\" style=\"height:110px;\"\/> <span class=\"products_icons products_icons1\">Insert anti-crevaison, r\u00e9sistant \u00e0 la perforation \u00d8=4,5mm<\/span> <\/li><li style=\"float: left;\">  <img decoding=\"async\" src=\"https:\/\/albaen.it\/wp-content\/uploads\/simboletti-22.png\"  alt=\"Resistenza all\u2019impatto e compressione\" style=\"height:110px;\"\/> <span class=\"products_icons products_icons1\">R\u00e9sistance aux chocs et \u00e0 la compression<\/span> <\/li><li style=\"float: left;\">  <img decoding=\"async\" src=\"https:\/\/albaen.it\/wp-content\/uploads\/simboletti-11.png\"  alt=\"Resistenza allo scivolamento\" style=\"height:110px;\"\/> <span class=\"products_icons products_icons1\">R\u00e9sistance au glissement<\/span> <\/li><li style=\"float: left;\">  <img decoding=\"async\" src=\"https:\/\/albaen.it\/wp-content\/uploads\/simboletti-04.png\"  alt=\"Suola resistente agli oli e agli idrocarburi\" style=\"height:110px;\"\/> <span class=\"products_icons products_icons1\">Semelle r\u00e9sistante aux huiles et aux hydrocarbures<\/span> <\/li><\/ul>\n<\/div><\/div>\n\t<div class=\"wpb_text_column wpb_content_element\" >\n\t\t<div class=\"wpb_wrapper\">\n\t\t\t\n\n\t\t<\/div>\n\t<\/div>\n<div class=\"icons_cat_title\"> <h2>Secteurs d'utilisation <\/h2><\/div><div class=\"container row\"> \n\t\t\t<div>\n  <ul class=\"image-gallery\"><li style=\"float: left;\"> <img decoding=\"async\" src=\"https:\/\/albaen.it\/wp-content\/uploads\/Artigianato-_-Officine-1.png\" alt=\"Artigianato \/ Officine\" style=\"height:60px;\"\/>  <span class=\"products_icons\">Artesan\u00eda \/ Talleres<\/span> <\/li><li style=\"float: left;\"> <img decoding=\"async\" src=\"https:\/\/albaen.it\/wp-content\/uploads\/Logistica-_-Trasporto-1.png\" alt=\"Logistica \/ Trasporto\" style=\"height:60px;\"\/>  <span class=\"products_icons\">Logistique \/ Transport<\/span> <\/li><li style=\"float: left;\"> <img decoding=\"async\" src=\"https:\/\/albaen.it\/wp-content\/uploads\/Magazzino-_-GDO-1.png\" alt=\"Magazzino \/ GDO\" style=\"height:60px;\"\/>  <span class=\"products_icons\">Entrep\u00f4t \/ GDO<\/span> <\/li><\/ul>\n<\/div><\/div>\n\t<div class=\"wpb_text_column wpb_content_element\" >\n\t\t<div class=\"wpb_wrapper\">\n\t\t\t\n\n\t\t<\/div>\n\t<\/div>\n<div class=\"icons_cat_title\"> <h2>La technologie <\/h2><\/div><div class=\"container row\"> \n\t\t\t<div>\n  <ul class=\"image-gallery\"><li style=\"float: left;\"><img decoding=\"async\" src=\"https:\/\/albaen.it\/wp-content\/uploads\/Xqt-_2.png\"  alt=\"Extra Quality Technology\" style=\"height:60px;\"\/><span class=\"products_icons\">Extra Quality Technology<\/span><\/li><li style=\"float: left;\"><img decoding=\"async\" src=\"https:\/\/albaen.it\/wp-content\/uploads\/rpu-technology.png\"  alt=\"Tecnologia RPU\" style=\"height:60px;\"\/><span class=\"products_icons\">Technologie RPU<\/span><\/li><\/ul>\n<\/div><\/div>\n\t<div class=\"wpb_text_column wpb_content_element\" >\n\t\t<div class=\"wpb_wrapper\">\n\t\t\t<p><strong><\/strong><\/p>\n\n\t\t<\/div>\n\t<\/div>\n<\/div><\/div><\/div><\/div>\n<\/div>","protected":false},"excerpt":{"rendered":"<p>Chaussures de s\u00e9curit\u00e9 type sneaker dans des couleurs vives et tendance.<br \/>\nUne combinaison attrayante avec un design sportif irr\u00e9sistible, la Skyline S1P vous permet de combiner les pr\u00e9rogatives de s\u00e9curit\u00e9 avec celles de confort d\u2019une chaussure de sport.<br \/>\nLa semelle bicolore est inject\u00e9e de PU et de RPU, un m\u00e9lange particulier con\u00e7u pour garantir une adh\u00e9rence maximale (SRC).<br \/>\nEgalement remarquable le chaussant fusel\u00e9, particuli\u00e8rement appr\u00e9ci\u00e9e des utilisatrices femmes.<br \/>\nLa tige en microfibre su\u00e9d\u00e9 innovante, 100% respirante, donne au pied un bien-\u00eatre remarquable gr\u00e2ce \u00e0 ses propri\u00e9t\u00e9s de l\u00e9g\u00e8ret\u00e9 et de r\u00e9sistance.<\/p>\n<p><a href=\"https:\/\/albaen.it\/wp-content\/uploads\/J110AK-S1P.fr_.pdf\"><button class=\"btn1\"><span style=\"vertical-align: inherit;\">T\u00c9L\u00c9CHARGER LA FICHE TECHNIQUE<\/span><\/button><\/a>\u00a0 \u00a0<a href=\"https:\/\/albaen.it\/wp-content\/uploads\/J110AK-S1P-Dich.-conformita.pdf\"><button><span style=\"vertical-align: inherit;\">D\u00c9CLARATION DE CONFORMIT\u00c9<\/span><\/button><\/a><\/p>","protected":false},"featured_media":20335,"comment_status":"closed","ping_status":"closed","template":"","meta":[],"product_brand":[],"product_cat":[106],"product_tag":[],"class_list":{"0":"post-20329","1":"product","2":"type-product","3":"status-publish","4":"has-post-thumbnail","6":"product_cat-jogger","7":"pa_categorie-di-protezione-s1p","8":"pa_categorie-di-protezione-src","9":"pa_colore-celeste","10":"pa_linea-jogger","11":"pa_normativa-en-iso-203452011","12":"pa_settori-artigianato-officine","13":"pa_settori-logistica-trasporto","14":"pa_settori-magazzino-gdo","15":"pa_simboli-antistaticita","16":"pa_simboli-assorbimento-di-energia-nel-tallone","17":"pa_simboli-inserto-antiforo-resistente-alla-perforazione-o45mm-2","18":"pa_simboli-resistenza-allimpatto-e-compressione","19":"pa_simboli-resistenza-allo-scivolamento","20":"pa_simboli-suola-resistente-agli-oli-e-agli-idrocarburi","21":"pa_taglia-730","22":"pa_taglia-738","23":"pa_taglia-166","24":"pa_taglia-168","25":"pa_taglia-170","26":"pa_taglia-776","27":"pa_taglia-174","28":"pa_taglia-176","29":"pa_taglia-178","30":"pa_taglia-180","31":"pa_taglia-182","32":"pa_taglia-184","33":"pa_tecnologia-extra-quality-technology","34":"pa_tecnologia-tecnologia-rpu","35":"pa_tipologia-bassa","37":"first","38":"instock","39":"taxable","40":"shipping-taxable","41":"purchasable","42":"product-type-variable"},"_links":{"self":[{"href":"https:\/\/albaen.it\/fre\/wp-json\/wp\/v2\/product\/20329","targetHints":{"allow":["GET"]}}],"collection":[{"href":"https:\/\/albaen.it\/fre\/wp-json\/wp\/v2\/product"}],"about":[{"href":"https:\/\/albaen.it\/fre\/wp-json\/wp\/v2\/types\/product"}],"replies":[{"embeddable":true,"href":"https:\/\/albaen.it\/fre\/wp-json\/wp\/v2\/comments?post=20329"}],"wp:featuredmedia":[{"embeddable":true,"href":"https:\/\/albaen.it\/fre\/wp-json\/wp\/v2\/media\/20335"}],"wp:attachment":[{"href":"https:\/\/albaen.it\/fre\/wp-json\/wp\/v2\/media?parent=20329"}],"wp:term":[{"taxonomy":"product_brand","embeddable":true,"href":"https:\/\/albaen.it\/fre\/wp-json\/wp\/v2\/product_brand?post=20329"},{"taxonomy":"product_cat","embeddable":true,"href":"https:\/\/albaen.it\/fre\/wp-json\/wp\/v2\/product_cat?post=20329"},{"taxonomy":"product_tag","embeddable":true,"href":"https:\/\/albaen.it\/fre\/wp-json\/wp\/v2\/product_tag?post=20329"}],"curies":[{"name":"wp","href":"https:\/\/api.w.org\/{rel}","templated":true}]}}