{"id":19983,"date":"2024-02-01T15:29:27","date_gmt":"2024-02-01T14:29:27","guid":{"rendered":"https:\/\/albaen.it\/?post_type=product&#038;p=19983"},"modified":"2026-03-16T09:29:26","modified_gmt":"2026-03-16T08:29:26","slug":"scarpa-antinfortunistica-bassa-aquarius-p1341ck-s1p-src","status":"publish","type":"product","link":"https:\/\/albaen.it\/fre\/shop\/p-performer\/scarpa-antinfortunistica-bassa-aquarius-p1341ck-s1p-src\/","title":{"rendered":"AQUARIUS S1P SRC"},"content":{"rendered":"<div class=\"wpb-content-wrapper\"><div class=\"vc_row wpb_row vc_row-fluid\"><div class=\"wpb_column vc_column_container vc_col-sm-6\"><div class=\"vc_column-inner\"><div class=\"wpb_wrapper\">\n\t<div class=\"wpb_text_column wpb_content_element\" >\n\t\t<div class=\"wpb_wrapper\">\n\t\t\t<p><span style=\"vertical-align: inherit;\">Chaussure de s\u00e9curit\u00e9 type basket S1P SRC de la ligne PERFORMER d\u2019Alba&amp;n, fabriqu\u00e9e avec des mat\u00e9riaux respirants et l\u00e9gers mais r\u00e9sistants.<br \/>\n<\/span><strong><br \/>\n<span style=\"vertical-align: inherit;\">TIGE<\/span><\/strong><span style=\"vertical-align: inherit;\"> Tissu technique su\u00e9d\u00e9 l\u00e9ger et respirant avec empi\u00e8cements en microfibre.<br \/>\n<\/span><br \/>\n<strong><span style=\"vertical-align: inherit;\">DOUBLURE<\/span><\/strong><span style=\"vertical-align: inherit;\"> en textile effet 3D, respirant et avec une excellente r\u00e9sistance \u00e0 l\u2019abrasion. Talon renforc\u00e9 en microfibre pour une action antid\u00e9rapante et anti-usure.<br \/>\n<\/span><br \/>\n<strong><span style=\"vertical-align: inherit;\">EMBOUT<\/span><\/strong><span style=\"vertical-align: inherit;\"> non m\u00e9tallique, en mat\u00e9riau composite, r\u00e9sistant aux chocs jusqu\u2019\u00e0 200J et \u00e0 la compression jusqu\u2019\u00e0 15Kn. L\u00e9ger, non magn\u00e9tique et isolant thermique.<br \/>\n<\/span><br \/>\n<strong><span style=\"vertical-align: inherit;\">SEMELLE ANTI-PERFORATION<\/span><\/strong><span style=\"vertical-align: inherit;\"> en textile, r\u00e9sistante \u00e0 la perforation jusqu'\u00e0 1100N. Prot\u00e8ge toute la surface de la plante du pied. Flexible et confortable, non magn\u00e9tique, antistatique et isolant thermique.<br \/>\n<\/span><br \/>\n<strong><span style=\"vertical-align: inherit;\">SEMELLE<\/span><\/strong><span style=\"vertical-align: inherit;\"> inject\u00e9 en PU\/PU double densit\u00e9, antistatique, antid\u00e9rapant, r\u00e9sistant \u00e0 l\u2019huile et aux hydrocarbures, absorption des chocs dans la zone du talon.<br \/>\n<\/span><br \/>\n<strong><span style=\"vertical-align: inherit;\">SEMELLE INT\u00c9RIEURE <\/span><\/strong><span style=\"vertical-align: inherit;\">ELISA MEMORY anatomique en PU antistatique et absorbant les chocs, recouvert d\u2019un tissu respirant et anti-abrasion. Coussin de talon en PU pour une meilleure absorption des chocs et couche de mousse \u00e0 m\u00e9moire de forme auto-moulante pour un confort in\u00e9gal\u00e9. Antistatique, amovible et lavable.<\/span><span style=\"vertical-align: inherit;\"><br \/>\n<\/span><br \/>\n<strong><span style=\"vertical-align: inherit;\">AJUSTEMENT <\/span><\/strong> <em><span style=\"vertical-align: inherit;\">Mondopoint<\/span><\/em><span style=\"vertical-align: inherit;\"> \u00a011 \u2013 large et confortable.<br \/>\n<\/span><br \/>\n<strong><span style=\"vertical-align: inherit;\">R\u00c9GULATION<\/span><\/strong><span style=\"vertical-align: inherit;\"> EN ISO 20345:2011, DGUV 112-191<br \/>\n<\/span><br \/>\n<strong><span style=\"vertical-align: inherit;\">POIDS<\/span><\/strong><span style=\"vertical-align: inherit;\"> gr 525 1 pied 42<\/span><\/p>\n\n\t\t<\/div>\n\t<\/div>\n<\/div><\/div><\/div><div class=\"wpb_column vc_column_container vc_col-sm-6\"><div class=\"vc_column-inner\"><div class=\"wpb_wrapper\">\n\t<div class=\"wpb_text_column wpb_content_element\" >\n\t\t<div class=\"wpb_wrapper\">\n\t\t\t<p>Les chaussures de s\u00e9curit\u00e9 de la ligne Performer incarnent toutes les caract\u00e9ristiques cl\u00e9s d'une chaussure de sport confortable: l\u00e9g\u00e8ret\u00e9, polyvalence, flexibilit\u00e9, adh\u00e9rence et design. Id\u00e9ales pour l\u2019industrie l\u00e9g\u00e8re et les activit\u00e9s de logistique, d\u2019entrep\u00f4t et de transport.<\/p>\n<p><strong>PLUS TECHNIQUE:<\/strong> les chaussures de la ligne Performer sont con\u00e7ues et certifi\u00e9es pour accueillir \u00e9galement les semelles orthop\u00e9diques SECOSOL r\u00e9gies par la norme DGUV 112-19.<\/p>\n\n\t\t<\/div>\n\t<\/div>\n<div class=\"icons_cat_title\"> <h2>Cat\u00e9gories de protection <\/h2><\/div><div class=\"container row\"> \n\t\t\t<div>\n  <ul class=\"image-gallery\"><li style=\"float: left;\">  <img decoding=\"async\" src=\"https:\/\/albaen.it\/wp-content\/uploads\/simboletti-06.png\"  alt=\"Antistaticita\u0300\" style=\"height:110px;\"\/> <span class=\"products_icons products_icons1\">Antistatique<\/span> <\/li><li style=\"float: left;\">  <img decoding=\"async\" src=\"https:\/\/albaen.it\/wp-content\/uploads\/simboletti-07.png\"  alt=\"Assorbimento di energia nel tallone\" style=\"height:110px;\"\/> <span class=\"products_icons products_icons1\">Absorption d'\u00e9nergie dans le talon<\/span> <\/li><li style=\"float: left;\">  <img decoding=\"async\" src=\"https:\/\/albaen.it\/wp-content\/uploads\/simboletti-08.png\"  alt=\"Inserto antiforo resistente alla perforazione \u00d8=4,5mm\" style=\"height:110px;\"\/> <span class=\"products_icons products_icons1\">Insert anti-crevaison, r\u00e9sistant \u00e0 la perforation \u00d8=4,5mm<\/span> <\/li><li style=\"float: left;\">  <img decoding=\"async\" src=\"https:\/\/albaen.it\/wp-content\/uploads\/simboletti-22.png\"  alt=\"Resistenza all\u2019impatto e compressione\" style=\"height:110px;\"\/> <span class=\"products_icons products_icons1\">R\u00e9sistance aux chocs et \u00e0 la compression<\/span> <\/li><li style=\"float: left;\">  <img decoding=\"async\" src=\"https:\/\/albaen.it\/wp-content\/uploads\/simboletti-11.png\"  alt=\"Resistenza allo scivolamento\" style=\"height:110px;\"\/> <span class=\"products_icons products_icons1\">R\u00e9sistance au glissement<\/span> <\/li><li style=\"float: left;\">  <img decoding=\"async\" src=\"https:\/\/albaen.it\/wp-content\/uploads\/simboletti-04.png\"  alt=\"Suola resistente agli oli e agli idrocarburi\" style=\"height:110px;\"\/> <span class=\"products_icons products_icons1\">Semelle r\u00e9sistante aux huiles et aux hydrocarbures<\/span> <\/li><\/ul>\n<\/div><\/div>\n\t<div class=\"wpb_text_column wpb_content_element\" >\n\t\t<div class=\"wpb_wrapper\">\n\t\t\t\n\n\t\t<\/div>\n\t<\/div>\n<div class=\"icons_cat_title\"> <h2>Secteurs d'utilisation <\/h2><\/div><div class=\"container row\"> \n\t\t\t<div>\n  <ul class=\"image-gallery\"><li style=\"float: left;\"> <img decoding=\"async\" src=\"https:\/\/albaen.it\/wp-content\/uploads\/Artigianato-_-Officine-1.png\" alt=\"Artigianato \/ Officine\" style=\"height:60px;\"\/>  <span class=\"products_icons\">Artesan\u00eda \/ Talleres<\/span> <\/li><li style=\"float: left;\"> <img decoding=\"async\" src=\"https:\/\/albaen.it\/wp-content\/uploads\/Logistica-_-Trasporto-1.png\" alt=\"Logistica \/ Trasporto\" style=\"height:60px;\"\/>  <span class=\"products_icons\">Logistique \/ Transport<\/span> <\/li><li style=\"float: left;\"> <img decoding=\"async\" src=\"https:\/\/albaen.it\/wp-content\/uploads\/Magazzino-_-GDO-1.png\" alt=\"Magazzino \/ GDO\" style=\"height:60px;\"\/>  <span class=\"products_icons\">Entrep\u00f4t \/ GDO<\/span> <\/li><\/ul>\n<\/div><\/div>\n\t<div class=\"wpb_text_column wpb_content_element\" >\n\t\t<div class=\"wpb_wrapper\">\n\t\t\t\n\n\t\t<\/div>\n\t<\/div>\n<div class=\"icons_cat_title\"> <h2>La technologie <\/h2><\/div><div class=\"container row\"> \n\t\t\t<div>\n  <ul class=\"image-gallery\"><li style=\"float: left;\"><img decoding=\"async\" src=\"https:\/\/albaen.it\/wp-content\/uploads\/secosol-@4x.png\"  alt=\"DGUV 112_191\" style=\"height:60px;\"\/><span class=\"products_icons\">DGUV 112_191<\/span><\/li><li style=\"float: left;\"><img decoding=\"async\" src=\"https:\/\/albaen.it\/wp-content\/uploads\/Xqt-_2.png\"  alt=\"Extra Quality Technology\" style=\"height:60px;\"\/><span class=\"products_icons\">Extra Quality Technology<\/span><\/li><li style=\"float: left;\"><img decoding=\"async\" src=\"https:\/\/albaen.it\/wp-content\/uploads\/memory-flex-2.png\"  alt=\"Memory Flex\" style=\"height:60px;\"\/><span class=\"products_icons\">Memory Flex<\/span><\/li><li style=\"float: left;\"><img decoding=\"async\" src=\"https:\/\/albaen.it\/wp-content\/uploads\/Metal-Free-Tecnologia-2.png\"  alt=\"Metal Free\" style=\"height:60px;\"\/><span class=\"products_icons\">Sans m\u00e9tal<\/span><\/li><\/ul>\n<\/div><\/div>\n\t<div class=\"wpb_text_column wpb_content_element\" >\n\t\t<div class=\"wpb_wrapper\">\n\t\t\t<p><strong><\/strong><\/p>\n\n\t\t<\/div>\n\t<\/div>\n<\/div><\/div><\/div><\/div>\n<\/div>","protected":false},"excerpt":{"rendered":"<p>Chaussure de s\u00e9curit\u00e9 basse au look sportif mais sobre, \u00e9galement adapt\u00e9e \u00e0 un usage civil dans les zones urbaines.<br \/>\nComoda e leggera, grazie alla tomaia in tessuto tecnico scamosciato traspirante e all\u2019assenza di parti metalliche. Massima sicurezza contro i rischi di scivolamento, di lesioni da caduta, di oggetti pesanti e di penetrazione da oggetti contundenti. AQUARIUS S1P \u00e8 la tua scelta giusta se hai bisogno di una scarpa confortevole che, con un plantare ergonomico ed automodellante, ti d\u00e0 il giusto supporto durante tutta la giornata lavorativa.<\/p>\n<p><a href=\"https:\/\/albaen.it\/wp-content\/uploads\/P1341CK-S1P.fr_-2.pdf\"><button class=\"btn1\"><span style=\"vertical-align: inherit;\">T\u00c9L\u00c9CHARGER LA FICHE TECHNIQUE<\/span><\/button><\/a> <a href=\"https:\/\/albaen.it\/wp-content\/uploads\/P1341CK-S1P-Dich.-conformita-1.pdf\"><button><span style=\"vertical-align: inherit;\">D\u00c9CLARATION DE CONFORMIT\u00c9<\/span><\/button><\/a><\/p>","protected":false},"featured_media":20057,"comment_status":"closed","ping_status":"closed","template":"","meta":[],"product_brand":[],"product_cat":[98],"product_tag":[],"class_list":{"0":"post-19983","1":"product","2":"type-product","3":"status-publish","4":"has-post-thumbnail","6":"product_cat-p-performer","7":"pa_categorie-di-protezione-s1p","8":"pa_categorie-di-protezione-src","9":"pa_colore-blu","10":"pa_linea-performer","11":"pa_normativa-en-iso-203452011","12":"pa_normativa-dguv-112-191","13":"pa_settori-artigianato-officine","14":"pa_settori-logistica-trasporto","15":"pa_settori-magazzino-gdo","16":"pa_simboli-antistaticita","17":"pa_simboli-assorbimento-di-energia-nel-tallone","18":"pa_simboli-inserto-antiforo-resistente-alla-perforazione-o45mm-2","19":"pa_simboli-resistenza-allimpatto-e-compressione","20":"pa_simboli-resistenza-allo-scivolamento","21":"pa_simboli-suola-resistente-agli-oli-e-agli-idrocarburi","22":"pa_taglia-3124","23":"pa_taglia-730","24":"pa_taglia-738","25":"pa_taglia-166","26":"pa_taglia-168","27":"pa_taglia-170","28":"pa_taglia-776","29":"pa_taglia-174","30":"pa_taglia-176","31":"pa_taglia-178","32":"pa_taglia-180","33":"pa_taglia-182","34":"pa_taglia-184","35":"pa_tecnologia-dguv-112_191","36":"pa_tecnologia-extra-quality-technology","37":"pa_tecnologia-memory-flex","38":"pa_tecnologia-metal-free","39":"pa_tipologia-bassa","41":"first","42":"instock","43":"taxable","44":"shipping-taxable","45":"purchasable","46":"product-type-variable"},"_links":{"self":[{"href":"https:\/\/albaen.it\/fre\/wp-json\/wp\/v2\/product\/19983","targetHints":{"allow":["GET"]}}],"collection":[{"href":"https:\/\/albaen.it\/fre\/wp-json\/wp\/v2\/product"}],"about":[{"href":"https:\/\/albaen.it\/fre\/wp-json\/wp\/v2\/types\/product"}],"replies":[{"embeddable":true,"href":"https:\/\/albaen.it\/fre\/wp-json\/wp\/v2\/comments?post=19983"}],"wp:featuredmedia":[{"embeddable":true,"href":"https:\/\/albaen.it\/fre\/wp-json\/wp\/v2\/media\/20057"}],"wp:attachment":[{"href":"https:\/\/albaen.it\/fre\/wp-json\/wp\/v2\/media?parent=19983"}],"wp:term":[{"taxonomy":"product_brand","embeddable":true,"href":"https:\/\/albaen.it\/fre\/wp-json\/wp\/v2\/product_brand?post=19983"},{"taxonomy":"product_cat","embeddable":true,"href":"https:\/\/albaen.it\/fre\/wp-json\/wp\/v2\/product_cat?post=19983"},{"taxonomy":"product_tag","embeddable":true,"href":"https:\/\/albaen.it\/fre\/wp-json\/wp\/v2\/product_tag?post=19983"}],"curies":[{"name":"wp","href":"https:\/\/api.w.org\/{rel}","templated":true}]}}