{"id":19468,"date":"2023-12-12T09:39:26","date_gmt":"2023-12-12T08:39:26","guid":{"rendered":"https:\/\/albaen.it\/?post_type=product&#038;p=19468"},"modified":"2025-12-17T11:49:37","modified_gmt":"2025-12-17T10:49:37","slug":"scarpa-antinfortunistica-bassa-cosmo-p1566ck-s3-src-esd","status":"publish","type":"product","link":"https:\/\/albaen.it\/fre\/shop\/p-performer\/scarpa-antinfortunistica-bassa-cosmo-p1566ck-s3-src-esd\/","title":{"rendered":"COSMO S3 SRC ESD"},"content":{"rendered":"<div class=\"wpb-content-wrapper\"><div class=\"vc_row wpb_row vc_row-fluid vc_custom_1706197504718\"><div class=\"wpb_column vc_column_container vc_col-sm-6\"><div class=\"vc_column-inner\"><div class=\"wpb_wrapper\">\n\t<div class=\"wpb_text_column wpb_content_element\" >\n\t\t<div class=\"wpb_wrapper\">\n\t\t\t<p><span style=\"vertical-align: inherit;\"><span style=\"vertical-align: inherit;\"><span style=\"vertical-align: inherit;\"><span style=\"vertical-align: inherit;\"><span style=\"vertical-align: inherit;\"><span style=\"vertical-align: inherit;\">Chaussure de s\u00e9curit\u00e9 basse COSMO S3 ESD SRC de la ligne PERFORMER d'Alba&amp;n, compl\u00e8tement sans m\u00e9tal, d\u00e9velopp\u00e9e et con\u00e7ue pour les zones EPA (Electrostatic Protected Area).<\/span><\/span><\/span><\/span><\/span><\/span><\/p>\n<p><strong><br \/>\n<span style=\"vertical-align: inherit;\"><span style=\"vertical-align: inherit;\"><span style=\"vertical-align: inherit;\"><span style=\"vertical-align: inherit;\"><span style=\"vertical-align: inherit;\"><span style=\"vertical-align: inherit;\">TIGE<\/span><\/span><\/span><\/span><\/span><\/span><\/strong><span style=\"vertical-align: inherit;\"><span style=\"vertical-align: inherit;\"><span style=\"vertical-align: inherit;\"><span style=\"vertical-align: inherit;\"><span style=\"vertical-align: inherit;\"><span style=\"vertical-align: inherit;\"> en textile nylon r\u00e9sistant et respirant avec lignes Hi-Vis et TPU, hydrofuge.<\/span><\/span><\/span><\/span><\/span><\/span><\/p>\n<p><strong><span style=\"vertical-align: inherit;\"><span style=\"vertical-align: inherit;\"><span style=\"vertical-align: inherit;\"><span style=\"vertical-align: inherit;\"><span style=\"vertical-align: inherit;\"><span style=\"vertical-align: inherit;\">DOUBLURE<\/span><\/span><\/span><\/span><\/span><\/span><\/strong><span style=\"vertical-align: inherit;\"><span style=\"vertical-align: inherit;\"><span style=\"vertical-align: inherit;\"><span style=\"vertical-align: inherit;\"><span style=\"vertical-align: inherit;\"><span style=\"vertical-align: inherit;\"> en tissu \u00e0 effet 3D ou tridimensionnel, respirante avec une excellente r\u00e9sistance \u00e0 l'abrasion.<br \/>\nTalon renforc\u00e9 en microfibre pour une action antid\u00e9rapante et anti-usure.<\/span><\/span><\/span><\/span><\/span><\/span><\/p>\n<p><strong><span style=\"vertical-align: inherit;\"><span style=\"vertical-align: inherit;\"><span style=\"vertical-align: inherit;\"><span style=\"vertical-align: inherit;\"><span style=\"vertical-align: inherit;\"><span style=\"vertical-align: inherit;\">EMBOUT<\/span><\/span><\/span><\/span><\/span><\/span><\/strong><span style=\"vertical-align: inherit;\"><span style=\"vertical-align: inherit;\"><span style=\"vertical-align: inherit;\"><span style=\"vertical-align: inherit;\"><span style=\"vertical-align: inherit;\"><span style=\"vertical-align: inherit;\"> non m\u00e9tallique, en mat\u00e9riau composite, r\u00e9sistant aux chocs jusqu\u2019\u00e0 200J et \u00e0 la compression jusqu\u2019\u00e0 15Kn. L\u00e9ger, non magn\u00e9tique et isolant thermique.<\/span><\/span><\/span><\/span><\/span><\/span><\/p>\n<p><strong><span style=\"vertical-align: inherit;\"><span style=\"vertical-align: inherit;\"><span style=\"vertical-align: inherit;\"><span style=\"vertical-align: inherit;\"><span style=\"vertical-align: inherit;\"><span style=\"vertical-align: inherit;\">SEMELLE ANTI-PERFORATION<\/span><\/span><\/span><\/span><\/span><\/span><\/strong><span style=\"vertical-align: inherit;\"><span style=\"vertical-align: inherit;\"><span style=\"vertical-align: inherit;\"><span style=\"vertical-align: inherit;\"><span style=\"vertical-align: inherit;\"><span style=\"vertical-align: inherit;\"> en textile, r\u00e9sistante \u00e0 la perforation jusqu'\u00e0 1100N.<br \/>\nProt\u00e8ge toute la surface de la plante du pied.<br \/>\nFlexible et confortable, non magn\u00e9tique, antistatique et isolant thermique.<\/span><\/span><\/span><\/span><\/span><\/span><\/p>\n<p><strong><span style=\"vertical-align: inherit;\"><span style=\"vertical-align: inherit;\"><span style=\"vertical-align: inherit;\"><span style=\"vertical-align: inherit;\"><span style=\"vertical-align: inherit;\"><span style=\"vertical-align: inherit;\">SEMELLE<\/span><\/span><\/span><\/span><\/span><\/span><\/strong><span style=\"vertical-align: inherit;\"><span style=\"vertical-align: inherit;\"><span style=\"vertical-align: inherit;\"><span style=\"vertical-align: inherit;\"><span style=\"vertical-align: inherit;\"><span style=\"vertical-align: inherit;\"> inject\u00e9 en PU\/PU double densit\u00e9, antistatique ESD, antid\u00e9rapant, r\u00e9sistant \u00e0 l\u2019huile et aux hydrocarbures, absorption des chocs dans la zone du talon.<\/span><\/span><\/span><\/span><\/span><\/span><\/p>\n<p><strong><span style=\"vertical-align: inherit;\"><span style=\"vertical-align: inherit;\"><span style=\"vertical-align: inherit;\"><span style=\"vertical-align: inherit;\"><span style=\"vertical-align: inherit;\"><span style=\"vertical-align: inherit;\">SOLETTA ELISA MEMORY<\/span><\/span><\/span><\/span><\/span><\/span><\/strong><span style=\"vertical-align: inherit;\"><span style=\"vertical-align: inherit;\"><span style=\"vertical-align: inherit;\"><span style=\"vertical-align: inherit;\"><span style=\"vertical-align: inherit;\"><span style=\"vertical-align: inherit;\"> anatomique <\/span><\/span><\/span><\/span><\/span><\/span><span style=\"vertical-align: inherit;\"><span style=\"vertical-align: inherit;\"><span style=\"vertical-align: inherit;\"><span style=\"vertical-align: inherit;\"><span style=\"vertical-align: inherit;\"><span style=\"vertical-align: inherit;\">en PU antistatique ESD et absorbant les chocs, doubl\u00e9 d\u2019un tissu respirant et anti-abrasion.<br \/>\nCoussin de talon en PU pour une meilleure absorption des chocs et couche de mousse \u00e0 m\u00e9moire de forme auto-moulante pour un confort in\u00e9gal\u00e9. Antistatique, amovible et lavable.<\/span><\/span><\/span><\/span><\/span><\/span><\/p>\n<p><strong><span style=\"vertical-align: inherit;\"><span style=\"vertical-align: inherit;\"><span style=\"vertical-align: inherit;\"><span style=\"vertical-align: inherit;\"><span style=\"vertical-align: inherit;\"><span style=\"vertical-align: inherit;\">AJUSTEMENT <\/span><\/span><\/span><\/span><\/span><\/span><\/strong> <em><span style=\"vertical-align: inherit;\"><span style=\"vertical-align: inherit;\"><span style=\"vertical-align: inherit;\"><span style=\"vertical-align: inherit;\"><span style=\"vertical-align: inherit;\"><span style=\"vertical-align: inherit;\">Mondopoint<\/span><\/span><\/span><\/span><\/span><\/span><\/em><span style=\"vertical-align: inherit;\"><span style=\"vertical-align: inherit;\"><span style=\"vertical-align: inherit;\"><span style=\"vertical-align: inherit;\"><span style=\"vertical-align: inherit;\"><span style=\"vertical-align: inherit;\"> \u00a011 \u2013 large et confortable.<br \/>\n<\/span><\/span><\/span><\/span><\/span><\/span><strong><span style=\"vertical-align: inherit;\"><span style=\"vertical-align: inherit;\"><span style=\"vertical-align: inherit;\"><span style=\"vertical-align: inherit;\"><span style=\"vertical-align: inherit;\"><span style=\"vertical-align: inherit;\"><br \/>\nR\u00c9GULATION<\/span><\/span><\/span><\/span><\/span><\/span><\/strong><span style=\"vertical-align: inherit;\"><span style=\"vertical-align: inherit;\"><span style=\"vertical-align: inherit;\"><span style=\"vertical-align: inherit;\"><span style=\"vertical-align: inherit;\"><span style=\"vertical-align: inherit;\"> EN ISO 20345:2011, DGUV 112-191<\/span><\/span><\/span><\/span><\/span><\/span><br \/>\n<span style=\"vertical-align: inherit;\"><span style=\"vertical-align: inherit;\"><span style=\"vertical-align: inherit;\"><span style=\"vertical-align: inherit;\"><span style=\"vertical-align: inherit;\"><span style=\"vertical-align: inherit;\"><strong><br \/>\nESD<\/strong> D\u00e9charge \u00e9lectrostatique conforme aux normes:<br \/>\n<strong>EN 61340-5-1:2016 &#8211; EN 61340-4-3:2018 &#8211; EN 61340-4-5:2018<\/strong><\/span><\/span><\/span><\/span><\/span><\/span><\/p>\n<p><strong><span style=\"vertical-align: inherit;\"><span style=\"vertical-align: inherit;\"><span style=\"vertical-align: inherit;\"><span style=\"vertical-align: inherit;\"><span style=\"vertical-align: inherit;\"><span style=\"vertical-align: inherit;\">POIDS<\/span><\/span><\/span><\/span><\/span><\/span><\/strong><span style=\"vertical-align: inherit;\"><span style=\"vertical-align: inherit;\"><span style=\"vertical-align: inherit;\"><span style=\"vertical-align: inherit;\"><span style=\"vertical-align: inherit;\"><span style=\"vertical-align: inherit;\"> gr 550 \u00bd pair 42<\/span><\/span><\/span><\/span><\/span><\/span><\/p>\n\n\t\t<\/div>\n\t<\/div>\n<\/div><\/div><\/div><div class=\"wpb_column vc_column_container vc_col-sm-6\"><div class=\"vc_column-inner\"><div class=\"wpb_wrapper\">\n\t<div class=\"wpb_text_column wpb_content_element\" >\n\t\t<div class=\"wpb_wrapper\">\n\t\t\t<p>Chaussure 100% sans m\u00e9tal.<\/p>\n<p>Les chaussures COSMO S3 ESD SRC sont conformes aux exigences des normes:<br \/>\nCEI EN 61340-5-1:2016\/COR1:2017 \u2013 CEI EN IEC 61340-4-5:2018 \u2013 CEI EN IEC 61340-4-3:2018.<\/p>\n<p>Ils sont donc id\u00e9als pour les travaux en contact avec des liquides ou des gaz inflammables, la peinture automobile industrielle, les industries chimiques et les environnements \u00e0 risques o\u00f9 il est n\u00e9cessaire de prot\u00e9ger les \u00e9quipements \u00e9lectroniques ou les pi\u00e8ces \u00e9lectriques sensibles telles que les micropuces des charges \u00e9lectrostatiques (de 100 kilohms \u00e0 35 m\u00e9gohms).<\/p>\n<p>Les chaussures de s\u00e9curit\u00e9 de la ligne Performer incarnent toutes les caract\u00e9ristiques cl\u00e9s d'une chaussure de sport confortable: l\u00e9g\u00e8ret\u00e9, polyvalence, flexibilit\u00e9, adh\u00e9rence et design. Id\u00e9ales pour l\u2019industrie l\u00e9g\u00e8re et les activit\u00e9s de logistique, d\u2019entrep\u00f4t et de transport.<\/p>\n<p><strong>PLUS TECNICO<\/strong>: les chaussures de la ligne Performer sont con\u00e7ues et certifi\u00e9es pour accueillir \u00e9galement les semelles orthop\u00e9diques SECOSOL r\u00e9glement\u00e9es par la norme <strong>DGUV 112-191<\/strong>.<\/p>\n\n\t\t<\/div>\n\t<\/div>\n<div class=\"icons_cat_title\"> <h2>Cat\u00e9gories de protection <\/h2><\/div><div class=\"container row\"> \n\t\t\t<div>\n  <ul class=\"image-gallery\"><li style=\"float: left;\">  <img decoding=\"async\" src=\"https:\/\/albaen.it\/wp-content\/uploads\/simboletti-06.png\"  alt=\"Antistaticita\u0300\" style=\"height:110px;\"\/> <span class=\"products_icons products_icons1\">Antistatique<\/span> <\/li><li style=\"float: left;\">  <img decoding=\"async\" src=\"https:\/\/albaen.it\/wp-content\/uploads\/simboletti-07.png\"  alt=\"Assorbimento di energia nel tallone\" style=\"height:110px;\"\/> <span class=\"products_icons products_icons1\">Absorption d'\u00e9nergie dans le talon<\/span> <\/li><li style=\"float: left;\">  <img decoding=\"async\" src=\"https:\/\/albaen.it\/wp-content\/uploads\/simboletti-08.png\"  alt=\"Inserto antiforo resistente alla perforazione \u00d8=4,5mm\" style=\"height:110px;\"\/> <span class=\"products_icons products_icons1\">Insert anti-crevaison, r\u00e9sistant \u00e0 la perforation \u00d8=4,5mm<\/span> <\/li><li style=\"float: left;\">  <img decoding=\"async\" src=\"https:\/\/albaen.it\/wp-content\/uploads\/simboletti-22.png\"  alt=\"Resistenza all\u2019impatto e compressione\" style=\"height:110px;\"\/> <span class=\"products_icons products_icons1\">R\u00e9sistance aux chocs et \u00e0 la compression<\/span> <\/li><li style=\"float: left;\">  <img decoding=\"async\" src=\"https:\/\/albaen.it\/wp-content\/uploads\/simboletti-11.png\"  alt=\"Resistenza allo scivolamento\" style=\"height:110px;\"\/> <span class=\"products_icons products_icons1\">R\u00e9sistance au glissement<\/span> <\/li><li style=\"float: left;\">  <img decoding=\"async\" src=\"https:\/\/albaen.it\/wp-content\/uploads\/simboletti-04.png\"  alt=\"Suola resistente agli oli e agli idrocarburi\" style=\"height:110px;\"\/> <span class=\"products_icons products_icons1\">Semelle r\u00e9sistante aux huiles et aux hydrocarbures<\/span> <\/li><li style=\"float: left;\">  <img decoding=\"async\" src=\"https:\/\/albaen.it\/wp-content\/uploads\/simboletti-23.png\"  alt=\"ElectroStatic Discharge\" style=\"height:110px;\"\/> <span class=\"products_icons products_icons1\">ElectroStatic Discharge<\/span> <\/li><\/ul>\n<\/div><\/div>\n\t<div class=\"wpb_text_column wpb_content_element\" >\n\t\t<div class=\"wpb_wrapper\">\n\t\t\t\n\n\t\t<\/div>\n\t<\/div>\n<div class=\"icons_cat_title\"> <h2>Secteurs d'utilisation <\/h2><\/div><div class=\"container row\"> \n\t\t\t<div>\n  <ul class=\"image-gallery\"><li style=\"float: left;\"> <img decoding=\"async\" src=\"https:\/\/albaen.it\/wp-content\/uploads\/Aree-ESD-1.png\" alt=\"Aree ESD\" style=\"height:60px;\"\/>  <span class=\"products_icons\">Domaines ESD<\/span> <\/li><li style=\"float: left;\"> <img decoding=\"async\" src=\"https:\/\/albaen.it\/wp-content\/uploads\/Artigianato-_-Officine-1.png\" alt=\"Artigianato \/ Officine\" style=\"height:60px;\"\/>  <span class=\"products_icons\">Artesan\u00eda \/ Talleres<\/span> <\/li><li style=\"float: left;\"> <img decoding=\"async\" src=\"https:\/\/albaen.it\/wp-content\/uploads\/Automotive-1.png\" alt=\"Automotive\" style=\"height:60px;\"\/>  <span class=\"products_icons\">Automobile<\/span> <\/li><li style=\"float: left;\"> <img decoding=\"async\" src=\"https:\/\/albaen.it\/wp-content\/uploads\/Industria-Metalmeccanica-1.png\" alt=\"Industria Metalmeccanica\" style=\"height:60px;\"\/>  <span class=\"products_icons\">Industrie M\u00e9tallurgique<\/span> <\/li><li style=\"float: left;\"> <img decoding=\"async\" src=\"https:\/\/albaen.it\/wp-content\/uploads\/Logistica-_-Trasporto-1.png\" alt=\"Logistica \/ Trasporto\" style=\"height:60px;\"\/>  <span class=\"products_icons\">Logistique \/ Transport<\/span> <\/li><li style=\"float: left;\"> <img decoding=\"async\" src=\"https:\/\/albaen.it\/wp-content\/uploads\/Magazzino-_-GDO-1.png\" alt=\"Magazzino \/ GDO\" style=\"height:60px;\"\/>  <span class=\"products_icons\">Entrep\u00f4t \/ GDO<\/span> <\/li><\/ul>\n<\/div><\/div>\n\t<div class=\"wpb_text_column wpb_content_element\" >\n\t\t<div class=\"wpb_wrapper\">\n\t\t\t\n\n\t\t<\/div>\n\t<\/div>\n<div class=\"icons_cat_title\"> <h2>La technologie <\/h2><\/div><div class=\"container row\"> \n\t\t\t<div>\n  <ul class=\"image-gallery\"><li style=\"float: left;\"><img decoding=\"async\" src=\"https:\/\/albaen.it\/wp-content\/uploads\/secosol-@4x.png\"  alt=\"DGUV 112_191\" style=\"height:60px;\"\/><span class=\"products_icons\">DGUV 112_191<\/span><\/li><li style=\"float: left;\"><img decoding=\"async\" src=\"https:\/\/albaen.it\/wp-content\/uploads\/Xqt-_2.png\"  alt=\"Extra Quality Technology\" style=\"height:60px;\"\/><span class=\"products_icons\">Extra Quality Technology<\/span><\/li><li style=\"float: left;\"><img decoding=\"async\" src=\"https:\/\/albaen.it\/wp-content\/uploads\/memory-flex-2.png\"  alt=\"Memory Flex\" style=\"height:60px;\"\/><span class=\"products_icons\">Memory Flex<\/span><\/li><li style=\"float: left;\"><img decoding=\"async\" src=\"https:\/\/albaen.it\/wp-content\/uploads\/Metal-Free-Tecnologia-2.png\"  alt=\"Metal Free\" style=\"height:60px;\"\/><span class=\"products_icons\">Sans m\u00e9tal<\/span><\/li><\/ul>\n<\/div><\/div>\n\t<div class=\"wpb_text_column wpb_content_element\" >\n\t\t<div class=\"wpb_wrapper\">\n\t\t\t<p><strong><\/strong><\/p>\n\n\t\t<\/div>\n\t<\/div>\n<\/div><\/div><\/div><\/div>\n<\/div>","protected":false},"excerpt":{"rendered":"<p>COSMO est la chaussure de s\u00e9curit\u00e9 confortable et sportive au look irr\u00e9sistible qui vous accompagnera lors des travaux les plus d\u00e9licats. Vous prot\u00e9geant de tout risque d'impact, de chute, de compression et de perforation, il est \u00e9galement soumis \u00e0 l'exigence ESD. De cette mani\u00e8re, vos chaussures d\u00e9chargeront constamment l'\u00e9lectricit\u00e9 statique accumul\u00e9e au sol, en garantissant ainsi une s\u00e9curit\u00e9 optimale dans les environnements \u00e0 risque d'explosion et prot\u00e9geant \u00e9galement les machines et les composants \u00e9lectriques d\u00e9licats sur lesquels vous travaillez.<\/p>\n<p><a href=\"https:\/\/albaen.it\/wp-content\/uploads\/P1566CK-S3-V.3-ESD.fr_-1.pdf\"><button class=\"btn1\"><span style=\"vertical-align: inherit;\"><span style=\"vertical-align: inherit;\">T\u00c9L\u00c9CHARGER LA FICHE TECHNIQUE<\/span><\/span><\/button><\/a>\u00a0 \u00a0<a href=\"https:\/\/albaen.it\/wp-content\/uploads\/P1566CK-S3-ESD-Dich.-COSMO.pdf\"><button><span style=\"vertical-align: inherit;\">D\u00c9CLARATION DE CONFORMIT\u00c9<\/span><\/button><\/a><\/p>","protected":false},"featured_media":19813,"comment_status":"closed","ping_status":"closed","template":"","meta":[],"product_brand":[],"product_cat":[98],"product_tag":[],"class_list":{"0":"post-19468","1":"product","2":"type-product","3":"status-publish","4":"has-post-thumbnail","6":"product_cat-p-performer","7":"pa_categorie-di-protezione-esd","8":"pa_categorie-di-protezione-s3","9":"pa_categorie-di-protezione-src","10":"pa_colore-nero","11":"pa_linea-performer","12":"pa_normativa-en-iso-203452011","13":"pa_normativa-dguv-112-191","14":"pa_settori-aree-esd","15":"pa_settori-artigianato-officine","16":"pa_settori-automotive","17":"pa_settori-industria-metalmeccanica","18":"pa_settori-logistica-trasporto","19":"pa_settori-magazzino-gdo","20":"pa_simboli-antistaticita","21":"pa_simboli-assorbimento-di-energia-nel-tallone","22":"pa_simboli-inserto-antiforo-resistente-alla-perforazione-o45mm-2","23":"pa_simboli-resistenza-allimpatto-e-compressione","24":"pa_simboli-resistenza-allo-scivolamento","25":"pa_simboli-suola-resistente-agli-oli-e-agli-idrocarburi","26":"pa_simboli-electrostatic-discharge","27":"pa_taglia-730","28":"pa_taglia-738","29":"pa_taglia-166","30":"pa_taglia-168","31":"pa_taglia-170","32":"pa_taglia-776","33":"pa_taglia-174","34":"pa_taglia-176","35":"pa_taglia-178","36":"pa_taglia-180","37":"pa_taglia-182","38":"pa_taglia-184","39":"pa_taglia-186","40":"pa_tecnologia-dguv-112_191","41":"pa_tecnologia-extra-quality-technology","42":"pa_tecnologia-memory-flex","43":"pa_tecnologia-metal-free","44":"pa_tipologia-bassa","46":"first","47":"instock","48":"taxable","49":"shipping-taxable","50":"purchasable","51":"product-type-variable"},"_links":{"self":[{"href":"https:\/\/albaen.it\/fre\/wp-json\/wp\/v2\/product\/19468","targetHints":{"allow":["GET"]}}],"collection":[{"href":"https:\/\/albaen.it\/fre\/wp-json\/wp\/v2\/product"}],"about":[{"href":"https:\/\/albaen.it\/fre\/wp-json\/wp\/v2\/types\/product"}],"replies":[{"embeddable":true,"href":"https:\/\/albaen.it\/fre\/wp-json\/wp\/v2\/comments?post=19468"}],"wp:featuredmedia":[{"embeddable":true,"href":"https:\/\/albaen.it\/fre\/wp-json\/wp\/v2\/media\/19813"}],"wp:attachment":[{"href":"https:\/\/albaen.it\/fre\/wp-json\/wp\/v2\/media?parent=19468"}],"wp:term":[{"taxonomy":"product_brand","embeddable":true,"href":"https:\/\/albaen.it\/fre\/wp-json\/wp\/v2\/product_brand?post=19468"},{"taxonomy":"product_cat","embeddable":true,"href":"https:\/\/albaen.it\/fre\/wp-json\/wp\/v2\/product_cat?post=19468"},{"taxonomy":"product_tag","embeddable":true,"href":"https:\/\/albaen.it\/fre\/wp-json\/wp\/v2\/product_tag?post=19468"}],"curies":[{"name":"wp","href":"https:\/\/api.w.org\/{rel}","templated":true}]}}