{"id":16971,"date":"2021-10-18T14:34:21","date_gmt":"2021-10-18T12:34:21","guid":{"rendered":"https:\/\/albaen.it\/?post_type=product&#038;p=16971"},"modified":"2025-02-25T15:11:34","modified_gmt":"2025-02-25T14:11:34","slug":"polacco-da-lavoro-vesuvio-h03ck-s3l-fo-src-marrone","status":"publish","type":"product","link":"https:\/\/albaen.it\/fre\/shop\/h-hummer\/polacco-da-lavoro-vesuvio-h03ck-s3l-fo-src-marrone\/","title":{"rendered":"VESUVIO S3L FO SR"},"content":{"rendered":"<div class=\"wpb-content-wrapper\"><div class=\"vc_row wpb_row vc_row-fluid\"><div class=\"wpb_column vc_column_container vc_col-sm-6\"><div class=\"vc_column-inner\"><div class=\"wpb_wrapper\">\n\t<div class=\"wpb_text_column wpb_content_element\" >\n\t\t<div class=\"wpb_wrapper\">\n\t\t\t<p>Bottine de travail VESUVIO H03CK S3L FO SR MARRON, en cuir pleine fleur hydrofuge.<br \/>\nLanguette et col en \u00e9co-cuir souple.<br \/>\nCrochets non-m\u00e9talliques.<\/p>\n<p><strong>DOUBLURE <\/strong>en tissu \u00e0 effet 3D ou tridimensionnel, respirante avec une excellente r\u00e9sistance \u00e0 l'abrasion.<br \/>\n<strong><br \/>\nEMBOUT<\/strong> en mat\u00e9riau composite, r\u00e9sistant \u00e0 un impact \u00e9gal \u00e0 une force de 200 joules et \u00e0 une compression jusqu'\u00e0 15Kn. L\u00e9ger, non magn\u00e9tique et athermique.<\/p>\n<p><strong>SEMELLE ANTI-PERFORATION<\/strong> en textile, r\u00e9sistante \u00e0 la perforation jusqu'\u00e0 1100N. Prot\u00e8ge toute la surface de la plante du pied. Flexible et confortable, non magn\u00e9tique, antistatique et isolant thermique.<\/p>\n<p><strong>SEMELLE<\/strong> en PU\/PU bi-densit\u00e9, antistatique, antid\u00e9rapante, r\u00e9sistante aux huiles et hydrocarbures, absorption des chocs au niveau du talon.<\/p>\n<p><strong>BANDE DE ROULEMENT<\/strong> avec reliefs pour une adh\u00e9rence exceptionnelle m\u00eame sur terrain accident\u00e9 et des les surfaces mouill\u00e9es.<\/p>\n<p><strong>SEMELLE INT\u00c9RIEURE<\/strong> antistatique, respirante, amovible \"PS03-Claudia\".<\/p>\n<p><strong>AJUSTEMENT<\/strong> <em>Mondopoint<\/em> 11 \u2013 large et confortable.<\/p>\n<p><strong>R\u00c9GULATION<\/strong> EU EN ISO 20345:2022,<\/p>\n<p><strong>POIDS<\/strong> gr. 730 \u00bd combat 42<\/p>\n\n\t\t<\/div>\n\t<\/div>\n<\/div><\/div><\/div><div class=\"wpb_column vc_column_container vc_col-sm-6\"><div class=\"vc_column-inner\"><div class=\"wpb_wrapper\">\n\t<div class=\"wpb_text_column wpb_content_element\" >\n\t\t<div class=\"wpb_wrapper\">\n\t\t\t<p>La gamme HUMMER est id\u00e9ale pour ceux qui recherchent le summum de la performance et du raffinement, alliant la puissance de la haute performance au luxe du confort.<br \/>\nChoisissez la s\u00e9curit\u00e9 et le confort sans compromis avec VESUVIO by <a href=\"https:\/\/albaen.it\/\">Alba&amp;n<\/a> XQT.<\/p>\n<p>XQT by <a href=\"https:\/\/albaen.it\/\">Alba&amp;n<\/a> est la deuxi\u00e8me marque d\u2019ALBA&amp;N et est l\u2019acronyme d\u2019eXtra Quality Technology, un concept qui incarne la technologie en m\u00eame temps que le confort, pour garantir des normes de s\u00e9curit\u00e9 \u00e9lev\u00e9es sans jamais sacrifier le bien-\u00eatre.<\/p>\n\n\t\t<\/div>\n\t<\/div>\n<div class=\"icons_cat_title\"> <h2>Cat\u00e9gories de protection <\/h2><\/div><div class=\"container row\"> \n\t\t\t<div>\n  <ul class=\"image-gallery\"><li style=\"float: left;\">  <img decoding=\"async\" src=\"https:\/\/albaen.it\/wp-content\/uploads\/simboletti-06.png\"  alt=\"Antistaticita\u0300\" style=\"height:110px;\"\/> <span class=\"products_icons products_icons1\">Antistatique<\/span> <\/li><li style=\"float: left;\">  <img decoding=\"async\" src=\"https:\/\/albaen.it\/wp-content\/uploads\/simboletti-07.png\"  alt=\"Assorbimento di energia nel tallone\" style=\"height:110px;\"\/> <span class=\"products_icons products_icons1\">Absorption d'\u00e9nergie dans le talon<\/span> <\/li><li style=\"float: left;\">  <img decoding=\"async\" src=\"https:\/\/albaen.it\/wp-content\/uploads\/simboletti-22.png\"  alt=\"Resistenza all\u2019impatto e compressione\" style=\"height:110px;\"\/> <span class=\"products_icons products_icons1\">R\u00e9sistance aux chocs et \u00e0 la compression<\/span> <\/li><li style=\"float: left;\">  <img decoding=\"async\" src=\"https:\/\/albaen.it\/wp-content\/uploads\/simboletti-12.png\"  alt=\"Resistenza allo scivolamento - Pavimento in ceramica + glicerina\" style=\"height:110px;\"\/> <span class=\"products_icons products_icons1\">Antid\u00e9rapant - Sol c\u00e9ramique + glyc\u00e9rine<\/span> <\/li><li style=\"float: left;\">  <img decoding=\"async\" src=\"https:\/\/albaen.it\/wp-content\/uploads\/simboletti-04.png\"  alt=\"Suola resistente agli oli e agli idrocarburi\" style=\"height:110px;\"\/> <span class=\"products_icons products_icons1\">Semelle r\u00e9sistante aux huiles et aux hydrocarbures<\/span> <\/li><li style=\"float: left;\">  <img decoding=\"async\" src=\"https:\/\/albaen.it\/wp-content\/uploads\/simboletti-09.png\"  alt=\"Inserto antiforo tessile resistente alla perforazione \u00d8=4,5mm\" style=\"height:110px;\"\/> <span class=\"products_icons products_icons1\">Insert anti-perforation, r\u00e9sistant \u00e0 la perforation \u00d8=4,5mm<\/span> <\/li><\/ul>\n<\/div><\/div>\n\t<div class=\"wpb_text_column wpb_content_element\" >\n\t\t<div class=\"wpb_wrapper\">\n\t\t\t\n\n\t\t<\/div>\n\t<\/div>\n<div class=\"icons_cat_title\"> <h2>Secteurs d'utilisation <\/h2><\/div><div class=\"container row\"> \n\t\t\t<div>\n  <ul class=\"image-gallery\"><li style=\"float: left;\"> <img decoding=\"async\" src=\"https:\/\/albaen.it\/wp-content\/uploads\/Agricoltura-_-Giardinaggio-1.png\" alt=\"Agricoltura \/ Giardinaggio\" style=\"height:60px;\"\/>  <span class=\"products_icons\">Agriculture \/ Jardinage<\/span> <\/li><li style=\"float: left;\"> <img decoding=\"async\" src=\"https:\/\/albaen.it\/wp-content\/uploads\/Edilizia-e-Carpenteria-1.png\" alt=\"Edilizia e Carpenteria\" style=\"height:60px;\"\/>  <span class=\"products_icons\">Construction et Menuiserie<\/span> <\/li><li style=\"float: left;\"> <img decoding=\"async\" src=\"https:\/\/albaen.it\/wp-content\/uploads\/Industria-Metalmeccanica-1.png\" alt=\"Industria Metalmeccanica\" style=\"height:60px;\"\/>  <span class=\"products_icons\">Industrie M\u00e9tallurgique<\/span> <\/li><li style=\"float: left;\"> <img decoding=\"async\" src=\"https:\/\/albaen.it\/wp-content\/uploads\/Industria-Pesante-1.png\" alt=\"Industria pesante\" style=\"height:60px;\"\/>  <span class=\"products_icons\">Industrie lourde<\/span> <\/li><li style=\"float: left;\"> <img decoding=\"async\" src=\"https:\/\/albaen.it\/wp-content\/uploads\/Miniere-_-Estrazione-1.png\" alt=\"Miniere \/ Estrazione della pietra\" style=\"height:60px;\"\/>  <span class=\"products_icons\">Exploitation mini\u00e8re\/extraction de pierre<\/span> <\/li><li style=\"float: left;\"> <img decoding=\"async\" src=\"https:\/\/albaen.it\/wp-content\/uploads\/Smaltimento-rifiuti1.png\" alt=\"Smaltimento rifiuti\" style=\"height:60px;\"\/>  <span class=\"products_icons\">Traitement des d\u00e9chets<\/span> <\/li><\/ul>\n<\/div><\/div>\n\t<div class=\"wpb_text_column wpb_content_element\" >\n\t\t<div class=\"wpb_wrapper\">\n\t\t\t\n\n\t\t<\/div>\n\t<\/div>\n<div class=\"icons_cat_title\"> <h2>La technologie <\/h2><\/div><div class=\"container row\"> \n\t\t\t<div>\n  <ul class=\"image-gallery\"><li style=\"float: left;\"><img decoding=\"async\" src=\"https:\/\/albaen.it\/wp-content\/uploads\/Xqt-_2.png\"  alt=\"Extra Quality Technology\" style=\"height:60px;\"\/><span class=\"products_icons\">Extra Quality Technology<\/span><\/li><li style=\"float: left;\"><img decoding=\"async\" src=\"https:\/\/albaen.it\/wp-content\/uploads\/No-nail-tex.png\"  alt=\"Lamina antiforo in tessuto\" style=\"height:60px;\"\/><span class=\"products_icons\">Plaque en tissu anti-crevaison<\/span><\/li><li style=\"float: left;\"><img decoding=\"async\" src=\"https:\/\/albaen.it\/wp-content\/uploads\/C-Cap.png\"  alt=\"Puntale di sicurezza composito\" style=\"height:60px;\"\/><span class=\"products_icons\">Embout de s\u00e9curit\u00e9 composite<\/span><\/li><\/ul>\n<\/div><\/div>\n\t<div class=\"wpb_text_column wpb_content_element\" >\n\t\t<div class=\"wpb_wrapper\">\n\t\t\t<p><strong><\/strong><\/p>\n\n\t\t<\/div>\n\t<\/div>\n<\/div><\/div><\/div><\/div>\n<\/div>","protected":false},"excerpt":{"rendered":"<p>Explorez l'innovation avec la bottine de travail VESUVIO S3L FO SR.<br \/>\nCertifi\u00e9e EN ISO 20345 :2022, elle offre un excellent confort et une protection exclusive.<br \/>\nD\u00e9velopp\u00e9e avec des mat\u00e9riaux haut de gamme, une coque de protection contre les chocs et la compression et une semelle r\u00e9sistante \u00e0 la p\u00e9n\u00e9tration des clous, elle garantit une qualit\u00e9 in\u00e9gal\u00e9e sans renoncer aux niveaux de performance.<\/p>\n<p><a href=\"https:\/\/albaen.it\/wp-content\/uploads\/H03K-S3L-FO-SR-marron.fr_-2.pdf\"><button class=\"btn1\">T\u00c9L\u00c9CHARGER LA FICHE TECHNIQUE<\/button><\/a> \u00a0\u00a0<a href=\"https:\/\/albaen.it\/wp-content\/uploads\/H03CK-S3L-Dich.-conformita-2.pdf\"><button><span style=\"vertical-align: inherit;\">D\u00c9CLARATION DE CONFORMIT\u00c9<\/span><\/button><\/a><\/p>","protected":false},"featured_media":19831,"comment_status":"closed","ping_status":"closed","template":"","meta":[],"product_brand":[],"product_cat":[110],"product_tag":[],"class_list":{"0":"post-16971","1":"product","2":"type-product","3":"status-publish","4":"has-post-thumbnail","6":"product_cat-h-hummer","7":"pa_categorie-di-protezione-s3l-fo","8":"pa_categorie-di-protezione-sr","9":"pa_colore-marrone","10":"pa_linea-hummer","11":"pa_normativa-en-iso-203452022","12":"pa_settori-agricoltura-giardinaggio","13":"pa_settori-edilizia-e-carpenteria","14":"pa_settori-industria-metalmeccanica","15":"pa_settori-industria-pesante","16":"pa_settori-miniere-estrazione-della-pietra","17":"pa_settori-smaltimento-rifiuti","18":"pa_simboli-antistaticita","19":"pa_simboli-assorbimento-di-energia-nel-tallone","20":"pa_simboli-resistenza-allimpatto-e-compressione","21":"pa_simboli-resistenza-allo-scivolamento-pavimento-in-ceramica-glicerina","22":"pa_simboli-suola-resistente-agli-oli-e-agli-idrocarburi","23":"pa_simboli-inserto-antiforo-tessile-resistente-alla-perforazione-o45mm","24":"pa_taglia-730","25":"pa_taglia-738","26":"pa_taglia-166","27":"pa_taglia-168","28":"pa_taglia-170","29":"pa_taglia-776","30":"pa_taglia-174","31":"pa_taglia-176","32":"pa_taglia-178","33":"pa_taglia-180","34":"pa_taglia-182","35":"pa_taglia-184","36":"pa_taglia-186","37":"pa_tecnologia-extra-quality-technology","38":"pa_tecnologia-lamina-antiforo-in-tessuto","39":"pa_tecnologia-puntale-di-sicurezza-composito","40":"pa_tipologia-alta","41":"pa_tipologia-polacco","43":"first","44":"instock","45":"taxable","46":"shipping-taxable","47":"purchasable","48":"product-type-variable","49":"has-default-attributes"},"_links":{"self":[{"href":"https:\/\/albaen.it\/fre\/wp-json\/wp\/v2\/product\/16971","targetHints":{"allow":["GET"]}}],"collection":[{"href":"https:\/\/albaen.it\/fre\/wp-json\/wp\/v2\/product"}],"about":[{"href":"https:\/\/albaen.it\/fre\/wp-json\/wp\/v2\/types\/product"}],"replies":[{"embeddable":true,"href":"https:\/\/albaen.it\/fre\/wp-json\/wp\/v2\/comments?post=16971"}],"wp:featuredmedia":[{"embeddable":true,"href":"https:\/\/albaen.it\/fre\/wp-json\/wp\/v2\/media\/19831"}],"wp:attachment":[{"href":"https:\/\/albaen.it\/fre\/wp-json\/wp\/v2\/media?parent=16971"}],"wp:term":[{"taxonomy":"product_brand","embeddable":true,"href":"https:\/\/albaen.it\/fre\/wp-json\/wp\/v2\/product_brand?post=16971"},{"taxonomy":"product_cat","embeddable":true,"href":"https:\/\/albaen.it\/fre\/wp-json\/wp\/v2\/product_cat?post=16971"},{"taxonomy":"product_tag","embeddable":true,"href":"https:\/\/albaen.it\/fre\/wp-json\/wp\/v2\/product_tag?post=16971"}],"curies":[{"name":"wp","href":"https:\/\/api.w.org\/{rel}","templated":true}]}}