{"id":4349,"date":"2019-02-21T16:24:21","date_gmt":"2019-02-21T15:24:21","guid":{"rendered":"http:\/\/albaen.it\/?page_id=4349"},"modified":"2019-02-21T16:24:21","modified_gmt":"2019-02-21T15:24:21","slug":"informativa-privacy","status":"publish","type":"page","link":"https:\/\/albaen.it\/fre\/informativa-privacy\/","title":{"rendered":"Avis de confidentialit\u00e9"},"content":{"rendered":"<p><strong>Avis de confidentialit\u00e9<\/strong><\/p>\n<p><strong>Alba et N. <\/strong>dont le si\u00e8ge est \u00e0 SP Trani-Andria Km2 76125 Trani (BT), ITALIE) - Num\u00e9ro de TVA 06471190725 (<strong>Alba et N.<\/strong>), s&#039;efforce en permanence de prot\u00e9ger la confidentialit\u00e9 en ligne des utilisateurs de son site Web www.geoarredo.it (le \u00abSite\u00bb). Ce document (\u00abInformations\u00bb) a \u00e9t\u00e9 \u00e9labor\u00e9 afin de vous permettre de comprendre comment vos donn\u00e9es personnelles seront trait\u00e9es dans le cadre de l&#039;utilisation du Site. Les Informations sont destin\u00e9es \u00e0 vous fournir les informations n\u00e9cessaires afin que vous puissiez exprimer, si vous jugez appropri\u00e9, un consentement explicite et \u00e9clair\u00e9 aux traitements effectu\u00e9s via le Site.<\/p>\n<p>En g\u00e9n\u00e9ral, toute information ou donn\u00e9e personnelle que vous fournissez\u00a0<strong>Alba et N.<\/strong><strong>\u00a0<\/strong>\u00a0via le Site, ou qui est autrement collect\u00e9 via le Site, dans le cadre de l&#039;utilisation des produits et \/ ou services propos\u00e9s par\u00a0<strong>Alba et N.<\/strong><strong>\u00a0<\/strong>\u00a0(les \u00abServices\u00bb), tels que mieux d\u00e9finis au paragraphe 2 ci-dessous, seront trait\u00e9s selon les principes internationalement reconnus de lic\u00e9it\u00e9, d&#039;exactitude, de transparence, de limitation et de conservation des finalit\u00e9s, de minimisation des donn\u00e9es, d&#039;exactitude, d&#039;int\u00e9grit\u00e9 et de confidentialit\u00e9.<\/p>\n<p><strong>INDICE<\/strong><\/p>\n<ol>\n<li><strong>Titulaire du traitement<\/strong><\/li>\n<li><strong>Les donn\u00e9es personnelles en cours de traitement<\/strong><\/li>\n<\/ol>\n<p><strong>-Nom et coordonn\u00e9es<\/strong><\/p>\n<p><strong>-Cat\u00e9gories sp\u00e9ciales de donn\u00e9es personnelles<\/strong><\/p>\n<p><strong>-Donn\u00e9es fournies volontairement par l&#039;int\u00e9ress\u00e9<\/strong><\/p>\n<p><strong>- Donn\u00e9es de navigation collect\u00e9es de mani\u00e8re anonyme<\/strong><\/p>\n<p><strong>- Biscuits<\/strong><\/p>\n<ol start=\"3\">\n<li><strong>Finalit\u00e9 du traitement<\/strong><\/li>\n<li><strong>Base juridique et caract\u00e8re obligatoire ou facultatif du traitement<\/strong><\/li>\n<li><strong>Destinataires des donn\u00e9es personnelles<\/strong><\/li>\n<li><strong>Transferts de donn\u00e9es personnelles<\/strong><\/li>\n<li><strong>Conservation des donn\u00e9es personnelles<\/strong><\/li>\n<li><strong>Droits de l&#039;int\u00e9ress\u00e9<\/strong><\/li>\n<li><strong>Changements<\/strong><\/li>\n<\/ol>\n<p><strong>1. Responsable du traitement<\/strong><\/p>\n<p><strong>Alba et N. <\/strong>, tel qu&#039;identifi\u00e9 au d\u00e9but des informations, est le responsable du traitement de toutes les donn\u00e9es personnelles trait\u00e9es via le site.<\/p>\n<p>Vous pouvez contacter le responsable du traitement de\u00a0<strong>Alba et N.<\/strong>\u00a0\u00e0 l&#039;adresse suivante:\u00a0<a href=\"mailto:info@albaen.it\">info@albaen.it<\/a><\/p>\n<p><strong>Les donn\u00e9es personnelles en cours de traitement<\/strong><\/p>\n<p>Suite \u00e0 la navigation sur le Site, nous vous informons que<strong>Alba et N.<\/strong>\u00a0traitera les informations vous concernant, qui pourront \u00eatre constitu\u00e9es - \u00e9galement en fonction de vos d\u00e9cisions d&#039;utilisation des Services - par un identifiant tel que votre nom, un num\u00e9ro d&#039;identification, un identifiant en ligne ou un ou plusieurs \u00e9l\u00e9ments caract\u00e9ristiques de votre identit\u00e9 physique et physiologique , psychique, \u00e9conomique, culturel ou social apte \u00e0 vous rendre identifi\u00e9 ou identifiable (ci-apr\u00e8s uniquement \u00abDonn\u00e9es Personnelles\u00bb).<\/p>\n<p>Vos donn\u00e9es personnelles peuvent \u00eatre collect\u00e9es \u00e0 la fois parce que vous les fournissez volontairement (par exemple lorsque vous demandez \u00e0 \u00eatre contact\u00e9 afin de recevoir des informations sur les services propos\u00e9s par\u00a0<strong>Alba et N.<\/strong><strong>\u00a0<\/strong>) ou simplement en analysant votre comportement sur le Site.<\/p>\n<p>Les donn\u00e9es personnelles trait\u00e9es via le site sont les suivantes:<\/p>\n<p><strong>Nom et coordonn\u00e9es<\/strong><\/p>\n<p>Lors de votre navigation sur le Site, y compris, notamment, dans la rubrique contact, il vous sera demand\u00e9 des informations telles que votre nom et votre adresse email.<\/p>\n<p>Les donn\u00e9es personnelles que vous fournissez \u00e0 cette fin seront trait\u00e9es par\u00a0<strong>Alba et N.<\/strong>\u00a0comme d\u00e9crit dans les informations sp\u00e9cifiques qui y sont fournies.<\/p>\n<p><strong>Cat\u00e9gories sp\u00e9ciales de donn\u00e9es personnelles<\/strong><\/p>\n<p>En soumettant une demande de contact, vous pouvez fournir un\u00a0<strong>Alba et N.<\/strong>\u00a0certaines informations gratuites, qui peuvent contenir des donn\u00e9es personnelles.<\/p>\n<p>\u00c9tant donn\u00e9 qu&#039;avec ces informations gratuites, vous pouvez communiquer (volontairement ou non) certaines cat\u00e9gories sensibles de donn\u00e9es personnelles, telles que des donn\u00e9es permettant de r\u00e9v\u00e9ler l&#039;origine raciale ou ethnique, les opinions politiques, les croyances religieuses ou philosophiques, l&#039;appartenance \u00e0 un syndicat, les donn\u00e9es g\u00e9n\u00e9tiques, des donn\u00e9es biom\u00e9triques destin\u00e9es \u00e0 identifier de mani\u00e8re unique une personne physique, des donn\u00e9es relatives \u00e0 la sant\u00e9 ou \u00e0 la vie sexuelle ou \u00e0 l&#039;orientation sexuelle de la personne,\u00a0<strong>Alba et N.<\/strong>\u00a0vous invite \u00e0 ne pas envoyer ces donn\u00e9es personnelles sauf en cas de n\u00e9cessit\u00e9 absolue.<\/p>\n<p>Compte tenu du fait que l&#039;envoi de ces informations est totalement facultatif, nous vous informons que ces cat\u00e9gories particuli\u00e8res de Donn\u00e9es Personnelles ne peuvent \u00eatre trait\u00e9es qu&#039;avec votre consentement explicite et conform\u00e9ment \u00e0 la l\u00e9gislation pro tempore en vigueur et si vous d\u00e9cidez de partager ces informations. Votre consentement est requis et que ces donn\u00e9es ne seront pas trait\u00e9es si elles ne sont pas strictement li\u00e9es aux finalit\u00e9s sp\u00e9cifiques de la relation.<\/p>\n<p><strong>Donn\u00e9es de tiers fournies par l&#039;int\u00e9ress\u00e9<\/strong><\/p>\n<p>Comme d\u00e9j\u00e0 mentionn\u00e9 ci-dessus, dans certaines parties du site, vous \u00eates autoris\u00e9 \u00e0 ins\u00e9rer des messages texte, visibles par\u00a0<strong>Alba et N.<\/strong><strong>\u00a0<\/strong>, qui peuvent contenir (volontairement ou non) des donn\u00e9es personnelles d&#039;autres personnes.<\/p>\n<p>Au regard de ces hypoth\u00e8ses, vous vous placez en tant que responsable du traitement ind\u00e9pendant, assumant toutes les obligations et responsabilit\u00e9s de la loi. En ce sens, vous accordez sur ce point l&#039;indemnit\u00e9 la plus large pour tout litige, r\u00e9clamation, demande d&#039;indemnisation pour dommage de traitement, etc. qui devrait atteindre\u00a0<strong>Alba et N.<\/strong><strong>\u00a0<\/strong> par des tiers dont les donn\u00e9es personnelles ont \u00e9t\u00e9 trait\u00e9es par votre utilisation des fonctions du site en violation des r\u00e8gles de protection des donn\u00e9es personnelles applicables.<\/p>\n<p>Dans tous les cas, si vous fournissez ou traitez autrement des Donn\u00e9es Personnelles de tiers dans l&#039;utilisation du Site, vous garantissez d\u00e9sormais - en assumant toute responsabilit\u00e9 y aff\u00e9rente - que cette hypoth\u00e8se particuli\u00e8re de traitement est bas\u00e9e sur le consentement de ce tiers ou d&#039;un autre base juridique appropri\u00e9e qui l\u00e9gitime le traitement des informations en question.<\/p>\n<p><strong>Donn\u00e9es de navigation collect\u00e9es de mani\u00e8re anonyme<\/strong><\/p>\n<p>Les syst\u00e8mes informatiques et les proc\u00e9dures logicielles utilis\u00e9s pour faire fonctionner le Site acqui\u00e8rent, au cours de leur fonctionnement normal, certaines Donn\u00e9es Personnelles dont la transmission est implicite dans l&#039;utilisation des protocoles de communication Internet. Ce sont des informations qui ne sont pas collect\u00e9es par\u00a0<strong>Alba et N.<\/strong>\u00eatre associ\u00e9 \u00e0 des parties int\u00e9ress\u00e9es identifi\u00e9es, mais qui, de par leur nature m\u00eame, pourraient, par le traitement et l&#039;association avec des donn\u00e9es d\u00e9tenues par des tiers, permettre l&#039;identification des utilisateurs.<\/p>\n<p>Cette cat\u00e9gorie de donn\u00e9es comprend les adresses IP ou les noms de domaine des ordinateurs utilis\u00e9s par les utilisateurs qui se connectent au Site, les adresses en notation URI (Uniform Resource Identifier) des ressources demand\u00e9es, l&#039;heure de la demande, la m\u00e9thode utilis\u00e9e pour soumettre le demande au serveur, la taille du fichier obtenu en r\u00e9ponse, le code num\u00e9rique indiquant l&#039;\u00e9tat de la r\u00e9ponse donn\u00e9e par le serveur (succ\u00e8s, erreur, etc.) et d&#039;autres param\u00e8tres relatifs au syst\u00e8me d&#039;exploitation et \u00e0 l&#039;environnement informatique de l&#039;utilisateur.<\/p>\n<p>Ces donn\u00e9es sont utilis\u00e9es dans le seul but d&#039;obtenir des informations statistiques anonymes sur l&#039;utilisation du Site et de v\u00e9rifier son bon fonctionnement, d&#039;identifier des anomalies et \/ ou des abus.<\/p>\n<p><strong>Biscuits<\/strong><\/p>\n<p>Des informations sur l&#039;utilisation des cookies sont disponibles dans la politique relative aux cookies.<\/p>\n<ol start=\"3\">\n<li><strong>Finalit\u00e9 du traitement<\/strong><\/li>\n<\/ol>\n<p><strong>Alba et N. <\/strong> utilisera vos donn\u00e9es personnelles, collect\u00e9es via le site, aux fins suivantes:<\/p>\n<p>V\u00e9rifiez votre identit\u00e9, envoyez-vous des informations non commerciales; vous envoyer toute information que vous avez explicitement demand\u00e9e; finaliser votre commande et ex\u00e9cuter la fourniture des services demand\u00e9s; vous permettre de demander un devis, de vous fournir tout autre service que vous demandez (\u00abFourniture de biens et services\u00bb);<\/p>\n<p>Cr\u00e9er votre profil en utilisant des cookies de profilage, lorsqu&#039;ils sont accept\u00e9s, collectant et analysant ainsi des informations sur les s\u00e9lections et les choix que vous faites sur le Site, ainsi que vos activit\u00e9s g\u00e9n\u00e9rales sur le Site. Ce profil sera utilis\u00e9 pour vous fournir des informations sur d&#039;autres produits et \/ ou des services qui\u00a0<strong>Alba et N.<\/strong><strong>\u00a0<\/strong> estime qu&#039;ils peuvent vous int\u00e9resser et vous montrer des publicit\u00e9s susceptibles de correspondre \u00e0 vos go\u00fbts. Tous les algorithmes impliqu\u00e9s dans ce processus sont r\u00e9guli\u00e8rement test\u00e9s pour garantir l&#039;exactitude du processus et la pr\u00e9vention des erreurs (\u00abProfiling\u00bb);<\/p>\n<p>Remplir les obligations l\u00e9gales qui imposent un\u00a0<strong>Alba et N.<\/strong>\u00a0la collecte et \/ ou le traitement ult\u00e9rieur de certains types de donn\u00e9es personnelles (\u00abConformit\u00e9\u00bb);<\/p>\n<p>Pr\u00e9venir ou d\u00e9tecter tout abus dans l&#039;utilisation du Site ou toute activit\u00e9 frauduleuse (\u00abAbus \/ Fraude\u00bb).<\/p>\n<ol start=\"4\">\n<li><strong>Base juridique et caract\u00e8re obligatoire ou facultatif du traitement<\/strong><\/li>\n<\/ol>\n<p>La base juridique utilis\u00e9e par\u00a0<strong>Alba et N.<\/strong>pour traiter vos donn\u00e9es personnelles, conform\u00e9ment aux finalit\u00e9s indiqu\u00e9es au paragraphe 3 pr\u00e9c\u00e9dent, sont les suivantes:<\/p>\n<p><strong><u>Fourniture de biens et services<\/u><\/strong>: le traitement \u00e0 cette fin est n\u00e9cessaire pour pouvoir vous fournir les produits et \/ ou services et, par cons\u00e9quent, pour l&#039;ex\u00e9cution de la phase pr\u00e9contractuelle et \/ ou du contrat existant avec vous. La fourniture de vos donn\u00e9es personnelles a\u00a0<strong>Alba et N.<\/strong><strong>\u00a0<\/strong>\u00e0 cette fin, ce n&#039;est pas obligatoire, mais sinon, il ne sera pas possible de vous fournir un service.<\/p>\n<p><strong><u>Spam doux<\/u><\/strong>: le traitement \u00e0 cette fin est bas\u00e9 sur l&#039;int\u00e9r\u00eat de\u00a0<strong>Alba et N.<\/strong><strong>\u00a0<\/strong> pour vous envoyer des communications marketing par e-mail concernant des produits et services similaires \u00e0 ceux que vous avez d\u00e9j\u00e0 achet\u00e9s. Vous pouvez cesser de recevoir ces communications, sans aucune cons\u00e9quence pour vous (autre que celle de ne pas pouvoir recevoir d&#039;autres communications de ce type de\u00a0<strong>Alba et N.<\/strong><strong>\u00a0<\/strong>) en envoyant un email \u00e0\u00a0<a href=\"mailto:info@albaen.it\">info@albaen.it<\/a><\/p>\n<p><strong><u>Profilage<\/u><\/strong>: le traitement \u00e0 cette fin est bas\u00e9 sur votre consentement recueilli via la banni\u00e8re cookie. Il n&#039;est pas obligatoire de donner votre consentement\u00a0<strong>Alba et N.<\/strong>\u00a0\u00e0 cet effet et vous \u00eates libre de le r\u00e9voquer \u00e0 tout moment sans aucune cons\u00e9quence (autre que de ne pas pouvoir b\u00e9n\u00e9ficier de la personnalisation des offres commerciales par\u00a0<strong>Alba et N.<\/strong><strong>\u00a0<\/strong>). Vous pouvez r\u00e9voquer le consentement pr\u00e9c\u00e9demment donn\u00e9 en suivant les instructions du paragraphe 8 du pr\u00e9sent avis.<\/p>\n<p><strong><u>Conformit\u00e9<\/u><\/strong>: le traitement \u00e0 cette fin est n\u00e9cessaire car\u00a0<strong>Alba et N.<\/strong><strong>\u00a0<\/strong>peut remplir toutes les obligations l\u00e9gales. Lorsque vous fournissez des donn\u00e9es personnelles \u00e0\u00a0<strong>Alba et N.<\/strong>, ils seront trait\u00e9s conform\u00e9ment \u00e0 la l\u00e9gislation applicable, ce qui pourrait impliquer leur conservation et leur communication aux autorit\u00e9s pour des obligations comptables, fiscales ou autres.<\/p>\n<p><strong><u>Abus \/ Fraude<\/u><\/strong>: les informations collect\u00e9es \u00e0 cet effet seront utilis\u00e9es exclusivement pour pr\u00e9venir et \/ ou identifier toute activit\u00e9 frauduleuse ou abus dans l&#039;utilisation du Site (ayant un caract\u00e8re p\u00e9nal).<\/p>\n<ol start=\"5\">\n<li><strong>Destinataires des donn\u00e9es personnelles<\/strong><\/li>\n<\/ol>\n<p>Vos donn\u00e9es personnelles peuvent \u00eatre partag\u00e9es avec les parties \u00e9num\u00e9r\u00e9es ci-dessous (les \u00abdestinataires\u00bb):<\/p>\n<p>Les sujets qui agissent g\u00e9n\u00e9ralement en tant que responsables du traitement, c&#039;est-\u00e0-dire: i) les personnes, entreprises ou cabinets professionnels qui fournissent une assistance et des conseils aux\u00a0<strong>Alba et N.<\/strong><strong>\u00a0<\/strong> en mati\u00e8re comptable, administrative, juridique, fiscale, financi\u00e8re et de recouvrement de cr\u00e9dit li\u00e9es \u00e0 la fourniture de biens et \/ ou de services;<\/p>\n<p>Les sujets avec lesquels il est n\u00e9cessaire d&#039;interagir pour la fourniture de biens et de services (par exemple les h\u00e9bergeurs ou les fournisseurs de plateformes d&#039;envoi d&#039;e-mails);<\/p>\n<p>Sujets d\u00e9l\u00e9gu\u00e9s pour effectuer des activit\u00e9s de maintenance technique (y compris la maintenance des \u00e9quipements de r\u00e9seau et des r\u00e9seaux de communications \u00e9lectroniques);<\/p>\n<p>Personnes autoris\u00e9es par\u00a0<strong>Alba et N.<\/strong>\u00a0au traitement des donn\u00e9es personnelles n\u00e9cessaires \u00e0 la r\u00e9alisation d&#039;activit\u00e9s strictement li\u00e9es \u00e0 la fourniture de biens et de services, qui sont engag\u00e9es \u00e0 la confidentialit\u00e9 ou ont une obligation l\u00e9gale ad\u00e9quate de confidentialit\u00e9 (par exemple, les employ\u00e9s de\u00a0<strong>Alba et N.<\/strong><strong>\u00a0<\/strong>);<\/p>\n<p>Les sujets, organismes ou autorit\u00e9s auxquels il est obligatoire de communiquer vos donn\u00e9es personnelles \u00e0 des fins de conformit\u00e9, d&#039;abus ou de fraude, ou sur ordre des autorit\u00e9s;<\/p>\n<ol start=\"6\">\n<li><strong>Transferts de donn\u00e9es personnelles<\/strong><\/li>\n<\/ol>\n<p>Vos donn\u00e9es personnelles sont stock\u00e9es sur des serveurs situ\u00e9s au sein de l&#039;Union europ\u00e9enne. Dans tous les cas, il est entendu que\u00a0<strong>Alba et N.<\/strong>\u00a0en tant que contr\u00f4leur de donn\u00e9es, si n\u00e9cessaire, il aura le droit de d\u00e9placer des serveurs m\u00eame en dehors de l&#039;UE. Dans ce cas, le Responsable du traitement garantit d\u00e9sormais que le transfert de donn\u00e9es en dehors de l&#039;UE s&#039;effectuera conform\u00e9ment aux dispositions l\u00e9gales applicables, sous r\u00e9serve de la stipulation des clauses contractuelles types fournies par la Commission europ\u00e9enne.\u00a0<strong>Alba et N.<\/strong>\u00a0garantit que le traitement de vos donn\u00e9es personnelles par ces destinataires se d\u00e9roule conform\u00e9ment \u00e0 la l\u00e9gislation applicable et avec des garanties ad\u00e9quates, telles que des d\u00e9cisions d&#039;ad\u00e9quation, des clauses contractuelles standard approuv\u00e9es par la Commission europ\u00e9enne ou d&#039;autres garanties jug\u00e9es ad\u00e9quates.<\/p>\n<p>Plus d&#039;informations sont disponibles sur\u00a0<strong>Alba et N.<\/strong><strong>\u00a0<\/strong> en \u00e9crivant \u00e0 l&#039;adresse suivante:\u00a0<a href=\"mailto:info@albaen.it\">info@albaen.it<\/a><\/p>\n<p>&nbsp;<\/p>\n<p><strong>7<\/strong>.<strong>Conservation des donn\u00e9es personnelles<\/strong><\/p>\n<p>Les donn\u00e9es personnelles trait\u00e9es dans le but de fournir des biens et services seront conserv\u00e9es par\u00a0<strong>Alba et N.<\/strong><strong>\u00a0<\/strong> pendant le temps strictement n\u00e9cessaire pour poursuivre l&#039;objectif susmentionn\u00e9. Dans tous les cas, \u00e9tant donn\u00e9 que ces donn\u00e9es personnelles sont trait\u00e9es pour vous fournir des biens et des services,\u00a0<strong>Alba et N.<\/strong>\u00a0peut les conserver plus longtemps, en particulier si cela s&#039;av\u00e8re n\u00e9cessaire pour prot\u00e9ger les int\u00e9r\u00eats de\u00a0<strong>Alba et N.<\/strong><strong>\u00a0<\/strong> d&#039;\u00e9ventuelles responsabilit\u00e9s li\u00e9es \u00e0 ladite fourniture.<\/p>\n<p>Les Donn\u00e9es Personnelles trait\u00e9es \u00e0 des fins de Marketing, Soft Spam, Profilage seront conserv\u00e9es par\u00a0<strong>Alba et N.<\/strong><strong>\u00a0<\/strong> jusqu&#039;\u00e0 ce que le consentement que vous avez donn\u00e9 soit r\u00e9voqu\u00e9. Une fois le consentement r\u00e9voqu\u00e9\u00a0<strong>Alba et N.<\/strong><strong>\u00a0<\/strong>n&#039;utilisera plus vos Donn\u00e9es Personnelles \u00e0 ces fins, mais pourra toujours les conserver, notamment si n\u00e9cessaire pour prot\u00e9ger les int\u00e9r\u00eats de\u00a0<strong>Alba et N.<\/strong><strong>\u00a0<\/strong> d&#039;\u00e9ventuelles responsabilit\u00e9s bas\u00e9es sur de tels traitements.<\/p>\n<p>Les donn\u00e9es personnelles trait\u00e9es \u00e0 des fins de conformit\u00e9 seront conserv\u00e9es par\u00a0<strong>Alba et N.<\/strong>\u00a0pendant la p\u00e9riode pr\u00e9vue par des obligations l\u00e9gales sp\u00e9cifiques ou par la l\u00e9gislation applicable.<\/p>\n<p>Les donn\u00e9es personnelles trait\u00e9es afin de pr\u00e9venir les abus \/ fraudes seront conserv\u00e9es par\u00a0<strong>Alba et N.<\/strong>\u00a0pour le temps strictement n\u00e9cessaire aux fins susmentionn\u00e9es.<\/p>\n<ol start=\"8\">\n<li><strong>Droits de l&#039;int\u00e9ress\u00e9<\/strong><\/li>\n<\/ol>\n<p>En ce qui concerne le traitement des donn\u00e9es personnelles effectu\u00e9 par\u00a0<strong>Alba et N.<\/strong><strong>la\u00a0<\/strong> vous avez le droit de demander \u00e0 tout moment:<\/p>\n<p>l&#039;acc\u00e8s aux donn\u00e9es vous concernant, leur correction ou annulation conform\u00e9ment \u00e0 l&#039;art. 17 du RGPD, l&#039;int\u00e9gration de donn\u00e9es incompl\u00e8tes, la limitation du traitement; de recevoir les Donn\u00e9es dans un format structur\u00e9, couramment utilis\u00e9 et lisible par un appareil automatique, ainsi que, si cela est techniquement possible, de les transmettre \u00e0 un autre titulaire sans entraves dans le cas o\u00f9 les conditions d&#039;exercice du droit \u00e0 la portabilit\u00e9 vis\u00e9es dans &#039;art. 20 du RGPD (le traitement est bas\u00e9 sur le consentement conform\u00e9ment \u00e0 l&#039;article 6.1 lettre a) ou \u00e0 l&#039;art. 9.2, lett. a) ou sur le contrat conform\u00e9ment \u00e0 l&#039;art. 6.1, lett. b) du RGPD et est r\u00e9alis\u00e9 avec des outils automatis\u00e9s); de r\u00e9voquer le consentement donn\u00e9 \u00e0 tout moment aux fins vis\u00e9es \u00e0 l&#039;art ant\u00e9rieur. 3 et s&#039;opposer, en tout ou en partie, au traitement dans les cas autoris\u00e9s; d&#039;introduire une r\u00e9clamation aupr\u00e8s du Garant, ainsi que d&#039;exercer les autres droits reconnus par la r\u00e9glementation applicable (articles 16-21 RGPD) .Vous pouvez \u00e9galement exercer vos droits en \u00e9crivant \u00e0\u00a0<strong>Alba et N.<\/strong><strong>\u00a0<\/strong> \u00e0 l&#039;adresse suivante:\u00a0<a href=\"mailto:info@albaen.it\">info@albaen.it<\/a>. Dans tous les cas, vous avez toujours le droit de d\u00e9poser une r\u00e9clamation aupr\u00e8s de l&#039;Autorit\u00e9 de Contr\u00f4le comp\u00e9tente, si vous estimez que le traitement de vos Donn\u00e9es Personnelles est contraire \u00e0 la l\u00e9gislation en vigueur.<\/p>\n<ol start=\"9\">\n<li><strong>Changements<\/strong><\/li>\n<\/ol>\n<p>Ces informations sont diffus\u00e9es depuis le 25\/05\/18.<strong>Alba et N.<\/strong>\u00a0se r\u00e9serve le droit de modifier ou simplement mettre \u00e0 jour son contenu, en partie ou compl\u00e8tement, \u00e9galement en raison de changements dans la l\u00e9gislation applicable.<strong>Alba et N.<\/strong>\u00a0vous informera de ces modifications d\u00e8s leur introduction et elles seront contraignantes d\u00e8s leur publication sur le Site.\u00a0<strong>Alba et N.<\/strong><strong>\u00a0\u00a0<\/strong>vous invite donc \u00e0 visiter r\u00e9guli\u00e8rement cette rubrique pour prendre connaissance de la version la plus r\u00e9cente et mise \u00e0 jour des Informations afin d&#039;\u00eatre toujours \u00e0 jour sur les Donn\u00e9es Personnelles collect\u00e9es et sur l&#039;utilisation qui en est faite<strong>Alba et N.<\/strong><\/p>","protected":false},"excerpt":{"rendered":"<p>Informativa Privacy Alba&amp;N. con sede in S.P. Trani-Andria Km2 76125 Trani (BT), ITALIA) &#8211; P.IVA 06471190725 (Alba&amp;N.), si impegna costantemente<\/p>","protected":false},"author":4,"featured_media":0,"parent":0,"menu_order":0,"comment_status":"closed","ping_status":"closed","template":"","meta":{"footnotes":""},"class_list":["post-4349","page","type-page","status-publish","hentry"],"_links":{"self":[{"href":"https:\/\/albaen.it\/fre\/wp-json\/wp\/v2\/pages\/4349","targetHints":{"allow":["GET"]}}],"collection":[{"href":"https:\/\/albaen.it\/fre\/wp-json\/wp\/v2\/pages"}],"about":[{"href":"https:\/\/albaen.it\/fre\/wp-json\/wp\/v2\/types\/page"}],"author":[{"embeddable":true,"href":"https:\/\/albaen.it\/fre\/wp-json\/wp\/v2\/users\/4"}],"replies":[{"embeddable":true,"href":"https:\/\/albaen.it\/fre\/wp-json\/wp\/v2\/comments?post=4349"}],"version-history":[{"count":0,"href":"https:\/\/albaen.it\/fre\/wp-json\/wp\/v2\/pages\/4349\/revisions"}],"wp:attachment":[{"href":"https:\/\/albaen.it\/fre\/wp-json\/wp\/v2\/media?parent=4349"}],"curies":[{"name":"wp","href":"https:\/\/api.w.org\/{rel}","templated":true}]}}