{"id":4347,"date":"2019-02-21T16:16:36","date_gmt":"2019-02-21T15:16:36","guid":{"rendered":"http:\/\/albaen.it\/?page_id=4347"},"modified":"2023-11-11T09:00:37","modified_gmt":"2023-11-11T08:00:37","slug":"informativa-cookie","status":"publish","type":"page","link":"https:\/\/albaen.it\/fre\/informativa-cookie\/","title":{"rendered":"Informativa Cookie"},"content":{"rendered":"<div class=\"wpb-content-wrapper\"><div class=\"vc_row wpb_row vc_row-fluid\"><div class=\"wpb_column vc_column_container vc_col-sm-12\"><div class=\"vc_column-inner\"><div class=\"wpb_wrapper\">\n\t<div class=\"wpb_text_column wpb_content_element\" >\n\t\t<div class=\"wpb_wrapper\">\n\t\t\t<div id=\"Content\">\n<div class=\"content_wrapper clearfix\">\n<div class=\"sections_group\">\n<div class=\"entry-content\">\n<div class=\"section the_content has_content\">\n<div class=\"section_wrapper\">\n<div class=\"the_content_wrapper\">\n<div class=\"wpb_text_column wpb_content_element\">\n<h3 class=\"wpb_wrapper\">POLITIQUE DE COOKIE<\/h3>\n<p>Les cookies se composent de parties de code install\u00e9es dans le navigateur qui aident le propri\u00e9taire \u00e0 fournir le service conform\u00e9ment aux objectifs d\u00e9crits. Certaines des fins d&#039;installation de cookies peuvent \u00e9galement n\u00e9cessiter le consentement de l&#039;utilisateur.<\/p>\n<p>Lorsque l&#039;installation de cookies a lieu sur la base du consentement, ce consentement peut \u00eatre librement r\u00e9voqu\u00e9 \u00e0 tout moment en suivant les instructions contenues dans ce document.<\/p>\n<p class=\"wpb_wrapper\"><strong>Cookies statistiques techniques et agr\u00e9g\u00e9s<\/strong><\/p>\n<p class=\"expand-click w_icon_24 icon_general\"><strong>Activit\u00e9s strictement n\u00e9cessaires au fonctionnement<\/strong><\/p>\n<p>Cette Application utilise des Cookies pour sauvegarder la session de l&#039;Utilisateur et pour effectuer d&#039;autres activit\u00e9s strictement n\u00e9cessaires au fonctionnement de cette Application, par exemple en relation avec la distribution du trafic.<\/p>\n<p class=\"expand-click w_icon_24 icon_general\"><strong>Activit\u00e9s de sauvegarde des pr\u00e9f\u00e9rences, optimisation et statistiques<\/strong><\/p>\n<p>Cette application utilise des cookies pour enregistrer les pr\u00e9f\u00e9rences de navigation et pour optimiser l&#039;exp\u00e9rience de navigation de l&#039;utilisateur. Ces cookies comprennent, par exemple, ceux pour le param\u00e9trage de la langue et de la devise ou pour la gestion des statistiques par le propri\u00e9taire du site.<\/p>\n<p class=\"wpb_wrapper\"><strong>Autres types de cookies ou d&#039;outils tiers susceptibles de les installer<\/strong><\/p>\n<p>Certains des services \u00e9num\u00e9r\u00e9s ci-dessous collectent des statistiques sous forme agr\u00e9g\u00e9e et anonyme et peuvent ne pas n\u00e9cessiter le consentement de l&#039;utilisateur ou peuvent \u00eatre g\u00e9r\u00e9s directement par le propri\u00e9taire - en fonction de ce qui est d\u00e9crit - sans l&#039;aide de tiers.<\/p>\n<p>Si parmi les outils indiqu\u00e9s ci-dessous il y avait des services g\u00e9r\u00e9s par des tiers, ceux-ci pourraient - en plus de ce qui est sp\u00e9cifi\u00e9 et \u00e9galement \u00e0 l&#039;insu du propri\u00e9taire - effectuer des activit\u00e9s de suivi des utilisateurs. Pour des informations d\u00e9taill\u00e9es \u00e0 ce sujet, il est conseill\u00e9 de consulter les politiques de confidentialit\u00e9 des services r\u00e9pertori\u00e9s.<\/p>\n<p>&nbsp;<\/p>\n<h4>Chat client Facebook Messenger (Facebook, Inc.)<\/h4>\n<div class=\"wrap\">\n<p>Le chat client Facebook Messenger est un service d&#039;interaction avec la plateforme de chat en direct Facebook Messenger, fourni par Facebook, Inc.<\/p>\n<\/div>\n<p>Donn\u00e9es personnelles collect\u00e9es: Cookies, Donn\u00e9es communiqu\u00e9es lors de l&#039;utilisation du service, Donn\u00e9es d&#039;utilisation et \u00c0 propos de moi.<\/p>\n<p>Lieu de traitement: \u00c9tats-Unis -\u00a0<a href=\"https:\/\/www.facebook.com\/about\/privacy\/\" target=\"_blank\" rel=\"noopener noreferrer\">Politique de confidentialit\u00e9<\/a>. Sujet adh\u00e9rant au Privacy Shield.<\/p>\n<p>&nbsp;<\/p>\n<h4 class=\"expand-click w_icon_24 policyicon_purpose_4953082\">Interaction avec les r\u00e9seaux sociaux et les plateformes externes<\/h4>\n<p>Ce type de service permet une interaction avec les r\u00e9seaux sociaux, ou d&#039;autres plateformes externes, directement \u00e0 partir des pages de cette Application. Les interactions et informations acquises \u00e0 partir de cette Application sont en tout \u00e9tat de cause soumises aux param\u00e8tres de confidentialit\u00e9 de l&#039;Utilisateur relatifs \u00e0 chaque r\u00e9seau social. En cas qu&#039;un service d&#039;interaction avec les r\u00e9seaux sociaux soit install\u00e9, il est possible que, m\u00eame si les Utilisateurs n&#039;utilisent pas le service, il collecte des donn\u00e9es de trafic relatives aux pages dans lesquelles il est install\u00e9.<\/p>\n<div class=\"wrap\"><\/div>\n<h4>Bouton J&#039;aime et widgets sociaux Facebook (Facebook, Inc.)<\/h4>\n<div class=\"wrap\">\n<p>Le bouton &quot;J&#039;aime&quot; et les widgets sociaux Facebook sont des services d&#039;interaction avec le r\u00e9seau social Facebook, fournis par Facebook, Inc.<\/p>\n<\/div>\n<p>Donn\u00e9es personnelles collect\u00e9es: cookies et donn\u00e9es d&#039;utilisation.<\/p>\n<p>Lieu de traitement: \u00c9tats-Unis -\u00a0<a href=\"https:\/\/www.facebook.com\/privacy\/explanation\" target=\"_blank\" rel=\"noopener noreferrer\">Politique de confidentialit\u00e9<\/a>. Sujet adh\u00e9rant au Privacy Shield.<\/p>\n<h4 class=\"expand-click w_icon_24 policyicon_purpose_4911025\">Protection contre les spams<\/h4>\n<p>Ce type de service analyse le trafic de cette Application, contenant potentiellement des Donn\u00e9es Personnelles des Utilisateurs, afin de le filtrer \u00e0 partir des parties du trafic, des messages et des contenus reconnus comme SPAM.<\/p>\n<h4>Google reCAPTCHA (Google Inc.)<\/h4>\n<div class=\"wrap\">\n<p>Google reCAPTCHA est un service de protection anti-spam fourni par Google Inc.<br \/>\nL&#039;utilisation du syst\u00e8me reCAPTCHA est soumise au\u00a0<a href=\"https:\/\/www.google.com\/intl\/it\/policies\/privacy\/\" target=\"_blank\" rel=\"noopener noreferrer\">politique de confidentialit\u00e9<\/a>\u00a0et ai\u00a0<a href=\"https:\/\/www.google.com\/intl\/it\/policies\/terms\/\" target=\"_blank\" rel=\"noopener noreferrer\">conditions d&#039;utilisation<\/a>\u00a0par Google.<\/p>\n<\/div>\n<p>Donn\u00e9es personnelles collect\u00e9es: cookies et donn\u00e9es d&#039;utilisation.<\/p>\n<p>Lieu de traitement: \u00c9tats-Unis -\u00a0<a href=\"https:\/\/www.google.com\/intl\/it\/policies\/privacy\/\" target=\"_blank\" rel=\"noopener noreferrer\">Politique de confidentialit\u00e9<\/a>. Sujet adh\u00e9rant au Privacy Shield.<\/p>\n<h4 class=\"expand-click w_icon_24 policyicon_purpose_4951251\">Remarketing et ciblage comportemental<\/h4>\n<p>Ce type de service permet \u00e0 cette Application et \u00e0 ses partenaires de communiquer, d&#039;optimiser et de diffuser des publicit\u00e9s en fonction de l&#039;utilisation pass\u00e9e de cette Application par l&#039;Utilisateur.Cette activit\u00e9 est r\u00e9alis\u00e9e en suivant les Donn\u00e9es d&#039;Utilisation et l&#039;utilisation de Cookies, informations qui sont transf\u00e9r\u00e9es au partenaires auxquels est li\u00e9e l&#039;activit\u00e9 de remarketing et de ciblage comportemental.En plus de la possibilit\u00e9 de d\u00e9sabonnement offerte par les services list\u00e9s ci-dessous, l&#039;Utilisateur peut opter pour l&#039;exclusion de la r\u00e9ception de cookies relatifs \u00e0 un service tiers, en visitant le\u00a0<a href=\"http:\/\/optout.networkadvertising.org\/\" target=\"_blank\" rel=\"noopener noreferrer\">page de d\u00e9sactivation de la Network Advertising Initiative<\/a>.<\/p>\n<h4>Audience personnalis\u00e9e de Facebook (Facebook, Inc.)<\/h4>\n<div class=\"wrap\">\n<p>Facebook Custom Audience est un service de remarketing et de ciblage comportemental fourni par Facebook, Inc. qui relie l&#039;activit\u00e9 de cette application au r\u00e9seau publicitaire Facebook.<\/p>\n<\/div>\n<p>Donn\u00e9es personnelles collect\u00e9es: cookies et e-mails.<\/p>\n<p>Lieu de traitement: \u00c9tats-Unis -\u00a0<a href=\"https:\/\/www.facebook.com\/about\/privacy\/\" target=\"_blank\" rel=\"noopener noreferrer\">Politique de confidentialit\u00e9<\/a>\u00a0-\u00a0<a href=\"https:\/\/www.aboutads.info\/choices\/\" target=\"_blank\" rel=\"noopener noreferrer\">Se d\u00e9sengager<\/a>. Sujet adh\u00e9rant au Privacy Shield.<\/p>\n<h4>Remarketing Facebook (Facebook, Inc.)<\/h4>\n<div class=\"wrap\">\n<p>Le remarketing Facebook est un service de remarketing et de ciblage comportemental fourni par Facebook, Inc. qui relie l&#039;activit\u00e9 de cette application au r\u00e9seau publicitaire Facebook.<\/p>\n<\/div>\n<p>Donn\u00e9es personnelles collect\u00e9es: cookies et donn\u00e9es d&#039;utilisation.<\/p>\n<p>Lieu de traitement: \u00c9tats-Unis -\u00a0<a href=\"https:\/\/www.facebook.com\/about\/privacy\/\" target=\"_blank\" rel=\"noopener noreferrer\">Politique de confidentialit\u00e9<\/a>\u00a0-\u00a0<a href=\"https:\/\/www.aboutads.info\/choices\/\" target=\"_blank\" rel=\"noopener noreferrer\">Se d\u00e9sengager<\/a>. Sujet adh\u00e9rant au Privacy Shield.<\/p>\n<p>Les services contenus dans cette section permettent au contr\u00f4leur de donn\u00e9es de surveiller et d&#039;analyser les donn\u00e9es de trafic et sont utilis\u00e9s pour suivre le comportement de l&#039;utilisateur.<\/p>\n<h4>Google Analytics (Google Inc.)<\/h4>\n<div class=\"wrap\">\n<p>Google Analytics est un service d&#039;analyse Web fourni par Google Inc. (\u00abGoogle\u00bb). Google utilise les donn\u00e9es personnelles collect\u00e9es dans le but de suivre et d&#039;examiner l&#039;utilisation de cette application, de compiler des rapports et de les partager avec d&#039;autres services d\u00e9velopp\u00e9s par Google.<br \/>\nGoogle peut utiliser les donn\u00e9es personnelles pour contextualiser et personnaliser les publicit\u00e9s de son propre r\u00e9seau publicitaire.<\/p>\n<p class=\"expand-click w_icon_24 policyicon_purpose_4910983\">Statistiques<\/p>\n<\/div>\n<p>Donn\u00e9es personnelles collect\u00e9es: cookies et donn\u00e9es d&#039;utilisation.<\/p>\n<p>Lieu de traitement: \u00c9tats-Unis -\u00a0<a href=\"https:\/\/www.google.com\/intl\/it\/policies\/privacy\/\" target=\"_blank\" rel=\"noopener noreferrer\">Politique de confidentialit\u00e9<\/a>\u00a0-\u00a0<a href=\"https:\/\/tools.google.com\/dlpage\/gaoptout?hl=it\" target=\"_blank\" rel=\"noopener noreferrer\">Se d\u00e9sengager<\/a>. Sujet adh\u00e9rant au Privacy Shield.<\/p>\n<h4>Extension d&#039;ID utilisateur pour Google Analytics (Google Inc.)<\/h4>\n<div class=\"wrap\">\n<p>Google Analytics sur cette application utilise une fonction appel\u00e9e User ID. Cela permet un suivi plus pr\u00e9cis des utilisateurs en attribuant \u00e0 chacun un identifiant unique pour diff\u00e9rentes sessions et appareils, mais de mani\u00e8re \u00e0 ne pas permettre \u00e0 Google d&#039;identifier personnellement un individu ou d&#039;identifier de mani\u00e8re permanente un appareil sp\u00e9cifique.<br \/>\nL&#039;extension User ID vous permet \u00e9galement de connecter les donn\u00e9es de Google Analytics avec d&#039;autres donn\u00e9es utilisateur collect\u00e9es par cette application.<br \/>\nLe lien de d\u00e9sactivation fourni ci-dessous vous permet de d\u00e9sactiver le suivi de l&#039;appareil que vous utilisez, mais n&#039;exclut pas d&#039;autres activit\u00e9s de suivi effectu\u00e9es par le propri\u00e9taire. Pour d\u00e9sactiver \u00e9galement ce dernier, contactez le propri\u00e9taire via l&#039;adresse e-mail de contact.<\/p>\n<\/div>\n<p>Donn\u00e9es personnelles collect\u00e9es: cookies.<\/p>\n<p>Lieu de traitement: \u00c9tats-Unis -\u00a0<a href=\"https:\/\/www.google.com\/intl\/policies\/privacy\/\" target=\"_blank\" rel=\"noopener noreferrer\">Politique de confidentialit\u00e9<\/a>\u00a0-\u00a0<a href=\"https:\/\/tools.google.com\/dlpage\/gaoptout\" target=\"_blank\" rel=\"noopener noreferrer\">Se d\u00e9sengager<\/a>. Sujet adh\u00e9rant au Privacy Shield.<\/p>\n<div class=\"wrap\">\n<p>&nbsp;<\/p>\n<\/div>\n<h4>Suivi des conversions Facebook Ads (Facebook, Inc.)<\/h4>\n<div class=\"wrap\">\n<p>Le suivi des conversions de Facebook Ads est un service de statistiques fourni par Facebook, Inc. qui relie les donn\u00e9es du r\u00e9seau publicitaire Facebook aux actions effectu\u00e9es dans cette application.<\/p>\n<\/div>\n<p>Donn\u00e9es personnelles collect\u00e9es: cookies et donn\u00e9es d&#039;utilisation.<\/p>\n<p>Lieu de traitement: \u00c9tats-Unis -\u00a0<a href=\"https:\/\/www.facebook.com\/about\/privacy\/\" target=\"_blank\" rel=\"noopener noreferrer\">Politique de confidentialit\u00e9<\/a>. Sujet adh\u00e9rant au Privacy Shield.<\/p>\n<h4>Suivi des conversions Google AdWords (Google Inc.)<\/h4>\n<div class=\"wrap\">\n<p>Le suivi des conversions Google AdWords est un service de statistiques fourni par Google Inc. qui relie les donn\u00e9es de la r\u00e9gie publicitaire Google AdWords aux actions effectu\u00e9es dans cette application.<\/p>\n<\/div>\n<p>Donn\u00e9es personnelles collect\u00e9es: cookies et donn\u00e9es d&#039;utilisation.<\/p>\n<p>Lieu de traitement: \u00c9tats-Unis -\u00a0<a href=\"https:\/\/www.google.com\/intl\/it\/policies\/privacy\/\" target=\"_blank\" rel=\"noopener noreferrer\">Politique de confidentialit\u00e9<\/a>. Sujet adh\u00e9rant au Privacy Shield.<\/p>\n<h4>Statistiques WordPress (Automattic Inc.)<\/h4>\n<div class=\"wrap\">\n<p>WordPress Stats est un service de statistiques fourni par Automattic Inc.<\/p>\n<\/div>\n<p>Donn\u00e9es personnelles collect\u00e9es: cookies et donn\u00e9es d&#039;utilisation.<\/p>\n<p>Lieu de traitement: \u00c9tats-Unis -\u00a0<a href=\"https:\/\/automattic.com\/privacy\/\" target=\"_blank\" rel=\"noopener noreferrer\">Politique de confidentialit\u00e9<\/a>.<\/p>\n<h4>Affichage du contenu de plates-formes externes<\/h4>\n<p>Ce type de service vous permet de visualiser du contenu h\u00e9berg\u00e9 sur des plateformes externes directement \u00e0 partir des pages de cette Application et d&#039;interagir avec elles.Dans le cas o\u00f9 un service de ce type est install\u00e9, il est possible que, m\u00eame si les Utilisateurs n&#039;utilisent pas le service, le m\u00eame recueille des donn\u00e9es de trafic relatives aux pages dans lesquelles il est install\u00e9.<\/p>\n<h4>Widget Google Maps (Google Inc.)<\/h4>\n<div class=\"wrap\">\n<p>Google Maps est un service de visualisation de cartes g\u00e9r\u00e9 par Google Inc. qui permet \u00e0 cette application d&#039;int\u00e9grer de tels contenus dans ses pages.<\/p>\n<\/div>\n<p>Donn\u00e9es personnelles collect\u00e9es: cookies et donn\u00e9es d&#039;utilisation.<\/p>\n<p>Lieu de traitement: \u00c9tats-Unis -\u00a0<a href=\"https:\/\/www.google.it\/intl\/it\/policies\/privacy\/\" target=\"_blank\" rel=\"noopener noreferrer\">Politique de confidentialit\u00e9<\/a>. Sujet adh\u00e9rant au Privacy Shield.<\/p>\n<\/div>\n<div class=\"wpb_text_column wpb_content_element\">\n<div class=\"wpb_wrapper\">\n<p>Comment puis-je exprimer mon consentement \u00e0 l&#039;installation de Cookies? En plus de ce qui est indiqu\u00e9 dans ce document, l&#039;Utilisateur peut g\u00e9rer les pr\u00e9f\u00e9rences relatives aux Cookies directement dans son navigateur et emp\u00eacher - par exemple - des tiers de les installer. Gr\u00e2ce aux pr\u00e9f\u00e9rences du navigateur, il est \u00e9galement possible de supprimer les cookies install\u00e9s dans le pass\u00e9, y compris le cookie dans lequel le consentement \u00e0 l&#039;installation de cookies par ce site est finalement enregistr\u00e9. L&#039;Utilisateur peut trouver des informations sur la fa\u00e7on de g\u00e9rer les Cookies avec certains des navigateurs les plus courants, par exemple aux adresses suivantes:\u00a0<a href=\"https:\/\/support.google.com\/chrome\/answer\/95647?hl=it&amp;p=cpn_cookies\" target=\"_blank\" rel=\"noopener noreferrer\">Google Chrome<\/a>,\u00a0<a href=\"https:\/\/support.mozilla.org\/it\/kb\/Attivare%20e%20disattivare%20i%20cookie\" target=\"_blank\" rel=\"noopener noreferrer\">Mozilla Firefox<\/a>,\u00a0<a href=\"https:\/\/support.apple.com\/kb\/PH21411\" target=\"_blank\" rel=\"noopener noreferrer\">Safari aux pommes<\/a>\u00a0et\u00a0<a href=\"http:\/\/windows.microsoft.com\/it-it\/windows-vista\/block-or-allow-cookies\" target=\"_blank\" rel=\"noopener noreferrer\">Microsoft Internet Explorer<\/a>.<\/p>\n<p>En ce qui concerne les cookies install\u00e9s par des tiers, l&#039;utilisateur peut \u00e9galement g\u00e9rer ses param\u00e8tres et retirer son consentement en visitant le lien de d\u00e9sactivation relatif (si disponible), en utilisant les outils d\u00e9crits dans la politique de confidentialit\u00e9 du tiers ou en contactant directement le tiers.<\/p>\n<p>Nonobstant ce qui pr\u00e9c\u00e8de, l&#039;utilisateur peut utiliser les informations fournies par\u00a0<a href=\"http:\/\/www.youronlinechoices.eu\/\" target=\"_blank\" rel=\"noopener noreferrer\">EDAA<\/a>\u00a0(UE),\u00a0<a href=\"https:\/\/www.networkadvertising.org\/understanding-digital-advertising\" target=\"_blank\" rel=\"noopener noreferrer\">Initiative de publicit\u00e9 de r\u00e9seau<\/a>\u00a0(\u00c9tats-Unis) e\u00a0<a href=\"https:\/\/www.aboutads.info\/consumers\/\" target=\"_blank\" rel=\"noopener noreferrer\">Alliance de la publicit\u00e9 num\u00e9rique<\/a>\u00a0(ETATS-UNIS),\u00a0<a href=\"https:\/\/youradchoices.ca\/understanding-online-advertising\/\" target=\"_blank\" rel=\"noopener noreferrer\">DAAC<\/a>\u00a0(Canada),\u00a0<a href=\"http:\/\/www.ddai.info\/optout\" target=\"_blank\" rel=\"noopener noreferrer\">DDAI<\/a>(Japon) ou d&#039;autres services similaires. Avec ces services, il est possible de g\u00e9rer les pr\u00e9f\u00e9rences de suivi de la plupart des outils publicitaires. Le Responsable du traitement conseille donc aux Utilisateurs d&#039;utiliser ces ressources en compl\u00e9ment des informations fournies dans ce document.<\/p>\n<\/div>\n<\/div>\n<div class=\"wpb_text_column wpb_content_element\">\n<div class=\"wpb_wrapper\">\n<p>Contr\u00f4leur de donn\u00e9es<\/p>\n<div class=\"textwidget\">\n<h4>ALBA &amp; N<\/h4>\n<div class=\"textwidget\">\n<p><span class=\"contact-details\"><strong>Alba et N.<\/strong><\/span><\/p>\n<p>SP Trani-Andria Km2<br \/>\n76125 Trani (BT), ITALIE<\/p>\n<p>TEL. 0883.532.581<br \/>\nFAX 0883.534.957<br \/>\nNum\u00e9ro de TVA 06471190725<\/p>\n<p class=\"country\"><b>Courriel de contact du propri\u00e9taire:\u00a0<a href=\"mailto:info@albaen.it\">info@albaen.it<\/a><\/b><\/p>\n<\/div>\n<\/div>\n<p>\u00c9tant donn\u00e9 que l&#039;installation de cookies tiers et d&#039;autres syst\u00e8mes de suivi via les services utilis\u00e9s dans cette application ne peut pas \u00eatre contr\u00f4l\u00e9e techniquement par le propri\u00e9taire, toute r\u00e9f\u00e9rence sp\u00e9cifique aux cookies et aux syst\u00e8mes de suivi install\u00e9s par des tiers doit \u00eatre consid\u00e9r\u00e9e comme indicative. Pour obtenir des informations compl\u00e8tes, l&#039;Utilisateur est invit\u00e9 \u00e0 consulter la politique de confidentialit\u00e9 de tout service tiers r\u00e9pertori\u00e9 dans ce document.<\/p>\n<p>Compte tenu de la complexit\u00e9 objective entourant l&#039;identification des technologies bas\u00e9es sur les cookies, les utilisateurs sont encourag\u00e9s \u00e0 contacter le propri\u00e9taire s&#039;ils souhaitent recevoir de plus amples informations sur l&#039;utilisation des cookies par cette application.<\/p>\n<\/div>\n<\/div>\n<div class=\"wpb_text_column wpb_content_element\">\n<div class=\"wpb_wrapper\">\n<p>D\u00e9finitions et r\u00e9f\u00e9rences l\u00e9gales<\/p>\n<h4>Donn\u00e9es personnelles (ou donn\u00e9es)<\/h4>\n<p>Toute information qui, directement ou indirectement, \u00e9galement en relation avec toute autre information, y compris un num\u00e9ro d&#039;identification personnel, rend une personne physique identifi\u00e9e ou identifiable constitue des donn\u00e9es personnelles.<\/p>\n<h4>Des donn\u00e9es d&#039;utilisation<\/h4>\n<p>Il s&#039;agit d&#039;informations collect\u00e9es automatiquement via cette application (y compris \u00e0 partir d&#039;applications tierces int\u00e9gr\u00e9es \u00e0 cette application), notamment: les adresses IP ou les noms de domaine des ordinateurs utilis\u00e9s par l&#039;utilisateur qui se connecte \u00e0 cette application, les adresses en notation URI (Uniform Resource Identifier) , l&#039;heure de la requ\u00eate, la m\u00e9thode utilis\u00e9e pour transmettre la requ\u00eate au serveur, la taille du fichier obtenu en r\u00e9ponse, le code num\u00e9rique indiquant l&#039;\u00e9tat de la r\u00e9ponse du serveur (r\u00e9ussite, erreur, etc.) pays d&#039;origine , les caract\u00e9ristiques du navigateur et du syst\u00e8me d&#039;exploitation utilis\u00e9 par le visiteur, les diff\u00e9rentes connotations temporelles de la visite (par exemple le temps pass\u00e9 sur chaque page) et les d\u00e9tails de l&#039;itin\u00e9raire suivi au sein de l&#039;Application, avec notamment une r\u00e9f\u00e9rence \u00e0 la s\u00e9quence des pages consult\u00e9es , les param\u00e8tres relatifs au syst\u00e8me d&#039;exploitation et \u00e0 l&#039;environnement informatique de l&#039;Utilisateur.<\/p>\n<h4>Utilisateur<\/h4>\n<p>La personne utilisant cette application qui, sauf indication contraire, co\u00efncide avec la personne concern\u00e9e.<\/p>\n<h4>Int\u00e9ress\u00e9<\/h4>\n<p>La personne physique \u00e0 laquelle se r\u00e9f\u00e8rent les donn\u00e9es personnelles.<\/p>\n<h4>Processeur de donn\u00e9es (ou gestionnaire)<\/h4>\n<p>La personne physique, la personne morale, l&#039;administration publique et tout autre organisme qui traite des donn\u00e9es personnelles pour le compte du contr\u00f4leur de donn\u00e9es, comme indiqu\u00e9 dans la pr\u00e9sente politique de confidentialit\u00e9.<\/p>\n<h4>Responsable du traitement (ou propri\u00e9taire)<\/h4>\n<p>La personne physique ou morale, l&#039;autorit\u00e9 publique, le service ou tout autre organisme qui, individuellement ou avec d&#039;autres, d\u00e9termine les finalit\u00e9s et les moyens du traitement des donn\u00e9es personnelles et les outils adopt\u00e9s, y compris les mesures de s\u00e9curit\u00e9 relatives au fonctionnement et \u00e0 l&#039;utilisation de cette Application . Sauf indication contraire, le responsable du traitement est le propri\u00e9taire de cette application.<\/p>\n<h4>Cette application<\/h4>\n<p>L&#039;outil mat\u00e9riel ou logiciel par lequel les donn\u00e9es personnelles des utilisateurs sont collect\u00e9es et trait\u00e9es.<\/p>\n<h4>Un service<\/h4>\n<p>Le service fourni par cette application tel que d\u00e9fini dans les termes relatifs (si disponibles) sur ce site \/ cette application.<\/p>\n<h4>Union europ\u00e9enne (ou UE)<\/h4>\n<p>Sauf indication contraire, toute r\u00e9f\u00e9rence \u00e0 l&#039;Union europ\u00e9enne contenue dans ce document est destin\u00e9e \u00e0 \u00eatre \u00e9tendue \u00e0 tous les \u00c9tats membres actuels de l&#039;Union europ\u00e9enne et de l&#039;Espace \u00e9conomique europ\u00e9en.<\/p>\n<h4>Biscuits<\/h4>\n<p>Petit \u00e9l\u00e9ment de donn\u00e9es stock\u00e9 dans l&#039;appareil de l&#039;utilisateur.<\/p>\n<h4>Sur moi<\/h4>\n<p>Donne acc\u00e8s \u00e0 la section \u00ab\u00c0 propos de moi\u00bb du profil.<\/p>\n<hr \/>\n<h4>R\u00e9f\u00e9rences l\u00e9gales<\/h4>\n<p>Cette d\u00e9claration de confidentialit\u00e9 est r\u00e9dig\u00e9e sur la base de plusieurs syst\u00e8mes l\u00e9gislatifs, y compris des articles. 13 et 14 du r\u00e8glement (UE) 2016\/679.<\/p>\n<p>Sauf indication contraire, cette d\u00e9claration de confidentialit\u00e9 ne concerne que cette application.<\/p>\n<\/div>\n<\/div>\n<div class=\"wpb_text_column wpb_content_element\">\n<div class=\"wpb_wrapper\">\n<p id=\"owner_of_the_data\">Derni\u00e8re modification: 28 mai 2018<\/p>\n<p>Consultez la politique de confidentialit\u00e9 simplifi\u00e9e:\u00a0<a href=\"http:\/\/albaen.it\/informativa-privacy\" target=\"_blank\" rel=\"noopener noreferrer\">https:\/\/www.albaen\/informativa-privacy<\/a><\/p>\n<\/div>\n<\/div>\n<\/div>\n<\/div>\n<\/div>\n<div class=\"section section-page-footer\"><\/div>\n<\/div>\n<\/div>\n<\/div>\n<\/div>\n<footer id=\"Footer\" class=\"clearfix\">\n<div class=\"widgets_wrapper\"><\/div>\n<\/footer>\n\n\t\t<\/div>\n\t<\/div>\n<\/div><\/div><\/div><\/div>\n<\/div>","protected":false},"excerpt":{"rendered":"COOKIE POLICY I Cookie sono costituiti da porzioni di codice installate all\u2019interno del browser che assistono il Titolare nell\u2019erogazione del","protected":false},"author":4,"featured_media":0,"parent":0,"menu_order":0,"comment_status":"closed","ping_status":"closed","template":"","meta":{"footnotes":""},"class_list":["post-4347","page","type-page","status-publish","hentry"],"_links":{"self":[{"href":"https:\/\/albaen.it\/fre\/wp-json\/wp\/v2\/pages\/4347","targetHints":{"allow":["GET"]}}],"collection":[{"href":"https:\/\/albaen.it\/fre\/wp-json\/wp\/v2\/pages"}],"about":[{"href":"https:\/\/albaen.it\/fre\/wp-json\/wp\/v2\/types\/page"}],"author":[{"embeddable":true,"href":"https:\/\/albaen.it\/fre\/wp-json\/wp\/v2\/users\/4"}],"replies":[{"embeddable":true,"href":"https:\/\/albaen.it\/fre\/wp-json\/wp\/v2\/comments?post=4347"}],"version-history":[{"count":0,"href":"https:\/\/albaen.it\/fre\/wp-json\/wp\/v2\/pages\/4347\/revisions"}],"wp:attachment":[{"href":"https:\/\/albaen.it\/fre\/wp-json\/wp\/v2\/media?parent=4347"}],"curies":[{"name":"wp","href":"https:\/\/api.w.org\/{rel}","templated":true}]}}