{"id":20682,"date":"2024-03-27T16:14:43","date_gmt":"2024-03-27T15:14:43","guid":{"rendered":"https:\/\/albaen.it\/?post_type=product&#038;p=20682"},"modified":"2024-06-21T12:33:16","modified_gmt":"2024-06-21T10:33:16","slug":"scarpa-antinfortunistica-hero-tek-s3-src","status":"publish","type":"product","link":"https:\/\/albaen.it\/esp\/shop\/p-performer\/scarpa-antinfortunistica-hero-tek-s3-src\/","title":{"rendered":"HERO TEK S3 SRC"},"content":{"rendered":"<div class=\"wpb-content-wrapper\"><div class=\"vc_row wpb_row vc_row-fluid\"><div class=\"wpb_column vc_column_container vc_col-sm-6\"><div class=\"vc_column-inner\"><div class=\"wpb_wrapper\">\n\t<div class=\"wpb_text_column wpb_content_element\" >\n\t\t<div class=\"wpb_wrapper\">\n\t\t\t<p>Zapato bajo de seguridad HERO TEK S3 SRC de la l\u00ednea PERFORMER de Alba&amp;n, 100% sin metales, dise\u00f1ado y desarrollado para asegurar altos niveles de RENDIMIENTO y confort.<\/p>\n<p><strong><span style=\"vertical-align: inherit;\">EMPEINE<\/span><\/strong><span style=\"vertical-align: inherit;\">\u00a0Tejido t\u00e9cnico con tecnolog\u00eda PUTEK\u00ae: fuerte y resistente a la abrasi\u00f3n, al desgarro y a los ara\u00f1azos, ligero, transpirable y repelente al agua, con inserciones de tejido de gamuza<br \/>\n<\/span><br \/>\n<strong><span style=\"vertical-align: inherit;\">FORRO INTERIOR<\/span><\/strong><span style=\"vertical-align: inherit;\"> de tejido 3D, transpirable con excelente resistencia a la abrasi\u00f3n Tal\u00f3n reforzado en microfibra para una acci\u00f3n antideslizante y antidesgaste.<br \/>\n<\/span><br \/>\n<strong><span style=\"vertical-align: inherit;\">PUNTERA<\/span><\/strong><span style=\"vertical-align: inherit;\"> no met\u00e1lica, de composite, resistente a un impacto de fuerza hasta 200J y una compresi\u00f3n de hasta 15Kn. Ligero, no magn\u00e9tico y at\u00e9rmico.<br \/>\n<\/span><br \/>\n<strong><span style=\"vertical-align: inherit;\">PLANTILLA ANTIPERFORACI\u00d3N<\/span><\/strong><span style=\"vertical-align: inherit;\"> Textil, resistente a perforaciones hasta 1100N. Protege toda la superficie de la planta del pie. Flexible y confortable, amagn\u00e9tico, antiest\u00e1tico y termoaislante.<br \/>\n<\/span><br \/>\n<strong><span style=\"vertical-align: inherit;\">SUELA<\/span><\/strong><span style=\"vertical-align: inherit;\"> inyectado en PU\/PU de doble densidad, antiest\u00e1tico, antideslizante, resistente a aceites e hidrocarburos, absorci\u00f3n de impactos en la zona del tal\u00f3n.<br \/>\n<\/span><br \/>\n<strong><span style=\"vertical-align: inherit;\">PLANTILLA <\/span><\/strong><span style=\"vertical-align: inherit;\">ELISA MEMORY - anat\u00f3mica en PU antiest\u00e1tico y amortiguador, revestida con tejido transpirable y antiabrasi\u00f3n. Talonera de PU para una mayor absorci\u00f3n de impactos y Memory Foam automoldeante para una comodidad incomparable. Antiest\u00e1tica, extra\u00edble y lavable.<\/span><span style=\"vertical-align: inherit;\"><br \/>\n<\/span><br \/>\n<strong><span style=\"vertical-align: inherit;\">HORMA <\/span><\/strong> <em><span style=\"vertical-align: inherit;\">Mondopoint<\/span><\/em><span style=\"vertical-align: inherit;\"> \u00a011 \u2013 ancho y c\u00f3modo.<br \/>\n<\/span><br \/>\n<strong><span style=\"vertical-align: inherit;\">NORMA<\/span><\/strong><span style=\"vertical-align: inherit;\"> EN ISO 20345:2011, DGUV 112-191<br \/>\n<\/span><br \/>\n<strong><span style=\"vertical-align: inherit;\">PESO<\/span><\/strong><span style=\"vertical-align: inherit;\"> gr 510 \u00bd par 42<\/span><\/p>\n\n\t\t<\/div>\n\t<\/div>\n<\/div><\/div><\/div><div class=\"wpb_column vc_column_container vc_col-sm-6\"><div class=\"vc_column-inner\"><div class=\"wpb_wrapper\">\n\t<div class=\"wpb_text_column wpb_content_element\" >\n\t\t<div class=\"wpb_wrapper\">\n\t\t\t<p>El calzado de seguridad de la l\u00ednea Performer re\u00fane todas las caracter\u00edsticas clave de una zapatilla deportiva c\u00f3moda: ligereza, versatilidad, flexibilidad, agarre y dise\u00f1o, ideal para la industria ligera y para actividades de log\u00edstica, almac\u00e9n y transporte.<\/p>\n<p><strong>PLUS T\u00c9CNICO:<\/strong> los zapatos de la l\u00ednea Performer est\u00e1n dise\u00f1ados y certificados para alojar tambi\u00e9n las plantillas ortop\u00e9dicas SECOSOL reguladas por la norma DGUV 112-19.<\/p>\n\n\t\t<\/div>\n\t<\/div>\n<div class=\"icons_cat_title\"> <h2>Categor\u00edas de protecci\u00f3n <\/h2><\/div><div class=\"container row\"> \n\t\t\t<div>\n  <ul class=\"image-gallery\"><li style=\"float: left;\">  <img decoding=\"async\" src=\"https:\/\/albaen.it\/wp-content\/uploads\/simboletti-06.png\"  alt=\"Antistaticita\u0300\" style=\"height:110px;\"\/> <span class=\"products_icons products_icons1\">Anti est\u00e1tico<\/span> <\/li><li style=\"float: left;\">  <img decoding=\"async\" src=\"https:\/\/albaen.it\/wp-content\/uploads\/simboletti-07.png\"  alt=\"Assorbimento di energia nel tallone\" style=\"height:110px;\"\/> <span class=\"products_icons products_icons1\">Absorci\u00f3n de energ\u00eda en el tal\u00f3n<\/span> <\/li><li style=\"float: left;\">  <img decoding=\"async\" src=\"https:\/\/albaen.it\/wp-content\/uploads\/simboletti-08.png\"  alt=\"Inserto antiforo resistente alla perforazione \u00d8=4,5mm\" style=\"height:110px;\"\/> <span class=\"products_icons products_icons1\">Inserto antiperforaci\u00f3n, resistente a la perforaci\u00f3n \u00d8=4,5mm<\/span> <\/li><li style=\"float: left;\">  <img decoding=\"async\" src=\"https:\/\/albaen.it\/wp-content\/uploads\/simboletti-22.png\"  alt=\"Resistenza all\u2019impatto e compressione\" style=\"height:110px;\"\/> <span class=\"products_icons products_icons1\">Resistencia al impacto y a la compresi\u00f3n<\/span> <\/li><li style=\"float: left;\">  <img decoding=\"async\" src=\"https:\/\/albaen.it\/wp-content\/uploads\/simboletti-11.png\"  alt=\"Resistenza allo scivolamento\" style=\"height:110px;\"\/> <span class=\"products_icons products_icons1\">Resistencia al deslizamiento.<\/span> <\/li><li style=\"float: left;\">  <img decoding=\"async\" src=\"https:\/\/albaen.it\/wp-content\/uploads\/simboletti-04.png\"  alt=\"Suola resistente agli oli e agli idrocarburi\" style=\"height:110px;\"\/> <span class=\"products_icons products_icons1\">Suela resistente a aceites e hidrocarburos<\/span> <\/li><li style=\"float: left;\">  <img decoding=\"async\" src=\"https:\/\/albaen.it\/wp-content\/uploads\/simboletti-02.png\"  alt=\"Resistenza all\u2019assorbimento e alla penetrazione dell\u2019acqua\" style=\"height:110px;\"\/> <span class=\"products_icons products_icons1\">Resistencia a la absorci\u00f3n y penetraci\u00f3n de agua.<\/span> <\/li><\/ul>\n<\/div><\/div>\n\t<div class=\"wpb_text_column wpb_content_element\" >\n\t\t<div class=\"wpb_wrapper\">\n\t\t\t\n\n\t\t<\/div>\n\t<\/div>\n<div class=\"icons_cat_title\"> <h2>Sectores de uso <\/h2><\/div><div class=\"container row\"> \n\t\t\t<div>\n  <ul class=\"image-gallery\"><li style=\"float: left;\"> <img decoding=\"async\" src=\"https:\/\/albaen.it\/wp-content\/uploads\/Artigianato-_-Officine-1.png\" alt=\"Artigianato \/ Officine\" style=\"height:60px;\"\/>  <span class=\"products_icons\">Artesan\u00eda \/ Talleres<\/span> <\/li><li style=\"float: left;\"> <img decoding=\"async\" src=\"https:\/\/albaen.it\/wp-content\/uploads\/Edilizia-e-Carpenteria-1.png\" alt=\"Edilizia e Carpenteria\" style=\"height:60px;\"\/>  <span class=\"products_icons\">Construcci\u00f3n y Carpinter\u00eda<\/span> <\/li><li style=\"float: left;\"> <img decoding=\"async\" src=\"https:\/\/albaen.it\/wp-content\/uploads\/Industria-Metalmeccanica-1.png\" alt=\"Industria Metalmeccanica\" style=\"height:60px;\"\/>  <span class=\"products_icons\">Industria Metal\u00fargica<\/span> <\/li><li style=\"float: left;\"> <img decoding=\"async\" src=\"https:\/\/albaen.it\/wp-content\/uploads\/Logistica-_-Trasporto-1.png\" alt=\"Logistica \/ Trasporto\" style=\"height:60px;\"\/>  <span class=\"products_icons\">Log\u00edstica \/ Transporte<\/span> <\/li><li style=\"float: left;\"> <img decoding=\"async\" src=\"https:\/\/albaen.it\/wp-content\/uploads\/Magazzino-_-GDO-1.png\" alt=\"Magazzino \/ GDO\" style=\"height:60px;\"\/>  <span class=\"products_icons\">Almac\u00e9n \/ GDO<\/span> <\/li><\/ul>\n<\/div><\/div>\n\t<div class=\"wpb_text_column wpb_content_element\" >\n\t\t<div class=\"wpb_wrapper\">\n\t\t\t\n\n\t\t<\/div>\n\t<\/div>\n<div class=\"icons_cat_title\"> <h2>Tecnolog\u00eda <\/h2><\/div><div class=\"container row\"> \n\t\t\t<div>\n  <ul class=\"image-gallery\"><li style=\"float: left;\"><img decoding=\"async\" src=\"https:\/\/albaen.it\/wp-content\/uploads\/secosol-@4x.png\"  alt=\"DGUV 112_191\" style=\"height:60px;\"\/><span class=\"products_icons\">DGUV 112_191<\/span><\/li><li style=\"float: left;\"><img decoding=\"async\" src=\"https:\/\/albaen.it\/wp-content\/uploads\/Xqt-_2.png\"  alt=\"Extra Quality Technology\" style=\"height:60px;\"\/><span class=\"products_icons\">Extra Quality Technology<\/span><\/li><li style=\"float: left;\"><img decoding=\"async\" src=\"https:\/\/albaen.it\/wp-content\/uploads\/memory-flex-2.png\"  alt=\"Memory Flex\" style=\"height:60px;\"\/><span class=\"products_icons\">Memory Flex<\/span><\/li><li style=\"float: left;\"><img decoding=\"async\" src=\"https:\/\/albaen.it\/wp-content\/uploads\/Metal-Free-Tecnologia-2.png\"  alt=\"Metal Free\" style=\"height:60px;\"\/><span class=\"products_icons\">Sin metales<\/span><\/li><li style=\"float: left;\"><img decoding=\"async\" src=\"https:\/\/albaen.it\/wp-content\/uploads\/PU-TEK-technology-HYPERTEX-2.png\"  alt=\"Putek Technology\" style=\"height:60px;\"\/><span class=\"products_icons\">Putek Technology<\/span><\/li><\/ul>\n<\/div><\/div>\n\t<div class=\"wpb_text_column wpb_content_element\" >\n\t\t<div class=\"wpb_wrapper\">\n\t\t\t<p><strong><\/strong><\/p>\n\n\t\t<\/div>\n\t<\/div>\n<\/div><\/div><\/div><\/div>\n<\/div>","protected":false},"excerpt":{"rendered":"<p>Zapato bajo de seguridad HERO TEK S3 SRC de la l\u00ednea PERFORMER.<br \/>\nLigereza y  resistencia viajan en la misma longitud de onda con la Hero Tek S3 de Alba&amp;N.<br \/>\nCon tecnolog\u00eda Putek, una innovaci\u00f3n revolucionaria en los calzados de seguridad por combinar una resistencia extrema con una excelente ligereza. Gracias a esto, el calzado de seguridad HERO TEK S3 es m\u00e1s de 10 veces m\u00e1s resistente a la abrasi\u00f3n y a los ara\u00f1azos que cualquier calzado fabricado con cualquier otro tejido resistente, adem\u00e1s sin partes met\u00e1licas, ligero, repelente al agua S3 y recomendado tanto para actividades en interior como en exterior.<\/p>\n<p><a href=\"https:\/\/albaen.it\/wp-content\/uploads\/P1253CK-S3.esp_.pdf\"><button class=\"btn1\"><span style=\"vertical-align: inherit;\">DESCARGAR FICHA T\u00c9CNICA<\/span><\/button><\/a> <a href=\"https:\/\/albaen.it\/wp-content\/uploads\/P1253CK-S3-Dich.-conformita.pdf\"><button><span style=\"vertical-align: inherit;\">DECLARACI\u00d3N DE CONFORMIDAD<\/span><\/button><\/a><\/p>","protected":false},"featured_media":20058,"comment_status":"open","ping_status":"closed","template":"","meta":[],"product_brand":[],"product_cat":[98],"product_tag":[],"class_list":{"0":"post-20682","1":"product","2":"type-product","3":"status-publish","4":"has-post-thumbnail","6":"product_cat-p-performer","7":"pa_categorie-di-protezione-s3","8":"pa_categorie-di-protezione-src","9":"pa_colore-grigio","10":"pa_linea-performer","11":"pa_normativa-en-iso-203452011","12":"pa_normativa-dguv-112-191","13":"pa_settori-artigianato-officine","14":"pa_settori-edilizia-e-carpenteria","15":"pa_settori-industria-metalmeccanica","16":"pa_settori-logistica-trasporto","17":"pa_settori-magazzino-gdo","18":"pa_simboli-antistaticita","19":"pa_simboli-assorbimento-di-energia-nel-tallone","20":"pa_simboli-inserto-antiforo-resistente-alla-perforazione-o45mm-2","21":"pa_simboli-resistenza-allimpatto-e-compressione","22":"pa_simboli-resistenza-allo-scivolamento","23":"pa_simboli-suola-resistente-agli-oli-e-agli-idrocarburi","24":"pa_simboli-resistenza-allassorbimento-e-alla-penetrazione-dellacqua","25":"pa_taglia-3124","26":"pa_taglia-730","27":"pa_taglia-738","28":"pa_taglia-166","29":"pa_taglia-168","30":"pa_taglia-170","31":"pa_taglia-776","32":"pa_taglia-174","33":"pa_taglia-176","34":"pa_taglia-178","35":"pa_taglia-180","36":"pa_taglia-182","37":"pa_taglia-184","38":"pa_taglia-186","39":"pa_tecnologia-dguv-112_191","40":"pa_tecnologia-extra-quality-technology","41":"pa_tecnologia-memory-flex","42":"pa_tecnologia-metal-free","43":"pa_tecnologia-putek-technology","44":"pa_tipologia-bassa","46":"first","47":"instock","48":"taxable","49":"shipping-taxable","50":"purchasable","51":"product-type-variable"},"_links":{"self":[{"href":"https:\/\/albaen.it\/esp\/wp-json\/wp\/v2\/product\/20682","targetHints":{"allow":["GET"]}}],"collection":[{"href":"https:\/\/albaen.it\/esp\/wp-json\/wp\/v2\/product"}],"about":[{"href":"https:\/\/albaen.it\/esp\/wp-json\/wp\/v2\/types\/product"}],"replies":[{"embeddable":true,"href":"https:\/\/albaen.it\/esp\/wp-json\/wp\/v2\/comments?post=20682"}],"wp:featuredmedia":[{"embeddable":true,"href":"https:\/\/albaen.it\/esp\/wp-json\/wp\/v2\/media\/20058"}],"wp:attachment":[{"href":"https:\/\/albaen.it\/esp\/wp-json\/wp\/v2\/media?parent=20682"}],"wp:term":[{"taxonomy":"product_brand","embeddable":true,"href":"https:\/\/albaen.it\/esp\/wp-json\/wp\/v2\/product_brand?post=20682"},{"taxonomy":"product_cat","embeddable":true,"href":"https:\/\/albaen.it\/esp\/wp-json\/wp\/v2\/product_cat?post=20682"},{"taxonomy":"product_tag","embeddable":true,"href":"https:\/\/albaen.it\/esp\/wp-json\/wp\/v2\/product_tag?post=20682"}],"curies":[{"name":"wp","href":"https:\/\/api.w.org\/{rel}","templated":true}]}}