{"id":20643,"date":"2024-03-08T11:10:36","date_gmt":"2024-03-08T10:10:36","guid":{"rendered":"https:\/\/albaen.it\/?post_type=product&#038;p=20643"},"modified":"2024-05-10T11:35:17","modified_gmt":"2024-05-10T09:35:17","slug":"calza-media-estiva-high-fresh","status":"publish","type":"product","link":"https:\/\/albaen.it\/esp\/shop\/accessori\/calza-media-estiva-high-fresh\/","title":{"rendered":"HIGH FRESH"},"content":{"rendered":"<div class=\"wpb-content-wrapper\"><div class=\"vc_row wpb_row vc_row-fluid\"><div class=\"wpb_column vc_column_container vc_col-sm-6\"><div class=\"vc_column-inner\"><div class=\"wpb_wrapper\">\n\t<div class=\"wpb_text_column wpb_content_element\" >\n\t\t<div class=\"wpb_wrapper\">\n\t\t\t<p>El calcet\u00edn est\u00e1 equipado con una plantilla acolchada y doble banda el\u00e1stica dise\u00f1ada para un mejor ajuste al pie y evitar la formaci\u00f3n de ampollas.<br \/>\nTambi\u00e9n cuenta con puntera y tal\u00f3n reforzados con costuras planas.<br \/>\nPor \u00faltimo, el calcet\u00edn est\u00e1 equipado con un inserto antiest\u00e1tico capaz de disipar cargas electrost\u00e1ticas.<br \/>\nResiste el lavado y el desgaste.<br \/>\nIdeal para construcci\u00f3n, industria, log\u00edstica, limpieza, agricultura y para ambientes calurosos en general.<\/p>\n\n\t\t<\/div>\n\t<\/div>\n<\/div><\/div><\/div><div class=\"wpb_column vc_column_container vc_col-sm-6\"><div class=\"vc_column-inner\"><div class=\"wpb_wrapper\"><div class=\"icons_cat_title\"> <h2>Sectores de uso <\/h2><\/div><div class=\"container row\"> \n\t\t\t<div>\n  <ul class=\"image-gallery\"><li style=\"float: left;\"> <img decoding=\"async\" src=\"https:\/\/albaen.it\/wp-content\/uploads\/Agricoltura-_-Giardinaggio-1.png\" alt=\"Agricoltura \/ Giardinaggio\" style=\"height:60px;\"\/>  <span class=\"products_icons\">Agricultura \/ Jardiner\u00eda<\/span> <\/li><li style=\"float: left;\"> <img decoding=\"async\" src=\"https:\/\/albaen.it\/wp-content\/uploads\/Edilizia-e-Carpenteria-1.png\" alt=\"Edilizia e Carpenteria\" style=\"height:60px;\"\/>  <span class=\"products_icons\">Construcci\u00f3n y Carpinter\u00eda<\/span> <\/li><li style=\"float: left;\"> <img decoding=\"async\" src=\"https:\/\/albaen.it\/wp-content\/uploads\/Industria-Metalmeccanica-1.png\" alt=\"Industria Metalmeccanica\" style=\"height:60px;\"\/>  <span class=\"products_icons\">Industria Metal\u00fargica<\/span> <\/li><li style=\"float: left;\"> <img decoding=\"async\" src=\"https:\/\/albaen.it\/wp-content\/uploads\/Logistica-_-Trasporto-1.png\" alt=\"Logistica \/ Trasporto\" style=\"height:60px;\"\/>  <span class=\"products_icons\">Log\u00edstica \/ Transporte<\/span> <\/li><\/ul>\n<\/div><\/div>\n\t<div class=\"wpb_text_column wpb_content_element\" >\n\t\t<div class=\"wpb_wrapper\">\n\t\t\t\n\n\t\t<\/div>\n\t<\/div>\n<div class=\"icons_cat_title\"> <h2>Tecnolog\u00eda <\/h2><\/div><div class=\"container row\"> \n\t\t\t<div>\n  <ul class=\"image-gallery\"><li style=\"float: left;\"><img decoding=\"async\" src=\"https:\/\/albaen.it\/wp-content\/uploads\/COOLMAX_.png\"  alt=\"Coolmax\u00ae\" style=\"height:60px;\"\/><span class=\"products_icons\">Coolmax\u00ae<\/span><\/li><\/ul>\n<\/div><\/div>\n\t<div class=\"wpb_text_column wpb_content_element\" >\n\t\t<div class=\"wpb_wrapper\">\n\t\t\t<p><strong><\/strong><\/p>\n\n\t\t<\/div>\n\t<\/div>\n<\/div><\/div><\/div><\/div>\n<\/div>","protected":false},"excerpt":{"rendered":"<p>Calcetin estival con molde en COOLMAX\u00ae capz de dejar seco el pie. Plantilla anat\u00f2mica totalmente alcochada y con elevada adherencia al pie a trav\u00e8s de las dobles bandas el\u00e0sticas para prevenir vejigas. Punta y tal\u00f2n reforzados y costura plana - inserci\u00f2n de fibra antiest\u00e0tica capaz de disolver las cargas elecrost\u00e0ticas.<\/p>","protected":false},"featured_media":20406,"comment_status":"closed","ping_status":"closed","template":"","meta":[],"product_brand":[],"product_cat":[3090],"product_tag":[],"class_list":{"0":"post-20643","1":"product","2":"type-product","3":"status-publish","4":"has-post-thumbnail","6":"product_cat-accessori","7":"pa_accessori-calze","8":"pa_colore-blu-navy","9":"pa_composizione-76-poliestere-coolmax-18-nylon-3-elastan-3-cotone","10":"pa_confezione-1-paio","11":"pa_istruzioni-per-il-lavaggio-lavaggio-a-mano-40c","12":"pa_settori-agricoltura-giardinaggio","13":"pa_settori-edilizia-e-carpenteria","14":"pa_settori-industria-metalmeccanica","15":"pa_settori-logistica-trasporto","16":"pa_stagione-consigliata-estate","17":"pa_stagione-consigliata-primavera","18":"pa_taglia-42-44","19":"pa_tecnologia-coolmax","20":"pa_tipo-altezza-medio","22":"first","23":"instock","24":"taxable","25":"shipping-taxable","26":"purchasable","27":"product-type-variable"},"_links":{"self":[{"href":"https:\/\/albaen.it\/esp\/wp-json\/wp\/v2\/product\/20643","targetHints":{"allow":["GET"]}}],"collection":[{"href":"https:\/\/albaen.it\/esp\/wp-json\/wp\/v2\/product"}],"about":[{"href":"https:\/\/albaen.it\/esp\/wp-json\/wp\/v2\/types\/product"}],"replies":[{"embeddable":true,"href":"https:\/\/albaen.it\/esp\/wp-json\/wp\/v2\/comments?post=20643"}],"wp:featuredmedia":[{"embeddable":true,"href":"https:\/\/albaen.it\/esp\/wp-json\/wp\/v2\/media\/20406"}],"wp:attachment":[{"href":"https:\/\/albaen.it\/esp\/wp-json\/wp\/v2\/media?parent=20643"}],"wp:term":[{"taxonomy":"product_brand","embeddable":true,"href":"https:\/\/albaen.it\/esp\/wp-json\/wp\/v2\/product_brand?post=20643"},{"taxonomy":"product_cat","embeddable":true,"href":"https:\/\/albaen.it\/esp\/wp-json\/wp\/v2\/product_cat?post=20643"},{"taxonomy":"product_tag","embeddable":true,"href":"https:\/\/albaen.it\/esp\/wp-json\/wp\/v2\/product_tag?post=20643"}],"curies":[{"name":"wp","href":"https:\/\/api.w.org\/{rel}","templated":true}]}}