{"id":20622,"date":"2024-03-06T18:07:33","date_gmt":"2024-03-06T17:07:33","guid":{"rendered":"https:\/\/albaen.it\/?post_type=product&#038;p=20622"},"modified":"2024-05-23T16:42:48","modified_gmt":"2024-05-23T14:42:48","slug":"mocassino-antinfortunistico-basso-santorini-w1073c-s2-src","status":"publish","type":"product","link":"https:\/\/albaen.it\/esp\/shop\/white-elegance\/mocassino-antinfortunistico-basso-santorini-w1073c-s2-src\/","title":{"rendered":"SANTORINI S2 SRC"},"content":{"rendered":"<div class=\"wpb-content-wrapper\"><div class=\"vc_row wpb_row vc_row-fluid\"><div class=\"wpb_column vc_column_container vc_col-sm-6\"><div class=\"vc_column-inner\"><div class=\"wpb_wrapper\">\n\t<div class=\"wpb_text_column wpb_content_element\" >\n\t\t<div class=\"wpb_wrapper\">\n\t\t\t<p>Mocas\u00edn de seguridad blanco, 100% libre de metales, conforme a la normativa europea EN ISO 20345:2011.<br \/>\nParte superior de microfibra impermeable y transpirable de alta calidad, cuello acolchado y envolvente de suave Lycra, puntera de seguridad no met\u00e1lica robusta y ligera y forro ultra. transpirable y antibacteriano que garantiza higiene y comodidad.<\/p>\n<p>El calzado SANTORINI S2 est\u00e1 equipado con una suela antiest\u00e1tica, anti-shock, antiaceite, antiabrasi\u00f3n y antideslizante de categor\u00eda SRC, el m\u00e1ximo nivel de antideslizante.<\/p>\n<p><strong><br \/>\n<span style=\"vertical-align: inherit;\">EMPEINE<\/span><\/strong><span style=\"vertical-align: inherit;\"> Microfibra ligera, transpirable y repelente al agua con cuello de Lycra acolchado suave.<\/span><\/p>\n<p><strong><span style=\"vertical-align: inherit;\">FORRO INTERIOR<\/span><\/strong><span style=\"vertical-align: inherit;\"> 3D, transpirable y antibacteriano.<\/span><\/p>\n<p><strong><span style=\"vertical-align: inherit;\">PUNTERA<\/span><\/strong><span style=\"vertical-align: inherit;\"> No met\u00e1lico, compuesto, resistente a impactos de hasta 200J y compresi\u00f3n de hasta 15kN. Ligero, no magn\u00e9tico, aislante t\u00e9rmico.<\/span><\/p>\n<p><strong><span style=\"vertical-align: inherit;\">SUELA<\/span><\/strong><span style=\"vertical-align: inherit;\"> PU monodensidad, antiest\u00e1tico, antideslizante SRC, resistente a aceites e hidrocarburos, absorci\u00f3n de impactos en la zona del tal\u00f3n.<\/span><\/p>\n<p><strong><span style=\"vertical-align: inherit;\">PLANTILLA <\/span><\/strong><span style=\"vertical-align: inherit;\">Antibacteriano, antiest\u00e1tico, transpirable y extra\u00edble.<\/span><\/p>\n<p><strong><span style=\"vertical-align: inherit;\">HORMA <\/span><\/strong> <em><span style=\"vertical-align: inherit;\">Mondopoint<\/span><\/em><span style=\"vertical-align: inherit;\"> 10,5 \u2013 regular<br \/>\n<\/span><strong><span style=\"vertical-align: inherit;\"><br \/>\nNORMA<\/span><\/strong><span style=\"vertical-align: inherit;\"> EN ISO 20345:2011<\/span><\/p>\n<p><strong><span style=\"vertical-align: inherit;\"><span style=\"vertical-align: inherit;\"><span style=\"vertical-align: inherit;\">PESO<\/span><\/span><\/span><\/strong><span style=\"vertical-align: inherit;\"><span style=\"vertical-align: inherit;\"><span style=\"vertical-align: inherit;\"> 415gr \u00bd paio 42<\/span><\/span><\/span><span style=\"vertical-align: inherit;\"><span style=\"vertical-align: inherit;\"> <\/p>\n\n\t\t<\/div>\n\t<\/div>\n<\/div><\/div><\/div><div class=\"icons_cat_title\"> <h2>Tecnolog\u00eda <\/h2><\/div><div class=\"container row\"> \n\t\t\t<div>\n  <ul class=\"image-gallery\"><li style=\"float: left;\"><img decoding=\"async\" src=\"https:\/\/albaen.it\/wp-content\/uploads\/Lycra.png\"  alt=\"Lycra\" style=\"height:60px;\"\/><span class=\"products_icons\">Lycra<\/span><\/li><li style=\"float: left;\"><img decoding=\"async\" src=\"https:\/\/albaen.it\/wp-content\/uploads\/Metal-Free-Tecnologia-2.png\"  alt=\"Metal Free\" style=\"height:60px;\"\/><span class=\"products_icons\">Sin metales<\/span><\/li><li style=\"float: left;\"><img decoding=\"async\" src=\"https:\/\/albaen.it\/wp-content\/uploads\/Microlight.png\"  alt=\"Microlight\" style=\"height:60px;\"\/><span class=\"products_icons\">Microlight<\/span><\/li><\/ul>\n<\/div><\/div><div class=\"wpb_column vc_column_container vc_col-sm-6\"><div class=\"vc_column-inner\"><div class=\"wpb_wrapper\"><div class=\"icons_cat_title\"> <h2>Categor\u00edas de protecci\u00f3n <\/h2><\/div><div class=\"container row\"> \n\t\t\t<div>\n  <ul class=\"image-gallery\"><li style=\"float: left;\">  <img decoding=\"async\" src=\"https:\/\/albaen.it\/wp-content\/uploads\/simboletti-06.png\"  alt=\"Antistaticita\u0300\" style=\"height:110px;\"\/> <span class=\"products_icons products_icons1\">Anti est\u00e1tico<\/span> <\/li><li style=\"float: left;\">  <img decoding=\"async\" src=\"https:\/\/albaen.it\/wp-content\/uploads\/simboletti-07.png\"  alt=\"Assorbimento di energia nel tallone\" style=\"height:110px;\"\/> <span class=\"products_icons products_icons1\">Absorci\u00f3n de energ\u00eda en el tal\u00f3n<\/span> <\/li><li style=\"float: left;\">  <img decoding=\"async\" src=\"https:\/\/albaen.it\/wp-content\/uploads\/simboletti-22.png\"  alt=\"Resistenza all\u2019impatto e compressione\" style=\"height:110px;\"\/> <span class=\"products_icons products_icons1\">Resistencia al impacto y a la compresi\u00f3n<\/span> <\/li><li style=\"float: left;\">  <img decoding=\"async\" src=\"https:\/\/albaen.it\/wp-content\/uploads\/simboletti-11.png\"  alt=\"Resistenza allo scivolamento\" style=\"height:110px;\"\/> <span class=\"products_icons products_icons1\">Resistencia al deslizamiento.<\/span> <\/li><li style=\"float: left;\">  <img decoding=\"async\" src=\"https:\/\/albaen.it\/wp-content\/uploads\/simboletti-04.png\"  alt=\"Suola resistente agli oli e agli idrocarburi\" style=\"height:110px;\"\/> <span class=\"products_icons products_icons1\">Suela resistente a aceites e hidrocarburos<\/span> <\/li><\/ul>\n<\/div><\/div>\n\t<div class=\"wpb_text_column wpb_content_element\" >\n\t\t<div class=\"wpb_wrapper\">\n\t\t\t\n\n\t\t<\/div>\n\t<\/div>\n<div class=\"icons_cat_title\"> <h2>Sectores de uso <\/h2><\/div><div class=\"container row\"> \n\t\t\t<div>\n  <ul class=\"image-gallery\"><li style=\"float: left;\"> <img decoding=\"async\" src=\"https:\/\/albaen.it\/wp-content\/uploads\/Industria-Alimentare-_-HO.RE_.CA_.-2.png\" alt=\"Industria Alimentare \/ HO.RE.CA\" style=\"height:60px;\"\/>  <span class=\"products_icons\">Industria Alimentaria \/ HO.RE.CA<\/span> <\/li><li style=\"float: left;\"> <img decoding=\"async\" src=\"https:\/\/albaen.it\/wp-content\/uploads\/Sanita2.png\" alt=\"Sanit\u00e0\" style=\"height:60px;\"\/>  <span class=\"products_icons\">Salud<\/span> <\/li><\/ul>\n<\/div><\/div>\n\t<div class=\"wpb_text_column wpb_content_element\" >\n\t\t<div class=\"wpb_wrapper\">\n\t\t\t\n\n\t\t<\/div>\n\t<\/div>\n\n\t<div class=\"wpb_text_column wpb_content_element\" >\n\t\t<div class=\"wpb_wrapper\">\n\t\t\t\n\t\t<\/div>\n\t<\/div>\n<\/span><\/span><strong><span style=\"vertical-align: inherit;\"><span style=\"vertical-align: inherit;\"> <\/span><\/span><\/strong><span style=\"vertical-align: inherit;\"><span style=\"vertical-align: inherit;\"> [ \/vc_column_text]<\/div><\/div><\/div><\/div><\/span><\/span><\/p>\n<\/div>","protected":false},"excerpt":{"rendered":"<p>C\u00f3modos y ligeros zapatos de seguridad S2 SRC blancos de la l\u00ednea White Elegance, con un dise\u00f1o limpio y lineal, en microfibra hidr\u00f3fuga, con un suave cuello de Lycra que envuelve el tobillo y alivia la presi\u00f3n, brindando mayor comodidad.<\/p>\n<p>El calzado SANTORINI es antiest\u00e1tico, Equipado con una puntera de material de seguridad ultraligero y no met\u00e1lico, suela antideslizante SRC y forro antibacteriano.<br \/>\nPr\u00e1ctico y f\u00e1cil de limpiar, lavable a m\u00e1quina hasta 30\u00b0C.<br \/>\nIdeal para las industrias alimentaria, farmac\u00e9utica y sanitaria\/hospitalaria.<\/p>\n<p><a href=\"https:\/\/albaen.it\/wp-content\/uploads\/W1073C-S2.spa_.pdf\"><button class=\"btn1\"><span style=\"vertical-align: inherit;\"><span style=\"vertical-align: inherit;\">DESCARGAR FICHA T\u00c9CNICA<\/span><\/span><\/button><\/a>\u00a0 \u00a0<a href=\"https:\/\/albaen.it\/wp-content\/uploads\/W1073C-S2-Dich.-conformita.pdf\"><button><span style=\"vertical-align: inherit;\">DECLARACI\u00d3N DE CONFORMIDAD<\/span><\/button><\/a><\/p>","protected":false},"featured_media":20577,"comment_status":"open","ping_status":"closed","template":"","meta":[],"product_brand":[],"product_cat":[278],"product_tag":[],"class_list":{"0":"post-20622","1":"product","2":"type-product","3":"status-publish","4":"has-post-thumbnail","6":"product_cat-white-elegance","7":"pa_categorie-di-protezione-s2","8":"pa_categorie-di-protezione-src","9":"pa_colore-bianco","10":"pa_linea-white-elegance","11":"pa_normativa-en-iso-203452011","12":"pa_settori-industria-alimentare-ho-re-ca","13":"pa_settori-sanita","14":"pa_simboli-antistaticita","15":"pa_simboli-assorbimento-di-energia-nel-tallone","16":"pa_simboli-resistenza-allimpatto-e-compressione","17":"pa_simboli-resistenza-allo-scivolamento","18":"pa_simboli-suola-resistente-agli-oli-e-agli-idrocarburi","19":"pa_taglia-3124","20":"pa_taglia-730","21":"pa_taglia-738","22":"pa_taglia-166","23":"pa_taglia-168","24":"pa_taglia-170","25":"pa_taglia-776","26":"pa_taglia-174","27":"pa_taglia-176","28":"pa_taglia-178","29":"pa_taglia-180","30":"pa_taglia-182","31":"pa_taglia-184","32":"pa_taglia-186","33":"pa_tecnologia-lycra","34":"pa_tecnologia-metal-free","35":"pa_tecnologia-microlight","36":"pa_tipologia-bassa","37":"pa_tipologia-mocassino","39":"first","40":"instock","41":"taxable","42":"shipping-taxable","43":"purchasable","44":"product-type-variable"},"_links":{"self":[{"href":"https:\/\/albaen.it\/esp\/wp-json\/wp\/v2\/product\/20622","targetHints":{"allow":["GET"]}}],"collection":[{"href":"https:\/\/albaen.it\/esp\/wp-json\/wp\/v2\/product"}],"about":[{"href":"https:\/\/albaen.it\/esp\/wp-json\/wp\/v2\/types\/product"}],"replies":[{"embeddable":true,"href":"https:\/\/albaen.it\/esp\/wp-json\/wp\/v2\/comments?post=20622"}],"wp:featuredmedia":[{"embeddable":true,"href":"https:\/\/albaen.it\/esp\/wp-json\/wp\/v2\/media\/20577"}],"wp:attachment":[{"href":"https:\/\/albaen.it\/esp\/wp-json\/wp\/v2\/media?parent=20622"}],"wp:term":[{"taxonomy":"product_brand","embeddable":true,"href":"https:\/\/albaen.it\/esp\/wp-json\/wp\/v2\/product_brand?post=20622"},{"taxonomy":"product_cat","embeddable":true,"href":"https:\/\/albaen.it\/esp\/wp-json\/wp\/v2\/product_cat?post=20622"},{"taxonomy":"product_tag","embeddable":true,"href":"https:\/\/albaen.it\/esp\/wp-json\/wp\/v2\/product_tag?post=20622"}],"curies":[{"name":"wp","href":"https:\/\/api.w.org\/{rel}","templated":true}]}}