{"id":20543,"date":"2024-03-05T12:44:30","date_gmt":"2024-03-05T11:44:30","guid":{"rendered":"https:\/\/albaen.it\/?post_type=product&#038;p=20543"},"modified":"2024-05-10T12:08:13","modified_gmt":"2024-05-10T10:08:13","slug":"sandalo-da-lavoro-ecuador-k53-s1-src","status":"publish","type":"product","link":"https:\/\/albaen.it\/esp\/shop\/k-kruja\/sandalo-da-lavoro-ecuador-k53-s1-src\/","title":{"rendered":"ECUADOR S1 SRC"},"content":{"rendered":"<div class=\"wpb-content-wrapper\"><div class=\"vc_row wpb_row vc_row-fluid\"><div class=\"wpb_column vc_column_container vc_col-sm-6\"><div class=\"vc_column-inner\"><div class=\"wpb_wrapper\">\n\t<div class=\"wpb_text_column wpb_content_element\" >\n\t\t<div class=\"wpb_wrapper\">\n\t\t\t<p>Sandalia de seguridad \"S1 SRC en ante y pr\u00e1ctico cierre con cinta de velcro. Los orificios en la puntera y las aberturas laterales permiten un excelente nivel de ventilaci\u00f3n del pie, incluso en los d\u00edas m\u00e1s calurosos. Forro en tejido transpirable resistente a la abrasi\u00f3n y plantilla antiest\u00e1tica y extra\u00edble. Suela ligera y antiest\u00e1tica, compatible con SRC contra deslizamientos.<br \/>\nUsos recomendados: almacenes, transporte, eliminaci\u00f3n de residuos.<\/p>\n<p><strong><span style=\"vertical-align: inherit;\">EMPEINE<\/span><\/strong><span style=\"vertical-align: inherit;\"> Peil serraje  perforada, pr\u00e1ctico cierre ajustable con cinta de velcro.<br \/>\n<\/span><br \/>\n<strong><span style=\"vertical-align: inherit;\">FORRO INTERIOR<\/span><\/strong><span style=\"vertical-align: inherit;\"> Forro interno con efecto 3D, transpirable y con excelente resistencia a la abrasi\u00f3n.<br \/>\n<\/span><br \/>\n<strong><span style=\"vertical-align: inherit;\">PUNTERA <\/span><\/strong><span style=\"vertical-align: inherit;\">Met\u00e1lico, resistente al impacto igual a una fuerza de 200J y compresi\u00f3n hasta 15Kn.<\/span><span style=\"vertical-align: inherit;\"><br \/>\n<\/span><br \/>\n<strong><span style=\"vertical-align: inherit;\">PLANTILLA ANTIPERFORACI\u00d3N<\/span><\/strong><span style=\"vertical-align: inherit;\"> Plantilla antiperforaci\u00f3n de acero INOX resistente a perforaciones de hasta 1100N.<br \/>\n<\/span><br \/>\n<strong><span style=\"vertical-align: inherit;\">SUELA<\/span><\/strong><span style=\"vertical-align: inherit;\"> PU monodensidad, antiest\u00e1tico, antideslizante SRC, resistente a aceites e hidrocarburos, absorci\u00f3n de impactos en la zona del tal\u00f3n.<br \/>\n<\/span><br \/>\n<strong><span style=\"vertical-align: inherit;\">PLANTILLA <\/span><\/strong><span style=\"vertical-align: inherit;\">Antiest\u00e1tico, desmontable y lavable.<\/span><span style=\"vertical-align: inherit;\"><br \/>\n<\/span><br \/>\n<strong><span style=\"vertical-align: inherit;\">HORMA <\/span><\/strong> <em><span style=\"vertical-align: inherit;\">Mondopoint<\/span><\/em><span style=\"vertical-align: inherit;\"> 10 \u2013  regular y comodo<br \/>\n<\/span><br \/>\n<strong><span style=\"vertical-align: inherit;\">NORMA<\/span><\/strong><span style=\"vertical-align: inherit;\"> EN ISO 20345:2011<\/span><\/p>\n<p><strong>PESO\u00a0<\/strong> 610 GR \u00bd paio 42<\/p>\n\n\t\t<\/div>\n\t<\/div>\n<\/div><\/div><\/div><div class=\"wpb_column vc_column_container vc_col-sm-6\"><div class=\"vc_column-inner\"><div class=\"wpb_wrapper\">\n\t<div class=\"wpb_text_column wpb_content_element\" >\n\t\t<div class=\"wpb_wrapper\">\n\t\t\t<p>El nombre de la l\u00ednea, KRUJA, se inspira en un pueblo de estilo medieval alban\u00e9s situado en las empinadas paredes de las monta\u00f1as, llamado KRUJ\u00cb. Inspir\u00e1ndose as\u00ed en la fuerza y \u200b\u200bla rocosidad que distinguen a este particular pueblo hist\u00f3rico, la suela Kruja, inyectada en PU monodensidad, representa una combinaci\u00f3n perfecta de solidez y ligereza al mismo tiempo, garantizando una excelente absorci\u00f3n de impactos gracias al poliuretano, un material altamente el\u00e1stico. y amortiguador.<\/p>\n\n\t\t<\/div>\n\t<\/div>\n<div class=\"icons_cat_title\"> <h2>Categor\u00edas de protecci\u00f3n <\/h2><\/div><div class=\"container row\"> \n\t\t\t<div>\n  <ul class=\"image-gallery\"><li style=\"float: left;\">  <img decoding=\"async\" src=\"https:\/\/albaen.it\/wp-content\/uploads\/simboletti-06.png\"  alt=\"Antistaticita\u0300\" style=\"height:110px;\"\/> <span class=\"products_icons products_icons1\">Anti est\u00e1tico<\/span> <\/li><li style=\"float: left;\">  <img decoding=\"async\" src=\"https:\/\/albaen.it\/wp-content\/uploads\/simboletti-07.png\"  alt=\"Assorbimento di energia nel tallone\" style=\"height:110px;\"\/> <span class=\"products_icons products_icons1\">Absorci\u00f3n de energ\u00eda en el tal\u00f3n<\/span> <\/li><li style=\"float: left;\">  <img decoding=\"async\" src=\"https:\/\/albaen.it\/wp-content\/uploads\/simboletti-22.png\"  alt=\"Resistenza all\u2019impatto e compressione\" style=\"height:110px;\"\/> <span class=\"products_icons products_icons1\">Resistencia al impacto y a la compresi\u00f3n<\/span> <\/li><li style=\"float: left;\">  <img decoding=\"async\" src=\"https:\/\/albaen.it\/wp-content\/uploads\/simboletti-11.png\"  alt=\"Resistenza allo scivolamento\" style=\"height:110px;\"\/> <span class=\"products_icons products_icons1\">Resistencia al deslizamiento.<\/span> <\/li><li style=\"float: left;\">  <img decoding=\"async\" src=\"https:\/\/albaen.it\/wp-content\/uploads\/simboletti-04.png\"  alt=\"Suola resistente agli oli e agli idrocarburi\" style=\"height:110px;\"\/> <span class=\"products_icons products_icons1\">Suela resistente a aceites e hidrocarburos<\/span> <\/li><\/ul>\n<\/div><\/div>\n\t<div class=\"wpb_text_column wpb_content_element\" >\n\t\t<div class=\"wpb_wrapper\">\n\t\t\t\n\n\t\t<\/div>\n\t<\/div>\n<div class=\"icons_cat_title\"> <h2>Sectores de uso <\/h2><\/div><div class=\"container row\"> \n\t\t\t<div>\n  <ul class=\"image-gallery\"><li style=\"float: left;\"> <img decoding=\"async\" src=\"https:\/\/albaen.it\/wp-content\/uploads\/Artigianato-_-Officine-1.png\" alt=\"Artigianato \/ Officine\" style=\"height:60px;\"\/>  <span class=\"products_icons\">Artesan\u00eda \/ Talleres<\/span> <\/li><li style=\"float: left;\"> <img decoding=\"async\" src=\"https:\/\/albaen.it\/wp-content\/uploads\/Logistica-_-Trasporto-1.png\" alt=\"Logistica \/ Trasporto\" style=\"height:60px;\"\/>  <span class=\"products_icons\">Log\u00edstica \/ Transporte<\/span> <\/li><li style=\"float: left;\"> <img decoding=\"async\" src=\"https:\/\/albaen.it\/wp-content\/uploads\/Magazzino-_-GDO-1.png\" alt=\"Magazzino \/ GDO\" style=\"height:60px;\"\/>  <span class=\"products_icons\">Almac\u00e9n \/ GDO<\/span> <\/li><li style=\"float: left;\"> <img decoding=\"async\" src=\"https:\/\/albaen.it\/wp-content\/uploads\/Smaltimento-rifiuti1.png\" alt=\"Smaltimento rifiuti\" style=\"height:60px;\"\/>  <span class=\"products_icons\">Deposito de basura<\/span> <\/li><\/ul>\n<\/div><\/div>\n\t<div class=\"wpb_text_column wpb_content_element\" >\n\t\t<div class=\"wpb_wrapper\">\n\t\t\t\n\n\t\t<\/div>\n\t<\/div>\n<div class=\"icons_cat_title\"> <h2>Tecnolog\u00eda <\/h2><\/div><div class=\"container row\"> \n\t\t\t<div>\n  <ul class=\"image-gallery\"><li style=\"float: left;\"><img decoding=\"async\" src=\"https:\/\/albaen.it\/wp-content\/uploads\/s-cap.png\"  alt=\"Puntale di sicurezza in acciaio\" style=\"height:60px;\"\/><span class=\"products_icons\">Puntera de seguridad de acero.<\/span><\/li><li style=\"float: left;\"><img decoding=\"async\" src=\"https:\/\/albaen.it\/wp-content\/uploads\/Breath-tex.png\"  alt=\"Tessuto 3D traspirante\" style=\"height:60px;\"\/><span class=\"products_icons\">Tejido 3D transpirable<\/span><\/li><\/ul>\n<\/div><\/div>\n\t<div class=\"wpb_text_column wpb_content_element\" >\n\t\t<div class=\"wpb_wrapper\">\n\t\t\t<p><strong><\/strong><\/p>\n\n\t\t<\/div>\n\t<\/div>\n<\/div><\/div><\/div><\/div>\n<\/div>","protected":false},"excerpt":{"rendered":"<p>Sandalia de trabajo \"ECUADOR S1 SRC, con puntera de acero de seguridad, fabricada \u00edntegramente en piel serraje y perforada en la parte delantera para asegurar una mayor ventilaci\u00f3n del pie incluso con altas temperaturas.<\/p>\n<p>DISE\u00d1O Y FUNCIONALIDAD: Correa ajustable y cierre de velcro para un mejor ajuste y comodidad.<br \/>\nECUADOR es un zapato antiest\u00e1tico que cuenta con una suela ligera y amortiguadora, certificada como antideslizante SRC, para evitar ca\u00eddas y tropezones sobre superficies de cer\u00e1mica y acero.<br \/>\nMuy practica, ideal para la temporada de verano.<\/p>\n<p><a href=\"https:\/\/albaen.it\/wp-content\/uploads\/K53A-S1.esp_.pdf\"><button class=\"btn1\"><span style=\"vertical-align: inherit;\">DESCARGAR FICHA T\u00c9CNICA<\/span><\/button><\/a> \u00a0\u00a0<a><button><span style=\"vertical-align: inherit;\">DECLARACI\u00d3N DE CONFORMIDAD<\/span><\/button><\/a><\/p>","protected":false},"featured_media":20566,"comment_status":"closed","ping_status":"closed","template":"","meta":[],"product_brand":[],"product_cat":[448],"product_tag":[],"class_list":{"0":"post-20543","1":"product","2":"type-product","3":"status-publish","4":"has-post-thumbnail","6":"product_cat-k-kruja","7":"pa_categorie-di-protezione-s1","8":"pa_categorie-di-protezione-src","9":"pa_colore-blu","10":"pa_linea-kruja","11":"pa_normativa-en-iso-203452011","12":"pa_settori-artigianato-officine","13":"pa_settori-logistica-trasporto","14":"pa_settori-magazzino-gdo","15":"pa_settori-smaltimento-rifiuti","16":"pa_simboli-antistaticita","17":"pa_simboli-assorbimento-di-energia-nel-tallone","18":"pa_simboli-resistenza-allimpatto-e-compressione","19":"pa_simboli-resistenza-allo-scivolamento","20":"pa_simboli-suola-resistente-agli-oli-e-agli-idrocarburi","21":"pa_taglia-730","22":"pa_taglia-738","23":"pa_taglia-166","24":"pa_taglia-168","25":"pa_taglia-170","26":"pa_taglia-776","27":"pa_taglia-174","28":"pa_taglia-176","29":"pa_taglia-178","30":"pa_taglia-180","31":"pa_taglia-182","32":"pa_taglia-184","33":"pa_taglia-186","34":"pa_tecnologia-puntale-di-sicurezza-in-acciaio","35":"pa_tecnologia-tessuto-3d-traspirante","36":"pa_tipologia-bassa","37":"pa_tipologia-sandalo","39":"first","40":"instock","41":"taxable","42":"shipping-taxable","43":"purchasable","44":"product-type-variable"},"_links":{"self":[{"href":"https:\/\/albaen.it\/esp\/wp-json\/wp\/v2\/product\/20543","targetHints":{"allow":["GET"]}}],"collection":[{"href":"https:\/\/albaen.it\/esp\/wp-json\/wp\/v2\/product"}],"about":[{"href":"https:\/\/albaen.it\/esp\/wp-json\/wp\/v2\/types\/product"}],"replies":[{"embeddable":true,"href":"https:\/\/albaen.it\/esp\/wp-json\/wp\/v2\/comments?post=20543"}],"wp:featuredmedia":[{"embeddable":true,"href":"https:\/\/albaen.it\/esp\/wp-json\/wp\/v2\/media\/20566"}],"wp:attachment":[{"href":"https:\/\/albaen.it\/esp\/wp-json\/wp\/v2\/media?parent=20543"}],"wp:term":[{"taxonomy":"product_brand","embeddable":true,"href":"https:\/\/albaen.it\/esp\/wp-json\/wp\/v2\/product_brand?post=20543"},{"taxonomy":"product_cat","embeddable":true,"href":"https:\/\/albaen.it\/esp\/wp-json\/wp\/v2\/product_cat?post=20543"},{"taxonomy":"product_tag","embeddable":true,"href":"https:\/\/albaen.it\/esp\/wp-json\/wp\/v2\/product_tag?post=20543"}],"curies":[{"name":"wp","href":"https:\/\/api.w.org\/{rel}","templated":true}]}}