{"id":20516,"date":"2024-03-05T11:06:24","date_gmt":"2024-03-05T10:06:24","guid":{"rendered":"https:\/\/albaen.it\/?post_type=product&#038;p=20516"},"modified":"2026-01-01T19:58:37","modified_gmt":"2026-01-01T18:58:37","slug":"scarpa-antinfortunistica-bassa-quarzo-c28sk-s1p-src","status":"publish","type":"product","link":"https:\/\/albaen.it\/esp\/shop\/c-challenge\/scarpa-antinfortunistica-bassa-quarzo-c28sk-s1p-src\/","title":{"rendered":"QUARZO S1P SRC"},"content":{"rendered":"<div class=\"wpb-content-wrapper\"><div class=\"vc_row wpb_row vc_row-fluid\"><div class=\"wpb_column vc_column_container vc_col-sm-6\"><div class=\"vc_column-inner\"><div class=\"wpb_wrapper\">\n\t<div class=\"wpb_text_column wpb_content_element\" >\n\t\t<div class=\"wpb_wrapper\">\n\t\t\t<p>Calzado de seguridad bajo en serraje S1P, con suela antideslizante SRC, equipado con protecci\u00f3n en los dedos y perforaciones en la planta. Este producto est\u00e1 certificado y cumple con todos los requisitos de la norma europea EN ISO 20345:2011 regida por el Reglamento (UE) 2016\/425.<\/p>\n<p><strong><span style=\"vertical-align: inherit;\">EMPEINE<\/span><\/strong><span style=\"vertical-align: inherit;\"> Serraje perforado con cuello acolchado y leng\u00fceta en tejido de nailon.<br \/>\n<\/span><br \/>\n<strong><span style=\"vertical-align: inherit;\">FORRO INTERIOR<\/span><\/strong><span style=\"vertical-align: inherit;\"> Forro interno con efecto 3D, transpirable y con excelente resistencia a la abrasi\u00f3n.<br \/>\n<\/span><br \/>\n<strong><span style=\"vertical-align: inherit;\">PUNTERA <\/span><\/strong><span style=\"vertical-align: inherit;\">no met\u00e1lica, de composite, resistente a un impacto de fuerza hasta 200J y una compresi\u00f3n de hasta 15Kn. Ligero, no magn\u00e9tico y at\u00e9rmico.<\/span><span style=\"vertical-align: inherit;\"><br \/>\n<\/span><br \/>\n<strong><span style=\"vertical-align: inherit;\">PLANTILLA ANTIPERFORACI\u00d3N<\/span><\/strong><span style=\"vertical-align: inherit;\"> Textil, resistente a perforaciones hasta 1100N. Protege toda la superficie de la planta del pie. Flexible y confortable, amagn\u00e9tico, antiest\u00e1tico y termoaislante.<br \/>\n<\/span><br \/>\n<strong><span style=\"vertical-align: inherit;\">SUELA<\/span><\/strong><span style=\"vertical-align: inherit;\"> PU\/PU bidensidad, antiest\u00e1tico, antideslizante SRC, resistente a aceites e hidrocarburos, absorci\u00f3n de impactos en la zona del tal\u00f3n.<br \/>\n<\/span><br \/>\n<strong><span style=\"vertical-align: inherit;\">PLANTILLA <\/span><\/strong><span style=\"vertical-align: inherit;\">Claudia - plantilla anat\u00f3mica de PU antiest\u00e1tico y amortiguador, recubierta de tejido transpirable y antiabrasi\u00f3n. Antiest\u00e1tico, amovible y lavable.<\/span><span style=\"vertical-align: inherit;\"><br \/>\n<\/span><br \/>\n<strong><span style=\"vertical-align: inherit;\">HORMA <\/span><\/strong> <em><span style=\"vertical-align: inherit;\">Mondopoint<\/span><\/em><span style=\"vertical-align: inherit;\"> 11 \u2013 ancho y c\u00f3modo.<br \/>\n<\/span><br \/>\n<strong><span style=\"vertical-align: inherit;\">NORMA<\/span><\/strong><span style=\"vertical-align: inherit;\"> EN ISO 20345:2011<\/span><\/p>\n<p><strong>PESO\u00a0<\/strong> 655 GR \u00bd paio 42<\/p>\n\n\t\t<\/div>\n\t<\/div>\n<\/div><\/div><\/div><div class=\"wpb_column vc_column_container vc_col-sm-6\"><div class=\"vc_column-inner\"><div class=\"wpb_wrapper\">\n\t<div class=\"wpb_text_column wpb_content_element\" >\n\t\t<div class=\"wpb_wrapper\">\n\t\t\t<p>La suela del calzado QUARZO, colecci\u00f3n CHALLENGE, representa por excelencia toda la seguridad, estabilidad, amortiguaci\u00f3n y comodidad necesarias especialmente para actividades interiores o exteriores, en las estaciones m\u00e1s c\u00e1lidas.<br \/>\nInyectada en poliuretano de doble densidad, para proporcionar altos niveles de absorci\u00f3n de impactos, la suela tiene un protector de dedos integrado, resistente al desgaste y particularmente adecuado para actividades laborales sobre las rodillas.<\/p>\n<p>El ajuste ancho (Mondopoint 11) proporciona al pie libertad de movimiento y comodidad, incluso despu\u00e9s de varias horas de trabajo.<\/p>\n\n\t\t<\/div>\n\t<\/div>\n<div class=\"icons_cat_title\"> <h2>Categor\u00edas de protecci\u00f3n <\/h2><\/div><div class=\"container row\"> \n\t\t\t<div>\n  <ul class=\"image-gallery\"><li style=\"float: left;\">  <img decoding=\"async\" src=\"https:\/\/albaen.it\/wp-content\/uploads\/simboletti-06.png\"  alt=\"Antistaticita\u0300\" style=\"height:110px;\"\/> <span class=\"products_icons products_icons1\">Anti est\u00e1tico<\/span> <\/li><li style=\"float: left;\">  <img decoding=\"async\" src=\"https:\/\/albaen.it\/wp-content\/uploads\/simboletti-07.png\"  alt=\"Assorbimento di energia nel tallone\" style=\"height:110px;\"\/> <span class=\"products_icons products_icons1\">Absorci\u00f3n de energ\u00eda en el tal\u00f3n<\/span> <\/li><li style=\"float: left;\">  <img decoding=\"async\" src=\"https:\/\/albaen.it\/wp-content\/uploads\/simboletti-08.png\"  alt=\"Inserto antiforo resistente alla perforazione \u00d8=4,5mm\" style=\"height:110px;\"\/> <span class=\"products_icons products_icons1\">Inserto antiperforaci\u00f3n, resistente a la perforaci\u00f3n \u00d8=4,5mm<\/span> <\/li><li style=\"float: left;\">  <img decoding=\"async\" src=\"https:\/\/albaen.it\/wp-content\/uploads\/simboletti-22.png\"  alt=\"Resistenza all\u2019impatto e compressione\" style=\"height:110px;\"\/> <span class=\"products_icons products_icons1\">Resistencia al impacto y a la compresi\u00f3n<\/span> <\/li><li style=\"float: left;\">  <img decoding=\"async\" src=\"https:\/\/albaen.it\/wp-content\/uploads\/simboletti-11.png\"  alt=\"Resistenza allo scivolamento\" style=\"height:110px;\"\/> <span class=\"products_icons products_icons1\">Resistencia al deslizamiento.<\/span> <\/li><li style=\"float: left;\">  <img decoding=\"async\" src=\"https:\/\/albaen.it\/wp-content\/uploads\/simboletti-04.png\"  alt=\"Suola resistente agli oli e agli idrocarburi\" style=\"height:110px;\"\/> <span class=\"products_icons products_icons1\">Suela resistente a aceites e hidrocarburos<\/span> <\/li><\/ul>\n<\/div><\/div>\n\t<div class=\"wpb_text_column wpb_content_element\" >\n\t\t<div class=\"wpb_wrapper\">\n\t\t\t\n\n\t\t<\/div>\n\t<\/div>\n<div class=\"icons_cat_title\"> <h2>Sectores de uso <\/h2><\/div><div class=\"container row\"> \n\t\t\t<div>\n  <ul class=\"image-gallery\"><li style=\"float: left;\"> <img decoding=\"async\" src=\"https:\/\/albaen.it\/wp-content\/uploads\/Artigianato-_-Officine-1.png\" alt=\"Artigianato \/ Officine\" style=\"height:60px;\"\/>  <span class=\"products_icons\">Artesan\u00eda \/ Talleres<\/span> <\/li><li style=\"float: left;\"> <img decoding=\"async\" src=\"https:\/\/albaen.it\/wp-content\/uploads\/Logistica-_-Trasporto-1.png\" alt=\"Logistica \/ Trasporto\" style=\"height:60px;\"\/>  <span class=\"products_icons\">Log\u00edstica \/ Transporte<\/span> <\/li><li style=\"float: left;\"> <img decoding=\"async\" src=\"https:\/\/albaen.it\/wp-content\/uploads\/Magazzino-_-GDO-1.png\" alt=\"Magazzino \/ GDO\" style=\"height:60px;\"\/>  <span class=\"products_icons\">Almac\u00e9n \/ GDO<\/span> <\/li><\/ul>\n<\/div><\/div>\n\t<div class=\"wpb_text_column wpb_content_element\" >\n\t\t<div class=\"wpb_wrapper\">\n\t\t\t\n\n\t\t<\/div>\n\t<\/div>\n<div class=\"icons_cat_title\"> <h2>Tecnolog\u00eda <\/h2><\/div><div class=\"container row\"> \n\t\t\t<div>\n  <ul class=\"image-gallery\"><li style=\"float: left;\"><img decoding=\"async\" src=\"https:\/\/albaen.it\/wp-content\/uploads\/No-nail-tex.png\"  alt=\"Lamina antiforo in tessuto\" style=\"height:60px;\"\/><span class=\"products_icons\">Placa de tela antipinchazos<\/span><\/li><li style=\"float: left;\"><img decoding=\"async\" src=\"https:\/\/albaen.it\/wp-content\/uploads\/C-Cap.png\"  alt=\"Puntale di sicurezza composito\" style=\"height:60px;\"\/><span class=\"products_icons\">Puntera de seguridad compuesta<\/span><\/li><\/ul>\n<\/div><\/div>\n\t<div class=\"wpb_text_column wpb_content_element\" >\n\t\t<div class=\"wpb_wrapper\">\n\t\t\t<p><strong><\/strong><\/p>\n\n\t\t<\/div>\n\t<\/div>\n<\/div><\/div><\/div><\/div>\n<\/div>","protected":false},"excerpt":{"rendered":"<p>Zapato de seguridad en serraje suave con orificios laterales para una mayor ventilaci\u00f3n y transpirabilidad del pie. El forro interno 3D absorbe el sudor, deja respirar el pie y resiste la abrasi\u00f3n. Puntera de seguridad innovadora, no met\u00e1lica y resistente hasta 200J Textil antiperforaci\u00f3n. plantilla que asegura CERO penetraci\u00f3n de material met\u00e1lico.La suela PU\/PU est\u00e1 dise\u00f1ada para garantizar una excelente absorci\u00f3n de impactos y presenta una p\u00faa en la puntera, perfecta para una mayor vida \u00fatil del calzado.<br \/>\nAjuste amplio, para una comodidad \u00f3ptima incluso despu\u00e9s de un d\u00eda de trabajo.<\/p>\n<p><a href=\"https:\/\/albaen.it\/wp-content\/uploads\/C28SCK-S1P.esp_-1.pdf\"><button class=\"btn1\"><span style=\"vertical-align: inherit;\">DESCARGAR FICHA T\u00c9CNICA<\/span><\/button><\/a> \u00a0\u00a0<a href=\"https:\/\/albaen.it\/wp-content\/uploads\/C28SK-S1P-Dich.-conformita-1.pdf\"><button><span style=\"vertical-align: inherit;\">DECLARACI\u00d3N DE CONFORMIDAD<\/span><\/button><\/a><\/p>","protected":false},"featured_media":20537,"comment_status":"closed","ping_status":"closed","template":"","meta":[],"product_brand":[],"product_cat":[17],"product_tag":[],"class_list":{"0":"post-20516","1":"product","2":"type-product","3":"status-publish","4":"has-post-thumbnail","6":"product_cat-c-challenge","7":"pa_categorie-di-protezione-s1p","8":"pa_categorie-di-protezione-src","9":"pa_colore-grigio","10":"pa_linea-challenge","11":"pa_normativa-en-iso-203452011","12":"pa_settori-artigianato-officine","13":"pa_settori-logistica-trasporto","14":"pa_settori-magazzino-gdo","15":"pa_simboli-antistaticita","16":"pa_simboli-assorbimento-di-energia-nel-tallone","17":"pa_simboli-inserto-antiforo-resistente-alla-perforazione-o45mm-2","18":"pa_simboli-resistenza-allimpatto-e-compressione","19":"pa_simboli-resistenza-allo-scivolamento","20":"pa_simboli-suola-resistente-agli-oli-e-agli-idrocarburi","21":"pa_taglia-3124","22":"pa_taglia-730","23":"pa_taglia-738","24":"pa_taglia-166","25":"pa_taglia-168","26":"pa_taglia-170","27":"pa_taglia-776","28":"pa_taglia-174","29":"pa_taglia-176","30":"pa_taglia-178","31":"pa_taglia-180","32":"pa_taglia-182","33":"pa_taglia-184","34":"pa_taglia-186","35":"pa_tecnologia-lamina-antiforo-in-tessuto","36":"pa_tecnologia-puntale-di-sicurezza-composito","37":"pa_tipologia-bassa","39":"first","40":"instock","41":"taxable","42":"shipping-taxable","43":"purchasable","44":"product-type-variable"},"_links":{"self":[{"href":"https:\/\/albaen.it\/esp\/wp-json\/wp\/v2\/product\/20516","targetHints":{"allow":["GET"]}}],"collection":[{"href":"https:\/\/albaen.it\/esp\/wp-json\/wp\/v2\/product"}],"about":[{"href":"https:\/\/albaen.it\/esp\/wp-json\/wp\/v2\/types\/product"}],"replies":[{"embeddable":true,"href":"https:\/\/albaen.it\/esp\/wp-json\/wp\/v2\/comments?post=20516"}],"wp:featuredmedia":[{"embeddable":true,"href":"https:\/\/albaen.it\/esp\/wp-json\/wp\/v2\/media\/20537"}],"wp:attachment":[{"href":"https:\/\/albaen.it\/esp\/wp-json\/wp\/v2\/media?parent=20516"}],"wp:term":[{"taxonomy":"product_brand","embeddable":true,"href":"https:\/\/albaen.it\/esp\/wp-json\/wp\/v2\/product_brand?post=20516"},{"taxonomy":"product_cat","embeddable":true,"href":"https:\/\/albaen.it\/esp\/wp-json\/wp\/v2\/product_cat?post=20516"},{"taxonomy":"product_tag","embeddable":true,"href":"https:\/\/albaen.it\/esp\/wp-json\/wp\/v2\/product_tag?post=20516"}],"curies":[{"name":"wp","href":"https:\/\/api.w.org\/{rel}","templated":true}]}}