{"id":20379,"date":"2024-02-22T16:20:37","date_gmt":"2024-02-22T15:20:37","guid":{"rendered":"https:\/\/albaen.it\/?post_type=product&#038;p=20379"},"modified":"2024-05-15T09:15:37","modified_gmt":"2024-05-15T07:15:37","slug":"scarpa-antinfortunistica-bassa-city-j14ak-s1p-src","status":"publish","type":"product","link":"https:\/\/albaen.it\/esp\/shop\/jogger\/scarpa-antinfortunistica-bassa-city-j14ak-s1p-src\/","title":{"rendered":"CITY S1P SRC"},"content":{"rendered":"<div class=\"wpb-content-wrapper\"><div class=\"vc_row wpb_row vc_row-fluid\"><div class=\"wpb_column vc_column_container vc_col-sm-6\"><div class=\"vc_column-inner\"><div class=\"wpb_wrapper\">\n\t<div class=\"wpb_text_column wpb_content_element\" >\n\t\t<div class=\"wpb_wrapper\">\n\t\t\t<p>Zapatos de seguridad bajos S1P SRC de la l\u00ednea JOGGER de Alba&amp;n, fabricados con materiales ligeros y resistentes para un confort excepcional.<\/p>\n<p><strong><span style=\"vertical-align: inherit;\">EMPEINE<\/span><\/strong><span style=\"vertical-align: inherit;\"> Piel serraje y tejido denim resistente y transpirable, con inserci\u00f3n lateral HF.<br \/>\n<\/span><br \/>\n<strong><span style=\"vertical-align: inherit;\">FORRO INTERIOR<\/span><\/strong><span style=\"vertical-align: inherit;\"> Forro interno con efecto 3D, transpirable y con excelente resistencia a la abrasi\u00f3n.<br \/>\n<\/span><br \/>\n<strong><span style=\"vertical-align: inherit;\">PUNTERA <\/span><\/strong><span style=\"vertical-align: inherit;\">Met\u00e1lico, resistente al impacto igual a una fuerza de 200J y compresi\u00f3n hasta 15Kn.<\/span><span style=\"vertical-align: inherit;\"><br \/>\n<\/span><br \/>\n<strong><span style=\"vertical-align: inherit;\">PLANTILLA ANTIPERFORACI\u00d3N<\/span><\/strong><span style=\"vertical-align: inherit;\"> Textil, resistente a perforaciones hasta 1100N. Protege toda la superficie de la planta del pie. Flexible y confortable, amagn\u00e9tico, antiest\u00e1tico y termoaislante.<br \/>\n<\/span><br \/>\n<strong><span style=\"vertical-align: inherit;\">SUELA<\/span><\/strong><span style=\"vertical-align: inherit;\"> Inyecci\u00f3n directa - PU\/RPU bidensidad, antiest\u00e1tico, antideslizante SRC, resistente a aceites e hidrocarburos, absorci\u00f3n de impactos en la zona del tal\u00f3n.<br \/>\n<\/span><br \/>\n<strong><span style=\"vertical-align: inherit;\">PLANTILLA <\/span><\/strong><span style=\"vertical-align: inherit;\">ELISA anat\u00f3mica con revestimiento de tejido transpirable y antiabrasi\u00f3n. Base de poliuretano el\u00e1stico , amortiguador y c\u00f3modo amortiguador en el tal\u00f3n para una absorci\u00f3n de impactos con efecto antifatiga. Transpirable, antiest\u00e1tico, desmontable y lavable.<\/span><span style=\"vertical-align: inherit;\"><br \/>\n<\/span><br \/>\n<strong><span style=\"vertical-align: inherit;\">HORMA <\/span><\/strong> <em><span style=\"vertical-align: inherit;\">Mondopoint<\/span><\/em><span style=\"vertical-align: inherit;\"> \u00a010,5 \u2013  regular y comodo<br \/>\n<\/span><br \/>\n<strong><span style=\"vertical-align: inherit;\">NORMA<\/span><\/strong><span style=\"vertical-align: inherit;\"> EN ISO 20345:2011<\/span><\/p>\n<p><strong>PESO\u00a0<\/strong> 564 GR \u00bd par 42<\/p>\n\n\t\t<\/div>\n\t<\/div>\n<\/div><\/div><\/div><div class=\"wpb_column vc_column_container vc_col-sm-6\"><div class=\"vc_column-inner\"><div class=\"wpb_wrapper\">\n\t<div class=\"wpb_text_column wpb_content_element\" >\n\t\t<div class=\"wpb_wrapper\">\n\t\t\t<p>Bello y deportivo, un solo zapato para infinitas formas de uso.<br \/>\nDedicado a todos los profesionales que buscan un look deportivo y la m\u00e1xima seguridad en su calzado.<\/p>\n<p>La categor\u00eda S1P incluye calzado dise\u00f1ado para entornos laborales que no presentan factores de riesgo graves, como entrega de paquetes, trabajos de almac\u00e9n de mercanc\u00edas ligeras, artesan\u00edas e ingenier\u00eda de plantas.<\/p>\n<p>El calzado Jogger Alba&amp;n cuenta con una banda de rodadura \u00fanica en el mercado, cuyo material especial RPU\", una mezcla particular de poliuretano con part\u00edculas de goma, garantiza un excelente rendimiento en todos los suelos y superficies.<\/p>\n\n\t\t<\/div>\n\t<\/div>\n<div class=\"icons_cat_title\"> <h2>Categor\u00edas de protecci\u00f3n <\/h2><\/div><div class=\"container row\"> \n\t\t\t<div>\n  <ul class=\"image-gallery\"><li style=\"float: left;\">  <img decoding=\"async\" src=\"https:\/\/albaen.it\/wp-content\/uploads\/simboletti-06.png\"  alt=\"Antistaticita\u0300\" style=\"height:110px;\"\/> <span class=\"products_icons products_icons1\">Anti est\u00e1tico<\/span> <\/li><li style=\"float: left;\">  <img decoding=\"async\" src=\"https:\/\/albaen.it\/wp-content\/uploads\/simboletti-07.png\"  alt=\"Assorbimento di energia nel tallone\" style=\"height:110px;\"\/> <span class=\"products_icons products_icons1\">Absorci\u00f3n de energ\u00eda en el tal\u00f3n<\/span> <\/li><li style=\"float: left;\">  <img decoding=\"async\" src=\"https:\/\/albaen.it\/wp-content\/uploads\/simboletti-08.png\"  alt=\"Inserto antiforo resistente alla perforazione \u00d8=4,5mm\" style=\"height:110px;\"\/> <span class=\"products_icons products_icons1\">Inserto antiperforaci\u00f3n, resistente a la perforaci\u00f3n \u00d8=4,5mm<\/span> <\/li><li style=\"float: left;\">  <img decoding=\"async\" src=\"https:\/\/albaen.it\/wp-content\/uploads\/simboletti-22.png\"  alt=\"Resistenza all\u2019impatto e compressione\" style=\"height:110px;\"\/> <span class=\"products_icons products_icons1\">Resistencia al impacto y a la compresi\u00f3n<\/span> <\/li><li style=\"float: left;\">  <img decoding=\"async\" src=\"https:\/\/albaen.it\/wp-content\/uploads\/simboletti-11.png\"  alt=\"Resistenza allo scivolamento\" style=\"height:110px;\"\/> <span class=\"products_icons products_icons1\">Resistencia al deslizamiento.<\/span> <\/li><li style=\"float: left;\">  <img decoding=\"async\" src=\"https:\/\/albaen.it\/wp-content\/uploads\/simboletti-04.png\"  alt=\"Suola resistente agli oli e agli idrocarburi\" style=\"height:110px;\"\/> <span class=\"products_icons products_icons1\">Suela resistente a aceites e hidrocarburos<\/span> <\/li><\/ul>\n<\/div><\/div>\n\t<div class=\"wpb_text_column wpb_content_element\" >\n\t\t<div class=\"wpb_wrapper\">\n\t\t\t\n\n\t\t<\/div>\n\t<\/div>\n<div class=\"icons_cat_title\"> <h2>Sectores de uso <\/h2><\/div><div class=\"container row\"> \n\t\t\t<div>\n  <ul class=\"image-gallery\"><li style=\"float: left;\"> <img decoding=\"async\" src=\"https:\/\/albaen.it\/wp-content\/uploads\/Artigianato-_-Officine-1.png\" alt=\"Artigianato \/ Officine\" style=\"height:60px;\"\/>  <span class=\"products_icons\">Artesan\u00eda \/ Talleres<\/span> <\/li><li style=\"float: left;\"> <img decoding=\"async\" src=\"https:\/\/albaen.it\/wp-content\/uploads\/Logistica-_-Trasporto-1.png\" alt=\"Logistica \/ Trasporto\" style=\"height:60px;\"\/>  <span class=\"products_icons\">Log\u00edstica \/ Transporte<\/span> <\/li><li style=\"float: left;\"> <img decoding=\"async\" src=\"https:\/\/albaen.it\/wp-content\/uploads\/Magazzino-_-GDO-1.png\" alt=\"Magazzino \/ GDO\" style=\"height:60px;\"\/>  <span class=\"products_icons\">Almac\u00e9n \/ GDO<\/span> <\/li><\/ul>\n<\/div><\/div>\n\t<div class=\"wpb_text_column wpb_content_element\" >\n\t\t<div class=\"wpb_wrapper\">\n\t\t\t\n\n\t\t<\/div>\n\t<\/div>\n<div class=\"icons_cat_title\"> <h2>Tecnolog\u00eda <\/h2><\/div><div class=\"container row\"> \n\t\t\t<div>\n  <ul class=\"image-gallery\"><li style=\"float: left;\"><img decoding=\"async\" src=\"https:\/\/albaen.it\/wp-content\/uploads\/Xqt-_2.png\"  alt=\"Extra Quality Technology\" style=\"height:60px;\"\/><span class=\"products_icons\">Extra Quality Technology<\/span><\/li><li style=\"float: left;\"><img decoding=\"async\" src=\"https:\/\/albaen.it\/wp-content\/uploads\/No-nail-tex.png\"  alt=\"Lamina antiforo in tessuto\" style=\"height:60px;\"\/><span class=\"products_icons\">Placa de tela antipinchazos<\/span><\/li><li style=\"float: left;\"><img decoding=\"async\" src=\"https:\/\/albaen.it\/wp-content\/uploads\/rpu-technology.png\"  alt=\"Tecnologia RPU\" style=\"height:60px;\"\/><span class=\"products_icons\">tecnolog\u00eda RPU<\/span><\/li><\/ul>\n<\/div><\/div>\n\t<div class=\"wpb_text_column wpb_content_element\" >\n\t\t<div class=\"wpb_wrapper\">\n\t\t\t<p><strong><\/strong><\/p>\n\n\t\t<\/div>\n\t<\/div>\n<\/div><\/div><\/div><\/div>\n<\/div>","protected":false},"excerpt":{"rendered":"<p>El zapato de seguridad CITY S1P de la colecci\u00f3n JOGGER tiene un look deportivo y vanguardista, perfecto para trabajo y tiempo libre, ideal para ambientes secos con riesgo de aplastamiento de los dedos.<\/p>\n<p>El CITY S1P protege el antepi\u00e9 de la ca\u00edda de objetos o impactos de cualquier tipo. Ajuste slim para mayor adherencia al pie. Es un zapato de trabajo que protege de manera eficaz el pie incluso de perforaciones gracias a una plantilla textil que evita la penetraci\u00f3n de metales y objetos contundentes.<\/p>\n<p><a href=\"https:\/\/albaen.it\/wp-content\/uploads\/J14AK-S1P.esp_.pdf\"><button class=\"btn1\"><span style=\"vertical-align: inherit;\">DESCARGAR FICHA T\u00c9CNICA<\/span><\/button><\/a> \u00a0\u00a0<a href=\"https:\/\/albaen.it\/wp-content\/uploads\/J14AK-S1P-Dich.-conformita.pdf\"><button><span style=\"vertical-align: inherit;\">DECLARACI\u00d3N DE CONFORMIDAD<\/span><\/button><\/a><\/p>","protected":false},"featured_media":20398,"comment_status":"closed","ping_status":"closed","template":"","meta":[],"product_brand":[],"product_cat":[106],"product_tag":[],"class_list":{"0":"post-20379","1":"product","2":"type-product","3":"status-publish","4":"has-post-thumbnail","6":"product_cat-jogger","7":"pa_categorie-di-protezione-s1p","8":"pa_categorie-di-protezione-src","9":"pa_colore-blu","10":"pa_linea-jogger","11":"pa_normativa-en-iso-203452011","12":"pa_settori-artigianato-officine","13":"pa_settori-logistica-trasporto","14":"pa_settori-magazzino-gdo","15":"pa_simboli-antistaticita","16":"pa_simboli-assorbimento-di-energia-nel-tallone","17":"pa_simboli-inserto-antiforo-resistente-alla-perforazione-o45mm-2","18":"pa_simboli-resistenza-allimpatto-e-compressione","19":"pa_simboli-resistenza-allo-scivolamento","20":"pa_simboli-suola-resistente-agli-oli-e-agli-idrocarburi","21":"pa_taglia-730","22":"pa_taglia-738","23":"pa_taglia-166","24":"pa_taglia-168","25":"pa_taglia-170","26":"pa_taglia-776","27":"pa_taglia-174","28":"pa_taglia-176","29":"pa_taglia-178","30":"pa_taglia-180","31":"pa_taglia-182","32":"pa_taglia-184","33":"pa_tecnologia-extra-quality-technology","34":"pa_tecnologia-lamina-antiforo-in-tessuto","35":"pa_tecnologia-tecnologia-rpu","36":"pa_tipologia-bassa","38":"first","39":"instock","40":"taxable","41":"shipping-taxable","42":"purchasable","43":"product-type-variable"},"_links":{"self":[{"href":"https:\/\/albaen.it\/esp\/wp-json\/wp\/v2\/product\/20379","targetHints":{"allow":["GET"]}}],"collection":[{"href":"https:\/\/albaen.it\/esp\/wp-json\/wp\/v2\/product"}],"about":[{"href":"https:\/\/albaen.it\/esp\/wp-json\/wp\/v2\/types\/product"}],"replies":[{"embeddable":true,"href":"https:\/\/albaen.it\/esp\/wp-json\/wp\/v2\/comments?post=20379"}],"wp:featuredmedia":[{"embeddable":true,"href":"https:\/\/albaen.it\/esp\/wp-json\/wp\/v2\/media\/20398"}],"wp:attachment":[{"href":"https:\/\/albaen.it\/esp\/wp-json\/wp\/v2\/media?parent=20379"}],"wp:term":[{"taxonomy":"product_brand","embeddable":true,"href":"https:\/\/albaen.it\/esp\/wp-json\/wp\/v2\/product_brand?post=20379"},{"taxonomy":"product_cat","embeddable":true,"href":"https:\/\/albaen.it\/esp\/wp-json\/wp\/v2\/product_cat?post=20379"},{"taxonomy":"product_tag","embeddable":true,"href":"https:\/\/albaen.it\/esp\/wp-json\/wp\/v2\/product_tag?post=20379"}],"curies":[{"name":"wp","href":"https:\/\/api.w.org\/{rel}","templated":true}]}}