{"id":20272,"date":"2024-02-14T15:06:43","date_gmt":"2024-02-14T14:06:43","guid":{"rendered":"https:\/\/albaen.it\/?post_type=product&#038;p=20272"},"modified":"2025-10-15T21:51:13","modified_gmt":"2025-10-15T19:51:13","slug":"scarpa-antinfortunistica-alpi-cf121slk-s3-src","status":"publish","type":"product","link":"https:\/\/albaen.it\/esp\/shop\/c-challenge\/scarpa-antinfortunistica-alpi-cf121slk-s3-src\/","title":{"rendered":"ALPI S3 SRC"},"content":{"rendered":"<div class=\"wpb-content-wrapper\"><div class=\"vc_row wpb_row vc_row-fluid\"><div class=\"wpb_column vc_column_container vc_col-sm-6\"><div class=\"vc_column-inner\"><div class=\"wpb_wrapper\">\n\t<div class=\"wpb_text_column wpb_content_element\" >\n\t\t<div class=\"wpb_wrapper\">\n\t\t\t<p>Botas altas de trabajo S3 en piel flor superior, con puntera protectora y placa antipinchazos, suela SRC antiest\u00e1tica y antideslizante.<\/p>\n<p><strong><span style=\"vertical-align: inherit;\">EMPEINE<\/span><\/strong><span style=\"vertical-align: inherit;\"> Pull-up de cuero engrasado de plena flor, repelente al agua con tiradoras laterales.<br \/>\n<\/span><br \/>\n<strong><span style=\"vertical-align: inherit;\">FORRO INTERIOR<\/span><\/strong><span style=\"vertical-align: inherit;\"> Forro de lana sint\u00e9tica, transpirable y con excelente aislamiento del fr\u00edo.<br \/>\n<\/span><br \/>\n<strong><span style=\"vertical-align: inherit;\">PUNTERA<\/span><\/strong><span style=\"vertical-align: inherit;\"> no met\u00e1lica, de composite, resistente a un impacto de fuerza hasta 200J y una compresi\u00f3n de hasta 15Kn. Ligero, no magn\u00e9tico y at\u00e9rmico.<br \/>\n<\/span><br \/>\n<strong><span style=\"vertical-align: inherit;\">PLANTILLA ANTIPERFORACI\u00d3N<\/span><\/strong><span style=\"vertical-align: inherit;\"> Textil, resistente a perforaciones hasta 1100N. Protege toda la superficie de la planta del pie. Flexible y confortable, amagn\u00e9tico, antiest\u00e1tico y termoaislante.<br \/>\n<\/span><br \/>\n<strong><span style=\"vertical-align: inherit;\">SUELA<\/span><\/strong><span style=\"vertical-align: inherit;\"> inyectado en PU\/PU de doble densidad, antiest\u00e1tico, antideslizante, resistente a aceites e hidrocarburos, absorci\u00f3n de impactos en la zona del tal\u00f3n.<br \/>\n<\/span><br \/>\n<strong><span style=\"vertical-align: inherit;\">PLANTILLA <\/span><\/strong><span style=\"vertical-align: inherit;\">Claudia - plantilla anat\u00f3mica de PU antiest\u00e1tico y amortiguador, recubierta de tejido transpirable y antiabrasi\u00f3n. Antiest\u00e1tico, amovible y lavable.<\/span><span style=\"vertical-align: inherit;\"><br \/>\n<\/span><br \/>\n<strong><span style=\"vertical-align: inherit;\">HORMA <\/span><\/strong> <em><span style=\"vertical-align: inherit;\">Mondopoint<\/span><\/em><span style=\"vertical-align: inherit;\"> \u00a011 \u2013 ancho y c\u00f3modo.<br \/>\n<\/span><br \/>\n<strong><span style=\"vertical-align: inherit;\">NORMA<\/span><\/strong><span style=\"vertical-align: inherit;\"> EN ISO 20345:2011<\/span><\/p>\n<p><strong>PESO\u00a0<\/strong> 795gr \u00bd par 42<\/p>\n\n\t\t<\/div>\n\t<\/div>\n<\/div><\/div><\/div><div class=\"wpb_column vc_column_container vc_col-sm-6\"><div class=\"vc_column-inner\"><div class=\"wpb_wrapper\">\n\t<div class=\"wpb_text_column wpb_content_element\" >\n\t\t<div class=\"wpb_wrapper\">\n\t\t\t<p>La suela de las botas ALPI, colecci\u00f3n CHALLENGE, representa por excelencia toda la seguridad, estabilidad, amortiguaci\u00f3n y comodidad que necesita un trabajador industrial o artesanal.<br \/>\nInyectada en poliuretano de doble densidad, para proporcionar altos niveles de absorci\u00f3n de impactos, la suela tiene un protector de dedos integrado, resistente al desgaste y particularmente adecuado para actividades laborales sobre las rodillas.<\/p>\n<p>El ajuste ancho y ancho le da a esta suela la comodidad y libertad de movimiento adecuadas para el pie, incluso despu\u00e9s de varias horas de trabajo.<\/p>\n\n\t\t<\/div>\n\t<\/div>\n<div class=\"icons_cat_title\"> <h2>Categor\u00edas de protecci\u00f3n <\/h2><\/div><div class=\"container row\"> \n\t\t\t<div>\n  <ul class=\"image-gallery\"><li style=\"float: left;\">  <img decoding=\"async\" src=\"https:\/\/albaen.it\/wp-content\/uploads\/simboletti-06.png\"  alt=\"Antistaticita\u0300\" style=\"height:110px;\"\/> <span class=\"products_icons products_icons1\">Anti est\u00e1tico<\/span> <\/li><li style=\"float: left;\">  <img decoding=\"async\" src=\"https:\/\/albaen.it\/wp-content\/uploads\/simboletti-07.png\"  alt=\"Assorbimento di energia nel tallone\" style=\"height:110px;\"\/> <span class=\"products_icons products_icons1\">Absorci\u00f3n de energ\u00eda en el tal\u00f3n<\/span> <\/li><li style=\"float: left;\">  <img decoding=\"async\" src=\"https:\/\/albaen.it\/wp-content\/uploads\/simboletti-08.png\"  alt=\"Inserto antiforo resistente alla perforazione \u00d8=4,5mm\" style=\"height:110px;\"\/> <span class=\"products_icons products_icons1\">Inserto antiperforaci\u00f3n, resistente a la perforaci\u00f3n \u00d8=4,5mm<\/span> <\/li><li style=\"float: left;\">  <img decoding=\"async\" src=\"https:\/\/albaen.it\/wp-content\/uploads\/simboletti-22.png\"  alt=\"Resistenza all\u2019impatto e compressione\" style=\"height:110px;\"\/> <span class=\"products_icons products_icons1\">Resistencia al impacto y a la compresi\u00f3n<\/span> <\/li><li style=\"float: left;\">  <img decoding=\"async\" src=\"https:\/\/albaen.it\/wp-content\/uploads\/simboletti-11.png\"  alt=\"Resistenza allo scivolamento\" style=\"height:110px;\"\/> <span class=\"products_icons products_icons1\">Resistencia al deslizamiento.<\/span> <\/li><li style=\"float: left;\">  <img decoding=\"async\" src=\"https:\/\/albaen.it\/wp-content\/uploads\/simboletti-04.png\"  alt=\"Suola resistente agli oli e agli idrocarburi\" style=\"height:110px;\"\/> <span class=\"products_icons products_icons1\">Suela resistente a aceites e hidrocarburos<\/span> <\/li><li style=\"float: left;\">  <img decoding=\"async\" src=\"https:\/\/albaen.it\/wp-content\/uploads\/simboletti-02.png\"  alt=\"Resistenza all\u2019assorbimento e alla penetrazione dell\u2019acqua\" style=\"height:110px;\"\/> <span class=\"products_icons products_icons1\">Resistencia a la absorci\u00f3n y penetraci\u00f3n de agua.<\/span> <\/li><\/ul>\n<\/div><\/div>\n\t<div class=\"wpb_text_column wpb_content_element\" >\n\t\t<div class=\"wpb_wrapper\">\n\t\t\t\n\n\t\t<\/div>\n\t<\/div>\n<div class=\"icons_cat_title\"> <h2>Sectores de uso <\/h2><\/div><div class=\"container row\"> \n\t\t\t<div>\n  <ul class=\"image-gallery\"><li style=\"float: left;\"> <img decoding=\"async\" src=\"https:\/\/albaen.it\/wp-content\/uploads\/Agricoltura-_-Giardinaggio-1.png\" alt=\"Agricoltura \/ Giardinaggio\" style=\"height:60px;\"\/>  <span class=\"products_icons\">Agricultura \/ Jardiner\u00eda<\/span> <\/li><li style=\"float: left;\"> <img decoding=\"async\" src=\"https:\/\/albaen.it\/wp-content\/uploads\/Edilizia-e-Carpenteria-1.png\" alt=\"Edilizia e Carpenteria\" style=\"height:60px;\"\/>  <span class=\"products_icons\">Construcci\u00f3n y Carpinter\u00eda<\/span> <\/li><li style=\"float: left;\"> <img decoding=\"async\" src=\"https:\/\/albaen.it\/wp-content\/uploads\/Smaltimento-rifiuti1.png\" alt=\"Smaltimento rifiuti\" style=\"height:60px;\"\/>  <span class=\"products_icons\">Deposito de basura<\/span> <\/li><\/ul>\n<\/div><\/div>\n\t<div class=\"wpb_text_column wpb_content_element\" >\n\t\t<div class=\"wpb_wrapper\">\n\t\t\t\n\n\t\t<\/div>\n\t<\/div>\n<div class=\"icons_cat_title\"> <h2>Tecnolog\u00eda <\/h2><\/div><div class=\"container row\"> \n\t\t\t<div>\n  <ul class=\"image-gallery\"><li style=\"float: left;\"><img decoding=\"async\" src=\"https:\/\/albaen.it\/wp-content\/uploads\/Xqt-_2.png\"  alt=\"Extra Quality Technology\" style=\"height:60px;\"\/><span class=\"products_icons\">Extra Quality Technology<\/span><\/li><li style=\"float: left;\"><img decoding=\"async\" src=\"https:\/\/albaen.it\/wp-content\/uploads\/Metal-Free-Tecnologia-2.png\"  alt=\"Metal Free\" style=\"height:60px;\"\/><span class=\"products_icons\">Sin metales<\/span><\/li><\/ul>\n<\/div><\/div>\n\t<div class=\"wpb_text_column wpb_content_element\" >\n\t\t<div class=\"wpb_wrapper\">\n\t\t\t<p><strong><\/strong><\/p>\n\n\t\t<\/div>\n\t<\/div>\n<\/div><\/div><\/div><\/div>\n<\/div>","protected":false},"excerpt":{"rendered":"<p>Las botas de seguridad ALPI S3 SRC ALBA&amp;N son robustas, equipadas con una puntera de seguridad compuesta, suela de PU 2D antideslizante para garantizar protecci\u00f3n, estabilidad y durabilidad. Estas botas, de la colecci\u00f3n Challenge, est\u00e1n hechas de cuero engrasado pull-up de alta calidad, repelente al agua y duradero, con un borde superior bien cosido y dos tiradores laterales que facilitan su colocaci\u00f3n.<\/p>\n<p>Las botas ALPI S3 SRC son ideales para todos los trabajadores de la industria, la agricultura y la construcci\u00f3n que necesitan una protecci\u00f3n completa contra la humedad, el agua y el fr\u00edo, gracias al c\u00e1lido forro de lana sint\u00e9tica que mantendr\u00e1 los pies calientes y secos.<\/p>\n<p><a href=\"https:\/\/albaen.it\/wp-content\/uploads\/CF121SLK-S3.esp_.pdf\"><button class=\"btn1\"><span style=\"vertical-align: inherit;\">DESCARGAR FICHA T\u00c9CNICA<\/span><\/button><\/a>\u00a0 \u00a0<a href=\"https:\/\/albaen.it\/wp-content\/uploads\/CF121SLK-S3-Dich.-conformita.pdf\"><button><span style=\"vertical-align: inherit;\">DECLARACI\u00d3N DE CONFORMIDAD<\/span><\/button><\/a><\/p>","protected":false},"featured_media":20279,"comment_status":"closed","ping_status":"closed","template":"","meta":[],"product_brand":[],"product_cat":[17],"product_tag":[],"class_list":{"0":"post-20272","1":"product","2":"type-product","3":"status-publish","4":"has-post-thumbnail","6":"product_cat-c-challenge","7":"pa_categorie-di-protezione-s3","8":"pa_categorie-di-protezione-src","9":"pa_colore-marrone","10":"pa_linea-challenge","11":"pa_normativa-en-iso-203452011","12":"pa_settori-agricoltura-giardinaggio","13":"pa_settori-edilizia-e-carpenteria","14":"pa_settori-smaltimento-rifiuti","15":"pa_simboli-antistaticita","16":"pa_simboli-assorbimento-di-energia-nel-tallone","17":"pa_simboli-inserto-antiforo-resistente-alla-perforazione-o45mm-2","18":"pa_simboli-resistenza-allimpatto-e-compressione","19":"pa_simboli-resistenza-allo-scivolamento","20":"pa_simboli-suola-resistente-agli-oli-e-agli-idrocarburi","21":"pa_simboli-resistenza-allassorbimento-e-alla-penetrazione-dellacqua","22":"pa_taglia-730","23":"pa_taglia-738","24":"pa_taglia-166","25":"pa_taglia-168","26":"pa_taglia-170","27":"pa_taglia-776","28":"pa_taglia-174","29":"pa_taglia-176","30":"pa_taglia-178","31":"pa_taglia-180","32":"pa_taglia-182","33":"pa_taglia-184","34":"pa_taglia-186","35":"pa_tecnologia-extra-quality-technology","36":"pa_tecnologia-metal-free","37":"pa_tipologia-alta","38":"pa_tipologia-stivale","40":"first","41":"instock","42":"taxable","43":"shipping-taxable","44":"purchasable","45":"product-type-variable"},"_links":{"self":[{"href":"https:\/\/albaen.it\/esp\/wp-json\/wp\/v2\/product\/20272","targetHints":{"allow":["GET"]}}],"collection":[{"href":"https:\/\/albaen.it\/esp\/wp-json\/wp\/v2\/product"}],"about":[{"href":"https:\/\/albaen.it\/esp\/wp-json\/wp\/v2\/types\/product"}],"replies":[{"embeddable":true,"href":"https:\/\/albaen.it\/esp\/wp-json\/wp\/v2\/comments?post=20272"}],"wp:featuredmedia":[{"embeddable":true,"href":"https:\/\/albaen.it\/esp\/wp-json\/wp\/v2\/media\/20279"}],"wp:attachment":[{"href":"https:\/\/albaen.it\/esp\/wp-json\/wp\/v2\/media?parent=20272"}],"wp:term":[{"taxonomy":"product_brand","embeddable":true,"href":"https:\/\/albaen.it\/esp\/wp-json\/wp\/v2\/product_brand?post=20272"},{"taxonomy":"product_cat","embeddable":true,"href":"https:\/\/albaen.it\/esp\/wp-json\/wp\/v2\/product_cat?post=20272"},{"taxonomy":"product_tag","embeddable":true,"href":"https:\/\/albaen.it\/esp\/wp-json\/wp\/v2\/product_tag?post=20272"}],"curies":[{"name":"wp","href":"https:\/\/api.w.org\/{rel}","templated":true}]}}