{"id":19860,"date":"2024-01-30T14:27:34","date_gmt":"2024-01-30T13:27:34","guid":{"rendered":"https:\/\/albaen.it\/?post_type=product&#038;p=19860"},"modified":"2025-10-29T15:44:05","modified_gmt":"2025-10-29T14:44:05","slug":"scarpa-antinfortunistica-bassa-sirio-p1428ck-s3-src","status":"publish","type":"product","link":"https:\/\/albaen.it\/esp\/shop\/p-performer\/scarpa-antinfortunistica-bassa-sirio-p1428ck-s3-src\/","title":{"rendered":"SIRIO S3 SRC"},"content":{"rendered":"<div class=\"wpb-content-wrapper\"><div class=\"vc_row wpb_row vc_row-fluid\"><div class=\"wpb_column vc_column_container vc_col-sm-6\"><div class=\"vc_column-inner\"><div class=\"wpb_wrapper\">\n\t<div class=\"wpb_text_column wpb_content_element\" >\n\t\t<div class=\"wpb_wrapper\">\n\t\t\t<p><span style=\"vertical-align: inherit;\">Zapato de seguridad bajo SIRIO XQT 3.0 S3 SRC de la l\u00ednea PERFORMER de Alba&amp;n. <\/span><a href=\"https:\/\/albaen.it\/\"><span style=\"vertical-align: inherit;\">Alba&amp;n<\/span><\/a><strong><span style=\"vertical-align: inherit;\">.<br \/>\n<\/span><br \/>\n<span style=\"vertical-align: inherit;\">EMPEINE<\/span><\/strong><span style=\"vertical-align: inherit;\"> en tejido sublimado con tecnolog\u00eda Print-Tex, hidrofugado, transpirable y de excelente tenacidad. Puntera protegida por piel antirrayas, leng\u00fceta suave, forrada y acolchada. C\u00f3modo sistema de cordones DIAL LACING, r\u00e1pido y pr\u00e1ctico.<br \/>\n<\/span><br \/>\n<strong><span style=\"vertical-align: inherit;\">FORRO INTERIOR<\/span><\/strong><span style=\"vertical-align: inherit;\"> de tejido 3D, transpirable con excelente resistencia a la abrasi\u00f3n Tal\u00f3n reforzado en microfibra para una acci\u00f3n antideslizante y antidesgaste.<br \/>\n<\/span><br \/>\n<strong><span style=\"vertical-align: inherit;\">PUNTERA<\/span><\/strong><span style=\"vertical-align: inherit;\"> no met\u00e1lica, de composite, resistente a un impacto de fuerza hasta 200J y una compresi\u00f3n de hasta 15Kn. Ligero, no magn\u00e9tico y at\u00e9rmico.<br \/>\n<\/span><br \/>\n<strong><span style=\"vertical-align: inherit;\">PLANTILLA ANTIPERFORACI\u00d3N<\/span><\/strong><span style=\"vertical-align: inherit;\"> Textil, resistente a perforaciones hasta 1100N. Protege toda la superficie de la planta del pie. Flexible y confortable, amagn\u00e9tico, antiest\u00e1tico y termoaislante.<br \/>\n<\/span><br \/>\n<strong><span style=\"vertical-align: inherit;\">SUELA<\/span><\/strong><span style=\"vertical-align: inherit;\"> inyectado en PU\/TPU de doble densidad, antiest\u00e1tico, antideslizante, resistente a aceites e hidrocarburos, absorci\u00f3n de impactos en la zona del tal\u00f3n.<br \/>\n<\/span><br \/>\n<strong><span style=\"vertical-align: inherit;\">PLANTILLA <\/span><\/strong><span style=\"vertical-align: inherit;\">ELISA MEMORY - anat\u00f3mica en PU antiest\u00e1tico y amortiguador, revestida con tejido transpirable y antiabrasi\u00f3n. Talonera de PU para una mayor absorci\u00f3n de impactos y Memory Foam automoldeante para una comodidad incomparable. Antiest\u00e1tica, extra\u00edble y lavable.<br \/>\n<\/span><br \/>\n<strong><span style=\"vertical-align: inherit;\">HORMA <\/span><\/strong> <em><span style=\"vertical-align: inherit;\">Mondopoint<\/span><\/em><span style=\"vertical-align: inherit;\"> \u00a011 \u2013 ancho y c\u00f3modo.<br \/>\n<\/span><br \/>\n<strong><span style=\"vertical-align: inherit;\">NORMA<\/span><\/strong><span style=\"vertical-align: inherit;\"> EN ISO 20345:2011, DGUV 112-191<br \/>\n<\/span><br \/>\n<strong><span style=\"vertical-align: inherit;\">PESO<\/span><\/strong><span style=\"vertical-align: inherit;\">\u00a0gr 540 \u00bd par 42<\/span><\/p>\n\n\t\t<\/div>\n\t<\/div>\n<\/div><\/div><\/div><div class=\"wpb_column vc_column_container vc_col-sm-6\"><div class=\"vc_column-inner\"><div class=\"wpb_wrapper\">\n\t<div class=\"wpb_text_column wpb_content_element\" >\n\t\t<div class=\"wpb_wrapper\">\n\t\t\t<p>El calzado de seguridad de la l\u00ednea Performer re\u00fane todas las caracter\u00edsticas clave de una zapatilla deportiva c\u00f3moda: ligereza, versatilidad, flexibilidad, agarre y dise\u00f1o. Ideal para la industria ligera y para actividades de log\u00edstica, almac\u00e9n y transporte.<\/p>\n<p><strong>PLUS T\u00c9CNICO:<\/strong> los zapatos de la l\u00ednea Performer est\u00e1n dise\u00f1ados y certificados para alojar tambi\u00e9n las plantillas ortop\u00e9dicas SECOSOL reguladas por la norma DGUV 112-19.<\/p>\n\n\t\t<\/div>\n\t<\/div>\n<div class=\"icons_cat_title\"> <h2>Categor\u00edas de protecci\u00f3n <\/h2><\/div><div class=\"container row\"> \n\t\t\t<div>\n  <ul class=\"image-gallery\"><li style=\"float: left;\">  <img decoding=\"async\" src=\"https:\/\/albaen.it\/wp-content\/uploads\/simboletti-06.png\"  alt=\"Antistaticita\u0300\" style=\"height:110px;\"\/> <span class=\"products_icons products_icons1\">Anti est\u00e1tico<\/span> <\/li><li style=\"float: left;\">  <img decoding=\"async\" src=\"https:\/\/albaen.it\/wp-content\/uploads\/simboletti-07.png\"  alt=\"Assorbimento di energia nel tallone\" style=\"height:110px;\"\/> <span class=\"products_icons products_icons1\">Absorci\u00f3n de energ\u00eda en el tal\u00f3n<\/span> <\/li><li style=\"float: left;\">  <img decoding=\"async\" src=\"https:\/\/albaen.it\/wp-content\/uploads\/simboletti-08.png\"  alt=\"Inserto antiforo resistente alla perforazione \u00d8=4,5mm\" style=\"height:110px;\"\/> <span class=\"products_icons products_icons1\">Inserto antiperforaci\u00f3n, resistente a la perforaci\u00f3n \u00d8=4,5mm<\/span> <\/li><li style=\"float: left;\">  <img decoding=\"async\" src=\"https:\/\/albaen.it\/wp-content\/uploads\/simboletti-22.png\"  alt=\"Resistenza all\u2019impatto e compressione\" style=\"height:110px;\"\/> <span class=\"products_icons products_icons1\">Resistencia al impacto y a la compresi\u00f3n<\/span> <\/li><li style=\"float: left;\">  <img decoding=\"async\" src=\"https:\/\/albaen.it\/wp-content\/uploads\/simboletti-11.png\"  alt=\"Resistenza allo scivolamento\" style=\"height:110px;\"\/> <span class=\"products_icons products_icons1\">Resistencia al deslizamiento.<\/span> <\/li><li style=\"float: left;\">  <img decoding=\"async\" src=\"https:\/\/albaen.it\/wp-content\/uploads\/simboletti-04.png\"  alt=\"Suola resistente agli oli e agli idrocarburi\" style=\"height:110px;\"\/> <span class=\"products_icons products_icons1\">Suela resistente a aceites e hidrocarburos<\/span> <\/li><\/ul>\n<\/div><\/div>\n\t<div class=\"wpb_text_column wpb_content_element\" >\n\t\t<div class=\"wpb_wrapper\">\n\t\t\t\n\n\t\t<\/div>\n\t<\/div>\n<div class=\"icons_cat_title\"> <h2>Sectores de uso <\/h2><\/div><div class=\"container row\"> \n\t\t\t<div>\n  <ul class=\"image-gallery\"><li style=\"float: left;\"> <img decoding=\"async\" src=\"https:\/\/albaen.it\/wp-content\/uploads\/Artigianato-_-Officine-1.png\" alt=\"Artigianato \/ Officine\" style=\"height:60px;\"\/>  <span class=\"products_icons\">Artesan\u00eda \/ Talleres<\/span> <\/li><li style=\"float: left;\"> <img decoding=\"async\" src=\"https:\/\/albaen.it\/wp-content\/uploads\/Industria-Metalmeccanica-1.png\" alt=\"Industria Metalmeccanica\" style=\"height:60px;\"\/>  <span class=\"products_icons\">Industria Metal\u00fargica<\/span> <\/li><li style=\"float: left;\"> <img decoding=\"async\" src=\"https:\/\/albaen.it\/wp-content\/uploads\/Logistica-_-Trasporto-1.png\" alt=\"Logistica \/ Trasporto\" style=\"height:60px;\"\/>  <span class=\"products_icons\">Log\u00edstica \/ Transporte<\/span> <\/li><li style=\"float: left;\"> <img decoding=\"async\" src=\"https:\/\/albaen.it\/wp-content\/uploads\/Magazzino-_-GDO-1.png\" alt=\"Magazzino \/ GDO\" style=\"height:60px;\"\/>  <span class=\"products_icons\">Almac\u00e9n \/ GDO<\/span> <\/li><\/ul>\n<\/div><\/div>\n\t<div class=\"wpb_text_column wpb_content_element\" >\n\t\t<div class=\"wpb_wrapper\">\n\t\t\t\n\n\t\t<\/div>\n\t<\/div>\n<div class=\"icons_cat_title\"> <h2>Tecnolog\u00eda <\/h2><\/div><div class=\"container row\"> \n\t\t\t<div>\n  <ul class=\"image-gallery\"><li style=\"float: left;\"><img decoding=\"async\" src=\"https:\/\/albaen.it\/wp-content\/uploads\/secosol-@4x.png\"  alt=\"DGUV 112_191\" style=\"height:60px;\"\/><span class=\"products_icons\">DGUV 112_191<\/span><\/li><li style=\"float: left;\"><img decoding=\"async\" src=\"https:\/\/albaen.it\/wp-content\/uploads\/WINCH-dial-lacing-system_.png\"  alt=\"Dial lacing system\" style=\"height:60px;\"\/><span class=\"products_icons\">Dial lacing system<\/span><\/li><li style=\"float: left;\"><img decoding=\"async\" src=\"https:\/\/albaen.it\/wp-content\/uploads\/Xqt-_2.png\"  alt=\"Extra Quality Technology\" style=\"height:60px;\"\/><span class=\"products_icons\">Extra Quality Technology<\/span><\/li><li style=\"float: left;\"><img decoding=\"async\" src=\"https:\/\/albaen.it\/wp-content\/uploads\/No-nail-tex.png\"  alt=\"Lamina antiforo in tessuto\" style=\"height:60px;\"\/><span class=\"products_icons\">Placa de tela antipinchazos<\/span><\/li><li style=\"float: left;\"><img decoding=\"async\" src=\"https:\/\/albaen.it\/wp-content\/uploads\/memory-flex-2.png\"  alt=\"Memory Flex\" style=\"height:60px;\"\/><span class=\"products_icons\">Memory Flex<\/span><\/li><li style=\"float: left;\"><img decoding=\"async\" src=\"https:\/\/albaen.it\/wp-content\/uploads\/PRIN-TEX-NEW-LOGO.png\"  alt=\"Print-Tex\" style=\"height:60px;\"\/><span class=\"products_icons\">Print-Tex<\/span><\/li><li style=\"float: left;\"><img decoding=\"async\" src=\"https:\/\/albaen.it\/wp-content\/uploads\/C-Cap.png\"  alt=\"Puntale di sicurezza composito\" style=\"height:60px;\"\/><span class=\"products_icons\">Puntera de seguridad compuesta<\/span><\/li><\/ul>\n<\/div><\/div>\n\t<div class=\"wpb_text_column wpb_content_element\" >\n\t\t<div class=\"wpb_wrapper\">\n\t\t\t<p><strong><\/strong><\/p>\n\n\t\t<\/div>\n\t<\/div>\n<\/div><\/div><\/div><\/div>\n<\/div>","protected":false},"excerpt":{"rendered":"<p>Revoluciona tu experiencia laboral con el zapato de seguridad bajo SIRIO XQT 3.0 de la l\u00ednea PERFORMER, gracias a su tecnolog\u00eda DIAL LACING SYSTEM, un innovador sistema de cierre capaz de envolver uniformemente el pie y hacer que el zapato sea pr\u00e1ctico, seguro y c\u00f3modo. Especialmente adecuado incluso con el uso de guantes, gracias al rotor, ser\u00e1 f\u00e1cil ponerse y quitarse el zapato en 2 sencillos pasos: un clic y una rotaci\u00f3n a la derecha.<\/p>\n<p>Altos niveles de confort por la plantilla de memory foam automodelable que brinda ligereza y comodidad extrema. Un verdadero impulso de bienestar para tus pies.<\/p>\n<p>SIRIO es la combinaci\u00f3n perfecta de innovaci\u00f3n, comodidad y fiabilidad para tus pies.<\/p>\n<p><a href=\"https:\/\/albaen.it\/wp-content\/uploads\/P1428CK-S3.esp_-2.pdf\"><button class=\"btn1\"><span style=\"vertical-align: inherit;\">DESCARGAR FICHA T\u00c9CNICA<\/span><\/button><\/a>\u00a0 \u00a0<a href=\"https:\/\/albaen.it\/wp-content\/uploads\/P1428CK-S3-Dich.-conformita-SIRIO.pdf\"><button><span style=\"vertical-align: inherit;\">DECLARACI\u00d3N DE CONFORMIDAD<\/span><\/button><\/a><\/p>","protected":false},"featured_media":19892,"comment_status":"open","ping_status":"closed","template":"","meta":[],"product_brand":[],"product_cat":[98],"product_tag":[],"class_list":{"0":"post-19860","1":"product","2":"type-product","3":"status-publish","4":"has-post-thumbnail","6":"product_cat-p-performer","7":"pa_categorie-di-protezione-s3","8":"pa_categorie-di-protezione-src","9":"pa_colore-grigio","10":"pa_linea-performer","11":"pa_normativa-en-iso-203452011","12":"pa_normativa-dguv-112-191","13":"pa_settori-artigianato-officine","14":"pa_settori-industria-metalmeccanica","15":"pa_settori-logistica-trasporto","16":"pa_settori-magazzino-gdo","17":"pa_simboli-antistaticita","18":"pa_simboli-assorbimento-di-energia-nel-tallone","19":"pa_simboli-inserto-antiforo-resistente-alla-perforazione-o45mm-2","20":"pa_simboli-resistenza-allimpatto-e-compressione","21":"pa_simboli-resistenza-allo-scivolamento","22":"pa_simboli-suola-resistente-agli-oli-e-agli-idrocarburi","23":"pa_taglia-730","24":"pa_taglia-738","25":"pa_taglia-166","26":"pa_taglia-168","27":"pa_taglia-170","28":"pa_taglia-776","29":"pa_taglia-174","30":"pa_taglia-176","31":"pa_taglia-178","32":"pa_taglia-180","33":"pa_taglia-182","34":"pa_taglia-184","35":"pa_taglia-186","36":"pa_tecnologia-dguv-112_191","37":"pa_tecnologia-winch-dial-lacing-system-scarpe-antinfortunistiche-alban","38":"pa_tecnologia-extra-quality-technology","39":"pa_tecnologia-lamina-antiforo-in-tessuto","40":"pa_tecnologia-memory-flex","41":"pa_tecnologia-print-tex","42":"pa_tecnologia-puntale-di-sicurezza-composito","43":"pa_tipologia-bassa","45":"first","46":"instock","47":"taxable","48":"shipping-taxable","49":"purchasable","50":"product-type-variable"},"_links":{"self":[{"href":"https:\/\/albaen.it\/esp\/wp-json\/wp\/v2\/product\/19860","targetHints":{"allow":["GET"]}}],"collection":[{"href":"https:\/\/albaen.it\/esp\/wp-json\/wp\/v2\/product"}],"about":[{"href":"https:\/\/albaen.it\/esp\/wp-json\/wp\/v2\/types\/product"}],"replies":[{"embeddable":true,"href":"https:\/\/albaen.it\/esp\/wp-json\/wp\/v2\/comments?post=19860"}],"wp:featuredmedia":[{"embeddable":true,"href":"https:\/\/albaen.it\/esp\/wp-json\/wp\/v2\/media\/19892"}],"wp:attachment":[{"href":"https:\/\/albaen.it\/esp\/wp-json\/wp\/v2\/media?parent=19860"}],"wp:term":[{"taxonomy":"product_brand","embeddable":true,"href":"https:\/\/albaen.it\/esp\/wp-json\/wp\/v2\/product_brand?post=19860"},{"taxonomy":"product_cat","embeddable":true,"href":"https:\/\/albaen.it\/esp\/wp-json\/wp\/v2\/product_cat?post=19860"},{"taxonomy":"product_tag","embeddable":true,"href":"https:\/\/albaen.it\/esp\/wp-json\/wp\/v2\/product_tag?post=19860"}],"curies":[{"name":"wp","href":"https:\/\/api.w.org\/{rel}","templated":true}]}}