{"id":19368,"date":"2023-11-30T11:38:51","date_gmt":"2023-11-30T10:38:51","guid":{"rendered":"https:\/\/albaen.it\/?post_type=product&#038;p=19368"},"modified":"2024-05-10T12:09:41","modified_gmt":"2024-05-10T10:09:41","slug":"stivale-polpaccio-g-bari-s3-wr-hro-src","status":"publish","type":"product","link":"https:\/\/albaen.it\/esp\/shop\/g-rubber\/stivale-polpaccio-g-bari-s3-wr-hro-src\/","title":{"rendered":"BARI S3 WR HRO SRC"},"content":{"rendered":"<div class=\"wpb-content-wrapper\"><div class=\"vc_row wpb_row vc_row-fluid\"><div class=\"wpb_column vc_column_container vc_col-sm-6\"><div class=\"vc_column-inner\"><div class=\"wpb_wrapper\">\n\t<div class=\"wpb_text_column wpb_content_element\" >\n\t\t<div class=\"wpb_wrapper\">\n\t\t\t<p>Bota de seguridad G-BARI S3 WR HRO SRC BLACK de ca\u00f1a alta de la l\u00ednea RUBBER de Alba&amp;n.<strong>.<\/strong><\/p>\n<p><strong>EMPEINE<\/strong> de piel flor de alta calidad hidrofugada con leng\u00fceta y cuello de tela Cordura\u00ae, fuerte y resistente.<\/p>\n<p><strong>FORRO INTERIOR<\/strong> Membrana WR Windtex\u00ae 100% impermeable, altamente transpirable con acci\u00f3n cortaviento. Adem\u00e1s, garantiza un mantenimiento \u00f3ptimo del microclima dentro del calzado.<\/p>\n<p><strong>PUNTERA<\/strong> met\u00e1lica, resistente a impactos de hasta 200J y a compresi\u00f3n de hasta 15Kn.<\/p>\n<p><strong>PLANTILLA ANTIPERFORACI\u00d3N<\/strong> Plantilla antiperforaci\u00f3n de acero INOX resistente a perforaciones de hasta 1100N.<\/p>\n<p><strong>SUELA <\/strong>PU\/HRO, bidensidad, resistente al calor para contacto hasta 300\u00b0C (1 minuto) y 150\u00b0C (30 minutos), antiest\u00e1tico, SRC antideslizante, resistente al aceite y a los hidrocarburos, absorci\u00f3n de impactos en la zona del tal\u00f3n.<\/p>\n<p><strong>HUELLA <\/strong>Banda de rodadura con canales de drenaje autolimpiantes. Adecuado para trabajos en carretera y al aire libre que requieran solidez y seguridad.<br \/>\n<strong><br \/>\n<\/strong><strong>PLANTILLA <\/strong>ELISA - anat\u00f3mica de PU con revestimiento de tela antiabrasi\u00f3n. Base de poliuretano el\u00e1stico, amortiguador y c\u00f3modo coj\u00edn en el tal\u00f3n para absorber los golpes con efecto desfatigante. Transpirable, antiest\u00e1tica, lavable.<\/p>\n<p><strong>HORMA<\/strong> regular y c\u00f3moda - Mondopoint 10,5.<\/p>\n<p><strong>WR<\/strong> Calzado resistente al agua.<\/p>\n<p><strong>HRO<\/strong> Resistencia de la suela al calor.<\/p>\n<p><strong>PESO <\/strong>850g, 1 pie 42<\/p>\n\n\t\t<\/div>\n\t<\/div>\n<\/div><\/div><\/div><div class=\"wpb_column vc_column_container vc_col-sm-6\"><div class=\"vc_column-inner\"><div class=\"wpb_wrapper\">\n\t<div class=\"wpb_text_column wpb_content_element\" >\n\t\t<div class=\"wpb_wrapper\">\n\t\t\t<p>Dise\u00f1ada para un trabajo intenso, la suela de la G-BARI est\u00e1 fabricada en caucho de nitrilo HRO, una caracter\u00edstica que garantiza una resistencia total al calor de hasta 300\u00b0C durante 1 minuto en contacto con el suelo, sin comprometer la resistencia antiest\u00e1tica, al deslizamiento y a los hidrocarburos. La entresuela est\u00e1 inyectada en PU, un material el\u00e1stico y amortiguador que absorbe bien los impactos.<\/p>\n<p><strong>PLUS T\u00c9CNICO:<\/strong> la suela tiene una p\u00faa protectora de PU.<br \/>\nEstabilidad, robustez, resistencia. Estos son solo algunos de los adjetivos que mejor describen nuestra SUELA suela RUBBER.<br \/>\nProtecci\u00f3n total, incluso bajo la lluvia, con el zapato de seguridad G-BARI de Alba&amp;n.<\/p>\n\n\t\t<\/div>\n\t<\/div>\n<div class=\"icons_cat_title\"> <h2>Categor\u00edas de protecci\u00f3n <\/h2><\/div><div class=\"container row\"> \n\t\t\t<div>\n  <ul class=\"image-gallery\"><li style=\"float: left;\">  <img decoding=\"async\" src=\"https:\/\/albaen.it\/wp-content\/uploads\/simboletti-06.png\"  alt=\"Antistaticita\u0300\" style=\"height:110px;\"\/> <span class=\"products_icons products_icons1\">Anti est\u00e1tico<\/span> <\/li><li style=\"float: left;\">  <img decoding=\"async\" src=\"https:\/\/albaen.it\/wp-content\/uploads\/simboletti-07.png\"  alt=\"Assorbimento di energia nel tallone\" style=\"height:110px;\"\/> <span class=\"products_icons products_icons1\">Absorci\u00f3n de energ\u00eda en el tal\u00f3n<\/span> <\/li><li style=\"float: left;\">  <img decoding=\"async\" src=\"https:\/\/albaen.it\/wp-content\/uploads\/simboletti-08.png\"  alt=\"Inserto antiforo resistente alla perforazione \u00d8=4,5mm\" style=\"height:110px;\"\/> <span class=\"products_icons products_icons1\">Inserto antiperforaci\u00f3n, resistente a la perforaci\u00f3n \u00d8=4,5mm<\/span> <\/li><li style=\"float: left;\">  <img decoding=\"async\" src=\"https:\/\/albaen.it\/wp-content\/uploads\/simboletti-22.png\"  alt=\"Resistenza all\u2019impatto e compressione\" style=\"height:110px;\"\/> <span class=\"products_icons products_icons1\">Resistencia al impacto y a la compresi\u00f3n<\/span> <\/li><li style=\"float: left;\">  <img decoding=\"async\" src=\"https:\/\/albaen.it\/wp-content\/uploads\/simboletti-11.png\"  alt=\"Resistenza allo scivolamento\" style=\"height:110px;\"\/> <span class=\"products_icons products_icons1\">Resistencia al deslizamiento.<\/span> <\/li><li style=\"float: left;\">  <img decoding=\"async\" src=\"https:\/\/albaen.it\/wp-content\/uploads\/simboletti-04.png\"  alt=\"Suola resistente agli oli e agli idrocarburi\" style=\"height:110px;\"\/> <span class=\"products_icons products_icons1\">Suela resistente a aceites e hidrocarburos<\/span> <\/li><li style=\"float: left;\">  <img decoding=\"async\" src=\"https:\/\/albaen.it\/wp-content\/uploads\/simboletti-05.png\"  alt=\"Suola resistente al calore per contatto fino a 300\u00b0C\" style=\"height:110px;\"\/> <span class=\"products_icons products_icons1\">Suela resistente al calor para contacto hasta 300\u00b0C.<\/span> <\/li><li style=\"float: left;\">  <img decoding=\"async\" src=\"https:\/\/albaen.it\/wp-content\/uploads\/simboletti-03.png\"  alt=\"Water resistant 100% impermeabile\" style=\"height:110px;\"\/> <span class=\"products_icons products_icons1\">Resistente al agua 100% impermeable<\/span> <\/li><\/ul>\n<\/div><\/div>\n\t<div class=\"wpb_text_column wpb_content_element\" >\n\t\t<div class=\"wpb_wrapper\">\n\t\t\t\n\n\t\t<\/div>\n\t<\/div>\n<div class=\"icons_cat_title\"> <h2>Sectores de uso <\/h2><\/div><div class=\"container row\"> \n\t\t\t<div>\n  <ul class=\"image-gallery\"><li style=\"float: left;\"> <img decoding=\"async\" src=\"https:\/\/albaen.it\/wp-content\/uploads\/Edilizia-e-Carpenteria-1.png\" alt=\"Edilizia e Carpenteria\" style=\"height:60px;\"\/>  <span class=\"products_icons\">Construcci\u00f3n y Carpinter\u00eda<\/span> <\/li><li style=\"float: left;\"> <img decoding=\"async\" src=\"https:\/\/albaen.it\/wp-content\/uploads\/Industria-Metalmeccanica-1.png\" alt=\"Industria Metalmeccanica\" style=\"height:60px;\"\/>  <span class=\"products_icons\">Industria Metal\u00fargica<\/span> <\/li><li style=\"float: left;\"> <img decoding=\"async\" src=\"https:\/\/albaen.it\/wp-content\/uploads\/Industria-Pesante-1.png\" alt=\"Industria pesante\" style=\"height:60px;\"\/>  <span class=\"products_icons\">Industria pesada<\/span> <\/li><li style=\"float: left;\"> <img decoding=\"async\" src=\"https:\/\/albaen.it\/wp-content\/uploads\/Miniere-_-Estrazione-1.png\" alt=\"Miniere \/ Estrazione della pietra\" style=\"height:60px;\"\/>  <span class=\"products_icons\">Miner\u00eda \/ Extracci\u00f3n de piedra<\/span> <\/li><\/ul>\n<\/div><\/div>\n\t<div class=\"wpb_text_column wpb_content_element\" >\n\t\t<div class=\"wpb_wrapper\">\n\t\t\t\n\n\t\t<\/div>\n\t<\/div>\n<div class=\"icons_cat_title\"> <h2>Tecnolog\u00eda <\/h2><\/div><div class=\"container row\"> \n\t\t\t<div>\n  <ul class=\"image-gallery\"><li style=\"float: left;\"><img decoding=\"async\" src=\"https:\/\/albaen.it\/wp-content\/uploads\/WINDTEX.png\"  alt=\"Membrana WR Windtex\u00ae\" style=\"height:60px;\"\/><span class=\"products_icons\">Membrana WR Windtex\u00ae<\/span><\/li><\/ul>\n<\/div><\/div>\n\t<div class=\"wpb_text_column wpb_content_element\" >\n\t\t<div class=\"wpb_wrapper\">\n\t\t\t<p><strong><\/strong><\/p>\n\n\t\t<\/div>\n\t<\/div>\n<\/div><\/div><\/div><\/div>\n<\/div>","protected":false},"excerpt":{"rendered":"<p class=\" translation-block\">Bota de seguridad G-Bari S3 WR SRC HRO de media ca\u00f1a de la l\u00ednea RUBBER de Alba&amp;n, fabricada con materias primas de primera calidad, para garantizar durabilidad y rendimiento incluso en condiciones extremas. <br>\nCon una membrana especial Windtex\u00ae impermeable y transpirable, G-BARI garantiza la m\u00e1xima protecci\u00f3n incluso en los d\u00edas m\u00e1s h\u00famedos y lluviosos.<\/p>\n<p>La soluci\u00f3n para todos los retos en el trabajo.<\/p>\n<p><a href=\"https:\/\/albaen.it\/wp-content\/uploads\/G-BARI-S3-WR-HRO.sp_.pdf\"><button class=\"btn1\">DESCARGAR FICHA T\u00c9CNICA<\/button><\/a>\u00a0 \u00a0<a href=\"https:\/\/albaen.it\/wp-content\/uploads\/GBARI-S3-WR-Dichiarazione-conformita-G-BARI.pdf\"><button><span style=\"vertical-align: inherit;\">DECLARACI\u00d3N DE CONFORMIDAD<\/span><\/button><\/a><\/p>","protected":false},"featured_media":19834,"comment_status":"closed","ping_status":"closed","template":"","meta":[],"product_brand":[],"product_cat":[102],"product_tag":[],"class_list":{"0":"post-19368","1":"product","2":"type-product","3":"status-publish","4":"has-post-thumbnail","6":"product_cat-g-rubber","7":"pa_categorie-di-protezione-hro","8":"pa_categorie-di-protezione-s3","9":"pa_categorie-di-protezione-src","10":"pa_categorie-di-protezione-wr","11":"pa_colore-nero","12":"pa_linea-rubber","13":"pa_normativa-en-iso-203452011","14":"pa_settori-edilizia-e-carpenteria","15":"pa_settori-industria-metalmeccanica","16":"pa_settori-industria-pesante","17":"pa_settori-miniere-estrazione-della-pietra","18":"pa_simboli-antistaticita","19":"pa_simboli-assorbimento-di-energia-nel-tallone","20":"pa_simboli-inserto-antiforo-resistente-alla-perforazione-o45mm-2","21":"pa_simboli-resistenza-allimpatto-e-compressione","22":"pa_simboli-resistenza-allo-scivolamento","23":"pa_simboli-suola-resistente-agli-oli-e-agli-idrocarburi","24":"pa_simboli-suola-resistente-al-calore-per-contatto-fino-a-300-c","25":"pa_simboli-water-resistant-100-impermeabile","26":"pa_taglia-170","27":"pa_taglia-174","28":"pa_taglia-176","29":"pa_taglia-178","30":"pa_taglia-180","31":"pa_taglia-182","32":"pa_taglia-184","33":"pa_tecnologia-membrana-wr-windtex","34":"pa_tipologia-alta","35":"pa_tipologia-stivale-al-polpaccio","37":"first","38":"instock","39":"taxable","40":"shipping-taxable","41":"purchasable","42":"product-type-variable"},"_links":{"self":[{"href":"https:\/\/albaen.it\/esp\/wp-json\/wp\/v2\/product\/19368","targetHints":{"allow":["GET"]}}],"collection":[{"href":"https:\/\/albaen.it\/esp\/wp-json\/wp\/v2\/product"}],"about":[{"href":"https:\/\/albaen.it\/esp\/wp-json\/wp\/v2\/types\/product"}],"replies":[{"embeddable":true,"href":"https:\/\/albaen.it\/esp\/wp-json\/wp\/v2\/comments?post=19368"}],"wp:featuredmedia":[{"embeddable":true,"href":"https:\/\/albaen.it\/esp\/wp-json\/wp\/v2\/media\/19834"}],"wp:attachment":[{"href":"https:\/\/albaen.it\/esp\/wp-json\/wp\/v2\/media?parent=19368"}],"wp:term":[{"taxonomy":"product_brand","embeddable":true,"href":"https:\/\/albaen.it\/esp\/wp-json\/wp\/v2\/product_brand?post=19368"},{"taxonomy":"product_cat","embeddable":true,"href":"https:\/\/albaen.it\/esp\/wp-json\/wp\/v2\/product_cat?post=19368"},{"taxonomy":"product_tag","embeddable":true,"href":"https:\/\/albaen.it\/esp\/wp-json\/wp\/v2\/product_tag?post=19368"}],"curies":[{"name":"wp","href":"https:\/\/api.w.org\/{rel}","templated":true}]}}