{"id":4349,"date":"2019-02-21T16:24:21","date_gmt":"2019-02-21T15:24:21","guid":{"rendered":"http:\/\/albaen.it\/?page_id=4349"},"modified":"2019-02-21T16:24:21","modified_gmt":"2019-02-21T15:24:21","slug":"informativa-privacy","status":"publish","type":"page","link":"https:\/\/albaen.it\/esp\/informativa-privacy\/","title":{"rendered":"Descargo de responsabilidad de privacidad"},"content":{"rendered":"<p><strong>Descargo de responsabilidad de privacidad<\/strong><\/p>\n<p><strong>Alba y N. <\/strong>con sede en SP Trani-Andria Km2 76125 Trani (BT), ITALIA) - N\u00famero de IVA 06471190725 (<strong>Alba y N.<\/strong>), se esfuerza constantemente por proteger la privacidad en l\u00ednea de los usuarios de su sitio web www.geoarredo.it (el &quot;Sitio&quot;). Este documento (&quot;Informaci\u00f3n&quot;) ha sido preparado para permitirle comprender c\u00f3mo se procesar\u00e1n sus datos personales en el contexto del uso del Sitio. La Informaci\u00f3n est\u00e1 destinada a brindarle la informaci\u00f3n necesaria para que pueda expresar, si Usted lo considera oportuno, un consentimiento expl\u00edcito e informado a los tratamientos realizados a trav\u00e9s del Sitio.<\/p>\n<p>En general, cualquier informaci\u00f3n o dato personal que proporcione a\u00a0<strong>Alba y N.<\/strong><strong>\u00a0<\/strong>\u00a0a trav\u00e9s del Sitio, o que se recopile de otro modo a trav\u00e9s del Sitio, en el contexto del uso de los productos y \/ o servicios ofrecidos por\u00a0<strong>Alba y N.<\/strong><strong>\u00a0<\/strong>\u00a0(los &quot;Servicios&quot;), como se define mejor en el P\u00e1rrafo 2 a continuaci\u00f3n, ser\u00e1n tratados de acuerdo con los principios reconocidos internacionalmente de legalidad, correcci\u00f3n, transparencia, limitaci\u00f3n y retenci\u00f3n de prop\u00f3sito, minimizaci\u00f3n de datos, precisi\u00f3n, integridad y confidencialidad.<\/p>\n<p><strong>\u00cdNDICE<\/strong><\/p>\n<ol>\n<li><strong>Titular del tratamiento<\/strong><\/li>\n<li><strong>Los datos personales que se procesan<\/strong><\/li>\n<\/ol>\n<p><strong>-Nombre y datos de contacto<\/strong><\/p>\n<p><strong>-Categor\u00edas especiales de datos personales<\/strong><\/p>\n<p><strong>-Datos facilitados voluntariamente por el interesado<\/strong><\/p>\n<p><strong>- Datos de navegaci\u00f3n recopilados de forma an\u00f3nima<\/strong><\/p>\n<p><strong>- Galletas<\/strong><\/p>\n<ol start=\"3\">\n<li><strong>Finalidad del tratamiento<\/strong><\/li>\n<li><strong>Base jur\u00eddica y car\u00e1cter obligatorio u opcional del tratamiento<\/strong><\/li>\n<li><strong>Destinatarios de los datos personales<\/strong><\/li>\n<li><strong>Transferencias de datos personales<\/strong><\/li>\n<li><strong>Conservaci\u00f3n de datos personales<\/strong><\/li>\n<li><strong>Derechos del interesado<\/strong><\/li>\n<li><strong>Cambios<\/strong><\/li>\n<\/ol>\n<p><strong>1. Responsable del tratamiento<\/strong><\/p>\n<p><strong>Alba y N. <\/strong>, como se identifica al comienzo de la Informaci\u00f3n, es el controlador de datos para todos los datos personales que se procesan a trav\u00e9s del Sitio.<\/p>\n<p>Puede ponerse en contacto con el Responsable del tratamiento de\u00a0<strong>Alba y N.<\/strong>\u00a0a la siguiente direcci\u00f3n:\u00a0<a href=\"mailto:info@albaen.it\">info@albaen.it<\/a><\/p>\n<p><strong>Los datos personales que se procesan<\/strong><\/p>\n<p>Luego de navegar por el Sitio, le informamos que<strong>Alba y N.<\/strong>\u00a0procesar\u00e1 la informaci\u00f3n que le concierne, que puede estar constituida, tambi\u00e9n dependiendo de sus decisiones sobre c\u00f3mo utilizar los Servicios, por un identificador como su nombre, un n\u00famero de identificaci\u00f3n, un identificador en l\u00ednea o uno o m\u00e1s elementos caracter\u00edsticos de su identidad f\u00edsica y fisiol\u00f3gica , ps\u00edquicos, econ\u00f3micos, culturales o sociales adecuados para hacerte identificado o identificable (en adelante s\u00f3lo &quot;Datos Personales&quot;).<\/p>\n<p>Sus Datos Personales pueden recopilarse tanto porque los proporciona voluntariamente (por ejemplo, cuando solicita ser contactado para recibir informaci\u00f3n sobre los servicios ofrecidos por\u00a0<strong>Alba y N.<\/strong><strong>\u00a0<\/strong>) o simplemente analizando su comportamiento en el Sitio.<\/p>\n<p>Los datos personales procesados a trav\u00e9s del sitio son los siguientes:<\/p>\n<p><strong>Nombre y datos de contacto<\/strong><\/p>\n<p>Mientras navega por el Sitio, incluido, en particular, en la secci\u00f3n de contacto, se le pedir\u00e1 informaci\u00f3n como su nombre y direcci\u00f3n de correo electr\u00f3nico.<\/p>\n<p>Los datos personales que proporcione para este fin ser\u00e1n tratados por\u00a0<strong>Alba y N.<\/strong>\u00a0como se describe en la informaci\u00f3n espec\u00edfica proporcionada en el mismo.<\/p>\n<p><strong>Categor\u00edas especiales de datos personales<\/strong><\/p>\n<p>Al enviar una solicitud de contacto, puede proporcionar un\u00a0<strong>Alba y N.<\/strong>\u00a0cierta informaci\u00f3n gratuita, que puede contener datos personales.<\/p>\n<p>Dado que con dicha informaci\u00f3n gratuita podr\u00eda comunicar (voluntariamente o no) algunas categor\u00edas sensibles de Datos Personales, como datos aptos para revelar origen racial o \u00e9tnico, opiniones pol\u00edticas, creencias religiosas o filos\u00f3ficas, afiliaci\u00f3n sindical, datos gen\u00e9ticos, datos biom\u00e9tricos destinados a identificar de forma \u00fanica a una persona f\u00edsica, datos relacionados con la salud o la vida sexual u orientaci\u00f3n sexual de la persona,\u00a0<strong>Alba y N.<\/strong>\u00a0le invita a no enviar dichos Datos personales a menos que sea estrictamente necesario.<\/p>\n<p>Teniendo en cuenta que el env\u00edo de dicha informaci\u00f3n es totalmente opcional, le informamos que estas categor\u00edas especiales de Datos Personales solo pueden ser procesadas con su consentimiento expl\u00edcito y de conformidad con la legislaci\u00f3n pro tempore vigente y si decide compartir dicha informaci\u00f3n. Se requiere su consentimiento, y que dichos datos no ser\u00e1n tratados si no est\u00e1n estrictamente relacionados con las finalidades espec\u00edficas de la relaci\u00f3n.<\/p>\n<p><strong>Datos de terceros facilitados por el interesado<\/strong><\/p>\n<p>Como ya se mencion\u00f3 anteriormente, en algunas partes del Sitio se le permite insertar mensajes de texto, visibles para\u00a0<strong>Alba y N.<\/strong><strong>\u00a0<\/strong>, que puede contener (voluntariamente o no) Datos Personales de otras personas.<\/p>\n<p>Con respecto a estas hip\u00f3tesis, usted se coloca como un controlador de datos independiente, asumiendo todas las obligaciones y responsabilidades de la ley. En este sentido, otorga la m\u00e1s amplia indemnizaci\u00f3n en este punto con respecto a cualquier disputa, reclamaci\u00f3n, solicitud de indemnizaci\u00f3n por da\u00f1os del tratamiento, etc. que deber\u00eda llegar\u00a0<strong>Alba y N.<\/strong><strong>\u00a0<\/strong> por terceros cuyos Datos personales han sido procesados a trav\u00e9s de su uso de las funciones del Sitio en violaci\u00f3n de las reglas de protecci\u00f3n de datos personales aplicables.<\/p>\n<p>En cualquier caso, si proporciona o procesa Datos Personales de terceros en el uso del Sitio, garantiza a partir de ahora, asumiendo toda la responsabilidad relacionada, que esta hip\u00f3tesis particular de tratamiento se basa en el consentimiento de este tercero o de otro. Base jur\u00eddica adecuada que legitime el tratamiento de la informaci\u00f3n en cuesti\u00f3n.<\/p>\n<p><strong>Navegaci\u00f3n de datos recopilados de forma an\u00f3nima<\/strong><\/p>\n<p>Los sistemas inform\u00e1ticos y los procedimientos de software utilizados para operar el Sitio adquieren, durante su funcionamiento normal, algunos Datos Personales cuya transmisi\u00f3n est\u00e1 impl\u00edcita en el uso de los protocolos de comunicaci\u00f3n de Internet. Esta es informaci\u00f3n que no es recopilada por\u00a0<strong>Alba y N.<\/strong>asociarse con interesados identificados, pero que por su propia naturaleza podr\u00edan, mediante el tratamiento y asociaci\u00f3n con datos en poder de terceros, permitir la identificaci\u00f3n de los usuarios.<\/p>\n<p>Esta categor\u00eda de datos incluye direcciones IP o nombres de dominio de las computadoras utilizadas por los usuarios que se conectan al Sitio, las direcciones en la notaci\u00f3n del Identificador uniforme de recursos (URI) de los recursos solicitados, la hora de la solicitud, el m\u00e9todo utilizado para enviar el solicitud al servidor, el tama\u00f1o del archivo obtenido en respuesta, el c\u00f3digo num\u00e9rico que indica el estado de la respuesta dada por el servidor (exitosa, error, etc.) y otros par\u00e1metros relacionados con el sistema operativo y el entorno inform\u00e1tico del usuario.<\/p>\n<p>Estos datos se utilizan con la \u00fanica finalidad de obtener informaci\u00f3n estad\u00edstica an\u00f3nima sobre el uso del Sitio y comprobar su correcto funcionamiento, para identificar anomal\u00edas y \/ o abusos.<\/p>\n<p><strong>Galletas<\/strong><\/p>\n<p>La informaci\u00f3n sobre el uso de cookies est\u00e1 disponible en la Pol\u00edtica de cookies.<\/p>\n<ol start=\"3\">\n<li><strong>Finalidad del tratamiento<\/strong><\/li>\n<\/ol>\n<p><strong>Alba y N. <\/strong> utilizar\u00e1 sus Datos personales, recopilados a trav\u00e9s del Sitio, para los siguientes fines:<\/p>\n<p>Verificar su identidad, enviarle material informativo no comercial; enviarle cualquier informaci\u00f3n que haya solicitado expl\u00edcitamente; finalizar su pedido y ejecutar la prestaci\u00f3n de los servicios solicitados; permitirle solicitar una cotizaci\u00f3n, proporcionarle cualquier otro Servicio que solicite (&quot;Suministro de bienes y servicios&quot;);<\/p>\n<p>Para crear su perfil mediante el uso de cookies de creaci\u00f3n de perfiles, cuando se acepten, recopilando y analizando as\u00ed informaci\u00f3n sobre las selecciones y elecciones que realice en el Sitio, as\u00ed como sus actividades generales en el Sitio. Este perfil se utilizar\u00e1 para proporcionarle informaci\u00f3n sobre otros productos. y \/ o servicios que\u00a0<strong>Alba y N.<\/strong><strong>\u00a0<\/strong> cree que pueden interesarle y mostrarle anuncios que puedan ser relevantes para sus gustos. Todos los algoritmos involucrados en este proceso se prueban peri\u00f3dicamente para asegurar la correcci\u00f3n del proceso y la prevenci\u00f3n de errores (&quot;Perfilado&quot;);<\/p>\n<p>Cumplir con las obligaciones legales que imponen\u00a0<strong>Alba y N.<\/strong>\u00a0la recopilaci\u00f3n y \/ o procesamiento posterior de ciertos tipos de datos personales (&quot;Cumplimiento&quot;);<\/p>\n<p>Prevenir o detectar cualquier abuso en el uso del Sitio o cualquier actividad fraudulenta (&quot;Abuso \/ Fraude&quot;).<\/p>\n<ol start=\"4\">\n<li><strong>Base jur\u00eddica y car\u00e1cter obligatorio u opcional del tratamiento<\/strong><\/li>\n<\/ol>\n<p>La base legal utilizada por\u00a0<strong>Alba y N.<\/strong>para tratar sus Datos Personales, de acuerdo con las finalidades indicadas en el P\u00e1rrafo 3 anterior, son las siguientes:<\/p>\n<p><strong><u>Suministro de bienes y servicios<\/u><\/strong>: el tratamiento a tal efecto es necesario para poder prestarle los productos y \/ o servicios y, por tanto, para la ejecuci\u00f3n de la fase precontractual y \/ o del contrato existente con usted. El suministro de sus datos personales a\u00a0<strong>Alba y N.<\/strong><strong>\u00a0<\/strong>para ello no es obligatorio, pero de lo contrario no ser\u00e1 posible prestarle ning\u00fan Servicio.<\/p>\n<p><strong><u>Spam suave<\/u><\/strong>: el tratamiento para este fin se basa en el inter\u00e9s de\u00a0<strong>Alba y N.<\/strong><strong>\u00a0<\/strong> para enviarle comunicaciones de marketing por correo electr\u00f3nico sobre productos y servicios similares a los que ya ha comprado. Puede dejar de recibir estas comunicaciones, sin ninguna consecuencia para usted (aparte de no poder recibir m\u00e1s comunicaciones de este tipo de\u00a0<strong>Alba y N.<\/strong><strong>\u00a0<\/strong>) enviando un correo electr\u00f3nico a\u00a0<a href=\"mailto:info@albaen.it\">info@albaen.it<\/a><\/p>\n<p><strong><u>Perfilado<\/u><\/strong>: el procesamiento para este prop\u00f3sito se basa en su consentimiento recopilado a trav\u00e9s del banner de cookies. No es obligatorio dar su consentimiento para\u00a0<strong>Alba y N.<\/strong>\u00a0para este prop\u00f3sito y usted es libre de revocarlo en cualquier momento sin ninguna consecuencia (aparte de no poder beneficiarse de la personalizaci\u00f3n de ofertas comerciales por\u00a0<strong>Alba y N.<\/strong><strong>\u00a0<\/strong>). Puede revocar el consentimiento otorgado previamente siguiendo las instrucciones del P\u00e1rrafo 8 de este Aviso.<\/p>\n<p><strong><u>Conformidad<\/u><\/strong>: el procesamiento para este prop\u00f3sito es necesario porque\u00a0<strong>Alba y N.<\/strong><strong>\u00a0<\/strong>puede cumplir con cualquier obligaci\u00f3n legal. Cuando proporciona datos personales a\u00a0<strong>Alba y N.<\/strong>, ser\u00e1n tratados de acuerdo con la legislaci\u00f3n aplicable, lo que podr\u00eda implicar su conservaci\u00f3n y comunicaci\u00f3n a las Autoridades para obligaciones contables, fiscales u otras.<\/p>\n<p><strong><u>Abuso \/ Fraude<\/u><\/strong>: la informaci\u00f3n recopilada para este fin se utilizar\u00e1 exclusivamente para prevenir y \/ o identificar cualquier actividad fraudulenta o abuso en el uso del Sitio (que tenga relevancia delictiva).<\/p>\n<ol start=\"5\">\n<li><strong>Destinatarios de los datos personales<\/strong><\/li>\n<\/ol>\n<p>Sus datos personales se pueden compartir con las partes que se enumeran a continuaci\u00f3n (los &quot;Destinatarios&quot;):<\/p>\n<p>Sujetos que habitualmente act\u00faan como responsables del tratamiento, es decir: i) personas, empresas o despachos profesionales que prestan asistencia y asesoramiento a\u00a0<strong>Alba y N.<\/strong><strong>\u00a0<\/strong> en materias contables, administrativas, legales, fiscales, financieras y de recuperaci\u00f3n de cr\u00e9dito relacionadas con el suministro de bienes y \/ o servicios;<\/p>\n<p>Sujetos con los que es necesario interactuar para la prestaci\u00f3n de bienes y servicios (por ejemplo, proveedores de alojamiento o proveedores de plataformas para el env\u00edo de correos electr\u00f3nicos);<\/p>\n<p>Sujetos delegados para realizar actividades de mantenimiento t\u00e9cnico (incluido el mantenimiento de equipos de red y redes de comunicaciones electr\u00f3nicas);<\/p>\n<p>Personas autorizadas por\u00a0<strong>Alba y N.<\/strong>\u00a0al procesamiento de Datos Personales necesarios para llevar a cabo actividades estrictamente relacionadas con el suministro de bienes y servicios, que est\u00e1n comprometidos con la confidencialidad o tienen una obligaci\u00f3n legal adecuada de confidencialidad (por ejemplo, empleados de\u00a0<strong>Alba y N.<\/strong><strong>\u00a0<\/strong>);<\/p>\n<p>Sujetos, organismos o autoridades a quienes es obligatorio comunicar sus Datos Personales con fines de Cumplimiento, Abuso o Fraude, o por orden de las autoridades;<\/p>\n<ol start=\"6\">\n<li><strong>Transferencias de datos personales<\/strong><\/li>\n<\/ol>\n<p>Sus datos personales se almacenan en servidores ubicados dentro de la Uni\u00f3n Europea. En todo caso, se entiende que\u00a0<strong>Alba y N.<\/strong>\u00a0como Responsable del tratamiento, si es necesario, tendr\u00e1 derecho a trasladar los servidores incluso fuera de la UE. En este caso, el Responsable del tratamiento asegura a partir de ahora que la transferencia de datos fuera de la UE se llevar\u00e1 a cabo de conformidad con las disposiciones legales aplicables, sujeto a la estipulaci\u00f3n de las cl\u00e1usulas contractuales est\u00e1ndar previstas por la Comisi\u00f3n Europea.\u00a0<strong>Alba y N.<\/strong>\u00a0asegura que el tratamiento de sus Datos Personales por parte de estos Destinatarios se produce de conformidad con la legislaci\u00f3n aplicable y con las garant\u00edas adecuadas, tales como decisiones de adecuaci\u00f3n, Cl\u00e1usulas Contractuales Tipo aprobadas por la Comisi\u00f3n Europea u otras garant\u00edas que se consideren adecuadas.<\/p>\n<p>M\u00e1s informaci\u00f3n est\u00e1 disponible en\u00a0<strong>Alba y N.<\/strong><strong>\u00a0<\/strong> escribiendo a la siguiente direcci\u00f3n:\u00a0<a href=\"mailto:info@albaen.it\">info@albaen.it<\/a><\/p>\n<p>&nbsp;<\/p>\n<p><strong>7<\/strong>.<strong>Conservaci\u00f3n de datos personales<\/strong><\/p>\n<p>Los Datos Personales procesados con el fin de suministrar bienes y servicios ser\u00e1n conservados por\u00a0<strong>Alba y N.<\/strong><strong>\u00a0<\/strong> por el tiempo estrictamente necesario para perseguir el prop\u00f3sito antes mencionado. En cualquier caso, dado que dichos Datos personales se procesan para proporcionarle bienes y servicios,\u00a0<strong>Alba y N.<\/strong>\u00a0puede conservarlos durante un per\u00edodo m\u00e1s prolongado, en particular cuando sea necesario para proteger los intereses de\u00a0<strong>Alba y N.<\/strong><strong>\u00a0<\/strong> de las posibles responsabilidades relativas a dicho suministro.<\/p>\n<p>Los datos personales procesados con fines de marketing, spam suave y elaboraci\u00f3n de perfiles ser\u00e1n conservados por\u00a0<strong>Alba y N.<\/strong><strong>\u00a0<\/strong> hasta que se revoque el consentimiento que ha dado. Una vez revocado el consentimiento\u00a0<strong>Alba y N.<\/strong><strong>\u00a0<\/strong>dejar\u00e1 de utilizar sus Datos personales para estos fines, pero podr\u00e1 conservarlos, en particular cuando sea necesario para proteger los intereses de\u00a0<strong>Alba y N.<\/strong><strong>\u00a0<\/strong> de posibles responsabilidades basadas en dichos tratamientos.<\/p>\n<p>Los datos personales procesados con fines de cumplimiento ser\u00e1n conservados por\u00a0<strong>Alba y N.<\/strong>\u00a0por el per\u00edodo previsto por las obligaciones legales espec\u00edficas o la legislaci\u00f3n aplicable.<\/p>\n<p>Los Datos Personales procesados para prevenir Abuso \/ Fraude ser\u00e1n conservados por\u00a0<strong>Alba y N.<\/strong>\u00a0por el tiempo estrictamente necesario para el prop\u00f3sito antes mencionado.<\/p>\n<ol start=\"8\">\n<li><strong>Derechos del interesado<\/strong><\/li>\n<\/ol>\n<p>En relaci\u00f3n con el tratamiento de datos personales realizado por\u00a0<strong>Alba y N.<\/strong><strong>la\u00a0<\/strong> tiene derecho a preguntar en cualquier momento:<\/p>\n<p>acceso a los datos que le conciernen, su correcci\u00f3n o cancelaci\u00f3n de conformidad con el art. 17 del GDPR, la integraci\u00f3n de datos incompletos, la limitaci\u00f3n del procesamiento; recibir los Datos en un formato estructurado, com\u00fanmente utilizado y legible por un dispositivo autom\u00e1tico, as\u00ed como, si es t\u00e9cnicamente factible, transmitirlos a otro titular sin impedimentos en caso de que se cumplan las condiciones para el ejercicio del derecho a la portabilidad a que se refiere el &#039;Arte. 20 del RGPD (el procesamiento se basa en el consentimiento de conformidad con el art\u00edculo 6.1 letra a) o el art. 9.2, lett. a) o en el contrato de conformidad con el art. 6.1, lett. b) del RGPD y se lleva a cabo con herramientas automatizadas); revocar el consentimiento prestado en cualquier momento para la finalidad a que se refiere el art. 3 y oponerse, total o parcialmente, al tratamiento en los casos permitidos; para presentar una reclamaci\u00f3n ante el Garante, as\u00ed como para ejercitar los dem\u00e1s derechos reconocidos por la normativa aplicable (art\u00edculos 16-21 RGPD). Tambi\u00e9n puede ejercitar sus derechos escribiendo a\u00a0<strong>Alba y N.<\/strong><strong>\u00a0<\/strong> a la siguiente direcci\u00f3n:\u00a0<a href=\"mailto:info@albaen.it\">info@albaen.it<\/a>. En cualquier caso, siempre tiene derecho a presentar una reclamaci\u00f3n ante la Autoridad de Control competente, si cree que el tratamiento de sus Datos Personales es contrario a la legislaci\u00f3n vigente.<\/p>\n<ol start=\"9\">\n<li><strong>Cambios<\/strong><\/li>\n<\/ol>\n<p>Esta informaci\u00f3n se ha estado ejecutando desde el 25\/05\/18.<strong>Alba y N.<\/strong>\u00a0se reserva el derecho a modificar o simplemente actualizar su contenido, parcial o totalmente, tambi\u00e9n por cambios en la legislaci\u00f3n aplicable.<strong>Alba y N.<\/strong>\u00a0le informar\u00e1 de dichos cambios tan pronto como se introduzcan y ser\u00e1n vinculantes tan pronto como se publiquen en el Sitio.\u00a0<strong>Alba y N.<\/strong><strong>\u00a0\u00a0<\/strong>por ello le invita a visitar esta secci\u00f3n peri\u00f3dicamente para conocer la versi\u00f3n m\u00e1s reciente y actualizada de la Informaci\u00f3n con el fin de estar siempre actualizado sobre los Datos Personales recabados y sobre el uso que se hace de los mismos.<strong>Alba y N.<\/strong><\/p>","protected":false},"excerpt":{"rendered":"<p>Informativa Privacy Alba&amp;N. con sede in S.P. Trani-Andria Km2 76125 Trani (BT), ITALIA) &#8211; P.IVA 06471190725 (Alba&amp;N.), si impegna costantemente<\/p>","protected":false},"author":4,"featured_media":0,"parent":0,"menu_order":0,"comment_status":"closed","ping_status":"closed","template":"","meta":{"footnotes":""},"class_list":["post-4349","page","type-page","status-publish","hentry"],"_links":{"self":[{"href":"https:\/\/albaen.it\/esp\/wp-json\/wp\/v2\/pages\/4349","targetHints":{"allow":["GET"]}}],"collection":[{"href":"https:\/\/albaen.it\/esp\/wp-json\/wp\/v2\/pages"}],"about":[{"href":"https:\/\/albaen.it\/esp\/wp-json\/wp\/v2\/types\/page"}],"author":[{"embeddable":true,"href":"https:\/\/albaen.it\/esp\/wp-json\/wp\/v2\/users\/4"}],"replies":[{"embeddable":true,"href":"https:\/\/albaen.it\/esp\/wp-json\/wp\/v2\/comments?post=4349"}],"version-history":[{"count":0,"href":"https:\/\/albaen.it\/esp\/wp-json\/wp\/v2\/pages\/4349\/revisions"}],"wp:attachment":[{"href":"https:\/\/albaen.it\/esp\/wp-json\/wp\/v2\/media?parent=4349"}],"curies":[{"name":"wp","href":"https:\/\/api.w.org\/{rel}","templated":true}]}}