{"id":4347,"date":"2019-02-21T16:16:36","date_gmt":"2019-02-21T15:16:36","guid":{"rendered":"http:\/\/albaen.it\/?page_id=4347"},"modified":"2023-11-11T09:00:37","modified_gmt":"2023-11-11T08:00:37","slug":"informativa-cookie","status":"publish","type":"page","link":"https:\/\/albaen.it\/esp\/informativa-cookie\/","title":{"rendered":"Informativa Cookie"},"content":{"rendered":"<div class=\"wpb-content-wrapper\"><div class=\"vc_row wpb_row vc_row-fluid\"><div class=\"wpb_column vc_column_container vc_col-sm-12\"><div class=\"vc_column-inner\"><div class=\"wpb_wrapper\">\n\t<div class=\"wpb_text_column wpb_content_element\" >\n\t\t<div class=\"wpb_wrapper\">\n\t\t\t<div id=\"Content\">\n<div class=\"content_wrapper clearfix\">\n<div class=\"sections_group\">\n<div class=\"entry-content\">\n<div class=\"section the_content has_content\">\n<div class=\"section_wrapper\">\n<div class=\"the_content_wrapper\">\n<div class=\"wpb_text_column wpb_content_element\">\n<h3 class=\"wpb_wrapper\">POL\u00cdTICA DE COOKIES<\/h3>\n<p>Las cookies consisten en porciones de c\u00f3digo instaladas en el navegador que ayudan al propietario a proporcionar el servicio de acuerdo con los fines descritos. Algunos de los prop\u00f3sitos de la instalaci\u00f3n de cookies tambi\u00e9n pueden requerir el consentimiento del usuario.<\/p>\n<p>Cuando la instalaci\u00f3n de Cookies se realiza sobre la base del consentimiento, este consentimiento puede ser revocado libremente en cualquier momento siguiendo las instrucciones contenidas en este documento.<\/p>\n<p class=\"wpb_wrapper\"><strong>Cookies t\u00e9cnicas y estad\u00edsticas agregadas<\/strong><\/p>\n<p class=\"expand-click w_icon_24 icon_general\"><strong>Actividades estrictamente necesarias para la operaci\u00f3n<\/strong><\/p>\n<p>Esta Aplicaci\u00f3n utiliza Cookies para guardar la sesi\u00f3n del Usuario y para realizar otras actividades que son estrictamente necesarias para el funcionamiento de esta Aplicaci\u00f3n, por ejemplo en relaci\u00f3n con la distribuci\u00f3n del tr\u00e1fico.<\/p>\n<p class=\"expand-click w_icon_24 icon_general\"><strong>Actividades para guardar preferencias, optimizaci\u00f3n y estad\u00edsticas<\/strong><\/p>\n<p>Esta Aplicaci\u00f3n utiliza Cookies para guardar las preferencias de navegaci\u00f3n y optimizar la experiencia de navegaci\u00f3n del Usuario. Estas cookies incluyen, por ejemplo, aquellas para configurar el idioma y la moneda o para la gesti\u00f3n de estad\u00edsticas por parte del propietario del sitio.<\/p>\n<p class=\"wpb_wrapper\"><strong>Otro tipo de cookies o herramientas de terceros que pueden instalarlas<\/strong><\/p>\n<p>Algunos de los servicios que se enumeran a continuaci\u00f3n recopilan estad\u00edsticas de forma agregada y an\u00f3nima y pueden no requerir el consentimiento del Usuario o pueden ser administrados directamente por el Propietario, seg\u00fan lo que se describa, sin la ayuda de terceros.<\/p>\n<p>Si entre las herramientas indicadas a continuaci\u00f3n existieran servicios gestionados por terceros, estos podr\u00edan, adem\u00e1s de lo especificado y tambi\u00e9n sin el conocimiento del Titular, realizar actividades de seguimiento de Usuarios. Para obtener informaci\u00f3n detallada al respecto, es recomendable consultar las pol\u00edticas de privacidad de los servicios enumerados.<\/p>\n<p>&nbsp;<\/p>\n<h4>Chat del cliente de Facebook Messenger (Facebook, Inc.)<\/h4>\n<div class=\"wrap\">\n<p>El chat del cliente de Facebook Messenger es un servicio de interacci\u00f3n con la plataforma de chat en vivo de Facebook Messenger, proporcionada por Facebook, Inc.<\/p>\n<\/div>\n<p>Datos personales recopilados: cookies, datos comunicados durante el uso del servicio, datos de uso y Acerca de m\u00ed.<\/p>\n<p>Lugar de procesamiento: Estados Unidos -\u00a0<a href=\"https:\/\/www.facebook.com\/about\/privacy\/\" target=\"_blank\" rel=\"noopener noreferrer\">Pol\u00edtica de privacidad<\/a>. Sujeto adherido al Escudo de Privacidad.<\/p>\n<p>&nbsp;<\/p>\n<h4 class=\"expand-click w_icon_24 policyicon_purpose_4953082\">Interacci\u00f3n con redes sociales y plataformas externas<\/h4>\n<p>Este tipo de servicio permite la interacci\u00f3n con redes sociales, u otras plataformas externas, directamente desde las p\u00e1ginas de esta Aplicaci\u00f3n. Las interacciones y la informaci\u00f3n obtenida de esta Aplicaci\u00f3n est\u00e1n en todo caso sujetas a la configuraci\u00f3n de privacidad del Usuario relacionada con cada red social. En el caso de que se instale un servicio de interacci\u00f3n con las redes sociales, es posible que, aunque los Usuarios no utilicen el servicio, este recoja datos de tr\u00e1fico relativos a las p\u00e1ginas en las que est\u00e1 instalado.<\/p>\n<div class=\"wrap\"><\/div>\n<h4>Bot\u00f3n Me gusta y widgets sociales de Facebook (Facebook, Inc.)<\/h4>\n<div class=\"wrap\">\n<p>El bot\u00f3n &quot;Me gusta&quot; y los widgets sociales de Facebook son servicios de interacci\u00f3n con la red social de Facebook, proporcionados por Facebook, Inc.<\/p>\n<\/div>\n<p>Datos personales recopilados: cookies y datos de uso.<\/p>\n<p>Lugar de procesamiento: Estados Unidos -\u00a0<a href=\"https:\/\/www.facebook.com\/privacy\/explanation\" target=\"_blank\" rel=\"noopener noreferrer\">Pol\u00edtica de privacidad<\/a>. Sujeto adherido al Escudo de Privacidad.<\/p>\n<h4 class=\"expand-click w_icon_24 policyicon_purpose_4911025\">Protecci\u00f3n contra el spam<\/h4>\n<p>Este tipo de servicio analiza el tr\u00e1fico de esta Aplicaci\u00f3n, que potencialmente contiene Datos Personales de los Usuarios, con el fin de filtrarlo de partes del tr\u00e1fico, mensajes y contenidos reconocidos como SPAM.<\/p>\n<h4>Google reCAPTCHA (Google Inc.)<\/h4>\n<div class=\"wrap\">\n<p>Google reCAPTCHA es un servicio de protecci\u00f3n contra correo no deseado proporcionado por Google Inc.<br \/>\nEl uso del sistema reCAPTCHA est\u00e1 sujeto a las\u00a0<a href=\"https:\/\/www.google.com\/intl\/it\/policies\/privacy\/\" target=\"_blank\" rel=\"noopener noreferrer\">pol\u00edtica de privacidad<\/a>\u00a0y ai\u00a0<a href=\"https:\/\/www.google.com\/intl\/it\/policies\/terms\/\" target=\"_blank\" rel=\"noopener noreferrer\">t\u00e9rminos de Uso<\/a>\u00a0por Google.<\/p>\n<\/div>\n<p>Datos personales recopilados: cookies y datos de uso.<\/p>\n<p>Lugar de procesamiento: Estados Unidos -\u00a0<a href=\"https:\/\/www.google.com\/intl\/it\/policies\/privacy\/\" target=\"_blank\" rel=\"noopener noreferrer\">Pol\u00edtica de privacidad<\/a>. Sujeto adherido al Escudo de Privacidad.<\/p>\n<h4 class=\"expand-click w_icon_24 policyicon_purpose_4951251\">Remarketing y segmentaci\u00f3n por comportamiento<\/h4>\n<p>Este tipo de servicio permite que esta Aplicaci\u00f3n y sus socios se comuniquen, optimicen y sirvan anuncios basados en el uso anterior de esta Aplicaci\u00f3n por parte del Usuario. Esta actividad se lleva a cabo mediante el seguimiento de los Datos de uso y el uso de Cookies, informaci\u00f3n que se transfiere a los socios a los que est\u00e1 conectada la actividad de remarketing y segmentaci\u00f3n conductual. Adem\u00e1s de la posibilidad de optar por no ofrecer los siguientes servicios, el Usuario puede optar por la exclusi\u00f3n del recepci\u00f3n de cookies relacionadas con un servicio de terceros, visitando el\u00a0<a href=\"http:\/\/optout.networkadvertising.org\/\" target=\"_blank\" rel=\"noopener noreferrer\">p\u00e1gina de exclusi\u00f3n voluntaria de la Iniciativa de publicidad en red<\/a>.<\/p>\n<h4>Audiencia personalizada de Facebook (Facebook, Inc.)<\/h4>\n<div class=\"wrap\">\n<p>Facebook Custom Audience es un servicio de remarketing y segmentaci\u00f3n por comportamiento proporcionado por Facebook, Inc. que conecta la actividad de esta Aplicaci\u00f3n con la red publicitaria de Facebook.<\/p>\n<\/div>\n<p>Datos personales recopilados: cookies y correos electr\u00f3nicos.<\/p>\n<p>Lugar de procesamiento: Estados Unidos -\u00a0<a href=\"https:\/\/www.facebook.com\/about\/privacy\/\" target=\"_blank\" rel=\"noopener noreferrer\">Pol\u00edtica de privacidad<\/a>\u00a0-\u00a0<a href=\"https:\/\/www.aboutads.info\/choices\/\" target=\"_blank\" rel=\"noopener noreferrer\">Optar por no<\/a>. Sujeto adherido al Escudo de Privacidad.<\/p>\n<h4>Remarketing de Facebook (Facebook, Inc.)<\/h4>\n<div class=\"wrap\">\n<p>Facebook Remarketing es un servicio de remarketing y segmentaci\u00f3n por comportamiento proporcionado por Facebook, Inc. que conecta la actividad de esta Aplicaci\u00f3n con la red publicitaria de Facebook.<\/p>\n<\/div>\n<p>Datos personales recopilados: cookies y datos de uso.<\/p>\n<p>Lugar de procesamiento: Estados Unidos -\u00a0<a href=\"https:\/\/www.facebook.com\/about\/privacy\/\" target=\"_blank\" rel=\"noopener noreferrer\">Pol\u00edtica de privacidad<\/a>\u00a0-\u00a0<a href=\"https:\/\/www.aboutads.info\/choices\/\" target=\"_blank\" rel=\"noopener noreferrer\">Optar por no<\/a>. Sujeto adherido al Escudo de Privacidad.<\/p>\n<p>Los servicios contenidos en esta secci\u00f3n permiten al controlador de datos monitorear y analizar los datos de tr\u00e1fico y se utilizan para realizar un seguimiento del comportamiento del usuario.<\/p>\n<h4>Google Analytics (Google Inc.)<\/h4>\n<div class=\"wrap\">\n<p>Google Analytics es un servicio de an\u00e1lisis web proporcionado por Google Inc. (&quot;Google&quot;). Google utiliza los Datos personales recopilados con el fin de rastrear y examinar el uso de esta Aplicaci\u00f3n, compilar informes y compartirlos con otros servicios desarrollados por Google.<br \/>\nGoogle puede utilizar los Datos Personales para contextualizar y personalizar los anuncios de su propia red publicitaria.<\/p>\n<p class=\"expand-click w_icon_24 policyicon_purpose_4910983\">Estad\u00edsticas<\/p>\n<\/div>\n<p>Datos personales recopilados: cookies y datos de uso.<\/p>\n<p>Lugar de procesamiento: Estados Unidos -\u00a0<a href=\"https:\/\/www.google.com\/intl\/it\/policies\/privacy\/\" target=\"_blank\" rel=\"noopener noreferrer\">Pol\u00edtica de privacidad<\/a>\u00a0-\u00a0<a href=\"https:\/\/tools.google.com\/dlpage\/gaoptout?hl=it\" target=\"_blank\" rel=\"noopener noreferrer\">Optar por no<\/a>. Sujeto adherido al Escudo de Privacidad.<\/p>\n<h4>Extensi\u00f3n de ID de usuario para Google Analytics (Google Inc.)<\/h4>\n<div class=\"wrap\">\n<p>Google Analytics en esta aplicaci\u00f3n utiliza una funci\u00f3n denominada ID de usuario. Esto permite un seguimiento m\u00e1s preciso de los Usuarios al asignar a cada uno un ID \u00fanico para varias sesiones y dispositivos, pero de tal manera que no permita que Google identifique personalmente a un individuo o identifique permanentemente un dispositivo espec\u00edfico.<br \/>\nLa extensi\u00f3n de ID de usuario tambi\u00e9n le permite conectar datos de Google Analytics con otros datos de usuario recopilados por esta aplicaci\u00f3n.<br \/>\nEl enlace Opt Out que se proporciona a continuaci\u00f3n le permite deshabilitar el seguimiento del dispositivo que est\u00e1 utilizando, pero no excluye otras actividades de seguimiento realizadas por el propietario. Para desactivar tambi\u00e9n este \u00faltimo, p\u00f3ngase en contacto con el propietario a trav\u00e9s de la direcci\u00f3n de correo electr\u00f3nico de contacto.<\/p>\n<\/div>\n<p>Datos personales recopilados: Cookies.<\/p>\n<p>Lugar de procesamiento: Estados Unidos -\u00a0<a href=\"https:\/\/www.google.com\/intl\/policies\/privacy\/\" target=\"_blank\" rel=\"noopener noreferrer\">Pol\u00edtica de privacidad<\/a>\u00a0-\u00a0<a href=\"https:\/\/tools.google.com\/dlpage\/gaoptout\" target=\"_blank\" rel=\"noopener noreferrer\">Optar por no<\/a>. Sujeto adherido al Escudo de Privacidad.<\/p>\n<div class=\"wrap\">\n<p>&nbsp;<\/p>\n<\/div>\n<h4>Seguimiento de conversiones de anuncios de Facebook (Facebook, Inc.)<\/h4>\n<div class=\"wrap\">\n<p>El seguimiento de conversiones de anuncios de Facebook es un servicio de estad\u00edsticas proporcionado por Facebook, Inc. que conecta los datos de la red de anuncios de Facebook con las acciones realizadas dentro de esta Aplicaci\u00f3n.<\/p>\n<\/div>\n<p>Datos personales recopilados: cookies y datos de uso.<\/p>\n<p>Lugar de procesamiento: Estados Unidos -\u00a0<a href=\"https:\/\/www.facebook.com\/about\/privacy\/\" target=\"_blank\" rel=\"noopener noreferrer\">Pol\u00edtica de privacidad<\/a>. Sujeto adherido al Escudo de Privacidad.<\/p>\n<h4>Seguimiento de conversiones de Google AdWords (Google Inc.)<\/h4>\n<div class=\"wrap\">\n<p>El seguimiento de conversiones de Google AdWords es un servicio de estad\u00edsticas proporcionado por Google Inc. que vincula los datos de la red publicitaria de Google AdWords con las acciones realizadas dentro de esta Aplicaci\u00f3n.<\/p>\n<\/div>\n<p>Datos personales recopilados: cookies y datos de uso.<\/p>\n<p>Lugar de procesamiento: Estados Unidos -\u00a0<a href=\"https:\/\/www.google.com\/intl\/it\/policies\/privacy\/\" target=\"_blank\" rel=\"noopener noreferrer\">Pol\u00edtica de privacidad<\/a>. Sujeto adherido al Escudo de Privacidad.<\/p>\n<h4>Estad\u00edsticas de WordPress (Automattic Inc.)<\/h4>\n<div class=\"wrap\">\n<p>WordPress Stats es un servicio de estad\u00edsticas proporcionado por Automattic Inc.<\/p>\n<\/div>\n<p>Datos personales recopilados: cookies y datos de uso.<\/p>\n<p>Lugar de procesamiento: Estados Unidos -\u00a0<a href=\"https:\/\/automattic.com\/privacy\/\" target=\"_blank\" rel=\"noopener noreferrer\">Pol\u00edtica de privacidad<\/a>.<\/p>\n<h4>Ver contenido de plataformas externas<\/h4>\n<p>Este tipo de servicio permite visualizar contenidos alojados en plataformas externas directamente desde las p\u00e1ginas de esta Aplicaci\u00f3n e interactuar con ellas, en el caso de que se instale un servicio de este tipo, es posible que, aunque los Usuarios no utilicen el servicio, el mismo recopila datos de tr\u00e1fico relacionados con las p\u00e1ginas en las que est\u00e1 instalado.<\/p>\n<h4>Widget de Google Maps (Google Inc.)<\/h4>\n<div class=\"wrap\">\n<p>Google Maps es un servicio de visualizaci\u00f3n de mapas administrado por Google Inc. que permite a esta aplicaci\u00f3n integrar dichos contenidos dentro de sus p\u00e1ginas.<\/p>\n<\/div>\n<p>Datos personales recopilados: cookies y datos de uso.<\/p>\n<p>Lugar de procesamiento: Estados Unidos -\u00a0<a href=\"https:\/\/www.google.it\/intl\/it\/policies\/privacy\/\" target=\"_blank\" rel=\"noopener noreferrer\">Pol\u00edtica de privacidad<\/a>. Sujeto adherido al Escudo de Privacidad.<\/p>\n<\/div>\n<div class=\"wpb_text_column wpb_content_element\">\n<div class=\"wpb_wrapper\">\n<p>\u00bfC\u00f3mo puedo manifestar mi consentimiento para la instalaci\u00f3n de Cookies? Adem\u00e1s de lo indicado en este documento, el Usuario puede gestionar las preferencias relativas a las Cookies directamente en su navegador y evitar, por ejemplo, que terceros las instalen. A trav\u00e9s de las preferencias del navegador tambi\u00e9n es posible eliminar las Cookies instaladas en el pasado, incluida la Cookie en la que finalmente se guarda el consentimiento para la instalaci\u00f3n de Cookies por parte de este sitio. El Usuario puede encontrar informaci\u00f3n sobre c\u00f3mo gestionar las Cookies con algunos de los navegadores m\u00e1s populares, por ejemplo en las siguientes direcciones:\u00a0<a href=\"https:\/\/support.google.com\/chrome\/answer\/95647?hl=it&amp;p=cpn_cookies\" target=\"_blank\" rel=\"noopener noreferrer\">Google Chrome<\/a>,\u00a0<a href=\"https:\/\/support.mozilla.org\/it\/kb\/Attivare%20e%20disattivare%20i%20cookie\" target=\"_blank\" rel=\"noopener noreferrer\">Mozilla Firefox<\/a>,\u00a0<a href=\"https:\/\/support.apple.com\/kb\/PH21411\" target=\"_blank\" rel=\"noopener noreferrer\">Safari de manzana<\/a>\u00a0osea reciclar y\u00a0<a href=\"http:\/\/windows.microsoft.com\/it-it\/windows-vista\/block-or-allow-cookies\" target=\"_blank\" rel=\"noopener noreferrer\">Microsoft Internet Explorer<\/a>.<\/p>\n<p>Con referencia a las Cookies instaladas por terceros, el Usuario tambi\u00e9n puede administrar su configuraci\u00f3n y retirar el consentimiento visitando el enlace de exclusi\u00f3n relativo (si est\u00e1 disponible), utilizando las herramientas descritas en la pol\u00edtica de privacidad del tercero o contactando al tercero directamente.<\/p>\n<p>No obstante lo anterior, el Usuario podr\u00e1 utilizar la informaci\u00f3n proporcionada por\u00a0<a href=\"http:\/\/www.youronlinechoices.eu\/\" target=\"_blank\" rel=\"noopener noreferrer\">EDAA<\/a>\u00a0(UE),\u00a0<a href=\"https:\/\/www.networkadvertising.org\/understanding-digital-advertising\" target=\"_blank\" rel=\"noopener noreferrer\">Iniciativa de publicidad en red<\/a>\u00a0(Estados Unidos) e\u00a0<a href=\"https:\/\/www.aboutads.info\/consumers\/\" target=\"_blank\" rel=\"noopener noreferrer\">Alianza de publicidad digital<\/a>\u00a0(ESTADOS UNIDOS),\u00a0<a href=\"https:\/\/youradchoices.ca\/understanding-online-advertising\/\" target=\"_blank\" rel=\"noopener noreferrer\">DAAC<\/a>\u00a0(Canad\u00e1),\u00a0<a href=\"http:\/\/www.ddai.info\/optout\" target=\"_blank\" rel=\"noopener noreferrer\">DDAI<\/a>(Jap\u00f3n) u otros servicios similares. Con estos servicios es posible gestionar las preferencias de seguimiento de la mayor\u00eda de herramientas publicitarias. Por lo tanto, el controlador de datos aconseja a los usuarios que utilicen estos recursos adem\u00e1s de la informaci\u00f3n proporcionada en este documento.<\/p>\n<\/div>\n<\/div>\n<div class=\"wpb_text_column wpb_content_element\">\n<div class=\"wpb_wrapper\">\n<p>Controlador de datos<\/p>\n<div class=\"textwidget\">\n<h4>ALBA &amp; N<\/h4>\n<div class=\"textwidget\">\n<p><span class=\"contact-details\"><strong>Alba y N.<\/strong><\/span><\/p>\n<p>SP Trani-Andria Km2<br \/>\n76125 Trani (BT), ITALIA<\/p>\n<p>TEL. 0883.532.581<br \/>\nFAX 0883.534.957<br \/>\nN\u00famero de IVA 06471190725<\/p>\n<p class=\"country\"><b>Correo electr\u00f3nico de contacto del propietario:\u00a0<a href=\"mailto:info@albaen.it\">info@albaen.it<\/a><\/b><\/p>\n<\/div>\n<\/div>\n<p>Dado que la instalaci\u00f3n de Cookies de terceros y otros sistemas de seguimiento a trav\u00e9s de los servicios utilizados dentro de esta Aplicaci\u00f3n no puede ser t\u00e9cnicamente controlada por el Propietario, cualquier referencia espec\u00edfica a Cookies y sistemas de seguimiento instalados por terceros es para ser considerado indicativo. Para obtener informaci\u00f3n completa, se invita al Usuario a consultar la pol\u00edtica de privacidad de los servicios de terceros enumerados en este documento.<\/p>\n<p>Dada la complejidad objetiva que rodea a la identificaci\u00f3n de tecnolog\u00edas basadas en Cookies, se anima a los Usuarios a ponerse en contacto con el Titular si desean recibir m\u00e1s informaci\u00f3n sobre el uso de Cookies por esta Aplicaci\u00f3n.<\/p>\n<\/div>\n<\/div>\n<div class=\"wpb_text_column wpb_content_element\">\n<div class=\"wpb_wrapper\">\n<p>Definiciones y referencias legales<\/p>\n<h4>Datos personales (o datos)<\/h4>\n<p>Cualquier informaci\u00f3n que, directa o indirectamente, tambi\u00e9n en relaci\u00f3n con cualquier otra informaci\u00f3n, incluido un n\u00famero de identificaci\u00f3n personal, haga que una persona f\u00edsica sea identificada o identificable constituye un dato personal.<\/p>\n<h4>Datos de uso<\/h4>\n<p>Esta es informaci\u00f3n recopilada autom\u00e1ticamente a trav\u00e9s de esta Aplicaci\u00f3n (incluidas las aplicaciones de terceros integradas en esta Aplicaci\u00f3n), que incluyen: direcciones IP o nombres de dominio de las computadoras utilizadas por el Usuario que se conecta con esta Aplicaci\u00f3n, direcciones en notaci\u00f3n URI ( Identificador de recursos uniforme), la hora de la solicitud, el m\u00e9todo utilizado para enviar la solicitud al servidor, el tama\u00f1o del archivo obtenido en respuesta, el c\u00f3digo num\u00e9rico que indica el estado de la respuesta del servidor (exitosa, error, etc.) pa\u00eds de origen, las caracter\u00edsticas del navegador y sistema operativo utilizado por el visitante, las diversas connotaciones temporales de la visita (por ejemplo, el tiempo dedicado a cada p\u00e1gina) y los detalles del itinerario seguido dentro de la Aplicaci\u00f3n, con particular referencia la secuencia de p\u00e1ginas consultadas, los par\u00e1metros relacionados con el sistema operativo y el entorno inform\u00e1tico del Usuario.<\/p>\n<h4>Usuario<\/h4>\n<p>La persona que usa esta Aplicaci\u00f3n y que, a menos que se especifique lo contrario, coincide con el Interesado.<\/p>\n<h4>Interesado<\/h4>\n<p>La persona f\u00edsica a la que se refieren los Datos Personales.<\/p>\n<h4>Procesador de datos (o gerente)<\/h4>\n<p>La persona f\u00edsica, persona jur\u00eddica, administraci\u00f3n p\u00fablica y cualquier otro organismo que trate datos personales por cuenta del Responsable del tratamiento, tal y como se establece en esta pol\u00edtica de privacidad.<\/p>\n<h4>Controlador de datos (o propietario)<\/h4>\n<p>La persona f\u00edsica o jur\u00eddica, autoridad p\u00fablica, servicio u otro organismo que, individualmente o junto con otros, determine las finalidades y medios del tratamiento de los datos personales y las herramientas adoptadas, incluidas las medidas de seguridad relativas a la operaci\u00f3n y uso de esta aplicaci\u00f3n. El controlador de datos, a menos que se especifique lo contrario, es el propietario de esta aplicaci\u00f3n.<\/p>\n<h4>Esta aplicaci\u00f3n<\/h4>\n<p>La herramienta de hardware o software a trav\u00e9s de la cual se recopilan y procesan los datos personales de los usuarios.<\/p>\n<h4>Servicio<\/h4>\n<p>El servicio proporcionado por esta aplicaci\u00f3n como se define en los t\u00e9rminos relativos (si est\u00e1n disponibles) en este sitio \/ aplicaci\u00f3n.<\/p>\n<h4>Uni\u00f3n Europea (o UE)<\/h4>\n<p>A menos que se especifique lo contrario, cualquier referencia a la Uni\u00f3n Europea contenida en este documento tiene la intenci\u00f3n de extenderse a todos los estados miembros actuales de la Uni\u00f3n Europea y el Espacio Econ\u00f3mico Europeo.<\/p>\n<h4>Galleta<\/h4>\n<p>Peque\u00f1a pieza de datos almacenada en el dispositivo del usuario.<\/p>\n<h4>Sobre m\u00ed<\/h4>\n<p>Proporciona acceso a la secci\u00f3n &quot;Acerca de m\u00ed&quot; del perfil.<\/p>\n<hr \/>\n<h4>Referencias legales<\/h4>\n<p>Esta declaraci\u00f3n de privacidad est\u00e1 redactada sobre la base de m\u00faltiples sistemas legislativos, incluidos los art\u00edculos. 13 y 14 del Reglamento (UE) 2016\/679.<\/p>\n<p>A menos que se especifique lo contrario, esta declaraci\u00f3n de privacidad solo concierne a esta Aplicaci\u00f3n.<\/p>\n<\/div>\n<\/div>\n<div class=\"wpb_text_column wpb_content_element\">\n<div class=\"wpb_wrapper\">\n<p id=\"owner_of_the_data\">\u00daltima modificaci\u00f3n: 28 de mayo de 2018<\/p>\n<p>Ver la pol\u00edtica de privacidad simplificada:\u00a0<a href=\"http:\/\/albaen.it\/informativa-privacy\" target=\"_blank\" rel=\"noopener noreferrer\">https:\/\/www.albaen\/informativa-privacy<\/a><\/p>\n<\/div>\n<\/div>\n<\/div>\n<\/div>\n<\/div>\n<div class=\"section section-page-footer\"><\/div>\n<\/div>\n<\/div>\n<\/div>\n<\/div>\n<footer id=\"Footer\" class=\"clearfix\">\n<div class=\"widgets_wrapper\"><\/div>\n<\/footer>\n\n\t\t<\/div>\n\t<\/div>\n<\/div><\/div><\/div><\/div>\n<\/div>","protected":false},"excerpt":{"rendered":"COOKIE POLICY I Cookie sono costituiti da porzioni di codice installate all\u2019interno del browser che assistono il Titolare nell\u2019erogazione del","protected":false},"author":4,"featured_media":0,"parent":0,"menu_order":0,"comment_status":"closed","ping_status":"closed","template":"","meta":{"footnotes":""},"class_list":["post-4347","page","type-page","status-publish","hentry"],"_links":{"self":[{"href":"https:\/\/albaen.it\/esp\/wp-json\/wp\/v2\/pages\/4347","targetHints":{"allow":["GET"]}}],"collection":[{"href":"https:\/\/albaen.it\/esp\/wp-json\/wp\/v2\/pages"}],"about":[{"href":"https:\/\/albaen.it\/esp\/wp-json\/wp\/v2\/types\/page"}],"author":[{"embeddable":true,"href":"https:\/\/albaen.it\/esp\/wp-json\/wp\/v2\/users\/4"}],"replies":[{"embeddable":true,"href":"https:\/\/albaen.it\/esp\/wp-json\/wp\/v2\/comments?post=4347"}],"version-history":[{"count":0,"href":"https:\/\/albaen.it\/esp\/wp-json\/wp\/v2\/pages\/4347\/revisions"}],"wp:attachment":[{"href":"https:\/\/albaen.it\/esp\/wp-json\/wp\/v2\/media?parent=4347"}],"curies":[{"name":"wp","href":"https:\/\/api.w.org\/{rel}","templated":true}]}}