{"id":20622,"date":"2024-03-06T18:07:33","date_gmt":"2024-03-06T17:07:33","guid":{"rendered":"https:\/\/albaen.it\/?post_type=product&#038;p=20622"},"modified":"2024-05-23T16:42:48","modified_gmt":"2024-05-23T14:42:48","slug":"mocassino-antinfortunistico-basso-santorini-w1073c-s2-src","status":"publish","type":"product","link":"https:\/\/albaen.it\/deu\/shop\/white-elegance\/mocassino-antinfortunistico-basso-santorini-w1073c-s2-src\/","title":{"rendered":"SANTORINI S2 SRC"},"content":{"rendered":"<div class=\"wpb-content-wrapper\"><div class=\"vc_row wpb_row vc_row-fluid\"><div class=\"wpb_column vc_column_container vc_col-sm-6\"><div class=\"vc_column-inner\"><div class=\"wpb_wrapper\">\n\t<div class=\"wpb_text_column wpb_content_element\" >\n\t\t<div class=\"wpb_wrapper\">\n\t\t\t<p>Wei\u00dfer Sicherheitsmokassin, 100 % metallfrei, konform mit der europ\u00e4ischen Norm EN ISO 20345:2011.<br \/>\nObermaterial aus hochwertiger, wasserdichter und atmungsaktiver Mikrofaser, gepolsterter Kragen aus weichem Lycra, robuste und leichte metallfreie Sicherheits-Zehenkappe und ultra-atmungsaktives und antibakterielles Futter, das Hygiene und Komfort gew\u00e4hrleistet.<\/p>\n<p>Die SANTORINI S2-Schuhe sind mit einer antistatischen, sto\u00df-, \u00f6l-, abrieb- und SRC  rutschfesten Sohle ausgestattet.<\/p>\n<p><strong><br \/>\n<span style=\"vertical-align: inherit;\">OBERMATERIAL<\/span><\/strong><span style=\"vertical-align: inherit;\"> Wasserdichte Mikrofaser, atmungsaktiv, widerstandsf\u00e4hig und leicht, mit weichem gepolstertem Kragen aus Lycra.<\/span><\/p>\n<p><strong><span style=\"vertical-align: inherit;\">FUTTER<\/span><\/strong><span style=\"vertical-align: inherit;\"> 3D, atmungsaktiv, antibakteriel und abriebfest.<\/span><\/p>\n<p><strong><span style=\"vertical-align: inherit;\">SCHUTZKAPPE<\/span><\/strong><span style=\"vertical-align: inherit;\"> Nicht-metallisch, mit Kunststoff, 200J Sto\u00dffestigkeit und 15kN Druckfestigkeit. Leicht, nicht magnetisch und w\u00e4rmeisolierend.<\/span><\/p>\n<p><strong><span style=\"vertical-align: inherit;\">SOHLE<\/span><\/strong><span style=\"vertical-align: inherit;\"> antistatische, \u00f6l- und s\u00e4urebest\u00e4ndige, SRC rutschhemmende PU-Sohle mit Shock absorber im Fersenbereich.<\/span><\/p>\n<p><strong><span style=\"vertical-align: inherit;\">EINLEGESOHLE <\/span><\/strong><span style=\"vertical-align: inherit;\">Antibakterielles Futter, antistatisch, atmungsaktiv, herausnehmbar.<\/span><\/p>\n<p><strong><span style=\"vertical-align: inherit;\">PASSFORM <\/span><\/strong> <em><span style=\"vertical-align: inherit;\">Mondopoint<\/span><\/em><span style=\"vertical-align: inherit;\"> 10,5 \u2013 regul\u00e4r<br \/>\n<\/span><strong><span style=\"vertical-align: inherit;\"><br \/>\nSTANDARD<\/span><\/strong><span style=\"vertical-align: inherit;\"> EN ISO 20345:2011<\/span><\/p>\n<p><strong><span style=\"vertical-align: inherit;\"><span style=\"vertical-align: inherit;\"><span style=\"vertical-align: inherit;\">GEWICHT DES SCHUHS<\/span><\/span><\/span><\/strong><span style=\"vertical-align: inherit;\"><span style=\"vertical-align: inherit;\"><span style=\"vertical-align: inherit;\"> 415gr \/ Schuh in Gr. 42<\/span><\/span><\/span><span style=\"vertical-align: inherit;\"><span style=\"vertical-align: inherit;\"> <\/p>\n\n\t\t<\/div>\n\t<\/div>\n<\/div><\/div><\/div><div class=\"icons_cat_title\"> <h2>Technologie <\/h2><\/div><div class=\"container row\"> \n\t\t\t<div>\n  <ul class=\"image-gallery\"><li style=\"float: left;\"><img decoding=\"async\" src=\"https:\/\/albaen.it\/wp-content\/uploads\/Lycra.png\"  alt=\"Lycra\" style=\"height:60px;\"\/><span class=\"products_icons\">Lycra<\/span><\/li><li style=\"float: left;\"><img decoding=\"async\" src=\"https:\/\/albaen.it\/wp-content\/uploads\/Metal-Free-Tecnologia-2.png\"  alt=\"Metal Free\" style=\"height:60px;\"\/><span class=\"products_icons\">Metallfrei<\/span><\/li><li style=\"float: left;\"><img decoding=\"async\" src=\"https:\/\/albaen.it\/wp-content\/uploads\/Microlight.png\"  alt=\"Microlight\" style=\"height:60px;\"\/><span class=\"products_icons\">Microlight<\/span><\/li><\/ul>\n<\/div><\/div><div class=\"wpb_column vc_column_container vc_col-sm-6\"><div class=\"vc_column-inner\"><div class=\"wpb_wrapper\"><div class=\"icons_cat_title\"> <h2>Schutzkategorien <\/h2><\/div><div class=\"container row\"> \n\t\t\t<div>\n  <ul class=\"image-gallery\"><li style=\"float: left;\">  <img decoding=\"async\" src=\"https:\/\/albaen.it\/wp-content\/uploads\/simboletti-06.png\"  alt=\"Antistaticita\u0300\" style=\"height:110px;\"\/> <span class=\"products_icons products_icons1\">Antistatisch<\/span> <\/li><li style=\"float: left;\">  <img decoding=\"async\" src=\"https:\/\/albaen.it\/wp-content\/uploads\/simboletti-07.png\"  alt=\"Assorbimento di energia nel tallone\" style=\"height:110px;\"\/> <span class=\"products_icons products_icons1\">Energieaufnahme in der Ferse<\/span> <\/li><li style=\"float: left;\">  <img decoding=\"async\" src=\"https:\/\/albaen.it\/wp-content\/uploads\/simboletti-22.png\"  alt=\"Resistenza all\u2019impatto e compressione\" style=\"height:110px;\"\/> <span class=\"products_icons products_icons1\">Schlag- und Druckfestigkeit<\/span> <\/li><li style=\"float: left;\">  <img decoding=\"async\" src=\"https:\/\/albaen.it\/wp-content\/uploads\/simboletti-11.png\"  alt=\"Resistenza allo scivolamento\" style=\"height:110px;\"\/> <span class=\"products_icons products_icons1\">Rutschhemmung<\/span> <\/li><li style=\"float: left;\">  <img decoding=\"async\" src=\"https:\/\/albaen.it\/wp-content\/uploads\/simboletti-04.png\"  alt=\"Suola resistente agli oli e agli idrocarburi\" style=\"height:110px;\"\/> <span class=\"products_icons products_icons1\">Sohle best\u00e4ndig gegen \u00d6le und Kohlenwasserstoffe<\/span> <\/li><\/ul>\n<\/div><\/div>\n\t<div class=\"wpb_text_column wpb_content_element\" >\n\t\t<div class=\"wpb_wrapper\">\n\t\t\t\n\n\t\t<\/div>\n\t<\/div>\n<div class=\"icons_cat_title\"> <h2>Anwendungsbereiche <\/h2><\/div><div class=\"container row\"> \n\t\t\t<div>\n  <ul class=\"image-gallery\"><li style=\"float: left;\"> <img decoding=\"async\" src=\"https:\/\/albaen.it\/wp-content\/uploads\/Industria-Alimentare-_-HO.RE_.CA_.-2.png\" alt=\"Industria Alimentare \/ HO.RE.CA\" style=\"height:60px;\"\/>  <span class=\"products_icons\">Lebensmittelindustrie \/ HO.RE.CA<\/span> <\/li><li style=\"float: left;\"> <img decoding=\"async\" src=\"https:\/\/albaen.it\/wp-content\/uploads\/Sanita2.png\" alt=\"Sanit\u00e0\" style=\"height:60px;\"\/>  <span class=\"products_icons\">Die Gesundheit<\/span> <\/li><\/ul>\n<\/div><\/div>\n\t<div class=\"wpb_text_column wpb_content_element\" >\n\t\t<div class=\"wpb_wrapper\">\n\t\t\t\n\n\t\t<\/div>\n\t<\/div>\n\n\t<div class=\"wpb_text_column wpb_content_element\" >\n\t\t<div class=\"wpb_wrapper\">\n\t\t\t\n\t\t<\/div>\n\t<\/div>\n<\/span><\/span><strong><span style=\"vertical-align: inherit;\"><span style=\"vertical-align: inherit;\"> <\/span><\/span><\/strong><span style=\"vertical-align: inherit;\"><span style=\"vertical-align: inherit;\"> [ \/vc_column_text]<\/div><\/div><\/div><\/div><\/span><\/span><\/p>\n<\/div>","protected":false},"excerpt":{"rendered":"<p>Bequeme und leichte wei\u00dfe S2 SRC-Sicherheitsschuhe aus der White Elegance-Linie mit klarem und linearem Design aus wasserabweisender Mikrofaser mit einem weichen Lycra-Kragen, der den Kn\u00f6chel umschlie\u00dft, den Druck entlastet und so f\u00fcr mehr Komfort sorgt.<\/p>\n<p>SANTORINI-Schuhe sind antistatisch und mit einer ultraleichten und nichtmetallischen Sicherheitskappe, einer rutschfesten SRC-Sohle und einem antibakteriellen Futter ausgestattet.<br \/>\nPraktisch und pflegeleicht, maschinenwaschbar bis 30\u00b0C.<br \/>\nIdeal f\u00fcr die Lebensmittel-, Pharma- und Gesundheits-\/Krankenhausindustrie.<\/p>\n<p><a href=\"https:\/\/albaen.it\/wp-content\/uploads\/W1073C-S2.ted_-1.pdf\"><button class=\"btn1\"><span style=\"vertical-align: inherit;\"><span style=\"vertical-align: inherit;\">TECHNISCHES DATENBLATT HERUNTERLADEN<\/span><\/span><\/button><\/a>\u00a0 \u00a0<a href=\"https:\/\/albaen.it\/wp-content\/uploads\/W1073C-S2-Dich.-conformita.pdf\"><button><span style=\"vertical-align: inherit;\">KONFORMIT\u00c4TSERKL\u00c4RUNG<\/span><\/button><\/a><\/p>","protected":false},"featured_media":20577,"comment_status":"open","ping_status":"closed","template":"","meta":[],"product_brand":[],"product_cat":[278],"product_tag":[],"class_list":{"0":"post-20622","1":"product","2":"type-product","3":"status-publish","4":"has-post-thumbnail","6":"product_cat-white-elegance","7":"pa_categorie-di-protezione-s2","8":"pa_categorie-di-protezione-src","9":"pa_colore-bianco","10":"pa_linea-white-elegance","11":"pa_normativa-en-iso-203452011","12":"pa_settori-industria-alimentare-ho-re-ca","13":"pa_settori-sanita","14":"pa_simboli-antistaticita","15":"pa_simboli-assorbimento-di-energia-nel-tallone","16":"pa_simboli-resistenza-allimpatto-e-compressione","17":"pa_simboli-resistenza-allo-scivolamento","18":"pa_simboli-suola-resistente-agli-oli-e-agli-idrocarburi","19":"pa_taglia-3124","20":"pa_taglia-730","21":"pa_taglia-738","22":"pa_taglia-166","23":"pa_taglia-168","24":"pa_taglia-170","25":"pa_taglia-776","26":"pa_taglia-174","27":"pa_taglia-176","28":"pa_taglia-178","29":"pa_taglia-180","30":"pa_taglia-182","31":"pa_taglia-184","32":"pa_taglia-186","33":"pa_tecnologia-lycra","34":"pa_tecnologia-metal-free","35":"pa_tecnologia-microlight","36":"pa_tipologia-bassa","37":"pa_tipologia-mocassino","39":"first","40":"instock","41":"taxable","42":"shipping-taxable","43":"purchasable","44":"product-type-variable"},"_links":{"self":[{"href":"https:\/\/albaen.it\/deu\/wp-json\/wp\/v2\/product\/20622","targetHints":{"allow":["GET"]}}],"collection":[{"href":"https:\/\/albaen.it\/deu\/wp-json\/wp\/v2\/product"}],"about":[{"href":"https:\/\/albaen.it\/deu\/wp-json\/wp\/v2\/types\/product"}],"replies":[{"embeddable":true,"href":"https:\/\/albaen.it\/deu\/wp-json\/wp\/v2\/comments?post=20622"}],"wp:featuredmedia":[{"embeddable":true,"href":"https:\/\/albaen.it\/deu\/wp-json\/wp\/v2\/media\/20577"}],"wp:attachment":[{"href":"https:\/\/albaen.it\/deu\/wp-json\/wp\/v2\/media?parent=20622"}],"wp:term":[{"taxonomy":"product_brand","embeddable":true,"href":"https:\/\/albaen.it\/deu\/wp-json\/wp\/v2\/product_brand?post=20622"},{"taxonomy":"product_cat","embeddable":true,"href":"https:\/\/albaen.it\/deu\/wp-json\/wp\/v2\/product_cat?post=20622"},{"taxonomy":"product_tag","embeddable":true,"href":"https:\/\/albaen.it\/deu\/wp-json\/wp\/v2\/product_tag?post=20622"}],"curies":[{"name":"wp","href":"https:\/\/api.w.org\/{rel}","templated":true}]}}