{"id":20516,"date":"2024-03-05T11:06:24","date_gmt":"2024-03-05T10:06:24","guid":{"rendered":"https:\/\/albaen.it\/?post_type=product&#038;p=20516"},"modified":"2026-01-01T19:58:37","modified_gmt":"2026-01-01T18:58:37","slug":"scarpa-antinfortunistica-bassa-quarzo-c28sk-s1p-src","status":"publish","type":"product","link":"https:\/\/albaen.it\/deu\/shop\/c-challenge\/scarpa-antinfortunistica-bassa-quarzo-c28sk-s1p-src\/","title":{"rendered":"QUARZO S1P SRC"},"content":{"rendered":"<div class=\"wpb-content-wrapper\"><div class=\"vc_row wpb_row vc_row-fluid\"><div class=\"wpb_column vc_column_container vc_col-sm-6\"><div class=\"vc_column-inner\"><div class=\"wpb_wrapper\">\n\t<div class=\"wpb_text_column wpb_content_element\" >\n\t\t<div class=\"wpb_wrapper\">\n\t\t\t<p>S1P Sicherheitsschuhe aus Leder, mit rutschfester SRC-Sohle, ausgestattet mit metallfreiem Zehen- und Durchtritt-Schutz.. Dieses Produkt ist CE-gekennzeichnet und erf\u00fcllt alle Anforderungen der europ\u00e4ischen Norm EN ISO 20345:2011, die durch die Verordnung (EU) 2016\/425 geregelt wird.<\/p>\n<p><strong><span style=\"vertical-align: inherit;\">OBERMATERIAL<\/span><\/strong><span style=\"vertical-align: inherit;\"> Perforiertes Veloursleder, gepolsterte Kragen und Lasche aus Nylon.<br \/>\n<\/span><br \/>\n<strong><span style=\"vertical-align: inherit;\">FUTTER<\/span><\/strong><span style=\"vertical-align: inherit;\"> Innenfutter mit 3D Effekt, atmungsaktiv mit hervorragender Abriebfestigkeit.<br \/>\n<\/span><br \/>\n<strong><span style=\"vertical-align: inherit;\">SCHUTZKAPPE <\/span><\/strong><span style=\"vertical-align: inherit;\">Nicht-metallisch, mit Kunststoff, 200J Sto\u00dffestigkeit und 15kN Druckfestigkeit. Leicht, nicht magnetisch und w\u00e4rmeisolierend.<\/span><span style=\"vertical-align: inherit;\"><br \/>\n<\/span><br \/>\n<strong><span style=\"vertical-align: inherit;\">DURCHTRITTSCHUTZ<\/span><\/strong><span style=\"vertical-align: inherit;\"> aus Gewebe, 1100N. Extrem leicht und flexibel, nicht magnetisch und w\u00e4rmeisolierend.<br \/>\n<\/span><br \/>\n<strong><span style=\"vertical-align: inherit;\">SOHLE<\/span><\/strong><span style=\"vertical-align: inherit;\"> antistatische, \u00f6l- und s\u00e4urebest\u00e4ndige, SRC rutschhemmende 2-Schichten-PU\/PU-Sohle mit Shock absorber im Fersenbereich.<br \/>\n<\/span><br \/>\n<strong><span style=\"vertical-align: inherit;\">EINLEGESOHLE <\/span><\/strong><span style=\"vertical-align: inherit;\">\"Claudia\", anatomisch, aus antistatischem und sto\u00dfd\u00e4mpfendem PU, \u00fcberzogen mit atmungsaktivem und abriebfestem Stoff. Antistatisch, herausnehmbar und waschbar.<\/span><span style=\"vertical-align: inherit;\"><br \/>\n<\/span><br \/>\n<strong><span style=\"vertical-align: inherit;\">PASSFORM <\/span><\/strong> <em><span style=\"vertical-align: inherit;\">Mondopoint<\/span><\/em><span style=\"vertical-align: inherit;\"> 11 \u2013 breit und bequem.<br \/>\n<\/span><br \/>\n<strong><span style=\"vertical-align: inherit;\">STANDARD<\/span><\/strong><span style=\"vertical-align: inherit;\"> EN ISO 20345:2011<\/span><\/p>\n<p><strong>GEWICHT DES SCHUHS\u00a0<\/strong> 655gr \/ Schuh in Gr.  42<\/p>\n\n\t\t<\/div>\n\t<\/div>\n<\/div><\/div><\/div><div class=\"wpb_column vc_column_container vc_col-sm-6\"><div class=\"vc_column-inner\"><div class=\"wpb_wrapper\">\n\t<div class=\"wpb_text_column wpb_content_element\" >\n\t\t<div class=\"wpb_wrapper\">\n\t\t\t<p>Die Sohle der QUARZO-Schuhe der CHALLENGE-Kollektion bietet auf h\u00f6chstem Niveau die Sicherheit, Stabilit\u00e4t, D\u00e4mpfung und den Komfort, die insbesondere f\u00fcr Outdoor-Aktivit\u00e4ten und extreme Bedingungen erforderlich sind.<br \/>\nDie Sohle ist aus Polyurethan mit doppelter Dichte eingespritzt, um ein hohes Ma\u00df an Sto\u00dfd\u00e4mpfung zu gew\u00e4hrleisten. Sie verf\u00fcgt \u00fcber einen integrierten Zehenschutz und eignet sich besonders f\u00fcr kniende Arbeitst\u00e4tigkeiten.<\/p>\n<p>Die weite Passform (Mondopoint 11) gibt dem Fu\u00df Bewegungsfreiheit und Komfort, auch nach mehreren Stunden Arbeit.<\/p>\n\n\t\t<\/div>\n\t<\/div>\n<div class=\"icons_cat_title\"> <h2>Schutzkategorien <\/h2><\/div><div class=\"container row\"> \n\t\t\t<div>\n  <ul class=\"image-gallery\"><li style=\"float: left;\">  <img decoding=\"async\" src=\"https:\/\/albaen.it\/wp-content\/uploads\/simboletti-06.png\"  alt=\"Antistaticita\u0300\" style=\"height:110px;\"\/> <span class=\"products_icons products_icons1\">Antistatisch<\/span> <\/li><li style=\"float: left;\">  <img decoding=\"async\" src=\"https:\/\/albaen.it\/wp-content\/uploads\/simboletti-07.png\"  alt=\"Assorbimento di energia nel tallone\" style=\"height:110px;\"\/> <span class=\"products_icons products_icons1\">Energieaufnahme in der Ferse<\/span> <\/li><li style=\"float: left;\">  <img decoding=\"async\" src=\"https:\/\/albaen.it\/wp-content\/uploads\/simboletti-08.png\"  alt=\"Inserto antiforo resistente alla perforazione \u00d8=4,5mm\" style=\"height:110px;\"\/> <span class=\"products_icons products_icons1\">Durchsto\u00dfsicherer Einsatz, best\u00e4ndig gegen Perforation \u00d8=4,5 mm<\/span> <\/li><li style=\"float: left;\">  <img decoding=\"async\" src=\"https:\/\/albaen.it\/wp-content\/uploads\/simboletti-22.png\"  alt=\"Resistenza all\u2019impatto e compressione\" style=\"height:110px;\"\/> <span class=\"products_icons products_icons1\">Schlag- und Druckfestigkeit<\/span> <\/li><li style=\"float: left;\">  <img decoding=\"async\" src=\"https:\/\/albaen.it\/wp-content\/uploads\/simboletti-11.png\"  alt=\"Resistenza allo scivolamento\" style=\"height:110px;\"\/> <span class=\"products_icons products_icons1\">Rutschhemmung<\/span> <\/li><li style=\"float: left;\">  <img decoding=\"async\" src=\"https:\/\/albaen.it\/wp-content\/uploads\/simboletti-04.png\"  alt=\"Suola resistente agli oli e agli idrocarburi\" style=\"height:110px;\"\/> <span class=\"products_icons products_icons1\">Sohle best\u00e4ndig gegen \u00d6le und Kohlenwasserstoffe<\/span> <\/li><\/ul>\n<\/div><\/div>\n\t<div class=\"wpb_text_column wpb_content_element\" >\n\t\t<div class=\"wpb_wrapper\">\n\t\t\t\n\n\t\t<\/div>\n\t<\/div>\n<div class=\"icons_cat_title\"> <h2>Anwendungsbereiche <\/h2><\/div><div class=\"container row\"> \n\t\t\t<div>\n  <ul class=\"image-gallery\"><li style=\"float: left;\"> <img decoding=\"async\" src=\"https:\/\/albaen.it\/wp-content\/uploads\/Artigianato-_-Officine-1.png\" alt=\"Artigianato \/ Officine\" style=\"height:60px;\"\/>  <span class=\"products_icons\">Handwerk \/ Werkst\u00e4tten<\/span> <\/li><li style=\"float: left;\"> <img decoding=\"async\" src=\"https:\/\/albaen.it\/wp-content\/uploads\/Logistica-_-Trasporto-1.png\" alt=\"Logistica \/ Trasporto\" style=\"height:60px;\"\/>  <span class=\"products_icons\">Logistik \/ Transport<\/span> <\/li><li style=\"float: left;\"> <img decoding=\"async\" src=\"https:\/\/albaen.it\/wp-content\/uploads\/Magazzino-_-GDO-1.png\" alt=\"Magazzino \/ GDO\" style=\"height:60px;\"\/>  <span class=\"products_icons\">Lager \/ GDO<\/span> <\/li><\/ul>\n<\/div><\/div>\n\t<div class=\"wpb_text_column wpb_content_element\" >\n\t\t<div class=\"wpb_wrapper\">\n\t\t\t\n\n\t\t<\/div>\n\t<\/div>\n<div class=\"icons_cat_title\"> <h2>Technologie <\/h2><\/div><div class=\"container row\"> \n\t\t\t<div>\n  <ul class=\"image-gallery\"><li style=\"float: left;\"><img decoding=\"async\" src=\"https:\/\/albaen.it\/wp-content\/uploads\/No-nail-tex.png\"  alt=\"Lamina antiforo in tessuto\" style=\"height:60px;\"\/><span class=\"products_icons\">Pannensichere Stoffplatte<\/span><\/li><li style=\"float: left;\"><img decoding=\"async\" src=\"https:\/\/albaen.it\/wp-content\/uploads\/C-Cap.png\"  alt=\"Puntale di sicurezza composito\" style=\"height:60px;\"\/><span class=\"products_icons\">Sicherheits-Zehenkappe aus Verbundwerkstoff<\/span><\/li><\/ul>\n<\/div><\/div>\n\t<div class=\"wpb_text_column wpb_content_element\" >\n\t\t<div class=\"wpb_wrapper\">\n\t\t\t<p><strong><\/strong><\/p>\n\n\t\t<\/div>\n\t<\/div>\n<\/div><\/div><\/div><\/div>\n<\/div>","protected":false},"excerpt":{"rendered":"<p>Sicherheitsschuh aus weichem Wildleder, seitlich perforiert, um die Bel\u00fcftung der F\u00fc\u00dfe zu erh\u00f6hen. Das 3D-Innenfutter vermeidet Abrieb, absorbiert Schwei\u00df und l\u00e4sst den Fu\u00df atmen. Innovative Sicherheits-Zehenkappe, ohne Metallteile. Durchtrittsichere Textileinlegesohle, die daf\u00fcr sorgt, dass kein metallisches Material eindringt. Die PU\/PU zwei-schichtige Sohle ist so konzipiert, dass sie eine hervorragende Sto\u00dfd\u00e4mpfung gew\u00e4hrleistet, und verf\u00fcgt \u00fcber eine \u00dcberkappe, die perfekt f\u00fcr eine l\u00e4ngere Lebensdauer des Schuhwerks ist.<br \/>\nWeite Passform, f\u00fcr optimalen Komfort auch nach einem langen Arbeitstag.<\/p>\n<p><a href=\"https:\/\/albaen.it\/wp-content\/uploads\/C28SK-S1P.ted_-2.pdf\"><button class=\"btn1\"><span style=\"vertical-align: inherit;\">TECHNISCHES DATENBLATT HERUNTERLADEN<\/span><\/button><\/a> \u00a0\u00a0<a href=\"https:\/\/albaen.it\/wp-content\/uploads\/C28SK-S1P-Dich.-conformita-1.pdf\"><button><span style=\"vertical-align: inherit;\">KONFORMIT\u00c4TSERKL\u00c4RUNG<\/span><\/button><\/a><\/p>","protected":false},"featured_media":20537,"comment_status":"closed","ping_status":"closed","template":"","meta":[],"product_brand":[],"product_cat":[17],"product_tag":[],"class_list":{"0":"post-20516","1":"product","2":"type-product","3":"status-publish","4":"has-post-thumbnail","6":"product_cat-c-challenge","7":"pa_categorie-di-protezione-s1p","8":"pa_categorie-di-protezione-src","9":"pa_colore-grigio","10":"pa_linea-challenge","11":"pa_normativa-en-iso-203452011","12":"pa_settori-artigianato-officine","13":"pa_settori-logistica-trasporto","14":"pa_settori-magazzino-gdo","15":"pa_simboli-antistaticita","16":"pa_simboli-assorbimento-di-energia-nel-tallone","17":"pa_simboli-inserto-antiforo-resistente-alla-perforazione-o45mm-2","18":"pa_simboli-resistenza-allimpatto-e-compressione","19":"pa_simboli-resistenza-allo-scivolamento","20":"pa_simboli-suola-resistente-agli-oli-e-agli-idrocarburi","21":"pa_taglia-3124","22":"pa_taglia-730","23":"pa_taglia-738","24":"pa_taglia-166","25":"pa_taglia-168","26":"pa_taglia-170","27":"pa_taglia-776","28":"pa_taglia-174","29":"pa_taglia-176","30":"pa_taglia-178","31":"pa_taglia-180","32":"pa_taglia-182","33":"pa_taglia-184","34":"pa_taglia-186","35":"pa_tecnologia-lamina-antiforo-in-tessuto","36":"pa_tecnologia-puntale-di-sicurezza-composito","37":"pa_tipologia-bassa","39":"first","40":"instock","41":"taxable","42":"shipping-taxable","43":"purchasable","44":"product-type-variable"},"_links":{"self":[{"href":"https:\/\/albaen.it\/deu\/wp-json\/wp\/v2\/product\/20516","targetHints":{"allow":["GET"]}}],"collection":[{"href":"https:\/\/albaen.it\/deu\/wp-json\/wp\/v2\/product"}],"about":[{"href":"https:\/\/albaen.it\/deu\/wp-json\/wp\/v2\/types\/product"}],"replies":[{"embeddable":true,"href":"https:\/\/albaen.it\/deu\/wp-json\/wp\/v2\/comments?post=20516"}],"wp:featuredmedia":[{"embeddable":true,"href":"https:\/\/albaen.it\/deu\/wp-json\/wp\/v2\/media\/20537"}],"wp:attachment":[{"href":"https:\/\/albaen.it\/deu\/wp-json\/wp\/v2\/media?parent=20516"}],"wp:term":[{"taxonomy":"product_brand","embeddable":true,"href":"https:\/\/albaen.it\/deu\/wp-json\/wp\/v2\/product_brand?post=20516"},{"taxonomy":"product_cat","embeddable":true,"href":"https:\/\/albaen.it\/deu\/wp-json\/wp\/v2\/product_cat?post=20516"},{"taxonomy":"product_tag","embeddable":true,"href":"https:\/\/albaen.it\/deu\/wp-json\/wp\/v2\/product_tag?post=20516"}],"curies":[{"name":"wp","href":"https:\/\/api.w.org\/{rel}","templated":true}]}}