{"id":19860,"date":"2024-01-30T14:27:34","date_gmt":"2024-01-30T13:27:34","guid":{"rendered":"https:\/\/albaen.it\/?post_type=product&#038;p=19860"},"modified":"2025-10-29T15:44:05","modified_gmt":"2025-10-29T14:44:05","slug":"scarpa-antinfortunistica-bassa-sirio-p1428ck-s3-src","status":"publish","type":"product","link":"https:\/\/albaen.it\/deu\/shop\/p-performer\/scarpa-antinfortunistica-bassa-sirio-p1428ck-s3-src\/","title":{"rendered":"SIRIO S3 SRC"},"content":{"rendered":"<div class=\"wpb-content-wrapper\"><div class=\"vc_row wpb_row vc_row-fluid\"><div class=\"wpb_column vc_column_container vc_col-sm-6\"><div class=\"vc_column-inner\"><div class=\"wpb_wrapper\">\n\t<div class=\"wpb_text_column wpb_content_element\" >\n\t\t<div class=\"wpb_wrapper\">\n\t\t\t<p><span style=\"vertical-align: inherit;\">SIRIO XQT 3.0 S3 SRC niedriger Sicherheitsschuh aus der PERFORMER-Reihe von Alba&amp;n. <\/span><a href=\"https:\/\/albaen.it\/\"><span style=\"vertical-align: inherit;\">Alba&amp;n<\/span><\/a><strong><span style=\"vertical-align: inherit;\">.<br \/>\n<\/span><br \/>\n<span style=\"vertical-align: inherit;\">OBERMATERIAL<\/span><\/strong><span style=\"vertical-align: inherit;\"> aus sublimiertem Gewebe mit Print-Tex-Technologie, wasserabweisend, atmungsaktiv und mit ausgezeichneter Tenazit\u00e4t. Kratzfestes Leder vorne, weiche, gef\u00fctterte und gepolsterte Zunge. DIAL LACING-Schn\u00fcrsystem, schnell und praktisch.<br \/>\n<\/span><br \/>\n<strong><span style=\"vertical-align: inherit;\">FUTTER<\/span><\/strong><span style=\"vertical-align: inherit;\"> Innenfutter mit 3D Effekt, atmungsaktiv und mit hervorragender Abriebfestigkeit. Verst\u00e4rkte Ferse aus Mikrofaser f\u00fcr Rutsch- und Verschlei\u00dfschutz.<br \/>\n<\/span><br \/>\n<strong><span style=\"vertical-align: inherit;\">SCHUTZKAPPE<\/span><\/strong><span style=\"vertical-align: inherit;\"> Nicht-metallisch, mit Kunststoff, 200J Sto\u00dffestigkeit und 15kN Druckfestigkeit. Leicht, nicht magnetisch und w\u00e4rmeisolierend.<br \/>\n<\/span><br \/>\n<strong><span style=\"vertical-align: inherit;\">DURCHTRITTSCHUTZ<\/span><\/strong><span style=\"vertical-align: inherit;\"> aus Gewebe, 1100N. Extrem leicht und flexibel, nicht magnetisch und w\u00e4rmeisolierend.<br \/>\n<\/span><br \/>\n<strong><span style=\"vertical-align: inherit;\">SOHLE<\/span><\/strong><span style=\"vertical-align: inherit;\"> Zweischichtige PU\/TPU Sohle, dreifarbig, antistatisch, rutschfest, \u00f6l- und kohlenwasserstoffbest\u00e4ndig, Sto\u00dfd\u00e4mpfung im Fersenbereich.<br \/>\n<\/span><br \/>\n<strong><span style=\"vertical-align: inherit;\">EINLEGESOHLE <\/span><\/strong><span style=\"vertical-align: inherit;\">ELISA MEMORY, anathomisch aus antistatischem und sto\u00dfd\u00e4mpfendem PU, \u00fcberzogen mit atmungsaktivem und abriebfestem Stoff. Fersen Cushion f\u00fcr zus\u00e4tzliche Sto\u00dfd\u00e4mpfung und selbstformende Memory Foam-Schicht f\u00fcr unvergleichlichen Komfort. Antistatisch, abnehmbar und waschbar.<br \/>\n<\/span><br \/>\n<strong><span style=\"vertical-align: inherit;\">PASSFORM <\/span><\/strong> <em><span style=\"vertical-align: inherit;\">Mondopoint<\/span><\/em><span style=\"vertical-align: inherit;\"> \u00a011 \u2013 breit und bequem.<br \/>\n<\/span><br \/>\n<strong><span style=\"vertical-align: inherit;\">STANDARD<\/span><\/strong><span style=\"vertical-align: inherit;\"> EN ISO 20345:2011, DGUV 112-191<br \/>\n<\/span><br \/>\n<strong><span style=\"vertical-align: inherit;\">GEWICHT DES SCHUHS<\/span><\/strong><span style=\"vertical-align: inherit;\">\u00a0540g 1 Schuh in Gr 42<\/span><\/p>\n\n\t\t<\/div>\n\t<\/div>\n<\/div><\/div><\/div><div class=\"wpb_column vc_column_container vc_col-sm-6\"><div class=\"vc_column-inner\"><div class=\"wpb_wrapper\">\n\t<div class=\"wpb_text_column wpb_content_element\" >\n\t\t<div class=\"wpb_wrapper\">\n\t\t\t<p>Die Sicherheitsschuhe der Performer-Reihe weisen alle wesentlichen Merkmale eines bequemen Sport-Sneakers auf: Leichtigkeit, Vielseitigkeit, Flexibilit\u00e4t, Grip und Design. Ideal f\u00fcr Leichtindustrie und Logistik, Lager- und Transportaktivit\u00e4ten.<\/p>\n<p><strong>TECHNISCHES PLUS:<\/strong> Die Schuhe der Performer-Reihe sind so konzipiert und zertifiziert, dass sie auch mit orthop\u00e4dischen SECOSOL-Einlagen nach DGUV 112-191 kompatibel sind.<\/p>\n\n\t\t<\/div>\n\t<\/div>\n<div class=\"icons_cat_title\"> <h2>Schutzkategorien <\/h2><\/div><div class=\"container row\"> \n\t\t\t<div>\n  <ul class=\"image-gallery\"><li style=\"float: left;\">  <img decoding=\"async\" src=\"https:\/\/albaen.it\/wp-content\/uploads\/simboletti-06.png\"  alt=\"Antistaticita\u0300\" style=\"height:110px;\"\/> <span class=\"products_icons products_icons1\">Antistatisch<\/span> <\/li><li style=\"float: left;\">  <img decoding=\"async\" src=\"https:\/\/albaen.it\/wp-content\/uploads\/simboletti-07.png\"  alt=\"Assorbimento di energia nel tallone\" style=\"height:110px;\"\/> <span class=\"products_icons products_icons1\">Energieaufnahme in der Ferse<\/span> <\/li><li style=\"float: left;\">  <img decoding=\"async\" src=\"https:\/\/albaen.it\/wp-content\/uploads\/simboletti-08.png\"  alt=\"Inserto antiforo resistente alla perforazione \u00d8=4,5mm\" style=\"height:110px;\"\/> <span class=\"products_icons products_icons1\">Durchsto\u00dfsicherer Einsatz, best\u00e4ndig gegen Perforation \u00d8=4,5 mm<\/span> <\/li><li style=\"float: left;\">  <img decoding=\"async\" src=\"https:\/\/albaen.it\/wp-content\/uploads\/simboletti-22.png\"  alt=\"Resistenza all\u2019impatto e compressione\" style=\"height:110px;\"\/> <span class=\"products_icons products_icons1\">Schlag- und Druckfestigkeit<\/span> <\/li><li style=\"float: left;\">  <img decoding=\"async\" src=\"https:\/\/albaen.it\/wp-content\/uploads\/simboletti-11.png\"  alt=\"Resistenza allo scivolamento\" style=\"height:110px;\"\/> <span class=\"products_icons products_icons1\">Rutschhemmung<\/span> <\/li><li style=\"float: left;\">  <img decoding=\"async\" src=\"https:\/\/albaen.it\/wp-content\/uploads\/simboletti-04.png\"  alt=\"Suola resistente agli oli e agli idrocarburi\" style=\"height:110px;\"\/> <span class=\"products_icons products_icons1\">Sohle best\u00e4ndig gegen \u00d6le und Kohlenwasserstoffe<\/span> <\/li><\/ul>\n<\/div><\/div>\n\t<div class=\"wpb_text_column wpb_content_element\" >\n\t\t<div class=\"wpb_wrapper\">\n\t\t\t\n\n\t\t<\/div>\n\t<\/div>\n<div class=\"icons_cat_title\"> <h2>Anwendungsbereiche <\/h2><\/div><div class=\"container row\"> \n\t\t\t<div>\n  <ul class=\"image-gallery\"><li style=\"float: left;\"> <img decoding=\"async\" src=\"https:\/\/albaen.it\/wp-content\/uploads\/Artigianato-_-Officine-1.png\" alt=\"Artigianato \/ Officine\" style=\"height:60px;\"\/>  <span class=\"products_icons\">Handwerk \/ Werkst\u00e4tten<\/span> <\/li><li style=\"float: left;\"> <img decoding=\"async\" src=\"https:\/\/albaen.it\/wp-content\/uploads\/Industria-Metalmeccanica-1.png\" alt=\"Industria Metalmeccanica\" style=\"height:60px;\"\/>  <span class=\"products_icons\">Metallverarbeitende Industrie<\/span> <\/li><li style=\"float: left;\"> <img decoding=\"async\" src=\"https:\/\/albaen.it\/wp-content\/uploads\/Logistica-_-Trasporto-1.png\" alt=\"Logistica \/ Trasporto\" style=\"height:60px;\"\/>  <span class=\"products_icons\">Logistik \/ Transport<\/span> <\/li><li style=\"float: left;\"> <img decoding=\"async\" src=\"https:\/\/albaen.it\/wp-content\/uploads\/Magazzino-_-GDO-1.png\" alt=\"Magazzino \/ GDO\" style=\"height:60px;\"\/>  <span class=\"products_icons\">Lager \/ GDO<\/span> <\/li><\/ul>\n<\/div><\/div>\n\t<div class=\"wpb_text_column wpb_content_element\" >\n\t\t<div class=\"wpb_wrapper\">\n\t\t\t\n\n\t\t<\/div>\n\t<\/div>\n<div class=\"icons_cat_title\"> <h2>Technologie <\/h2><\/div><div class=\"container row\"> \n\t\t\t<div>\n  <ul class=\"image-gallery\"><li style=\"float: left;\"><img decoding=\"async\" src=\"https:\/\/albaen.it\/wp-content\/uploads\/secosol-@4x.png\"  alt=\"DGUV 112_191\" style=\"height:60px;\"\/><span class=\"products_icons\">DGUV 112_191<\/span><\/li><li style=\"float: left;\"><img decoding=\"async\" src=\"https:\/\/albaen.it\/wp-content\/uploads\/WINCH-dial-lacing-system_.png\"  alt=\"Dial lacing system\" style=\"height:60px;\"\/><span class=\"products_icons\">Dial lacing system<\/span><\/li><li style=\"float: left;\"><img decoding=\"async\" src=\"https:\/\/albaen.it\/wp-content\/uploads\/Xqt-_2.png\"  alt=\"Extra Quality Technology\" style=\"height:60px;\"\/><span class=\"products_icons\">Extra Quality Technology<\/span><\/li><li style=\"float: left;\"><img decoding=\"async\" src=\"https:\/\/albaen.it\/wp-content\/uploads\/No-nail-tex.png\"  alt=\"Lamina antiforo in tessuto\" style=\"height:60px;\"\/><span class=\"products_icons\">Pannensichere Stoffplatte<\/span><\/li><li style=\"float: left;\"><img decoding=\"async\" src=\"https:\/\/albaen.it\/wp-content\/uploads\/memory-flex-2.png\"  alt=\"Memory Flex\" style=\"height:60px;\"\/><span class=\"products_icons\">Memory Flex<\/span><\/li><li style=\"float: left;\"><img decoding=\"async\" src=\"https:\/\/albaen.it\/wp-content\/uploads\/PRIN-TEX-NEW-LOGO.png\"  alt=\"Print-Tex\" style=\"height:60px;\"\/><span class=\"products_icons\">Print-Tex<\/span><\/li><li style=\"float: left;\"><img decoding=\"async\" src=\"https:\/\/albaen.it\/wp-content\/uploads\/C-Cap.png\"  alt=\"Puntale di sicurezza composito\" style=\"height:60px;\"\/><span class=\"products_icons\">Sicherheits-Zehenkappe aus Verbundwerkstoff<\/span><\/li><\/ul>\n<\/div><\/div>\n\t<div class=\"wpb_text_column wpb_content_element\" >\n\t\t<div class=\"wpb_wrapper\">\n\t\t\t<p><strong><\/strong><\/p>\n\n\t\t<\/div>\n\t<\/div>\n<\/div><\/div><\/div><\/div>\n<\/div>","protected":false},"excerpt":{"rendered":"<p>Revolutionieren Sie Ihr Arbeitserlebnis mit dem niedrigen Sicherheitsschuh SIRIO XQT 3,0 von der PERFORMER Kollektion dank seiner besonderen DIAL LACING SYSTEM-Technologie, einem innovativen Verschlusssystem, das den Fu\u00df gleichm\u00e4\u00dfig umschlie\u00dft und den Schuh praktisch, sicher und bequem macht. Auch mit Handschuhen besonders geeignet, da der Rotor  ein einfaches An- und Ausziehen des Schuhs in zwei einfachen Schritten erm\u00f6glicht: einem Klick und einer Drehung im Uhrzeigersinn.<\/p>\n<p>Hoher Komfort durch das Memory-Fu\u00dfbett, das Leichtigkeit und extreme Bequemlichkeit bietet. Ein echter Wohlf\u00fchlschub f\u00fcr Ihre F\u00fc\u00dfe.<\/p>\n<p>SIRIO ist die perfekte Kombination aus Innovation, Komfort und Zuverl\u00e4ssigkeit f\u00fcr Ihre F\u00fc\u00dfe.<\/p>\n<p><a href=\"https:\/\/albaen.it\/wp-content\/uploads\/P1428CK-S3.ted_-3.pdf\"><button class=\"btn1\"><span style=\"vertical-align: inherit;\">TECHNISCHES DATENBLATT HERUNTERLADEN<\/span><\/button><\/a>\u00a0 \u00a0<a href=\"https:\/\/albaen.it\/wp-content\/uploads\/P1428CK-S3-Dich.-conformita-SIRIO.pdf\"><button><span style=\"vertical-align: inherit;\">KONFORMIT\u00c4TSERKL\u00c4RUNG<\/span><\/button><\/a><\/p>","protected":false},"featured_media":19892,"comment_status":"open","ping_status":"closed","template":"","meta":[],"product_brand":[],"product_cat":[98],"product_tag":[],"class_list":{"0":"post-19860","1":"product","2":"type-product","3":"status-publish","4":"has-post-thumbnail","6":"product_cat-p-performer","7":"pa_categorie-di-protezione-s3","8":"pa_categorie-di-protezione-src","9":"pa_colore-grigio","10":"pa_linea-performer","11":"pa_normativa-en-iso-203452011","12":"pa_normativa-dguv-112-191","13":"pa_settori-artigianato-officine","14":"pa_settori-industria-metalmeccanica","15":"pa_settori-logistica-trasporto","16":"pa_settori-magazzino-gdo","17":"pa_simboli-antistaticita","18":"pa_simboli-assorbimento-di-energia-nel-tallone","19":"pa_simboli-inserto-antiforo-resistente-alla-perforazione-o45mm-2","20":"pa_simboli-resistenza-allimpatto-e-compressione","21":"pa_simboli-resistenza-allo-scivolamento","22":"pa_simboli-suola-resistente-agli-oli-e-agli-idrocarburi","23":"pa_taglia-730","24":"pa_taglia-738","25":"pa_taglia-166","26":"pa_taglia-168","27":"pa_taglia-170","28":"pa_taglia-776","29":"pa_taglia-174","30":"pa_taglia-176","31":"pa_taglia-178","32":"pa_taglia-180","33":"pa_taglia-182","34":"pa_taglia-184","35":"pa_taglia-186","36":"pa_tecnologia-dguv-112_191","37":"pa_tecnologia-winch-dial-lacing-system-scarpe-antinfortunistiche-alban","38":"pa_tecnologia-extra-quality-technology","39":"pa_tecnologia-lamina-antiforo-in-tessuto","40":"pa_tecnologia-memory-flex","41":"pa_tecnologia-print-tex","42":"pa_tecnologia-puntale-di-sicurezza-composito","43":"pa_tipologia-bassa","45":"first","46":"instock","47":"taxable","48":"shipping-taxable","49":"purchasable","50":"product-type-variable"},"_links":{"self":[{"href":"https:\/\/albaen.it\/deu\/wp-json\/wp\/v2\/product\/19860","targetHints":{"allow":["GET"]}}],"collection":[{"href":"https:\/\/albaen.it\/deu\/wp-json\/wp\/v2\/product"}],"about":[{"href":"https:\/\/albaen.it\/deu\/wp-json\/wp\/v2\/types\/product"}],"replies":[{"embeddable":true,"href":"https:\/\/albaen.it\/deu\/wp-json\/wp\/v2\/comments?post=19860"}],"wp:featuredmedia":[{"embeddable":true,"href":"https:\/\/albaen.it\/deu\/wp-json\/wp\/v2\/media\/19892"}],"wp:attachment":[{"href":"https:\/\/albaen.it\/deu\/wp-json\/wp\/v2\/media?parent=19860"}],"wp:term":[{"taxonomy":"product_brand","embeddable":true,"href":"https:\/\/albaen.it\/deu\/wp-json\/wp\/v2\/product_brand?post=19860"},{"taxonomy":"product_cat","embeddable":true,"href":"https:\/\/albaen.it\/deu\/wp-json\/wp\/v2\/product_cat?post=19860"},{"taxonomy":"product_tag","embeddable":true,"href":"https:\/\/albaen.it\/deu\/wp-json\/wp\/v2\/product_tag?post=19860"}],"curies":[{"name":"wp","href":"https:\/\/api.w.org\/{rel}","templated":true}]}}