{"id":19368,"date":"2023-11-30T11:38:51","date_gmt":"2023-11-30T10:38:51","guid":{"rendered":"https:\/\/albaen.it\/?post_type=product&#038;p=19368"},"modified":"2024-05-10T12:09:41","modified_gmt":"2024-05-10T10:09:41","slug":"stivale-polpaccio-g-bari-s3-wr-hro-src","status":"publish","type":"product","link":"https:\/\/albaen.it\/deu\/shop\/g-rubber\/stivale-polpaccio-g-bari-s3-wr-hro-src\/","title":{"rendered":"BARI S3 WR HRO SRC"},"content":{"rendered":"<div class=\"wpb-content-wrapper\"><div class=\"vc_row wpb_row vc_row-fluid\"><div class=\"wpb_column vc_column_container vc_col-sm-6\"><div class=\"vc_column-inner\"><div class=\"wpb_wrapper\">\n\t<div class=\"wpb_text_column wpb_content_element\" >\n\t\t<div class=\"wpb_wrapper\">\n\t\t\t<p>G-BARI S3 WR HRO SRC Sicherheitsstiefel aus der RUBBER-Linie von Alba&amp;n.<strong>.<\/strong><\/p>\n<p><strong>OBERMATERIAL<\/strong> aus wasserabweisendem Vollleder mit Zunge und Kragen aus Cordura\u00ae-Gewebe.<\/p>\n<p><strong>FUTTER<\/strong> 100% wasserdichte Windtex\u00ae-Membran, hoch atmungsaktiv mit windabweisender Wirkung. Garantiert au\u00dferdem eine optimale Pflege des Mikroklimas im Schuh.<\/p>\n<p><strong>SCHUTZKAPPE<\/strong> aus Stahl, sto\u00dffest bis 200 Joule und druckfest bis 15Kn.<\/p>\n<p><strong>DURCHTRITTSCHUTZ<\/strong> Edelstahl-Antiperforation best\u00e4ndig bis 1100N.<\/p>\n<p><strong>SOHLE <\/strong>PU\/Rubber Sohle, HRO hitzebest\u00e4ndig bei Kontakt bis 300\u00b0C f\u00fcr  1 Min. und 150\u00b0C f\u00fcr 30 Min.  Geeignet f\u00fcr Stra\u00dfen- und Au\u00dfenarbeiten, die Stabilit\u00e4t und Sicherheit erfordern.<\/p>\n<p><strong>TRETEN <\/strong>Aussensohle mit selbstreinigenden Reliefs.\nGeeignet f\u00fcr Stra\u00dfen- und Au\u00dfenarbeiten, die Solidit\u00e4t und Sicherheit erfordern.<br \/>\n<strong><br \/>\n<\/strong><strong>EINLEGESOHLE <\/strong>Anatomisch ELISA, mit Futter aus abriebfestem Stoff. Elastische, Polyurethan-Basis mit Fersenkissen f\u00fcr sto\u00dfd\u00e4mpfende und erm\u00fcdungsmindernde Wirkung. Atmungsaktiv, antistatisch, waschbar.<\/p>\n<p><strong>PASSFORM<\/strong> Mondopoint: 10,5 Passform \u2013 regul\u00e4r und bequem.<\/p>\n<p><strong>WR<\/strong> Wasserdichtes Schuhwerk.<\/p>\n<p><strong>HRO<\/strong> Hitzebest\u00e4ndige Sohle bei Kontakt.<\/p>\n<p><strong>GEWICHT DES SCHUHS <\/strong>850 g, \u00bd Paar Gr\u00f6\u00dfe 42<\/p>\n\n\t\t<\/div>\n\t<\/div>\n<\/div><\/div><\/div><div class=\"wpb_column vc_column_container vc_col-sm-6\"><div class=\"vc_column-inner\"><div class=\"wpb_wrapper\">\n\t<div class=\"wpb_text_column wpb_content_element\" >\n\t\t<div class=\"wpb_wrapper\">\n\t\t\t<p>Die Sohle des G-BARI wurde f\u00fcr intensives Arbeiten entwickelt und besteht aus HRO-Nitrilgummi, eine Eigenschaft, die eine absolute Hitzebest\u00e4ndigkeit von bis zu 300 \u00b0C f\u00fcr 1 Minute bei Kontakt mit dem Boden garantiert, ohne die Antistatik, Rutschfestigkeit und Kohlenwasserstoffbest\u00e4ndigkeit zu beeintr\u00e4chtigen. Die Zwischensohle ist aus PU eingespritzt, das St\u00f6\u00dfe gut absorbiert.<\/p>\n<p><strong>TECHNISCHES PLUS:<\/strong> Ausgestattet mit \u00dcberkappe, die sto\u00df- und druckfest ist.<br \/>\nStabilit\u00e4t, Robustheit, Widerstand. Dies sind nur einige Adjektive, die unsere RUBBER SOLE am besten beschreiben, eingespritzt mit PU\/Nitrilgummi.<br \/>\nAbsoluter Schutz, auch bei Regen, mit dem G-BARI Sicherheitsstiefel von Alba&amp;n.<\/p>\n\n\t\t<\/div>\n\t<\/div>\n<div class=\"icons_cat_title\"> <h2>Schutzkategorien <\/h2><\/div><div class=\"container row\"> \n\t\t\t<div>\n  <ul class=\"image-gallery\"><li style=\"float: left;\">  <img decoding=\"async\" src=\"https:\/\/albaen.it\/wp-content\/uploads\/simboletti-06.png\"  alt=\"Antistaticita\u0300\" style=\"height:110px;\"\/> <span class=\"products_icons products_icons1\">Antistatisch<\/span> <\/li><li style=\"float: left;\">  <img decoding=\"async\" src=\"https:\/\/albaen.it\/wp-content\/uploads\/simboletti-07.png\"  alt=\"Assorbimento di energia nel tallone\" style=\"height:110px;\"\/> <span class=\"products_icons products_icons1\">Energieaufnahme in der Ferse<\/span> <\/li><li style=\"float: left;\">  <img decoding=\"async\" src=\"https:\/\/albaen.it\/wp-content\/uploads\/simboletti-08.png\"  alt=\"Inserto antiforo resistente alla perforazione \u00d8=4,5mm\" style=\"height:110px;\"\/> <span class=\"products_icons products_icons1\">Durchsto\u00dfsicherer Einsatz, best\u00e4ndig gegen Perforation \u00d8=4,5 mm<\/span> <\/li><li style=\"float: left;\">  <img decoding=\"async\" src=\"https:\/\/albaen.it\/wp-content\/uploads\/simboletti-22.png\"  alt=\"Resistenza all\u2019impatto e compressione\" style=\"height:110px;\"\/> <span class=\"products_icons products_icons1\">Schlag- und Druckfestigkeit<\/span> <\/li><li style=\"float: left;\">  <img decoding=\"async\" src=\"https:\/\/albaen.it\/wp-content\/uploads\/simboletti-11.png\"  alt=\"Resistenza allo scivolamento\" style=\"height:110px;\"\/> <span class=\"products_icons products_icons1\">Rutschhemmung<\/span> <\/li><li style=\"float: left;\">  <img decoding=\"async\" src=\"https:\/\/albaen.it\/wp-content\/uploads\/simboletti-04.png\"  alt=\"Suola resistente agli oli e agli idrocarburi\" style=\"height:110px;\"\/> <span class=\"products_icons products_icons1\">Sohle best\u00e4ndig gegen \u00d6le und Kohlenwasserstoffe<\/span> <\/li><li style=\"float: left;\">  <img decoding=\"async\" src=\"https:\/\/albaen.it\/wp-content\/uploads\/simboletti-05.png\"  alt=\"Suola resistente al calore per contatto fino a 300\u00b0C\" style=\"height:110px;\"\/> <span class=\"products_icons products_icons1\">Hitzebest\u00e4ndige Sohle f\u00fcr Kontakt bis 300 \u00b0C<\/span> <\/li><li style=\"float: left;\">  <img decoding=\"async\" src=\"https:\/\/albaen.it\/wp-content\/uploads\/simboletti-03.png\"  alt=\"Water resistant 100% impermeabile\" style=\"height:110px;\"\/> <span class=\"products_icons products_icons1\">Wasserbest\u00e4ndig, 100 % wasserdicht<\/span> <\/li><\/ul>\n<\/div><\/div>\n\t<div class=\"wpb_text_column wpb_content_element\" >\n\t\t<div class=\"wpb_wrapper\">\n\t\t\t\n\n\t\t<\/div>\n\t<\/div>\n<div class=\"icons_cat_title\"> <h2>Anwendungsbereiche <\/h2><\/div><div class=\"container row\"> \n\t\t\t<div>\n  <ul class=\"image-gallery\"><li style=\"float: left;\"> <img decoding=\"async\" src=\"https:\/\/albaen.it\/wp-content\/uploads\/Edilizia-e-Carpenteria-1.png\" alt=\"Edilizia e Carpenteria\" style=\"height:60px;\"\/>  <span class=\"products_icons\">Bau und Zimmerei<\/span> <\/li><li style=\"float: left;\"> <img decoding=\"async\" src=\"https:\/\/albaen.it\/wp-content\/uploads\/Industria-Metalmeccanica-1.png\" alt=\"Industria Metalmeccanica\" style=\"height:60px;\"\/>  <span class=\"products_icons\">Metallverarbeitende Industrie<\/span> <\/li><li style=\"float: left;\"> <img decoding=\"async\" src=\"https:\/\/albaen.it\/wp-content\/uploads\/Industria-Pesante-1.png\" alt=\"Industria pesante\" style=\"height:60px;\"\/>  <span class=\"products_icons\">Schwere Industrie<\/span> <\/li><li style=\"float: left;\"> <img decoding=\"async\" src=\"https:\/\/albaen.it\/wp-content\/uploads\/Miniere-_-Estrazione-1.png\" alt=\"Miniere \/ Estrazione della pietra\" style=\"height:60px;\"\/>  <span class=\"products_icons\">Bergbau \/ Steingewinnung<\/span> <\/li><\/ul>\n<\/div><\/div>\n\t<div class=\"wpb_text_column wpb_content_element\" >\n\t\t<div class=\"wpb_wrapper\">\n\t\t\t\n\n\t\t<\/div>\n\t<\/div>\n<div class=\"icons_cat_title\"> <h2>Technologie <\/h2><\/div><div class=\"container row\"> \n\t\t\t<div>\n  <ul class=\"image-gallery\"><li style=\"float: left;\"><img decoding=\"async\" src=\"https:\/\/albaen.it\/wp-content\/uploads\/WINDTEX.png\"  alt=\"Membrana WR Windtex\u00ae\" style=\"height:60px;\"\/><span class=\"products_icons\">WR Windtex\u00ae-Membran<\/span><\/li><\/ul>\n<\/div><\/div>\n\t<div class=\"wpb_text_column wpb_content_element\" >\n\t\t<div class=\"wpb_wrapper\">\n\t\t\t<p><strong><\/strong><\/p>\n\n\t\t<\/div>\n\t<\/div>\n<\/div><\/div><\/div><\/div>\n<\/div>","protected":false},"excerpt":{"rendered":"<p class=\" translation-block\">Der Sicherheitsstiefel G-Bari S3 WR SRC HRO, aus der RUBBER-Linie, wird aus hochwertigen Rohstoffen hergestellt, um Haltbarkeit und Leistung auch unter extremen Bedingungen zu gew\u00e4hrleisten.<br> \nMit einer besonders wasserdichten und atmungsaktiven WR Windtex\u00ae-Membran ausgestattet, dieser Stiefel wird maximalen Schutz auch an den schw\u00fclsten und regnerischsten Tagen gew\u00e4hrleisten.<\/p>\n<p>Die sichere Wahl, um jede Herausforderung bei der Arbeit zu meistern.<\/p>\n<p><a href=\"https:\/\/albaen.it\/wp-content\/uploads\/G-BARI-S3-WR-HRO.ted_-1.pdf\"><button class=\"btn1\">TECHNISCHES DATENBLATT HERUNTERLADEN<\/button><\/a>\u00a0 \u00a0<a href=\"https:\/\/albaen.it\/wp-content\/uploads\/GBARI-S3-WR-Dichiarazione-conformita-G-BARI.pdf\"><button><span style=\"vertical-align: inherit;\">KONFORMIT\u00c4TSERKL\u00c4RUNG<\/span><\/button><\/a><\/p>","protected":false},"featured_media":19834,"comment_status":"closed","ping_status":"closed","template":"","meta":[],"product_brand":[],"product_cat":[102],"product_tag":[],"class_list":{"0":"post-19368","1":"product","2":"type-product","3":"status-publish","4":"has-post-thumbnail","6":"product_cat-g-rubber","7":"pa_categorie-di-protezione-hro","8":"pa_categorie-di-protezione-s3","9":"pa_categorie-di-protezione-src","10":"pa_categorie-di-protezione-wr","11":"pa_colore-nero","12":"pa_linea-rubber","13":"pa_normativa-en-iso-203452011","14":"pa_settori-edilizia-e-carpenteria","15":"pa_settori-industria-metalmeccanica","16":"pa_settori-industria-pesante","17":"pa_settori-miniere-estrazione-della-pietra","18":"pa_simboli-antistaticita","19":"pa_simboli-assorbimento-di-energia-nel-tallone","20":"pa_simboli-inserto-antiforo-resistente-alla-perforazione-o45mm-2","21":"pa_simboli-resistenza-allimpatto-e-compressione","22":"pa_simboli-resistenza-allo-scivolamento","23":"pa_simboli-suola-resistente-agli-oli-e-agli-idrocarburi","24":"pa_simboli-suola-resistente-al-calore-per-contatto-fino-a-300-c","25":"pa_simboli-water-resistant-100-impermeabile","26":"pa_taglia-170","27":"pa_taglia-174","28":"pa_taglia-176","29":"pa_taglia-178","30":"pa_taglia-180","31":"pa_taglia-182","32":"pa_taglia-184","33":"pa_tecnologia-membrana-wr-windtex","34":"pa_tipologia-alta","35":"pa_tipologia-stivale-al-polpaccio","37":"first","38":"instock","39":"taxable","40":"shipping-taxable","41":"purchasable","42":"product-type-variable"},"_links":{"self":[{"href":"https:\/\/albaen.it\/deu\/wp-json\/wp\/v2\/product\/19368","targetHints":{"allow":["GET"]}}],"collection":[{"href":"https:\/\/albaen.it\/deu\/wp-json\/wp\/v2\/product"}],"about":[{"href":"https:\/\/albaen.it\/deu\/wp-json\/wp\/v2\/types\/product"}],"replies":[{"embeddable":true,"href":"https:\/\/albaen.it\/deu\/wp-json\/wp\/v2\/comments?post=19368"}],"wp:featuredmedia":[{"embeddable":true,"href":"https:\/\/albaen.it\/deu\/wp-json\/wp\/v2\/media\/19834"}],"wp:attachment":[{"href":"https:\/\/albaen.it\/deu\/wp-json\/wp\/v2\/media?parent=19368"}],"wp:term":[{"taxonomy":"product_brand","embeddable":true,"href":"https:\/\/albaen.it\/deu\/wp-json\/wp\/v2\/product_brand?post=19368"},{"taxonomy":"product_cat","embeddable":true,"href":"https:\/\/albaen.it\/deu\/wp-json\/wp\/v2\/product_cat?post=19368"},{"taxonomy":"product_tag","embeddable":true,"href":"https:\/\/albaen.it\/deu\/wp-json\/wp\/v2\/product_tag?post=19368"}],"curies":[{"name":"wp","href":"https:\/\/api.w.org\/{rel}","templated":true}]}}