{"id":16971,"date":"2021-10-18T14:34:21","date_gmt":"2021-10-18T12:34:21","guid":{"rendered":"https:\/\/albaen.it\/?post_type=product&#038;p=16971"},"modified":"2025-02-25T15:11:34","modified_gmt":"2025-02-25T14:11:34","slug":"polacco-da-lavoro-vesuvio-h03ck-s3l-fo-src-marrone","status":"publish","type":"product","link":"https:\/\/albaen.it\/deu\/shop\/h-hummer\/polacco-da-lavoro-vesuvio-h03ck-s3l-fo-src-marrone\/","title":{"rendered":"VESUVIO S3L FO SR"},"content":{"rendered":"<div class=\"wpb-content-wrapper\"><div class=\"vc_row wpb_row vc_row-fluid\"><div class=\"wpb_column vc_column_container vc_col-sm-6\"><div class=\"vc_column-inner\"><div class=\"wpb_wrapper\">\n\t<div class=\"wpb_text_column wpb_content_element\" >\n\t\t<div class=\"wpb_wrapper\">\n\t\t\t<p>Arbeitsstiefel VESUVIO H03CK S3L FO SR BRAUN aus wasserabweisendem  Vollleder.<br \/>\nZunge und Kragen sind mit weichem \u00d6ko-Leder gef\u00fcttert.<br \/>\nNicht-metallische Schn\u00fcrhaken\/\u00d6sen.<\/p>\n<p><strong>FUTTER <\/strong>Innenfutter mit 3D Effekt, atmungsaktiv mit hervorragender Abriebfestigkeit.<br \/>\n<strong><br \/>\nSCHUTZKAPPE<\/strong> aus Verbundmaterial, sto\u00dffest bis 200 Joule und Druck bis zu 15 kN. Leicht, nicht magnetisch und athermisch.<\/p>\n<p><strong>DURCHTRITTSCHUTZ<\/strong> Metall-frei Schutz vor Durchtritt mit bis zu 1100 N. Sch\u00fctzt die gesamte Oberfl\u00e4che der Fu\u00dfsohle. Flexibel und komfortabel, nicht magnetisch, antistatisch und w\u00e4rmeisolierend.<\/p>\n<p><strong>SOHLE<\/strong> 2-Schichten PU\/PU Sohle, antistatisch, rutschfest, \u00d6l-best\u00e4ndig, Energieaufnahme im Fersenbereich.<\/p>\n<p><strong>TRETEN<\/strong> Aussensohle mit Reliefs f\u00fcr au\u00dfergew\u00f6hnlichen Halt auch auf unebenem Gel\u00e4nde.<\/p>\n<p><strong>EINLEGESOHLE<\/strong> antistatisch, atmungsaktiv, herausnehmbar \"PS03-Claudia\".<\/p>\n<p><strong>PASSFORM<\/strong> <em>Mondopoint<\/em> 11 \u2013 breit und bequem.<\/p>\n<p><strong>STANDARD<\/strong> EU EN ISO 20345:2022 Standards,<\/p>\n<p><strong>GEWICHT DES SCHUHS<\/strong> GR. 730 \u00bd Kampf 42<\/p>\n\n\t\t<\/div>\n\t<\/div>\n<\/div><\/div><\/div><div class=\"wpb_column vc_column_container vc_col-sm-6\"><div class=\"vc_column-inner\"><div class=\"wpb_wrapper\">\n\t<div class=\"wpb_text_column wpb_content_element\" >\n\t\t<div class=\"wpb_wrapper\">\n\t\t\t<p>Die HUMMER-Linie wurde f\u00fcr diejenigen entwickelt, die ein H\u00f6chstma\u00df an Leistung und Raffinesse suchen und die Kraft hoher Leistung mit dem Luxus des Komforts kombinieren.<br \/>\nEntscheiden Sie sich f\u00fcr kompromisslose Sicherheit und Komfort mit VESUVIO von <a href=\"https:\/\/albaen.it\/\">Alba&amp;n<\/a> XQT.<\/p>\n<p>XQT by <a href=\"https:\/\/albaen.it\/\">Alba&amp;n<\/a> ist die zweite Marke von ALBA&amp;N. Sie steht als Akronym f\u00fcr eXtra Quality Technology, ein Konzept, das Technologie und Komfort zugleich verk\u00f6rpert, um hohe Sicherheitsstandards zu gew\u00e4hrleisten, ohne jemals auf das Wohlbefinden zu verzichten.<\/p>\n\n\t\t<\/div>\n\t<\/div>\n<div class=\"icons_cat_title\"> <h2>Schutzkategorien <\/h2><\/div><div class=\"container row\"> \n\t\t\t<div>\n  <ul class=\"image-gallery\"><li style=\"float: left;\">  <img decoding=\"async\" src=\"https:\/\/albaen.it\/wp-content\/uploads\/simboletti-06.png\"  alt=\"Antistaticita\u0300\" style=\"height:110px;\"\/> <span class=\"products_icons products_icons1\">Antistatisch<\/span> <\/li><li style=\"float: left;\">  <img decoding=\"async\" src=\"https:\/\/albaen.it\/wp-content\/uploads\/simboletti-07.png\"  alt=\"Assorbimento di energia nel tallone\" style=\"height:110px;\"\/> <span class=\"products_icons products_icons1\">Energieaufnahme in der Ferse<\/span> <\/li><li style=\"float: left;\">  <img decoding=\"async\" src=\"https:\/\/albaen.it\/wp-content\/uploads\/simboletti-22.png\"  alt=\"Resistenza all\u2019impatto e compressione\" style=\"height:110px;\"\/> <span class=\"products_icons products_icons1\">Schlag- und Druckfestigkeit<\/span> <\/li><li style=\"float: left;\">  <img decoding=\"async\" src=\"https:\/\/albaen.it\/wp-content\/uploads\/simboletti-12.png\"  alt=\"Resistenza allo scivolamento - Pavimento in ceramica + glicerina\" style=\"height:110px;\"\/> <span class=\"products_icons products_icons1\">Rutschfestigkeit \u2013 Keramikboden + Glycerin<\/span> <\/li><li style=\"float: left;\">  <img decoding=\"async\" src=\"https:\/\/albaen.it\/wp-content\/uploads\/simboletti-04.png\"  alt=\"Suola resistente agli oli e agli idrocarburi\" style=\"height:110px;\"\/> <span class=\"products_icons products_icons1\">Sohle best\u00e4ndig gegen \u00d6le und Kohlenwasserstoffe<\/span> <\/li><li style=\"float: left;\">  <img decoding=\"async\" src=\"https:\/\/albaen.it\/wp-content\/uploads\/simboletti-09.png\"  alt=\"Inserto antiforo tessile resistente alla perforazione \u00d8=4,5mm\" style=\"height:110px;\"\/> <span class=\"products_icons products_icons1\">Anti-Perforations-Einsatz, best\u00e4ndig gegen Perforation \u00d8=4,5 mm<\/span> <\/li><\/ul>\n<\/div><\/div>\n\t<div class=\"wpb_text_column wpb_content_element\" >\n\t\t<div class=\"wpb_wrapper\">\n\t\t\t\n\n\t\t<\/div>\n\t<\/div>\n<div class=\"icons_cat_title\"> <h2>Anwendungsbereiche <\/h2><\/div><div class=\"container row\"> \n\t\t\t<div>\n  <ul class=\"image-gallery\"><li style=\"float: left;\"> <img decoding=\"async\" src=\"https:\/\/albaen.it\/wp-content\/uploads\/Agricoltura-_-Giardinaggio-1.png\" alt=\"Agricoltura \/ Giardinaggio\" style=\"height:60px;\"\/>  <span class=\"products_icons\">Landwirtschaft \/ Gartenbau<\/span> <\/li><li style=\"float: left;\"> <img decoding=\"async\" src=\"https:\/\/albaen.it\/wp-content\/uploads\/Edilizia-e-Carpenteria-1.png\" alt=\"Edilizia e Carpenteria\" style=\"height:60px;\"\/>  <span class=\"products_icons\">Bau und Zimmerei<\/span> <\/li><li style=\"float: left;\"> <img decoding=\"async\" src=\"https:\/\/albaen.it\/wp-content\/uploads\/Industria-Metalmeccanica-1.png\" alt=\"Industria Metalmeccanica\" style=\"height:60px;\"\/>  <span class=\"products_icons\">Metallverarbeitende Industrie<\/span> <\/li><li style=\"float: left;\"> <img decoding=\"async\" src=\"https:\/\/albaen.it\/wp-content\/uploads\/Industria-Pesante-1.png\" alt=\"Industria pesante\" style=\"height:60px;\"\/>  <span class=\"products_icons\">Schwere Industrie<\/span> <\/li><li style=\"float: left;\"> <img decoding=\"async\" src=\"https:\/\/albaen.it\/wp-content\/uploads\/Miniere-_-Estrazione-1.png\" alt=\"Miniere \/ Estrazione della pietra\" style=\"height:60px;\"\/>  <span class=\"products_icons\">Bergbau \/ Steingewinnung<\/span> <\/li><li style=\"float: left;\"> <img decoding=\"async\" src=\"https:\/\/albaen.it\/wp-content\/uploads\/Smaltimento-rifiuti1.png\" alt=\"Smaltimento rifiuti\" style=\"height:60px;\"\/>  <span class=\"products_icons\">M\u00fcllentsorgung<\/span> <\/li><\/ul>\n<\/div><\/div>\n\t<div class=\"wpb_text_column wpb_content_element\" >\n\t\t<div class=\"wpb_wrapper\">\n\t\t\t\n\n\t\t<\/div>\n\t<\/div>\n<div class=\"icons_cat_title\"> <h2>Technologie <\/h2><\/div><div class=\"container row\"> \n\t\t\t<div>\n  <ul class=\"image-gallery\"><li style=\"float: left;\"><img decoding=\"async\" src=\"https:\/\/albaen.it\/wp-content\/uploads\/Xqt-_2.png\"  alt=\"Extra Quality Technology\" style=\"height:60px;\"\/><span class=\"products_icons\">Extra Quality Technology<\/span><\/li><li style=\"float: left;\"><img decoding=\"async\" src=\"https:\/\/albaen.it\/wp-content\/uploads\/No-nail-tex.png\"  alt=\"Lamina antiforo in tessuto\" style=\"height:60px;\"\/><span class=\"products_icons\">Pannensichere Stoffplatte<\/span><\/li><li style=\"float: left;\"><img decoding=\"async\" src=\"https:\/\/albaen.it\/wp-content\/uploads\/C-Cap.png\"  alt=\"Puntale di sicurezza composito\" style=\"height:60px;\"\/><span class=\"products_icons\">Sicherheits-Zehenkappe aus Verbundwerkstoff<\/span><\/li><\/ul>\n<\/div><\/div>\n\t<div class=\"wpb_text_column wpb_content_element\" >\n\t\t<div class=\"wpb_wrapper\">\n\t\t\t<p><strong><\/strong><\/p>\n\n\t\t<\/div>\n\t<\/div>\n<\/div><\/div><\/div><\/div>\n<\/div>","protected":false},"excerpt":{"rendered":"<p>Entdecken Sie Innovation mit dem Arbeitsstiefel VESUVIO S3L FO SR.<br \/>\nArbeitsstiefel, zertifiziert nach EN ISO 20345:2022, bietet \u00fcberragenden Komfort und exklusiven Schutz.<br \/>\nEr garantiert unvergleichliche Qualit\u00e4t und eine hohe Performance.<\/p>\n<p><a href=\"https:\/\/albaen.it\/wp-content\/uploads\/H03K-S3-t.moro_.ted_-2.pdf\"><button class=\"btn1\">TECHNISCHES DATENBLATT HERUNTERLADEN<\/button><\/a> \u00a0\u00a0<a href=\"https:\/\/albaen.it\/wp-content\/uploads\/H03CK-S3L-Dich.-conformita-2.pdf\"><button><span style=\"vertical-align: inherit;\">KONFORMIT\u00c4TSERKL\u00c4RUNG<\/span><\/button><\/a><\/p>","protected":false},"featured_media":19831,"comment_status":"closed","ping_status":"closed","template":"","meta":[],"product_brand":[],"product_cat":[110],"product_tag":[],"class_list":{"0":"post-16971","1":"product","2":"type-product","3":"status-publish","4":"has-post-thumbnail","6":"product_cat-h-hummer","7":"pa_categorie-di-protezione-s3l-fo","8":"pa_categorie-di-protezione-sr","9":"pa_colore-marrone","10":"pa_linea-hummer","11":"pa_normativa-en-iso-203452022","12":"pa_settori-agricoltura-giardinaggio","13":"pa_settori-edilizia-e-carpenteria","14":"pa_settori-industria-metalmeccanica","15":"pa_settori-industria-pesante","16":"pa_settori-miniere-estrazione-della-pietra","17":"pa_settori-smaltimento-rifiuti","18":"pa_simboli-antistaticita","19":"pa_simboli-assorbimento-di-energia-nel-tallone","20":"pa_simboli-resistenza-allimpatto-e-compressione","21":"pa_simboli-resistenza-allo-scivolamento-pavimento-in-ceramica-glicerina","22":"pa_simboli-suola-resistente-agli-oli-e-agli-idrocarburi","23":"pa_simboli-inserto-antiforo-tessile-resistente-alla-perforazione-o45mm","24":"pa_taglia-730","25":"pa_taglia-738","26":"pa_taglia-166","27":"pa_taglia-168","28":"pa_taglia-170","29":"pa_taglia-776","30":"pa_taglia-174","31":"pa_taglia-176","32":"pa_taglia-178","33":"pa_taglia-180","34":"pa_taglia-182","35":"pa_taglia-184","36":"pa_taglia-186","37":"pa_tecnologia-extra-quality-technology","38":"pa_tecnologia-lamina-antiforo-in-tessuto","39":"pa_tecnologia-puntale-di-sicurezza-composito","40":"pa_tipologia-alta","41":"pa_tipologia-polacco","43":"first","44":"instock","45":"taxable","46":"shipping-taxable","47":"purchasable","48":"product-type-variable","49":"has-default-attributes"},"_links":{"self":[{"href":"https:\/\/albaen.it\/deu\/wp-json\/wp\/v2\/product\/16971","targetHints":{"allow":["GET"]}}],"collection":[{"href":"https:\/\/albaen.it\/deu\/wp-json\/wp\/v2\/product"}],"about":[{"href":"https:\/\/albaen.it\/deu\/wp-json\/wp\/v2\/types\/product"}],"replies":[{"embeddable":true,"href":"https:\/\/albaen.it\/deu\/wp-json\/wp\/v2\/comments?post=16971"}],"wp:featuredmedia":[{"embeddable":true,"href":"https:\/\/albaen.it\/deu\/wp-json\/wp\/v2\/media\/19831"}],"wp:attachment":[{"href":"https:\/\/albaen.it\/deu\/wp-json\/wp\/v2\/media?parent=16971"}],"wp:term":[{"taxonomy":"product_brand","embeddable":true,"href":"https:\/\/albaen.it\/deu\/wp-json\/wp\/v2\/product_brand?post=16971"},{"taxonomy":"product_cat","embeddable":true,"href":"https:\/\/albaen.it\/deu\/wp-json\/wp\/v2\/product_cat?post=16971"},{"taxonomy":"product_tag","embeddable":true,"href":"https:\/\/albaen.it\/deu\/wp-json\/wp\/v2\/product_tag?post=16971"}],"curies":[{"name":"wp","href":"https:\/\/api.w.org\/{rel}","templated":true}]}}