{"id":4349,"date":"2019-02-21T16:24:21","date_gmt":"2019-02-21T15:24:21","guid":{"rendered":"http:\/\/albaen.it\/?page_id=4349"},"modified":"2019-02-21T16:24:21","modified_gmt":"2019-02-21T15:24:21","slug":"informativa-privacy","status":"publish","type":"page","link":"https:\/\/albaen.it\/deu\/informativa-privacy\/","title":{"rendered":"Datenschutzerkl\u00e4rung"},"content":{"rendered":"<p><strong>Datenschutzerkl\u00e4rung<\/strong><\/p>\n<p><strong>Alba &amp; N. <\/strong>mit Hauptsitz in SP Trani-Andria Km2 76125 Trani (BT), ITALIEN) - Umsatzsteuer-Identifikationsnummer 06471190725 (<strong>Alba &amp; N.<\/strong>) ist st\u00e4ndig bem\u00fcht, die Online-Privatsph\u00e4re der Benutzer seiner Website www.geoarredo.it (die &quot;Website&quot;) zu sch\u00fctzen. Dieses Dokument (&quot;Informationen&quot;) wurde erstellt, damit Sie verstehen, wie Ihre pers\u00f6nlichen Daten im Zusammenhang mit der Nutzung der Website verarbeitet werden. Die Informationen sollen Ihnen die erforderlichen Informationen liefern, damit Sie sie ausdr\u00fccken k\u00f6nnen, wenn Sie halten es f\u00fcr angemessen, eine ausdr\u00fcckliche und informierte Zustimmung zu den \u00fcber die Website durchgef\u00fchrten Behandlungen.<\/p>\n<p>Im Allgemeinen alle Informationen oder pers\u00f6nlichen Daten, die Sie zur Verf\u00fcgung stellen\u00a0<strong>Alba &amp; N.<\/strong><strong>\u00a0<\/strong>\u00a0\u00fcber die Website oder auf andere Weise \u00fcber die Website im Zusammenhang mit der Nutzung der von und angebotenen Produkte und \/ oder Dienstleistungen gesammelt\u00a0<strong>Alba &amp; N.<\/strong><strong>\u00a0<\/strong>\u00a0(die &quot;Dienste&quot;), wie in Absatz 2 besser definiert, werden gem\u00e4\u00df den international anerkannten Grunds\u00e4tzen der Rechtm\u00e4\u00dfigkeit, Richtigkeit, Transparenz, Zweckbeschr\u00e4nkung und -speicherung, Datenminimierung, Genauigkeit, Integrit\u00e4t und Vertraulichkeit behandelt.<\/p>\n<p><strong>INDEX<\/strong><\/p>\n<ol>\n<li><strong>Inhaber der Behandlung<\/strong><\/li>\n<li><strong>Die personenbezogenen Daten werden verarbeitet<\/strong><\/li>\n<\/ol>\n<p><strong>-Name und Kontaktdaten<\/strong><\/p>\n<p><strong>-Spezielle Kategorien personenbezogener Daten<\/strong><\/p>\n<p><strong>-Daten freiwillig von der interessierten Partei zur Verf\u00fcgung gestellt<\/strong><\/p>\n<p><strong>- Durchsuchen von anonym gesammelten Daten<\/strong><\/p>\n<p><strong>- Kekse<\/strong><\/p>\n<ol start=\"3\">\n<li><strong>Zweck der Verarbeitung<\/strong><\/li>\n<li><strong>Rechtsgrundlage und obligatorische oder fakultative Art der Verarbeitung<\/strong><\/li>\n<li><strong>Empf\u00e4nger personenbezogener Daten<\/strong><\/li>\n<li><strong>\u00dcbermittlung personenbezogener Daten<\/strong><\/li>\n<li><strong>Speicherung personenbezogener Daten<\/strong><\/li>\n<li><strong>Rechte des Interessenten<\/strong><\/li>\n<li><strong>\u00c4nderungen<\/strong><\/li>\n<\/ol>\n<p><strong>1. Datencontroller<\/strong><\/p>\n<p><strong>Alba &amp; N. <\/strong>, wie am Anfang der Informationen angegeben, ist der Datenverantwortliche f\u00fcr alle personenbezogenen Daten, die \u00fcber die Website verarbeitet werden.<\/p>\n<p>Sie k\u00f6nnen den Datencontroller von kontaktieren\u00a0<strong>Alba &amp; N.<\/strong>\u00a0an folgende Adresse:\u00a0<a href=\"mailto:info@albaen.it\">info@albaen.it<\/a><\/p>\n<p><strong>Die personenbezogenen Daten werden verarbeitet<\/strong><\/p>\n<p>Nach dem Durchsuchen der Website informieren wir Sie dar\u00fcber<strong>Alba &amp; N.<\/strong>\u00a0verarbeitet Informationen \u00fcber Sie, die sich - auch abh\u00e4ngig von Ihren Entscheidungen zur Nutzung der Dienste - aus einer Kennung wie Ihrem Namen, einer Identifikationsnummer, einer Online-Kennung oder einem oder mehreren charakteristischen Elementen Ihrer physischen, physiologischen Identit\u00e4t zusammensetzen k\u00f6nnen , psychisch, wirtschaftlich, kulturell oder sozial geeignet, um Sie zu identifizieren oder identifizierbar zu machen (im Folgenden nur &quot;Pers\u00f6nliche Daten&quot;).<\/p>\n<p>Ihre pers\u00f6nlichen Daten k\u00f6nnen sowohl gesammelt werden, weil Sie sie freiwillig angeben (z. B. wenn Sie eine Kontaktaufnahme anfordern, um Informationen zu den von angebotenen Diensten zu erhalten\u00a0<strong>Alba &amp; N.<\/strong><strong>\u00a0<\/strong>) oder einfach durch Analyse Ihres Verhaltens auf der Website.<\/p>\n<p>Die \u00fcber die Website verarbeiteten personenbezogenen Daten lauten wie folgt:<\/p>\n<p><strong>Name und Kontaktdaten<\/strong><\/p>\n<p>Beim Surfen auf der Website, insbesondere im Kontaktbereich, werden Sie nach Informationen wie Ihrem Namen und Ihrer E-Mail-Adresse gefragt.<\/p>\n<p>Die von Ihnen zu diesem Zweck angegebenen personenbezogenen Daten werden von verarbeitet\u00a0<strong>Alba &amp; N.<\/strong>\u00a0wie in den darin bereitgestellten spezifischen Informationen beschrieben.<\/p>\n<p><strong>Spezielle Kategorien personenbezogener Daten<\/strong><\/p>\n<p>Durch Absenden einer Kontaktanfrage k\u00f6nnen Sie eine\u00a0<strong>Alba &amp; N.<\/strong>\u00a0Einige kostenlose Informationen, die m\u00f6glicherweise personenbezogene Daten enthalten.<\/p>\n<p>Angesichts der Tatsache, dass Sie mit solchen kostenlosen Informationen (freiwillig oder nicht) einige sensible Kategorien personenbezogener Daten kommunizieren k\u00f6nnen, z. B. Daten, die zur Offenlegung der rassischen oder ethnischen Herkunft geeignet sind, politische Meinungen, religi\u00f6se oder philosophische \u00dcberzeugungen, Gewerkschaftsmitgliedschaft, genetische Daten, biometrische Daten zur eindeutigen Identifizierung einer nat\u00fcrlichen Person, Daten zur Gesundheit oder zum Sexualleben oder zur sexuellen Orientierung der Person,\u00a0<strong>Alba &amp; N.<\/strong>\u00a0fordert Sie auf, solche personenbezogenen Daten nur dann zu senden, wenn dies unbedingt erforderlich ist.<\/p>\n<p>In Anbetracht der Tatsache, dass das Senden solcher Informationen v\u00f6llig optional ist, informieren wir Sie dar\u00fcber, dass diese speziellen Kategorien personenbezogener Daten nur mit Ihrer ausdr\u00fccklichen Zustimmung und in \u00dcbereinstimmung mit den vorl\u00e4ufigen geltenden Gesetzen verarbeitet werden k\u00f6nnen und wenn Sie sich entscheiden, solche Informationen weiterzugeben. Ihre Zustimmung ist erforderlich, und diese Daten werden nicht verarbeitet, wenn sie nicht eng mit den spezifischen Zwecken der Beziehung verbunden sind.<\/p>\n<p><strong>Vom Dritten bereitgestellte Daten Dritter<\/strong><\/p>\n<p>Wie bereits oben erw\u00e4hnt, d\u00fcrfen Sie in einigen Teilen der Site Textnachrichten einf\u00fcgen, die f\u00fcr sichtbar sind\u00a0<strong>Alba &amp; N.<\/strong><strong>\u00a0<\/strong>, die (freiwillig oder nicht) personenbezogene Daten anderer Personen enthalten k\u00f6nnen.<\/p>\n<p>In Bezug auf diese Hypothesen stellen Sie sich als unabh\u00e4ngiger Datenverantwortlicher auf und \u00fcbernehmen alle Verpflichtungen und Verantwortlichkeiten des Gesetzes. In diesem Sinne gew\u00e4hren Sie in diesem Punkt die gr\u00f6\u00dftm\u00f6gliche Entsch\u00e4digung in Bezug auf Streitigkeiten, Anspr\u00fcche, Schadensersatzanspr\u00fcche f\u00fcr Sch\u00e4den aus der Behandlung usw. das sollte reichen\u00a0<strong>Alba &amp; N.<\/strong><strong>\u00a0<\/strong> von Dritten, deren personenbezogene Daten durch Ihre Nutzung der Website unter Versto\u00df gegen die geltenden Datenschutzbestimmungen verarbeitet wurden.<\/p>\n<p>In jedem Fall garantieren Sie, wenn Sie personenbezogene Daten Dritter bei der Nutzung der Website angeben oder anderweitig verarbeiten, von nun an - unter \u00dcbernahme aller damit verbundenen Verantwortung -, dass diese spezielle Hypothese der Behandlung auf der Zustimmung dieses Dritten oder eines anderen basiert geeignete Rechtsgrundlage, die die Verarbeitung der betreffenden Informationen legitimiert.<\/p>\n<p><strong>Durchsuchen von anonym gesammelten Daten<\/strong><\/p>\n<p>Die Computersysteme und Softwareverfahren, die zum Betrieb der Site verwendet werden, erfassen w\u00e4hrend ihres normalen Betriebs einige personenbezogene Daten, deren \u00dcbertragung mit der Verwendung von Internetkommunikationsprotokollen verbunden ist. Dies sind Informationen, die nicht von gesammelt werden\u00a0<strong>Alba &amp; N.<\/strong>mit identifizierten interessierten Parteien in Verbindung gebracht werden, die jedoch von Natur aus durch Verarbeitung und Verkn\u00fcpfung mit Daten Dritter die Identifizierung von Benutzern erm\u00f6glichen k\u00f6nnten.<\/p>\n<p>Diese Datenkategorie umfasst IP-Adressen oder Dom\u00e4nennamen der Computer, die von Benutzern verwendet werden, die eine Verbindung zur Site herstellen, die Adressen in der URI-Notation (Uniform Resource Identifier) der angeforderten Ressourcen, den Zeitpunkt der Anforderung und die Methode zum Senden der Anforderung an den Server, Gr\u00f6\u00dfe der als Antwort erhaltenen Datei, numerischer Code, der den Status der vom Server gegebenen Antwort (erfolgreich, Fehler usw.) und andere Parameter in Bezug auf das Betriebssystem und die Computerumgebung des Benutzers angibt.<\/p>\n<p>Diese Daten werden ausschlie\u00dflich dazu verwendet, anonyme statistische Informationen \u00fcber die Nutzung der Website zu erhalten und deren ordnungsgem\u00e4\u00dfe Funktion zu \u00fcberpr\u00fcfen, um Anomalien und \/ oder Missbr\u00e4uche festzustellen.<\/p>\n<p><strong>Kekse<\/strong><\/p>\n<p>Informationen zur Verwendung von Cookies finden Sie in der Cookie-Richtlinie.<\/p>\n<ol start=\"3\">\n<li><strong>Zweck der Verarbeitung<\/strong><\/li>\n<\/ol>\n<p><strong>Alba &amp; N. <\/strong> verwendet Ihre \u00fcber die Website gesammelten pers\u00f6nlichen Daten f\u00fcr folgende Zwecke:<\/p>\n<p>\u00dcberpr\u00fcfen Sie Ihre Identit\u00e4t und senden Sie Ihnen nichtkommerzielles Informationsmaterial. Senden Sie alle Informationen, die Sie ausdr\u00fccklich angefordert haben. Schlie\u00dfen Sie Ihre Bestellung ab und f\u00fchren Sie die Bereitstellung der angeforderten Dienstleistungen aus. Sie k\u00f6nnen ein Angebot anfordern und andere von Ihnen angeforderte Dienstleistungen erbringen (&quot;Lieferung von Waren und Dienstleistungen&quot;).<\/p>\n<p>So erstellen Sie Ihr Profil mithilfe von Profiling-Cookies, sofern diese akzeptiert werden, und sammeln und analysieren so Informationen zu den auf der Website getroffenen Auswahlen und Entscheidungen sowie zu Ihren allgemeinen Aktivit\u00e4ten auf der Website. Dieses Profil wird verwendet, um Sie mit Informationen zu anderen Produkten zu versorgen und \/ oder Dienstleistungen, die\u00a0<strong>Alba &amp; N.<\/strong><strong>\u00a0<\/strong> glaubt, dass sie Sie interessieren und Ihnen Werbung zeigen k\u00f6nnten, die f\u00fcr Ihren Geschmack relevant sein k\u00f6nnte. Alle an diesem Prozess beteiligten Algorithmen werden regelm\u00e4\u00dfig getestet, um die Richtigkeit des Prozesses und die Vermeidung von Fehlern sicherzustellen (&quot;Profiling&quot;).<\/p>\n<p>Erf\u00fcllen Sie gesetzliche Verpflichtungen, die a\u00a0<strong>Alba &amp; N.<\/strong>\u00a0die Erhebung und \/ oder Weiterverarbeitung bestimmter Arten personenbezogener Daten (&quot;Compliance&quot;);<\/p>\n<p>Verhindern oder entdecken Sie Missbrauch bei der Nutzung der Website oder betr\u00fcgerische Aktivit\u00e4ten (&quot;Missbrauch \/ Betrug&quot;).<\/p>\n<ol start=\"4\">\n<li><strong>Rechtsgrundlage und obligatorische oder fakultative Art der Verarbeitung<\/strong><\/li>\n<\/ol>\n<p>Die Rechtsgrundlage von\u00a0<strong>Alba &amp; N.<\/strong>Um Ihre personenbezogenen Daten gem\u00e4\u00df den im vorherigen Absatz 3 angegebenen Zwecken zu verarbeiten, gilt Folgendes:<\/p>\n<p><strong><u>Lieferung von Waren und Dienstleistungen<\/u><\/strong>: Die Verarbeitung zu diesem Zweck ist erforderlich, um Ihnen die Produkte und \/ oder Dienstleistungen und damit die Ausf\u00fchrung der vorvertraglichen Phase und \/ oder des bestehenden Vertrags mit Ihnen anbieten zu k\u00f6nnen. Die Bereitstellung Ihrer pers\u00f6nlichen Daten a\u00a0<strong>Alba &amp; N.<\/strong><strong>\u00a0<\/strong>Zu diesem Zweck ist dies nicht obligatorisch, andernfalls ist es nicht m\u00f6glich, Ihnen einen Service anzubieten.<\/p>\n<p><strong><u>Soft Spam<\/u><\/strong>: Die Verarbeitung zu diesem Zweck basiert auf dem Interesse von\u00a0<strong>Alba &amp; N.<\/strong><strong>\u00a0<\/strong> um Ihnen Marketingmitteilungen per E-Mail zu Produkten und Dienstleistungen zu senden, die denen \u00e4hneln, die Sie bereits gekauft haben. Sie k\u00f6nnen den Empfang dieser Mitteilungen ohne Konsequenz f\u00fcr Sie einstellen (au\u00dfer wenn Sie keine weiteren Mitteilungen dieser Art von erhalten k\u00f6nnen\u00a0<strong>Alba &amp; N.<\/strong><strong>\u00a0<\/strong>) durch Senden einer E-Mail an\u00a0<a href=\"mailto:info@albaen.it\">info@albaen.it<\/a><\/p>\n<p><strong><u>Profilerstellung<\/u><\/strong>: Die Verarbeitung zu diesem Zweck basiert auf Ihrer Zustimmung, die \u00fcber das Cookie-Banner gesammelt wurde. Es ist nicht zwingend erforderlich, Ihre Zustimmung zu geben\u00a0<strong>Alba &amp; N.<\/strong>\u00a0Zu diesem Zweck k\u00f6nnen Sie es jederzeit ohne Konsequenz widerrufen (au\u00dfer wenn Sie nicht in der Lage sind, von der Personalisierung kommerzieller Angebote durch zu profitieren\u00a0<strong>Alba &amp; N.<\/strong><strong>\u00a0<\/strong>). Sie k\u00f6nnen die zuvor erteilte Einwilligung widerrufen, indem Sie den Anweisungen in Absatz 8 dieser Mitteilung folgen.<\/p>\n<p><strong><u>Beachtung<\/u><\/strong>: Verarbeitung zu diesem Zweck ist notwendig, weil\u00a0<strong>Alba &amp; N.<\/strong><strong>\u00a0<\/strong>kann alle gesetzlichen Verpflichtungen erf\u00fcllen. Wenn Sie personenbezogene Daten an angeben\u00a0<strong>Alba &amp; N.<\/strong>Sie werden gem\u00e4\u00df den geltenden Rechtsvorschriften behandelt, die ihre Erhaltung und Mitteilung an die Beh\u00f6rden in Bezug auf Rechnungslegung, Steuern oder andere Verpflichtungen beinhalten k\u00f6nnten.<\/p>\n<p><strong><u>Missbrauch \/ Betrug<\/u><\/strong>: Die zu diesem Zweck gesammelten Informationen werden ausschlie\u00dflich dazu verwendet, betr\u00fcgerische Aktivit\u00e4ten oder Missbr\u00e4uche bei der Nutzung der Website (mit strafrechtlicher Relevanz) zu verhindern und \/ oder zu identifizieren.<\/p>\n<ol start=\"5\">\n<li><strong>Empf\u00e4nger personenbezogener Daten<\/strong><\/li>\n<\/ol>\n<p>Ihre pers\u00f6nlichen Daten k\u00f6nnen an die unten aufgef\u00fchrten Parteien (die &quot;Empf\u00e4nger&quot;) weitergegeben werden:<\/p>\n<p>Themen, die in der Regel als Datenverantwortliche fungieren, dh: i) Personen, Unternehmen oder professionelle Unternehmen, die Unterst\u00fctzung und Beratung anbieten\u00a0<strong>Alba &amp; N.<\/strong><strong>\u00a0<\/strong> in buchhalterischen, administrativen, rechtlichen, steuerlichen, finanziellen und kreditbezogenen Fragen im Zusammenhang mit der Lieferung von Waren und \/ oder Dienstleistungen;<\/p>\n<p>Themen, mit denen f\u00fcr die Bereitstellung von Waren und Dienstleistungen interagiert werden muss (z. B. Hosting-Anbieter oder Plattformanbieter zum Versenden von E-Mails);<\/p>\n<p>Mit der Durchf\u00fchrung technischer Wartungsarbeiten beauftragte Personen (einschlie\u00dflich Wartung von Netzwerkger\u00e4ten und elektronischen Kommunikationsnetzen);<\/p>\n<p>Personen, die von autorisiert wurden\u00a0<strong>Alba &amp; N.<\/strong>\u00a0zur Verarbeitung personenbezogener Daten, die zur Durchf\u00fchrung von Aktivit\u00e4ten erforderlich sind, die in engem Zusammenhang mit der Lieferung von Waren und Dienstleistungen stehen, die der Vertraulichkeit verpflichtet sind oder eine angemessene gesetzliche Vertraulichkeitspflicht haben (z. B. Mitarbeiter von\u00a0<strong>Alba &amp; N.<\/strong><strong>\u00a0<\/strong>);<\/p>\n<p>Personen, Stellen oder Beh\u00f6rden, denen die Weitergabe Ihrer personenbezogenen Daten aus Gr\u00fcnden der Einhaltung, des Missbrauchs oder des Betrugs oder auf Anordnung der Beh\u00f6rden vorgeschrieben ist;<\/p>\n<ol start=\"6\">\n<li><strong>\u00dcbermittlung personenbezogener Daten<\/strong><\/li>\n<\/ol>\n<p>Ihre pers\u00f6nlichen Daten werden auf Servern innerhalb der Europ\u00e4ischen Union gespeichert. In jedem Fall versteht es sich\u00a0<strong>Alba &amp; N.<\/strong>\u00a0Als Datenverantwortlicher hat er bei Bedarf das Recht, die Server auch au\u00dferhalb der EU zu verlegen. In diesem Fall stellt der f\u00fcr die Datenverarbeitung Verantwortliche von nun an sicher, dass die \u00dcbermittlung von Daten au\u00dferhalb der EU in \u00dcbereinstimmung mit den geltenden gesetzlichen Bestimmungen erfolgt, vorbehaltlich der Festlegung der von der Europ\u00e4ischen Kommission bereitgestellten Standardvertragsklauseln.\u00a0<strong>Alba &amp; N.<\/strong>\u00a0stellt sicher, dass die Verarbeitung Ihrer personenbezogenen Daten durch diese Empf\u00e4nger in \u00dcbereinstimmung mit den geltenden Rechtsvorschriften und mit angemessenen Garantien wie Angemessenheitsentscheidungen, von der Europ\u00e4ischen Kommission genehmigten Standardvertragsklauseln oder anderen als angemessen erachteten Garantien erfolgt.<\/p>\n<p>Weitere Informationen finden Sie unter\u00a0<strong>Alba &amp; N.<\/strong><strong>\u00a0<\/strong> schriftlich an folgende Adresse:\u00a0<a href=\"mailto:info@albaen.it\">info@albaen.it<\/a><\/p>\n<p>&nbsp;<\/p>\n<p><strong>7<\/strong>.<strong>Aufbewahrung personenbezogener Daten<\/strong><\/p>\n<p>Die zum Zwecke der Lieferung von Waren und Dienstleistungen verarbeiteten personenbezogenen Daten werden von gespeichert\u00a0<strong>Alba &amp; N.<\/strong><strong>\u00a0<\/strong> f\u00fcr die Zeit, die unbedingt erforderlich ist, um den oben genannten Zweck zu verfolgen. In jedem Fall, da diese personenbezogenen Daten verarbeitet werden, um Ihnen Waren und Dienstleistungen bereitzustellen,\u00a0<strong>Alba &amp; N.<\/strong>\u00a0kann sie f\u00fcr einen l\u00e4ngeren Zeitraum aufbewahren, insbesondere wenn dies zum Schutz der Interessen von erforderlich ist\u00a0<strong>Alba &amp; N.<\/strong><strong>\u00a0<\/strong> von m\u00f6glichen Verantwortlichkeiten im Zusammenhang mit der Lieferung.<\/p>\n<p>Die f\u00fcr Marketing, Soft Spam und Profiling verarbeiteten personenbezogenen Daten werden von gespeichert\u00a0<strong>Alba &amp; N.<\/strong><strong>\u00a0<\/strong> bis die von Ihnen erteilte Einwilligung widerrufen wird. Sobald die Einwilligung widerrufen wurde\u00a0<strong>Alba &amp; N.<\/strong><strong>\u00a0<\/strong>wird Ihre personenbezogenen Daten nicht mehr f\u00fcr diese Zwecke verwenden, sie jedoch m\u00f6glicherweise aufbewahren, insbesondere wenn dies zum Schutz der Interessen von erforderlich ist\u00a0<strong>Alba &amp; N.<\/strong><strong>\u00a0<\/strong> von m\u00f6glichen Verantwortlichkeiten aufgrund solcher Behandlungen.<\/p>\n<p>Personenbezogene Daten, die zu Compliance-Zwecken verarbeitet werden, werden von gespeichert\u00a0<strong>Alba &amp; N.<\/strong>\u00a0f\u00fcr den Zeitraum, der durch bestimmte gesetzliche Verpflichtungen oder geltende Rechtsvorschriften vorgesehen ist.<\/p>\n<p>Die zur Verhinderung von Missbrauch \/ Betrug verarbeiteten personenbezogenen Daten werden von gespeichert\u00a0<strong>Alba &amp; N.<\/strong>\u00a0f\u00fcr die f\u00fcr den vorgenannten Zweck unbedingt erforderliche Zeit.<\/p>\n<ol start=\"8\">\n<li><strong>Rechte des Interessenten<\/strong><\/li>\n<\/ol>\n<p>In Bezug auf die Verarbeitung personenbezogener Daten durch\u00a0<strong>Alba &amp; N.<\/strong><strong>das\u00a0<\/strong> Sie haben jederzeit das Recht zu fragen:<\/p>\n<p>Zugang zu Daten \u00fcber Sie, deren Berichtigung oder L\u00f6schung gem\u00e4\u00df Art. 17 der DSGVO, die Integration unvollst\u00e4ndiger Daten, die Einschr\u00e4nkung der Verarbeitung; die Daten in einem strukturierten Format zu empfangen, das \u00fcblicherweise von einem automatischen Ger\u00e4t verwendet und gelesen werden kann, und sie, sofern technisch machbar, ungehindert an einen anderen Inhaber weiterzuleiten, falls die Bedingungen f\u00fcr die Aus\u00fcbung des Rechts auf Portabilit\u00e4t in Bezug genommen werden &#039;Kunst. 20 der DSGVO (die Verarbeitung basiert auf Zustimmung gem\u00e4\u00df Art. 6.1 Buchstabe a) oder Art. 9,2, lett. a) oder auf dem Vertrag gem\u00e4\u00df Art. 6.1, lett. b) der DSGVO und wird mit automatisierten Werkzeugen durchgef\u00fchrt); die jederzeit erteilte Einwilligung f\u00fcr den im Stand der Technik genannten Zweck zu widerrufen. 3 und lehnen die Verarbeitung in den zul\u00e4ssigen F\u00e4llen ganz oder teilweise ab; um eine Beschwerde beim Garanten einzureichen sowie die anderen Rechte auszu\u00fcben, die in den geltenden Vorschriften (Artikel 16-21 DSGVO) anerkannt sind. Sie k\u00f6nnen Ihre Rechte auch schriftlich aus\u00fcben\u00a0<strong>Alba &amp; N.<\/strong><strong>\u00a0<\/strong> an folgende Adresse:\u00a0<a href=\"mailto:info@albaen.it\">info@albaen.it<\/a>. In jedem Fall haben Sie jederzeit das Recht, eine Beschwerde bei der zust\u00e4ndigen Aufsichtsbeh\u00f6rde einzureichen, wenn Sie der Ansicht sind, dass die Verarbeitung Ihrer personenbezogenen Daten gegen die geltenden Rechtsvorschriften verst\u00f6\u00dft.<\/p>\n<ol start=\"9\">\n<li><strong>\u00c4nderungen<\/strong><\/li>\n<\/ol>\n<p>Diese Informationen werden seit dem 25.05.18 ausgef\u00fchrt.<strong>Alba &amp; N.<\/strong>\u00a0beh\u00e4lt sich das Recht vor, den Inhalt teilweise oder vollst\u00e4ndig zu \u00e4ndern oder einfach zu aktualisieren, auch aufgrund von \u00c4nderungen der geltenden Gesetzgebung.<strong>Alba &amp; N.<\/strong>\u00a0Sie werden \u00fcber solche \u00c4nderungen informiert, sobald sie eingef\u00fchrt werden, und sie werden verbindlich, sobald sie auf der Website ver\u00f6ffentlicht werden.\u00a0<strong>Alba &amp; N.<\/strong><strong>\u00a0\u00a0<\/strong>Wir laden Sie daher ein, diesen Abschnitt regelm\u00e4\u00dfig zu besuchen, um sich \u00fcber die neueste und aktualisierte Version der Informationen zu informieren und stets \u00fcber die gesammelten personenbezogenen Daten und deren Verwendung informiert zu sein<strong>Alba &amp; N.<\/strong><\/p>","protected":false},"excerpt":{"rendered":"<p>Informativa Privacy Alba&amp;N. con sede in S.P. Trani-Andria Km2 76125 Trani (BT), ITALIA) &#8211; P.IVA 06471190725 (Alba&amp;N.), si impegna costantemente<\/p>","protected":false},"author":4,"featured_media":0,"parent":0,"menu_order":0,"comment_status":"closed","ping_status":"closed","template":"","meta":{"footnotes":""},"class_list":["post-4349","page","type-page","status-publish","hentry"],"_links":{"self":[{"href":"https:\/\/albaen.it\/deu\/wp-json\/wp\/v2\/pages\/4349","targetHints":{"allow":["GET"]}}],"collection":[{"href":"https:\/\/albaen.it\/deu\/wp-json\/wp\/v2\/pages"}],"about":[{"href":"https:\/\/albaen.it\/deu\/wp-json\/wp\/v2\/types\/page"}],"author":[{"embeddable":true,"href":"https:\/\/albaen.it\/deu\/wp-json\/wp\/v2\/users\/4"}],"replies":[{"embeddable":true,"href":"https:\/\/albaen.it\/deu\/wp-json\/wp\/v2\/comments?post=4349"}],"version-history":[{"count":0,"href":"https:\/\/albaen.it\/deu\/wp-json\/wp\/v2\/pages\/4349\/revisions"}],"wp:attachment":[{"href":"https:\/\/albaen.it\/deu\/wp-json\/wp\/v2\/media?parent=4349"}],"curies":[{"name":"wp","href":"https:\/\/api.w.org\/{rel}","templated":true}]}}