{"id":4347,"date":"2019-02-21T16:16:36","date_gmt":"2019-02-21T15:16:36","guid":{"rendered":"http:\/\/albaen.it\/?page_id=4347"},"modified":"2023-11-11T09:00:37","modified_gmt":"2023-11-11T08:00:37","slug":"informativa-cookie","status":"publish","type":"page","link":"https:\/\/albaen.it\/deu\/informativa-cookie\/","title":{"rendered":"Informativa Cookie"},"content":{"rendered":"<div class=\"wpb-content-wrapper\"><div class=\"vc_row wpb_row vc_row-fluid\"><div class=\"wpb_column vc_column_container vc_col-sm-12\"><div class=\"vc_column-inner\"><div class=\"wpb_wrapper\">\n\t<div class=\"wpb_text_column wpb_content_element\" >\n\t\t<div class=\"wpb_wrapper\">\n\t\t\t<div id=\"Content\">\n<div class=\"content_wrapper clearfix\">\n<div class=\"sections_group\">\n<div class=\"entry-content\">\n<div class=\"section the_content has_content\">\n<div class=\"section_wrapper\">\n<div class=\"the_content_wrapper\">\n<div class=\"wpb_text_column wpb_content_element\">\n<h3 class=\"wpb_wrapper\">COOKIE-POLITIK<\/h3>\n<p>Cookies bestehen aus Teilen des im Browser installierten Codes, die den Eigent\u00fcmer bei der Bereitstellung des Dienstes gem\u00e4\u00df den beschriebenen Zwecken unterst\u00fctzen. Einige Zwecke f\u00fcr die Installation von Cookies erfordern m\u00f6glicherweise auch die Zustimmung des Benutzers.<\/p>\n<p>Wenn die Installation von Cookies auf der Grundlage einer Einwilligung erfolgt, kann diese Einwilligung jederzeit durch Befolgen der in diesem Dokument enthaltenen Anweisungen frei widerrufen werden.<\/p>\n<p class=\"wpb_wrapper\"><strong>Technische und aggregierte statistische Cookies<\/strong><\/p>\n<p class=\"expand-click w_icon_24 icon_general\"><strong>Aktivit\u00e4ten, die f\u00fcr den Betrieb unbedingt erforderlich sind<\/strong><\/p>\n<p>Diese Anwendung verwendet Cookies, um die Sitzung des Benutzers zu speichern und andere Aktivit\u00e4ten auszuf\u00fchren, die f\u00fcr den Betrieb dieser Anwendung unbedingt erforderlich sind, beispielsweise in Bezug auf die Verteilung des Datenverkehrs.<\/p>\n<p class=\"expand-click w_icon_24 icon_general\"><strong>Aktivit\u00e4ten zum Speichern von Einstellungen, Optimierung und Statistiken<\/strong><\/p>\n<p>Diese Anwendung verwendet Cookies, um die Browsereinstellungen zu speichern und die Browsererfahrung des Benutzers zu optimieren. Zu diesen Cookies geh\u00f6ren beispielsweise solche zum Festlegen der Sprache und W\u00e4hrung oder zum Verwalten von Statistiken durch den Websitebesitzer.<\/p>\n<p class=\"wpb_wrapper\"><strong>Andere Arten von Cookies oder Tools von Drittanbietern, die diese m\u00f6glicherweise installieren<\/strong><\/p>\n<p>Einige der unten aufgef\u00fchrten Dienste erfassen Statistiken in aggregierter und anonymer Form und erfordern m\u00f6glicherweise nicht die Zustimmung des Benutzers oder k\u00f6nnen - je nach Beschreibung - direkt vom Eigent\u00fcmer ohne die Hilfe Dritter verwaltet werden.<\/p>\n<p>Wenn unter den unten angegebenen Tools Dienste w\u00e4ren, die von Dritten verwaltet werden, k\u00f6nnten diese - zus\u00e4tzlich zu den angegebenen und auch ohne Wissen des Eigent\u00fcmers - Benutzerverfolgungsaktivit\u00e4ten durchf\u00fchren. Ausf\u00fchrliche Informationen hierzu finden Sie in den Datenschutzrichtlinien der aufgef\u00fchrten Dienste.<\/p>\n<p>&nbsp;<\/p>\n<h4>Facebook Messenger Kundenchat (Facebook, Inc.)<\/h4>\n<div class=\"wrap\">\n<p>Der Facebook Messenger-Kundenchat ist ein Interaktionsdienst mit der Facebook Messenger-Live-Chat-Plattform, die von Facebook, Inc. bereitgestellt wird.<\/p>\n<\/div>\n<p>Erhobene personenbezogene Daten: Cookies, w\u00e4hrend der Nutzung des Dienstes \u00fcbermittelte Daten, Nutzungsdaten und \u00dcber mich.<\/p>\n<p>Verarbeitungsort: Vereinigte Staaten -\u00a0<a href=\"https:\/\/www.facebook.com\/about\/privacy\/\" target=\"_blank\" rel=\"noopener noreferrer\">Datenschutz-Bestimmungen<\/a>. Betreff, der den Datenschutzschild einh\u00e4lt.<\/p>\n<p>&nbsp;<\/p>\n<h4 class=\"expand-click w_icon_24 policyicon_purpose_4953082\">Interaktion mit sozialen Netzwerken und externen Plattformen<\/h4>\n<p>Diese Art von Dienst erm\u00f6glicht die Interaktion mit sozialen Netzwerken oder anderen externen Plattformen direkt von den Seiten dieser Anwendung aus. Die Interaktionen und Informationen, die von dieser Anwendung erfasst werden, unterliegen in jedem Fall den Datenschutzeinstellungen des Benutzers f\u00fcr jedes soziale Netzwerk Wenn ein Interaktionsdienst mit sozialen Netzwerken installiert ist, ist es m\u00f6glich, dass selbst wenn die Benutzer den Dienst nicht verwenden, Verkehrsdaten zu den Seiten erfasst werden, auf denen er installiert ist.<\/p>\n<div class=\"wrap\"><\/div>\n<h4>Like Button und Facebook Social Widgets (Facebook, Inc.)<\/h4>\n<div class=\"wrap\">\n<p>Der &quot;Gef\u00e4llt mir&quot; -Button und die sozialen Widgets von Facebook sind Interaktionsdienste mit dem sozialen Netzwerk von Facebook, die von Facebook, Inc. bereitgestellt werden.<\/p>\n<\/div>\n<p>Erhobene personenbezogene Daten: Cookies und Nutzungsdaten.<\/p>\n<p>Verarbeitungsort: Vereinigte Staaten -\u00a0<a href=\"https:\/\/www.facebook.com\/privacy\/explanation\" target=\"_blank\" rel=\"noopener noreferrer\">Datenschutz-Bestimmungen<\/a>. Betreff, der den Datenschutzschild einh\u00e4lt.<\/p>\n<h4 class=\"expand-click w_icon_24 policyicon_purpose_4911025\">Spamschutz<\/h4>\n<p>Diese Art von Dienst analysiert den Datenverkehr dieser Anwendung, der m\u00f6glicherweise personenbezogene Daten der Benutzer enth\u00e4lt, um ihn aus Teilen des Datenverkehrs, Nachrichten und Inhalten zu filtern, die als SPAM erkannt wurden.<\/p>\n<h4>Google reCAPTCHA (Google Inc.)<\/h4>\n<div class=\"wrap\">\n<p>Google reCAPTCHA ist ein SPAM-Schutzdienst von Google Inc.<br \/>\nDie Verwendung des reCAPTCHA-Systems unterliegt der\u00a0<a href=\"https:\/\/www.google.com\/intl\/it\/policies\/privacy\/\" target=\"_blank\" rel=\"noopener noreferrer\">Datenschutz-Bestimmungen<\/a>\u00a0und ai\u00a0<a href=\"https:\/\/www.google.com\/intl\/it\/policies\/terms\/\" target=\"_blank\" rel=\"noopener noreferrer\">Nutzungsbedingungen<\/a>\u00a0von Google.<\/p>\n<\/div>\n<p>Erhobene personenbezogene Daten: Cookies und Nutzungsdaten.<\/p>\n<p>Verarbeitungsort: Vereinigte Staaten -\u00a0<a href=\"https:\/\/www.google.com\/intl\/it\/policies\/privacy\/\" target=\"_blank\" rel=\"noopener noreferrer\">Datenschutz-Bestimmungen<\/a>. Betreff, der den Datenschutzschild einh\u00e4lt.<\/p>\n<h4 class=\"expand-click w_icon_24 policyicon_purpose_4951251\">Remarketing und Behavioural Targeting<\/h4>\n<p>Diese Art von Service erm\u00f6glicht es dieser Anwendung und ihren Partnern, Werbung zu kommunizieren, zu optimieren und zu schalten, die auf der fr\u00fcheren Nutzung dieser Anwendung durch den Benutzer basiert. Diese Aktivit\u00e4t wird ausgef\u00fchrt, indem Nutzungsdaten und die Verwendung von Cookies, Informationen, die an die \u00fcbertragen werden, verfolgt werden Partner, mit denen die Remarketing- und Behavioural Targeting-Aktivit\u00e4t verbunden ist. Zus\u00e4tzlich zu der M\u00f6glichkeit, das von den unten aufgef\u00fchrten Diensten angebotene Opt-out zu deaktivieren, kann der Benutzer den Ausschluss vom Empfang von Cookies in Bezug auf einen Drittanbieter-Service durch Besuch der\u00a0<a href=\"http:\/\/optout.networkadvertising.org\/\" target=\"_blank\" rel=\"noopener noreferrer\">Opt-out-Seite der Network Advertising Initiative<\/a>.<\/p>\n<h4>Benutzerdefinierte Facebook-Zielgruppe (Facebook, Inc.)<\/h4>\n<div class=\"wrap\">\n<p>Facebook Custom Audience ist ein Remarketing- und Behavioural Targeting-Dienst von Facebook, Inc., der die Aktivit\u00e4ten dieser Anwendung mit dem Facebook-Werbenetzwerk verbindet.<\/p>\n<\/div>\n<p>Erhobene personenbezogene Daten: Cookies und E-Mails.<\/p>\n<p>Verarbeitungsort: Vereinigte Staaten -\u00a0<a href=\"https:\/\/www.facebook.com\/about\/privacy\/\" target=\"_blank\" rel=\"noopener noreferrer\">Datenschutz-Bestimmungen<\/a>\u00a0- -\u00a0<a href=\"https:\/\/www.aboutads.info\/choices\/\" target=\"_blank\" rel=\"noopener noreferrer\">Ablehnen<\/a>. Betreff, der den Datenschutzschild einh\u00e4lt.<\/p>\n<h4>Facebook Remarketing (Facebook, Inc.)<\/h4>\n<div class=\"wrap\">\n<p>Facebook Remarketing ist ein Remarketing- und Behavioural Targeting-Dienst von Facebook, Inc., der die Aktivit\u00e4t dieser Anwendung mit dem Facebook-Werbenetzwerk verbindet.<\/p>\n<\/div>\n<p>Erhobene personenbezogene Daten: Cookies und Nutzungsdaten.<\/p>\n<p>Verarbeitungsort: Vereinigte Staaten -\u00a0<a href=\"https:\/\/www.facebook.com\/about\/privacy\/\" target=\"_blank\" rel=\"noopener noreferrer\">Datenschutz-Bestimmungen<\/a>\u00a0- -\u00a0<a href=\"https:\/\/www.aboutads.info\/choices\/\" target=\"_blank\" rel=\"noopener noreferrer\">Ablehnen<\/a>. Betreff, der den Datenschutzschild einh\u00e4lt.<\/p>\n<p>Mit den in diesem Abschnitt enthaltenen Diensten kann der Datencontroller Verkehrsdaten \u00fcberwachen und analysieren und das Benutzerverhalten verfolgen.<\/p>\n<h4>Google Analytics (Google Inc.)<\/h4>\n<div class=\"wrap\">\n<p>Google Analytics ist ein Webanalysedienst der Google Inc. (&quot;Google&quot;). Google verwendet die gesammelten personenbezogenen Daten, um die Verwendung dieser Anwendung zu verfolgen und zu untersuchen, Berichte zu erstellen und diese mit anderen von Google entwickelten Diensten zu teilen.<br \/>\nGoogle kann die personenbezogenen Daten verwenden, um die Werbung seines eigenen Werbenetzwerks zu kontextualisieren und zu personalisieren.<\/p>\n<p class=\"expand-click w_icon_24 policyicon_purpose_4910983\">Statistiken<\/p>\n<\/div>\n<p>Erhobene personenbezogene Daten: Cookies und Nutzungsdaten.<\/p>\n<p>Verarbeitungsort: Vereinigte Staaten -\u00a0<a href=\"https:\/\/www.google.com\/intl\/it\/policies\/privacy\/\" target=\"_blank\" rel=\"noopener noreferrer\">Datenschutz-Bestimmungen<\/a>\u00a0- -\u00a0<a href=\"https:\/\/tools.google.com\/dlpage\/gaoptout?hl=it\" target=\"_blank\" rel=\"noopener noreferrer\">Ablehnen<\/a>. Betreff, der den Datenschutzschild einh\u00e4lt.<\/p>\n<h4>Benutzer-ID-Erweiterung f\u00fcr Google Analytics (Google Inc.)<\/h4>\n<div class=\"wrap\">\n<p>Google Analytics f\u00fcr diese Anwendung verwendet eine Funktion namens Benutzer-ID. Dies erm\u00f6glicht eine genauere Verfolgung der Nutzer, indem jedem eine eindeutige ID f\u00fcr verschiedene Sitzungen und Ger\u00e4te zugewiesen wird, jedoch so, dass Google eine Person nicht pers\u00f6nlich identifizieren oder ein bestimmtes Ger\u00e4t dauerhaft identifizieren kann.<br \/>\nMit der Benutzer-ID-Erweiterung k\u00f6nnen Sie auch Daten aus Google Analytics mit anderen Benutzerdaten verbinden, die von dieser Anwendung erfasst werden.<br \/>\n\u00dcber den unten angegebenen Link zum Deaktivieren k\u00f6nnen Sie die Nachverfolgung f\u00fcr das von Ihnen verwendete Ger\u00e4t deaktivieren, schlie\u00dfen jedoch weitere Nachverfolgungsaktivit\u00e4ten des Eigent\u00fcmers nicht aus. Um letzteres ebenfalls zu deaktivieren, kontaktieren Sie den Eigent\u00fcmer \u00fcber die Kontakt-E-Mail-Adresse.<\/p>\n<\/div>\n<p>Erhobene personenbezogene Daten: Cookies.<\/p>\n<p>Verarbeitungsort: Vereinigte Staaten -\u00a0<a href=\"https:\/\/www.google.com\/intl\/policies\/privacy\/\" target=\"_blank\" rel=\"noopener noreferrer\">Datenschutz-Bestimmungen<\/a>\u00a0- -\u00a0<a href=\"https:\/\/tools.google.com\/dlpage\/gaoptout\" target=\"_blank\" rel=\"noopener noreferrer\">Ablehnen<\/a>. Betreff, der den Datenschutzschild einh\u00e4lt.<\/p>\n<div class=\"wrap\">\n<p>&nbsp;<\/p>\n<\/div>\n<h4>Conversion-Tracking f\u00fcr Facebook-Anzeigen (Facebook, Inc.)<\/h4>\n<div class=\"wrap\">\n<p>Das Conversion Tracking f\u00fcr Facebook-Anzeigen ist ein Statistikdienst von Facebook, Inc., der Daten aus dem Facebook-Werbenetzwerk mit Aktionen verbindet, die in dieser Anwendung ausgef\u00fchrt werden.<\/p>\n<\/div>\n<p>Erhobene personenbezogene Daten: Cookies und Nutzungsdaten.<\/p>\n<p>Verarbeitungsort: Vereinigte Staaten -\u00a0<a href=\"https:\/\/www.facebook.com\/about\/privacy\/\" target=\"_blank\" rel=\"noopener noreferrer\">Datenschutz-Bestimmungen<\/a>. Betreff, der den Datenschutzschild einh\u00e4lt.<\/p>\n<h4>Conversion-Tracking von Google AdWords (Google Inc.)<\/h4>\n<div class=\"wrap\">\n<p>Das Google AdWords-Conversion-Tracking ist ein Statistikdienst von Google Inc., der Daten aus dem Google AdWords-Werbenetzwerk mit Aktionen verkn\u00fcpft, die in dieser Anwendung ausgef\u00fchrt werden.<\/p>\n<\/div>\n<p>Erhobene personenbezogene Daten: Cookies und Nutzungsdaten.<\/p>\n<p>Verarbeitungsort: Vereinigte Staaten -\u00a0<a href=\"https:\/\/www.google.com\/intl\/it\/policies\/privacy\/\" target=\"_blank\" rel=\"noopener noreferrer\">Datenschutz-Bestimmungen<\/a>. Betreff, der den Datenschutzschild einh\u00e4lt.<\/p>\n<h4>WordPress Stat (Automattic Inc.)<\/h4>\n<div class=\"wrap\">\n<p>WordPress Stats ist ein Statistikdienst von Automattic Inc.<\/p>\n<\/div>\n<p>Erhobene personenbezogene Daten: Cookies und Nutzungsdaten.<\/p>\n<p>Verarbeitungsort: Vereinigte Staaten -\u00a0<a href=\"https:\/\/automattic.com\/privacy\/\" target=\"_blank\" rel=\"noopener noreferrer\">Datenschutz-Bestimmungen<\/a>.<\/p>\n<h4>Anzeigen von Inhalten von externen Plattformen<\/h4>\n<p>Mit dieser Art von Dienst k\u00f6nnen Sie Inhalte, die auf externen Plattformen gehostet werden, direkt von den Seiten dieser Anwendung aus anzeigen und mit ihnen interagieren. Falls ein Dienst dieses Typs installiert ist, ist es m\u00f6glich, dass selbst wenn die Benutzer den nicht verwenden Service sammelt derselbe Verkehrsdaten in Bezug auf die Seiten, auf denen es installiert ist.<\/p>\n<h4>Google Maps-Widget (Google Inc.)<\/h4>\n<div class=\"wrap\">\n<p>Google Maps ist ein von Google Inc. verwalteter Kartenvisualisierungsdienst, mit dem diese Anwendung solche Inhalte in ihre Seiten integrieren kann.<\/p>\n<\/div>\n<p>Erhobene personenbezogene Daten: Cookies und Nutzungsdaten.<\/p>\n<p>Verarbeitungsort: Vereinigte Staaten -\u00a0<a href=\"https:\/\/www.google.it\/intl\/it\/policies\/privacy\/\" target=\"_blank\" rel=\"noopener noreferrer\">Datenschutz-Bestimmungen<\/a>. Betreff, der den Datenschutzschild einh\u00e4lt.<\/p>\n<\/div>\n<div class=\"wpb_text_column wpb_content_element\">\n<div class=\"wpb_wrapper\">\n<p>Wie kann ich meine Zustimmung zur Installation von Cookies zum Ausdruck bringen? Zus\u00e4tzlich zu den Angaben in diesem Dokument kann der Benutzer Einstellungen zu Cookies direkt in seinem Browser verwalten und beispielsweise verhindern, dass Dritte sie installieren. \u00dcber die Browsereinstellungen ist es auch m\u00f6glich, die in der Vergangenheit installierten Cookies zu l\u00f6schen, einschlie\u00dflich des Cookies, in dem die Zustimmung zur Installation von Cookies durch diese Site schlie\u00dflich gespeichert wird. Der Benutzer kann Informationen zum Verwalten von Cookies mit einigen der beliebtesten Browser finden, beispielsweise unter den folgenden Adressen:\u00a0<a href=\"https:\/\/support.google.com\/chrome\/answer\/95647?hl=it&amp;p=cpn_cookies\" target=\"_blank\" rel=\"noopener noreferrer\">Google Chrome<\/a>,\u00a0<a href=\"https:\/\/support.mozilla.org\/it\/kb\/Attivare%20e%20disattivare%20i%20cookie\" target=\"_blank\" rel=\"noopener noreferrer\">Mozilla Firefox<\/a>,\u00a0<a href=\"https:\/\/support.apple.com\/kb\/PH21411\" target=\"_blank\" rel=\"noopener noreferrer\">Apple Safari<\/a>\u00a0e\u00a0<a href=\"http:\/\/windows.microsoft.com\/it-it\/windows-vista\/block-or-allow-cookies\" target=\"_blank\" rel=\"noopener noreferrer\">Microsoft Internet Explorer<\/a>.<\/p>\n<p>In Bezug auf von Dritten installierte Cookies kann der Benutzer auch seine Einstellungen verwalten und die Zustimmung widerrufen, indem er den entsprechenden Opt-out-Link (falls verf\u00fcgbar) besucht, die in den Datenschutzrichtlinien des Dritten beschriebenen Tools verwendet oder sich direkt an den Dritten wendet.<\/p>\n<p>Ungeachtet des Vorstehenden kann der Benutzer die von bereitgestellten Informationen verwenden\u00a0<a href=\"http:\/\/www.youronlinechoices.eu\/\" target=\"_blank\" rel=\"noopener noreferrer\">EDAA<\/a>\u00a0(EU),\u00a0<a href=\"https:\/\/www.networkadvertising.org\/understanding-digital-advertising\" target=\"_blank\" rel=\"noopener noreferrer\">Network Advertising Initiative<\/a>\u00a0(USA) e\u00a0<a href=\"https:\/\/www.aboutads.info\/consumers\/\" target=\"_blank\" rel=\"noopener noreferrer\">Allianz f\u00fcr digitale Werbung<\/a>\u00a0(USA),\u00a0<a href=\"https:\/\/youradchoices.ca\/understanding-online-advertising\/\" target=\"_blank\" rel=\"noopener noreferrer\">DAAC<\/a>\u00a0(Kanada),\u00a0<a href=\"http:\/\/www.ddai.info\/optout\" target=\"_blank\" rel=\"noopener noreferrer\">DDAI<\/a>(Japan) oder \u00e4hnliche Dienstleistungen. Mit diesen Diensten ist es m\u00f6glich, die Tracking-Einstellungen der meisten Werbetools zu verwalten. Der Datenverantwortliche empfiehlt den Benutzern daher, diese Ressourcen zus\u00e4tzlich zu den in diesem Dokument bereitgestellten Informationen zu verwenden.<\/p>\n<\/div>\n<\/div>\n<div class=\"wpb_text_column wpb_content_element\">\n<div class=\"wpb_wrapper\">\n<p>Datencontroller<\/p>\n<div class=\"textwidget\">\n<h4>ALBA &amp; N.<\/h4>\n<div class=\"textwidget\">\n<p><span class=\"contact-details\"><strong>Alba &amp; N.<\/strong><\/span><\/p>\n<p>SP Trani-Andria Km2<br \/>\n76125 Trani (BT), ITALIEN<\/p>\n<p>TEL. 0883.532.581<br \/>\nFAX 0883.534.957<br \/>\nUmsatzsteuer-Nr. 06471190725<\/p>\n<p class=\"country\"><b>E-Mail-Kontakt des Eigent\u00fcmers:\u00a0<a href=\"mailto:info@albaen.it\">info@albaen.it<\/a><\/b><\/p>\n<\/div>\n<\/div>\n<p>Da die Installation von Cookies von Drittanbietern und anderen Nachverfolgungssystemen \u00fcber die in dieser Anwendung verwendeten Dienste vom Eigent\u00fcmer nicht technisch kontrolliert werden kann, ist ein spezifischer Verweis auf von Dritten installierte Cookies und Nachverfolgungssysteme als Hinweis zu betrachten. Um vollst\u00e4ndige Informationen zu erhalten, wird der Benutzer aufgefordert, die Datenschutzrichtlinien aller in diesem Dokument aufgef\u00fchrten Dienste Dritter zu konsultieren.<\/p>\n<p>Angesichts der objektiven Komplexit\u00e4t bei der Identifizierung von Technologien, die auf Cookies basieren, wird den Benutzern empfohlen, sich an den Eigent\u00fcmer zu wenden, wenn sie weitere Informationen zur Verwendung von Cookies durch diese Anwendung erhalten m\u00f6chten.<\/p>\n<\/div>\n<\/div>\n<div class=\"wpb_text_column wpb_content_element\">\n<div class=\"wpb_wrapper\">\n<p>Definitionen und rechtliche Hinweise<\/p>\n<h4>Pers\u00f6nliche Daten (oder Daten)<\/h4>\n<p>Alle Informationen, die direkt oder indirekt, auch in Verbindung mit anderen Informationen, einschlie\u00dflich einer pers\u00f6nlichen Identifikationsnummer, eine nat\u00fcrliche Person identifizieren oder identifizierbar machen, stellen personenbezogene Daten dar.<\/p>\n<h4>Nutzungsdaten<\/h4>\n<p>Hierbei handelt es sich um Informationen, die automatisch \u00fcber diese Anwendung erfasst werden (einschlie\u00dflich von Anwendungen von Drittanbietern, die in diese Anwendung integriert sind), einschlie\u00dflich: IP-Adressen oder Dom\u00e4nennamen der Computer, die vom Benutzer verwendet werden, der eine Verbindung zu dieser Anwendung herstellt, Adressen in URI-Notation (Uniform Resource Identifier) , den Zeitpunkt der Anforderung, die Methode zur Weiterleitung der Anforderung an den Server, die Gr\u00f6\u00dfe der als Antwort erhaltenen Datei, den numerischen Code, der den Status der Antwort des Herkunftslandes des Servers (erfolgreich, Fehler usw.) angibt , die vom Besucher verwendeten Merkmale des Browsers und des Betriebssystems, die verschiedenen zeitlichen Konnotationen des Besuchs (z. B. die auf jeder Seite verbrachte Zeit) und die Einzelheiten der in der Anwendung verfolgten Reiseroute, insbesondere die Reihenfolge der konsultierten Seiten , die Parameter in Bezug auf das Betriebssystem und die IT-Umgebung des Benutzers.<\/p>\n<h4>Nutzer<\/h4>\n<p>Die Person, die diese Anwendung verwendet und, sofern nicht anders angegeben, mit der betroffenen Person \u00fcbereinstimmt.<\/p>\n<h4>Interessiert<\/h4>\n<p>Die nat\u00fcrliche Person, auf die sich die personenbezogenen Daten beziehen.<\/p>\n<h4>Datenprozessor (oder Manager)<\/h4>\n<p>Die nat\u00fcrliche Person, juristische Person, \u00f6ffentliche Verwaltung und jede andere Stelle, die personenbezogene Daten im Auftrag des f\u00fcr die Verarbeitung Verantwortlichen verarbeitet, wie in dieser Datenschutzrichtlinie dargelegt.<\/p>\n<h4>Datencontroller (oder Eigent\u00fcmer)<\/h4>\n<p>Die nat\u00fcrliche oder juristische Person, Beh\u00f6rde, Dienstleistung oder andere Einrichtung, die einzeln oder zusammen mit anderen die Zwecke und Mittel der Verarbeitung personenbezogener Daten und der angewandten Instrumente festlegt, einschlie\u00dflich der Sicherheitsma\u00dfnahmen in Bezug auf den Betrieb und die Verwendung dieser Anwendung . Der Datencontroller ist, sofern nicht anders angegeben, der Eigent\u00fcmer dieser Anwendung.<\/p>\n<h4>Diese Anwendung<\/h4>\n<p>Das Hardware- oder Softwaretool, mit dem die pers\u00f6nlichen Daten der Benutzer erfasst und verarbeitet werden.<\/p>\n<h4>Bedienung<\/h4>\n<p>Der von dieser Anwendung bereitgestellte Dienst, wie in den entsprechenden Begriffen (falls verf\u00fcgbar) auf dieser Site \/ Anwendung definiert.<\/p>\n<h4>Europ\u00e4ische Union (oder EU)<\/h4>\n<p>Sofern nicht anders angegeben, soll jeder in diesem Dokument enthaltene Verweis auf die Europ\u00e4ische Union auf alle derzeitigen Mitgliedstaaten der Europ\u00e4ischen Union und des Europ\u00e4ischen Wirtschaftsraums ausgedehnt werden.<\/p>\n<h4>Kekse<\/h4>\n<p>Kleine Daten, die auf dem Ger\u00e4t des Benutzers gespeichert sind.<\/p>\n<h4>Auf mich<\/h4>\n<p>Bietet Zugriff auf den Abschnitt &quot;\u00dcber mich&quot; des Profils.<\/p>\n<hr \/>\n<h4>Rechtliche Hinweise<\/h4>\n<p>Diese Datenschutzerkl\u00e4rung basiert auf mehreren Gesetzgebungssystemen, einschlie\u00dflich Artikeln. 13 und 14 der Verordnung (EU) 2016\/679.<\/p>\n<p>Sofern nicht anders angegeben, betrifft diese Datenschutzerkl\u00e4rung nur diese Anwendung.<\/p>\n<\/div>\n<\/div>\n<div class=\"wpb_text_column wpb_content_element\">\n<div class=\"wpb_wrapper\">\n<p id=\"owner_of_the_data\">Letzte \u00c4nderung: 28. Mai 2018<\/p>\n<p>Zeigen Sie die vereinfachten Datenschutzbestimmungen an:\u00a0<a href=\"http:\/\/albaen.it\/informativa-privacy\" target=\"_blank\" rel=\"noopener noreferrer\">https:\/\/www.albaen\/informativa-privacy<\/a><\/p>\n<\/div>\n<\/div>\n<\/div>\n<\/div>\n<\/div>\n<div class=\"section section-page-footer\"><\/div>\n<\/div>\n<\/div>\n<\/div>\n<\/div>\n<footer id=\"Footer\" class=\"clearfix\">\n<div class=\"widgets_wrapper\"><\/div>\n<\/footer>\n\n\t\t<\/div>\n\t<\/div>\n<\/div><\/div><\/div><\/div>\n<\/div>","protected":false},"excerpt":{"rendered":"COOKIE POLICY I Cookie sono costituiti da porzioni di codice installate all\u2019interno del browser che assistono il Titolare nell\u2019erogazione del","protected":false},"author":4,"featured_media":0,"parent":0,"menu_order":0,"comment_status":"closed","ping_status":"closed","template":"","meta":{"footnotes":""},"class_list":["post-4347","page","type-page","status-publish","hentry"],"_links":{"self":[{"href":"https:\/\/albaen.it\/deu\/wp-json\/wp\/v2\/pages\/4347","targetHints":{"allow":["GET"]}}],"collection":[{"href":"https:\/\/albaen.it\/deu\/wp-json\/wp\/v2\/pages"}],"about":[{"href":"https:\/\/albaen.it\/deu\/wp-json\/wp\/v2\/types\/page"}],"author":[{"embeddable":true,"href":"https:\/\/albaen.it\/deu\/wp-json\/wp\/v2\/users\/4"}],"replies":[{"embeddable":true,"href":"https:\/\/albaen.it\/deu\/wp-json\/wp\/v2\/comments?post=4347"}],"version-history":[{"count":0,"href":"https:\/\/albaen.it\/deu\/wp-json\/wp\/v2\/pages\/4347\/revisions"}],"wp:attachment":[{"href":"https:\/\/albaen.it\/deu\/wp-json\/wp\/v2\/media?parent=4347"}],"curies":[{"name":"wp","href":"https:\/\/api.w.org\/{rel}","templated":true}]}}